{"id":2205,"date":"2025-11-13T11:52:47","date_gmt":"2025-11-13T10:52:47","guid":{"rendered":"https:\/\/www.dijoncycles.fr\/?page_id=2205"},"modified":"2025-11-13T11:53:05","modified_gmt":"2025-11-13T10:53:05","slug":"velo-de-route","status":"publish","type":"page","link":"https:\/\/www.dijoncycles.fr\/en\/velo-de-route\/","title":{"rendered":"Road bikes"},"content":{"rendered":"<div data-elementor-type=\"wp-page\" data-elementor-id=\"2205\" class=\"elementor elementor-2205\">\n\t\t\t\t<div class=\"elementor-element elementor-element-45e48a8 e-flex e-con-boxed e-con e-parent\" data-id=\"45e48a8\" data-element_type=\"container\" data-e-type=\"container\">\n\t\t\t\t\t<div class=\"e-con-inner\">\n\t\t\t\t<div class=\"elementor-element elementor-element-8307fc0 elementor-widget elementor-widget-text-editor\" data-id=\"8307fc0\" data-element_type=\"widget\" data-e-type=\"widget\" data-widget_type=\"text-editor.default\">\n\t\t\t\t<div class=\"elementor-widget-container\">\n\t\t\t\t\t\t\t\t\t<h2 data-start=\"131\" data-end=\"172\">Road bikes<\/h2><p data-start=\"174\" data-end=\"472\">Whether you're a keen sports cyclist or a fan of long Sunday rides, the\u00a0<strong data-start=\"265\" data-end=\"282\">road bike<\/strong>\u00a0is the ideal ally for combining performance, endurance and pleasure. At\u00a0<strong data-start=\"353\" data-end=\"369\">Dijon Cycles<\/strong>, We'll help you find the bike that's right for you and your goals.<\/p><p>\u00a0<\/p><div id=\"more-75\">\u00a0<\/div><p>\u00a0<\/p><h3 data-start=\"474\" data-end=\"515\"><strong data-start=\"478\" data-end=\"513\">Bikes for all levels<\/strong><\/h3><p data-start=\"516\" data-end=\"731\">From the novice cyclist looking for a reliable bike to get started, to the competitor in search of performance, we offer a wide range of products and services.\u00a0<strong data-start=\"637\" data-end=\"670\">wide range of road bikes<\/strong>\u00a0to suit all budgets and practice styles.<\/p><h3 data-start=\"733\" data-end=\"792\"><strong data-start=\"737\" data-end=\"790\">Classic or electric: choose your rhythm<\/strong><\/h3><p data-start=\"793\" data-end=\"1091\">Visit\u00a0<strong data-start=\"797\" data-end=\"826\">classic road bikes<\/strong>\u00a0offer lightness, responsiveness and pure feel. Visit\u00a0<strong data-start=\"881\" data-end=\"911\">electric road bikes<\/strong>, With the help of these, you can extend your outings, climb passes more easily or ride with more experienced partners, all with discreet assistance.<\/p><h3 data-start=\"1093\" data-end=\"1159\"><strong data-start=\"1097\" data-end=\"1157\">Why choose Dijon Cycles for your road bike?<\/strong><\/h3><ul data-start=\"1160\" data-end=\"1548\"><li data-start=\"1160\" data-end=\"1253\"><p data-start=\"1162\" data-end=\"1253\">A\u00a0<strong data-start=\"1166\" data-end=\"1202\">selection of the best brands<\/strong>\u00a0renowned for their reliability and innovation.<\/p><\/li><li data-start=\"1254\" data-end=\"1335\"><p data-start=\"1256\" data-end=\"1335\">From\u00a0<strong data-start=\"1260\" data-end=\"1283\">customized settings<\/strong>\u00a0to optimize your comfort and performance.<\/p><\/li><li data-start=\"1336\" data-end=\"1420\"><p data-start=\"1338\" data-end=\"1420\">A\u00a0<strong data-start=\"1341\" data-end=\"1363\">specialized workshop<\/strong>\u00a0for maintenance and customization of your bike.<\/p><\/li><li data-start=\"1421\" data-end=\"1548\"><p data-start=\"1423\" data-end=\"1548\">From\u00a0<strong data-start=\"1427\" data-end=\"1453\">personalized advice<\/strong>\u00a0to choose the frame, drivetrain and accessories best suited to your pedaling style.<\/p><\/li><\/ul><p data-start=\"1550\" data-end=\"1697\">\ud83d\udeb4\u00a0<strong data-start=\"1553\" data-end=\"1695\">With Dijon Cycles, get ready to experience every outing as a new adventure, whether on flat, hilly or mountain roads.<\/strong><\/p><p><img decoding=\"async\" class=\"emoji\" title=\"{title} - {sitename}\" role=\"img\" draggable=\"false\" src=\"https:\/\/s.w.org\/images\/core\/emoji\/16.0.1\/svg\/1f4cc.svg\" alt=\"\ud83d\udccc\" \/>\u00a0Explore our models :<\/p><ul class=\"wp-block-list\"><li><strong><a href=\"https:\/\/www.dijoncycles.fr\/en\/route\/\">Road bikes<\/a><\/strong><\/li><\/ul>\t\t\t\t\t\t\t\t<\/div>\n\t\t\t\t<\/div>\n\t\t\t\t\t<\/div>\n\t\t\t\t<\/div>\n\t\t\t\t<\/div>","protected":false},"excerpt":{"rendered":"<p>V\u00e9lo de route Que vous soyez passionn\u00e9 de cyclisme sportif ou amateur de longues sorties du dimanche, le\u00a0v\u00e9lo de route\u00a0est l\u2019alli\u00e9 id\u00e9al pour allier performance, endurance et plaisir. Chez\u00a0Dijon Cycles, nous vous aidons \u00e0 trouver le v\u00e9lo qui correspond parfaitement \u00e0 votre pratique et \u00e0 vos objectifs. \u00a0 \u00a0 \u00a0 Des v\u00e9los pour tous les [&hellip;]<\/p>\n","protected":false},"author":1,"featured_media":0,"parent":0,"menu_order":0,"comment_status":"closed","ping_status":"closed","template":"","meta":{"footnotes":""},"class_list":["post-2205","page","type-page","status-publish","hentry"],"jetpack_sharing_enabled":true,"_links":{"self":[{"href":"https:\/\/www.dijoncycles.fr\/en\/wp-json\/wp\/v2\/pages\/2205","targetHints":{"allow":["GET"]}}],"collection":[{"href":"https:\/\/www.dijoncycles.fr\/en\/wp-json\/wp\/v2\/pages"}],"about":[{"href":"https:\/\/www.dijoncycles.fr\/en\/wp-json\/wp\/v2\/types\/page"}],"author":[{"embeddable":true,"href":"https:\/\/www.dijoncycles.fr\/en\/wp-json\/wp\/v2\/users\/1"}],"replies":[{"embeddable":true,"href":"https:\/\/www.dijoncycles.fr\/en\/wp-json\/wp\/v2\/comments?post=2205"}],"version-history":[{"count":4,"href":"https:\/\/www.dijoncycles.fr\/en\/wp-json\/wp\/v2\/pages\/2205\/revisions"}],"predecessor-version":[{"id":2209,"href":"https:\/\/www.dijoncycles.fr\/en\/wp-json\/wp\/v2\/pages\/2205\/revisions\/2209"}],"wp:attachment":[{"href":"https:\/\/www.dijoncycles.fr\/en\/wp-json\/wp\/v2\/media?parent=2205"}],"curies":[{"name":"wp","href":"https:\/\/api.w.org\/{rel}","templated":true}]}}