{"id":229,"date":"2025-04-23T09:49:25","date_gmt":"2025-04-23T07:49:25","guid":{"rendered":"http:\/\/new.dijoncycles.fr\/?page_id=229"},"modified":"2026-02-08T12:40:43","modified_gmt":"2026-02-08T11:40:43","slug":"gravel","status":"publish","type":"page","link":"https:\/\/www.dijoncycles.fr\/en\/gravel\/","title":{"rendered":"Gravel"},"content":{"rendered":"<div data-elementor-type=\"wp-page\" data-elementor-id=\"229\" class=\"elementor elementor-229\">\n\t\t\t\t<div class=\"elementor-element elementor-element-298fd22 e-flex e-con-boxed e-con e-parent\" data-id=\"298fd22\" data-element_type=\"container\" data-e-type=\"container\">\n\t\t\t\t\t<div class=\"e-con-inner\">\n\t\t\t\t<div class=\"elementor-element elementor-element-2ab347c elementor-widget elementor-widget-heading\" data-id=\"2ab347c\" data-element_type=\"widget\" data-e-type=\"widget\" data-widget_type=\"heading.default\">\n\t\t\t\t<div class=\"elementor-widget-container\">\n\t\t\t\t\t<h1 class=\"elementor-heading-title elementor-size-default\">V\u00e9los Gravel \u00e0 Dijon : La polyvalence sans limite chez Dijon Cycles<\/h1>\t\t\t\t<\/div>\n\t\t\t\t<\/div>\n\t\t\t\t\t<\/div>\n\t\t\t\t<\/div>\n\t\t<div class=\"elementor-element elementor-element-59796eb e-flex e-con-boxed e-con e-parent\" data-id=\"59796eb\" data-element_type=\"container\" data-e-type=\"container\">\n\t\t\t\t\t<div class=\"e-con-inner\">\n\t\t\t\t<div class=\"elementor-element elementor-element-e00fc12 elementor-widget elementor-widget-text-editor\" data-id=\"e00fc12\" data-element_type=\"widget\" data-e-type=\"widget\" data-widget_type=\"text-editor.default\">\n\t\t\t\t<div class=\"elementor-widget-container\">\n\t\t\t\t\t\t\t\t\t<p data-path-to-node=\"6,0\">Explorez de nouveaux horizons avec notre s\u00e9lection de <b data-path-to-node=\"6,0\" data-index-in-node=\"55\">v\u00e9los Gravel chez Dijon Cycles<\/b>. Parfait compromis entre la rapidit\u00e9 d&rsquo;un v\u00e9lo de route et la robustesse d&rsquo;un VTT, le Gravel est l&rsquo;alli\u00e9 id\u00e9al des cyclistes avides de libert\u00e9. D\u00e9couvrez l&rsquo;esprit d&rsquo;aventure avec les mod\u00e8les <a href=\"https:\/\/www.dijoncycles.fr\/en\/marque\/bianchi\/\"><b data-path-to-node=\"6,0\" data-index-in-node=\"277\">B<\/b><b>ianchi <\/b><\/a>(gamme Arcadex et Impulso) et profitez de l&rsquo;excellent rapport \u00e9quipement\/prix de la marque <a href=\"https:\/\/www.dijoncycles.fr\/en\/marque\/polygon\/\"><b data-path-to-node=\"6,0\" data-index-in-node=\"376\">Polygon<\/b><\/a> (s\u00e9rie Tambora). Pour les sorties au long cours, nous proposons \u00e9galement les r\u00e9f\u00e9rences <a href=\"https:\/\/www.dijoncycles.fr\/en\/marque\/trek\/\"><b data-path-to-node=\"6,0\" data-index-in-node=\"470\">Trek<\/b><\/a> en magasin.<\/p><p data-path-to-node=\"6,1\">Que vous soyez adepte du bikepacking ou des sorties sportives sur chemins blancs, notre \u00e9quipe vous guide pour choisir le Gravel qui correspond \u00e0 votre soif d&rsquo;\u00e9vasion.<\/p>\t\t\t\t\t\t\t\t<\/div>\n\t\t\t\t<\/div>\n\t\t\t\t\t<\/div>\n\t\t\t\t<\/div>\n\t\t<div class=\"elementor-element elementor-element-22f4e89 e-flex e-con-boxed e-con e-parent\" data-id=\"22f4e89\" data-element_type=\"container\" data-e-type=\"container\">\n\t\t\t\t\t<div class=\"e-con-inner\">\n\t\t\t\t<div class=\"elementor-element elementor-element-1624d6b elementor-widget elementor-widget-shortcode\" data-id=\"1624d6b\" data-element_type=\"widget\" data-e-type=\"widget\" data-widget_type=\"shortcode.default\">\n\t\t\t\t<div class=\"elementor-widget-container\">\n\t\t\t\t\t\t\t<div class=\"elementor-shortcode\"><div class=\"woocommerce columns-3\"><div class=\"woocommerce-notices-wrapper\"><\/div><p class=\"woocommerce-result-count\" role=\"alert\" aria-relevant=\"all\" data-is-sorted-by=\"true\">\n\tShowing all 3 results<span class=\"screen-reader-text\" data-no-translation=\"\" data-trp-gettext=\"\">Sorted by latest<\/span><\/p>\n<form class=\"woocommerce-ordering\" method=\"get\" action=\"\">\n\t\t<select\n\t\tname=\"orderby\"\n\t\tclass=\"orderby\"\n\t\t\t\t\taria-label=\"Shop order\" data-no-translation-aria-label=\"\"\n\t\t\t>\n\t\t\t\t\t<option value=\"popularity\" data-no-translation=\"\" data-trp-gettext=\"\" >Sort by popularity<\/option>\n\t\t\t\t\t<option value=\"rating\" data-no-translation=\"\" data-trp-gettext=\"\" >Sort by average rating<\/option>\n\t\t\t\t\t<option value=\"date\"  selected='selected' data-no-translation=\"\" data-trp-gettext=\"\">Sort by latest<\/option>\n\t\t\t\t\t<option value=\"price\" data-no-translation=\"\" data-trp-gettext=\"\" >Sort by price: low to high<\/option>\n\t\t\t\t\t<option value=\"price-desc\" data-no-translation=\"\" data-trp-gettext=\"\" >Sort by price: high to low<\/option>\n\t\t\t<\/select>\n\t<input type=\"hidden\" name=\"paged\" value=\"1\" \/>\n\t<input type=\"hidden\" name=\"trp-form-language\" value=\"en\"\/><\/form>\n<ul class=\"products columns-3\">\n\r\n<li class=\"product type-product post-1701 status-publish first instock product_cat-gravel has-post-thumbnail shipping-taxable purchasable product-type-variable has-default-attributes\">\r\n\t<div class=\"product\">\r\n\t\t<div class=\"product-single\">\r\n\t\t\t<div class=\"product-img\">\r\n\t\t\t\t<a href=\"https:\/\/www.dijoncycles.fr\/en\/product\/velo-gravel-bianchi-arcadex-comp-grx-610-822\/\" class=\"woocommerce-LoopProduct-link woocommerce-loop-product__link\">\t\t\t\t\t<a href=\"https:\/\/www.dijoncycles.fr\/en\/product\/velo-gravel-bianchi-arcadex-comp-grx-610-822\/\" class=\"woocommerce-LoopProduct-link woocommerce-loop-product__link\"><\/a>\r\n\t\t\t\t\t<a href=\"https:\/\/www.dijoncycles.fr\/en\/product\/velo-gravel-bianchi-arcadex-comp-grx-610-822\/\">\r\n\t\t\t\t\t\t<img fetchpriority=\"high\" decoding=\"async\" width=\"1920\" height=\"1186\" src=\"https:\/\/www.dijoncycles.fr\/wp-content\/uploads\/2025\/08\/Velo-BIANCHI-Gravel-ARCADEXCOMP-Bronze.jpg\" class=\"attachment-post-thumbnail size-post-thumbnail wp-post-image\" alt=\"V\u00e9lo BIANCHI Gravel ARCADEX COMP Bronze\" srcset=\"https:\/\/www.dijoncycles.fr\/wp-content\/uploads\/2025\/08\/Velo-BIANCHI-Gravel-ARCADEXCOMP-Bronze.jpg 1920w, https:\/\/www.dijoncycles.fr\/wp-content\/uploads\/2025\/08\/Velo-BIANCHI-Gravel-ARCADEXCOMP-Bronze-300x185.jpg 300w, https:\/\/www.dijoncycles.fr\/wp-content\/uploads\/2025\/08\/Velo-BIANCHI-Gravel-ARCADEXCOMP-Bronze-1024x633.jpg 1024w, https:\/\/www.dijoncycles.fr\/wp-content\/uploads\/2025\/08\/Velo-BIANCHI-Gravel-ARCADEXCOMP-Bronze-768x474.jpg 768w, https:\/\/www.dijoncycles.fr\/wp-content\/uploads\/2025\/08\/Velo-BIANCHI-Gravel-ARCADEXCOMP-Bronze-1536x949.jpg 1536w, https:\/\/www.dijoncycles.fr\/wp-content\/uploads\/2025\/08\/Velo-BIANCHI-Gravel-ARCADEXCOMP-Bronze-600x371.jpg 600w\" sizes=\"(max-width: 1920px) 100vw, 1920px\" title=\"{title} - {sitename}\">\t\t\t\t\t<\/a>\r\n\t\t\t\t\t\t\t\t\t\t<a href=\"https:\/\/www.dijoncycles.fr\/en\/product\/velo-gravel-bianchi-arcadex-comp-grx-610-822\/\">\r\n\t\t\t\t\t\t<img decoding=\"async\" width=\"801\" height=\"801\" src=\"https:\/\/www.dijoncycles.fr\/wp-content\/uploads\/2025\/08\/velo-gravel-bianchi-arcadex-comp-celeste.png\" class=\"info attachment-post-thumbnail size-post-thumbnail wp-post-image\" alt=\"{title} - v\u00e9lo {category} | Dijon Cycles\" title=\"{title} - {sitename}\">\r\n\t\t\t\t\t<\/a>\r\n\t\t\t\t\t\t\t<\/div>\r\n\t\t\t<div class=\"product-content-outer\">\r\n\t\t\t\t<div class=\"product-content\">\r\n\t\t\t\t\t<h3><a href=\"https:\/\/www.dijoncycles.fr\/en\/product\/velo-gravel-bianchi-arcadex-comp-grx-610-822\/\">BIANCHI Arcadex Comp GRX 610\/822<\/a><\/h3>\r\n\t\t\t\t\t\t\t\t\t\t\t\n\t<span class=\"price\"><span class=\"woocommerce-Price-amount amount\"><bdi>3 190,00&nbsp;<span class=\"woocommerce-Price-currencySymbol\">\u20ac<\/span><\/bdi><\/span><\/span>\n\t\t\t\t\t<div class=\"pro-rating\"><\/div>\r\n\t\t\t\t<\/div>\r\n\t\t\t\t<div class=\"product-action\">\r\n\t\t\t\t\t<\/a>\t<span id=\"woocommerce_loop_add_to_cart_link_describedby_1701\" class=\"screen-reader-text\">\n\t\tThis product has multiple variants. The options may be chosen on the product page\t<\/span>\n\t\t\t\t<\/div>\r\n\t\t\t<\/div>\r\n\t\t<\/div>\r\n\t<\/div>\r\n<\/li>\r\n\r\n<li class=\"product type-product post-2863 status-publish instock product_cat-gravel has-post-thumbnail shipping-taxable purchasable product-type-variable has-default-attributes\">\r\n\t<div class=\"product\">\r\n\t\t<div class=\"product-single\">\r\n\t\t\t<div class=\"product-img\">\r\n\t\t\t\t<a href=\"https:\/\/www.dijoncycles.fr\/en\/product\/velo-gravel-bianchi-nirone-7-grx610-1x12sp\/\" class=\"woocommerce-LoopProduct-link woocommerce-loop-product__link\">\t\t\t\t\t<a href=\"https:\/\/www.dijoncycles.fr\/en\/product\/velo-gravel-bianchi-nirone-7-grx610-1x12sp\/\" class=\"woocommerce-LoopProduct-link woocommerce-loop-product__link\"><\/a>\r\n\t\t\t\t\t<a href=\"https:\/\/www.dijoncycles.fr\/en\/product\/velo-gravel-bianchi-nirone-7-grx610-1x12sp\/\">\r\n\t\t\t\t\t\t<img decoding=\"async\" width=\"636\" height=\"392\" src=\"https:\/\/www.dijoncycles.fr\/wp-content\/uploads\/2025\/12\/velo-gravel-bianchi-nirone-7-grx-celeste.png\" class=\"attachment-post-thumbnail size-post-thumbnail wp-post-image\" alt=\"v\u00e9lo de Gravel BIANCHI Nirone 7 GRX822\/610 C\u00e9leste\" srcset=\"https:\/\/www.dijoncycles.fr\/wp-content\/uploads\/2025\/12\/velo-gravel-bianchi-nirone-7-grx-celeste.png 636w, https:\/\/www.dijoncycles.fr\/wp-content\/uploads\/2025\/12\/velo-gravel-bianchi-nirone-7-grx-celeste-300x185.png 300w, https:\/\/www.dijoncycles.fr\/wp-content\/uploads\/2025\/12\/velo-gravel-bianchi-nirone-7-grx-celeste-18x12.png 18w, https:\/\/www.dijoncycles.fr\/wp-content\/uploads\/2025\/12\/velo-gravel-bianchi-nirone-7-grx-celeste-600x370.png 600w\" sizes=\"(max-width: 636px) 100vw, 636px\" title=\"{title} - {sitename}\">\t\t\t\t\t<\/a>\r\n\t\t\t\t\t\t\t\t\t\t<a href=\"https:\/\/www.dijoncycles.fr\/en\/product\/velo-gravel-bianchi-nirone-7-grx610-1x12sp\/\">\r\n\t\t\t\t\t\t<img loading=\"lazy\" decoding=\"async\" width=\"801\" height=\"801\" src=\"https:\/\/www.dijoncycles.fr\/wp-content\/uploads\/2025\/12\/velo-gravel-bianchi-nirone-7-grx-celeste.png\" class=\"info attachment-post-thumbnail size-post-thumbnail wp-post-image\" alt=\"{title} - v\u00e9lo {category} | Dijon Cycles\" title=\"{title} - {sitename}\">\r\n\t\t\t\t\t<\/a>\r\n\t\t\t\t\t\t\t<\/div>\r\n\t\t\t<div class=\"product-content-outer\">\r\n\t\t\t\t<div class=\"product-content\">\r\n\t\t\t\t\t<h3><a href=\"https:\/\/www.dijoncycles.fr\/en\/product\/velo-gravel-bianchi-nirone-7-grx610-1x12sp\/\">BIANCHI Nirone 7 GRX820\/610 1X12SP<\/a><\/h3>\r\n\t\t\t\t\t\t\t\t\t\t\t\n\t<span class=\"price\"><span class=\"woocommerce-Price-amount amount\"><bdi>1 890,00&nbsp;<span class=\"woocommerce-Price-currencySymbol\">\u20ac<\/span><\/bdi><\/span><\/span>\n\t\t\t\t\t<div class=\"pro-rating\"><\/div>\r\n\t\t\t\t<\/div>\r\n\t\t\t\t<div class=\"product-action\">\r\n\t\t\t\t\t<\/a>\t<span id=\"woocommerce_loop_add_to_cart_link_describedby_2863\" class=\"screen-reader-text\">\n\t\tThis product has multiple variants. The options may be chosen on the product page\t<\/span>\n\t\t\t\t<\/div>\r\n\t\t\t<\/div>\r\n\t\t<\/div>\r\n\t<\/div>\r\n<\/li>\r\n\r\n<li class=\"product type-product post-1443 status-publish last instock product_cat-gravel has-post-thumbnail shipping-taxable purchasable product-type-variable has-default-attributes\">\r\n\t<div class=\"product\">\r\n\t\t<div class=\"product-single\">\r\n\t\t\t<div class=\"product-img\">\r\n\t\t\t\t<a href=\"https:\/\/www.dijoncycles.fr\/en\/product\/gravel-polygon-tambora-a4\/\" class=\"woocommerce-LoopProduct-link woocommerce-loop-product__link\">\t\t\t\t\t<a href=\"https:\/\/www.dijoncycles.fr\/en\/product\/gravel-polygon-tambora-a4\/\" class=\"woocommerce-LoopProduct-link woocommerce-loop-product__link\"><\/a>\r\n\t\t\t\t\t<a href=\"https:\/\/www.dijoncycles.fr\/en\/product\/gravel-polygon-tambora-a4\/\">\r\n\t\t\t\t\t\t<img loading=\"lazy\" decoding=\"async\" width=\"577\" height=\"433\" src=\"https:\/\/www.dijoncycles.fr\/wp-content\/uploads\/2025\/08\/Velo-POLYGON-TAMBORA-A4-Gris.png\" class=\"attachment-post-thumbnail size-post-thumbnail wp-post-image\" alt=\"V\u00e9lo de route en Cote d&#039;Or POLYGON TAMBORA A4 Gris- Dijon Cycles\" srcset=\"https:\/\/www.dijoncycles.fr\/wp-content\/uploads\/2025\/08\/Velo-POLYGON-TAMBORA-A4-Gris.png 577w, https:\/\/www.dijoncycles.fr\/wp-content\/uploads\/2025\/08\/Velo-POLYGON-TAMBORA-A4-Gris-300x225.png 300w\" sizes=\"(max-width: 577px) 100vw, 577px\" title=\"{title} - {sitename}\">\t\t\t\t\t<\/a>\r\n\t\t\t\t\t\t\t\t\t\t<a href=\"https:\/\/www.dijoncycles.fr\/en\/product\/gravel-polygon-tambora-a4\/\">\r\n\t\t\t\t\t\t<img loading=\"lazy\" decoding=\"async\" width=\"801\" height=\"801\" src=\"https:\/\/www.dijoncycles.fr\/wp-content\/uploads\/2025\/08\/Velo-POLYGON-TAMBORA-A4-Gris.png\" class=\"info attachment-post-thumbnail size-post-thumbnail wp-post-image\" alt=\"{title} - v\u00e9lo {category} | Dijon Cycles\" title=\"{title} - {sitename}\">\r\n\t\t\t\t\t<\/a>\r\n\t\t\t\t\t\t\t<\/div>\r\n\t\t\t<div class=\"product-content-outer\">\r\n\t\t\t\t<div class=\"product-content\">\r\n\t\t\t\t\t<h3><a href=\"https:\/\/www.dijoncycles.fr\/en\/product\/gravel-polygon-tambora-a4\/\">POLYGON TAMBORA A4<\/a><\/h3>\r\n\t\t\t\t\t\t\t\t\t\t\t\n\t<span class=\"price\"><span class=\"woocommerce-Price-amount amount\"><bdi>1 349,00&nbsp;<span class=\"woocommerce-Price-currencySymbol\">\u20ac<\/span><\/bdi><\/span><\/span>\n\t\t\t\t\t<div class=\"pro-rating\"><\/div>\r\n\t\t\t\t<\/div>\r\n\t\t\t\t<div class=\"product-action\">\r\n\t\t\t\t\t<\/a>\t<span id=\"woocommerce_loop_add_to_cart_link_describedby_1443\" class=\"screen-reader-text\">\n\t\tThis product has multiple variants. The options may be chosen on the product page\t<\/span>\n\t\t\t\t<\/div>\r\n\t\t\t<\/div>\r\n\t\t<\/div>\r\n\t<\/div>\r\n<\/li>\r\n<\/ul>\n<\/div><\/div>\n\t\t\t\t\t\t<\/div>\n\t\t\t\t<\/div>\n\t\t\t\t\t<\/div>\n\t\t\t\t<\/div>\n\t\t<div class=\"elementor-element elementor-element-897bd4e e-flex e-con-boxed e-con e-parent\" data-id=\"897bd4e\" data-element_type=\"container\" data-e-type=\"container\">\n\t\t\t\t\t<div class=\"e-con-inner\">\n\t\t<div class=\"elementor-element elementor-element-07def2b e-con-full e-flex e-con e-child\" data-id=\"07def2b\" data-element_type=\"container\" data-e-type=\"container\">\n\t\t<div class=\"elementor-element elementor-element-105e538 e-grid e-con-full e-con e-child\" data-id=\"105e538\" data-element_type=\"container\" data-e-type=\"container\">\n\t\t\t\t<div class=\"elementor-element elementor-element-92f4dd0 elementor-view-default elementor-position-block-start elementor-mobile-position-block-start elementor-widget elementor-widget-icon-box\" data-id=\"92f4dd0\" data-element_type=\"widget\" data-e-type=\"widget\" data-widget_type=\"icon-box.default\">\n\t\t\t\t<div class=\"elementor-widget-container\">\n\t\t\t\t\t\t\t<div class=\"elementor-icon-box-wrapper\">\n\n\t\t\t\t\t\t<div class=\"elementor-icon-box-icon\">\n\t\t\t\t<a href=\"https:\/\/www.dijoncycles.fr\/en\/tarifs-atelier\/\" class=\"elementor-icon\" tabindex=\"-1\" aria-label=\"Atelier &amp; pr\u00e9paration :\">\n\t\t\t\t<svg aria-hidden=\"true\" class=\"e-font-icon-svg e-fas-tools\" viewbox=\"0 0 512 512\" xmlns=\"http:\/\/www.w3.org\/2000\/svg\"><path d=\"M501.1 395.7L384 278.6c-23.1-23.1-57.6-27.6-85.4-13.9L192 158.1V96L64 0 0 64l96 128h62.1l106.6 106.6c-13.6 27.8-9.2 62.3 13.9 85.4l117.1 117.1c14.6 14.6 38.2 14.6 52.7 0l52.7-52.7c14.5-14.6 14.5-38.2 0-52.7zM331.7 225c28.3 0 54.9 11 74.9 31l19.4 19.4c15.8-6.9 30.8-16.5 43.8-29.5 37.1-37.1 49.7-89.3 37.9-136.7-2.2-9-13.5-12.1-20.1-5.5l-74.4 74.4-67.9-11.3L334 98.9l74.4-74.4c6.6-6.6 3.4-17.9-5.7-20.2-47.4-11.7-99.6.9-136.6 37.9-28.5 28.5-41.9 66.1-41.2 103.6l82.1 82.1c8.1-1.9 16.5-2.9 24.7-2.9zm-103.9 82l-56.7-56.7L18.7 402.8c-25 25-25 65.5 0 90.5s65.5 25 90.5 0l123.6-123.6c-7.6-19.9-9.9-41.6-5-62.7zM64 472c-13.2 0-24-10.8-24-24 0-13.3 10.7-24 24-24s24 10.7 24 24c0 13.2-10.7 24-24 24z\"><\/path><\/svg>\t\t\t\t<\/a>\n\t\t\t<\/div>\n\t\t\t\n\t\t\t\t\t\t<div class=\"elementor-icon-box-content\">\n\n\t\t\t\t\t\t\t\t\t<h2 class=\"elementor-icon-box-title\">\n\t\t\t\t\t\t<a href=\"https:\/\/www.dijoncycles.fr\/en\/tarifs-atelier\/\" >\n\t\t\t\t\t\t\tAtelier &amp; pr\u00e9paration :\t\t\t\t\t\t<\/a>\n\t\t\t\t\t<\/h2>\n\t\t\t\t\n\t\t\t\t\t\t\t\t\t<p class=\"elementor-icon-box-description\">\n\t\t\t\t\t\tLe Gravel sollicite la m\u00e9canique. De la conversion en tubeless au r\u00e9glage des transmissions sp\u00e9cifiques (Shimano GRX, SRAM XPLR), notre atelier pr\u00e9pare votre v\u00e9lo pour l'aventure.\t\t\t\t\t<\/p>\n\t\t\t\t\n\t\t\t<\/div>\n\t\t\t\n\t\t<\/div>\n\t\t\t\t\t\t<\/div>\n\t\t\t\t<\/div>\n\t\t\t\t<div class=\"elementor-element elementor-element-51f207a elementor-view-default elementor-position-block-start elementor-mobile-position-block-start elementor-widget elementor-widget-icon-box\" data-id=\"51f207a\" data-element_type=\"widget\" data-e-type=\"widget\" data-widget_type=\"icon-box.default\">\n\t\t\t\t<div class=\"elementor-widget-container\">\n\t\t\t\t\t\t\t<div class=\"elementor-icon-box-wrapper\">\n\n\t\t\t\t\t\t<div class=\"elementor-icon-box-icon\">\n\t\t\t\t<a href=\"https:\/\/www.dijoncycles.fr\/en\/equipements\/\" class=\"elementor-icon\" tabindex=\"-1\" aria-label=\"\u00c9quipement aventure :\">\n\t\t\t\t<svg aria-hidden=\"true\" class=\"e-font-icon-svg e-fas-globe-africa\" viewbox=\"0 0 496 512\" xmlns=\"http:\/\/www.w3.org\/2000\/svg\"><path d=\"M248 8C111.03 8 0 119.03 0 256s111.03 248 248 248 248-111.03 248-248S384.97 8 248 8zm160 215.5v6.93c0 5.87-3.32 11.24-8.57 13.86l-15.39 7.7a15.485 15.485 0 0 1-15.53-.97l-18.21-12.14a15.52 15.52 0 0 0-13.5-1.81l-2.65.88c-9.7 3.23-13.66 14.79-7.99 23.3l13.24 19.86c2.87 4.31 7.71 6.9 12.89 6.9h8.21c8.56 0 15.5 6.94 15.5 15.5v11.34c0 3.35-1.09 6.62-3.1 9.3l-18.74 24.98c-1.42 1.9-2.39 4.1-2.83 6.43l-4.3 22.83c-.62 3.29-2.29 6.29-4.76 8.56a159.608 159.608 0 0 0-25 29.16l-13.03 19.55a27.756 27.756 0 0 1-23.09 12.36c-10.51 0-20.12-5.94-24.82-15.34a78.902 78.902 0 0 1-8.33-35.29V367.5c0-8.56-6.94-15.5-15.5-15.5h-25.88c-14.49 0-28.38-5.76-38.63-16a54.659 54.659 0 0 1-16-38.63v-14.06c0-17.19 8.1-33.38 21.85-43.7l27.58-20.69a54.663 54.663 0 0 1 32.78-10.93h.89c8.48 0 16.85 1.97 24.43 5.77l14.72 7.36c3.68 1.84 7.93 2.14 11.83.84l47.31-15.77c6.33-2.11 10.6-8.03 10.6-14.7 0-8.56-6.94-15.5-15.5-15.5h-10.09c-4.11 0-8.05-1.63-10.96-4.54l-6.92-6.92a15.493 15.493 0 0 0-10.96-4.54H199.5c-8.56 0-15.5-6.94-15.5-15.5v-4.4c0-7.11 4.84-13.31 11.74-15.04l14.45-3.61c3.74-.94 7-3.23 9.14-6.44l8.08-12.11c2.87-4.31 7.71-6.9 12.89-6.9h24.21c8.56 0 15.5-6.94 15.5-15.5v-21.7C359.23 71.63 422.86 131.02 441.93 208H423.5c-8.56 0-15.5 6.94-15.5 15.5z\"><\/path><\/svg>\t\t\t\t<\/a>\n\t\t\t<\/div>\n\t\t\t\n\t\t\t\t\t\t<div class=\"elementor-icon-box-content\">\n\n\t\t\t\t\t\t\t\t\t<h2 class=\"elementor-icon-box-title\">\n\t\t\t\t\t\t<a href=\"https:\/\/www.dijoncycles.fr\/en\/equipements\/\" >\n\t\t\t\t\t\t\t\u00c9quipement aventure :\t\t\t\t\t\t<\/a>\n\t\t\t\t\t<\/h2>\n\t\t\t\t\n\t\t\t\t\t\t\t\t\t<p class=\"elementor-icon-box-description\">\n\t\t\t\t\t\tRoulez avec style et protection gr\u00e2ce aux casques Met. Optimisez votre confort sur tous les terrains avec les chaussures Gaerne et entretenez votre transmission apr\u00e8s chaque sortie poussi\u00e9reuse.\t\t\t\t\t<\/p>\n\t\t\t\t\n\t\t\t<\/div>\n\t\t\t\n\t\t<\/div>\n\t\t\t\t\t\t<\/div>\n\t\t\t\t<\/div>\n\t\t\t\t<div class=\"elementor-element elementor-element-98fa8ab elementor-view-default elementor-position-block-start elementor-mobile-position-block-start elementor-widget elementor-widget-icon-box\" data-id=\"98fa8ab\" data-element_type=\"widget\" data-e-type=\"widget\" data-widget_type=\"icon-box.default\">\n\t\t\t\t<div class=\"elementor-widget-container\">\n\t\t\t\t\t\t\t<div class=\"elementor-icon-box-wrapper\">\n\n\t\t\t\t\t\t<div class=\"elementor-icon-box-icon\">\n\t\t\t\t<a href=\"https:\/\/www.dijoncycles.fr\/en\/etude-posturale\/\" class=\"elementor-icon\" tabindex=\"-1\" aria-label=\"Confort &amp; nutrition :\">\n\t\t\t\t<svg aria-hidden=\"true\" class=\"e-font-icon-svg e-fas-biking\" viewbox=\"0 0 640 512\" xmlns=\"http:\/\/www.w3.org\/2000\/svg\"><path d=\"M400 96a48 48 0 1 0-48-48 48 48 0 0 0 48 48zm-4 121a31.9 31.9 0 0 0 20 7h64a32 32 0 0 0 0-64h-52.78L356 103a31.94 31.94 0 0 0-40.81.68l-112 96a32 32 0 0 0 3.08 50.92L288 305.12V416a32 32 0 0 0 64 0V288a32 32 0 0 0-14.25-26.62l-41.36-27.57 58.25-49.92zm116 39a128 128 0 1 0 128 128 128 128 0 0 0-128-128zm0 192a64 64 0 1 1 64-64 64 64 0 0 1-64 64zM128 256a128 128 0 1 0 128 128 128 128 0 0 0-128-128zm0 192a64 64 0 1 1 64-64 64 64 0 0 1-64 64z\"><\/path><\/svg>\t\t\t\t<\/a>\n\t\t\t<\/div>\n\t\t\t\n\t\t\t\t\t\t<div class=\"elementor-icon-box-content\">\n\n\t\t\t\t\t\t\t\t\t<h2 class=\"elementor-icon-box-title\">\n\t\t\t\t\t\t<a href=\"https:\/\/www.dijoncycles.fr\/en\/etude-posturale\/\" >\n\t\t\t\t\t\t\tConfort &amp; nutrition :\t\t\t\t\t\t<\/a>\n\t\t\t\t\t<\/h2>\n\t\t\t\t\n\t\t\t\t\t\t\t\t\t<p class=\"elementor-icon-box-description\">\n\t\t\t\t\t\tNe craignez plus les longues distances. Profitez de notre expertise en \u00e9tude posturale pour une position ergonomique et faites le plein d'\u00e9nergie avec la gamme Overstim's.\t\t\t\t\t<\/p>\n\t\t\t\t\n\t\t\t<\/div>\n\t\t\t\n\t\t<\/div>\n\t\t\t\t\t\t<\/div>\n\t\t\t\t<\/div>\n\t\t\t\t<\/div>\n\t\t<div class=\"elementor-element elementor-element-30902df e-con-full e-flex e-con e-child\" data-id=\"30902df\" data-element_type=\"container\" data-e-type=\"container\">\n\t\t\t\t<div class=\"elementor-element elementor-element-9d411c6 elementor-widget elementor-widget-heading\" data-id=\"9d411c6\" data-element_type=\"widget\" data-e-type=\"widget\" data-widget_type=\"heading.default\">\n\t\t\t\t<div class=\"elementor-widget-container\">\n\t\t\t\t\t<h2 class=\"elementor-heading-title elementor-size-default\">O\u00f9 s'\u00e9vader en Gravel autour de Dijon ?<\/h2>\t\t\t\t<\/div>\n\t\t\t\t<\/div>\n\t\t\t\t<div class=\"elementor-element elementor-element-b477f52 elementor-widget elementor-widget-text-editor\" data-id=\"b477f52\" data-element_type=\"widget\" data-e-type=\"widget\" data-widget_type=\"text-editor.default\">\n\t\t\t\t<div class=\"elementor-widget-container\">\n\t\t\t\t\t\t\t\t\t<p data-path-to-node=\"10,0\">La C\u00f4te-d&rsquo;Or est le paradis du Gravel. Voici nos parcours favoris :<\/p><ul><li style=\"list-style-type: none;\"><ul data-path-to-node=\"10,1\"><li><p data-path-to-node=\"10,1,0,0\"><b data-path-to-node=\"10,1,0,0\" data-index-in-node=\"0\">Le Canal de Bourgogne :<\/b> Des kilom\u00e8tres de voies vertes et de chemins de halage pour une \u00e9vasion paisible.<\/p><\/li><li><p data-path-to-node=\"10,1,1,0\"><b data-path-to-node=\"10,1,1,0\" data-index-in-node=\"0\">La Route des Grands Crus :<\/b> Sortez du bitume pour traverser les vignobles par les chemins de vigne.<\/p><\/li><li><p data-path-to-node=\"10,1,2,0\"><b data-path-to-node=\"10,1,2,0\" data-index-in-node=\"0\">La Combe \u00e0 la Serpent :<\/b> Un terrain de jeu vallonn\u00e9 et vari\u00e9 pour tester les capacit\u00e9s de votre machine.<\/p><\/li><li><p data-path-to-node=\"10,1,3,0\"><b data-path-to-node=\"10,1,3,0\" data-index-in-node=\"0\">Les Hautes-C\u00f4tes :<\/b> Pour ceux qui aiment mixer sentiers forestiers et petites routes de campagne isol\u00e9es.<\/p><\/li><\/ul><\/li><\/ul>\t\t\t\t\t\t\t\t<\/div>\n\t\t\t\t<\/div>\n\t\t\t\t<\/div>\n\t\t\t\t<\/div>\n\t\t\t\t\t<\/div>\n\t\t\t\t<\/div>\n\t\t\t\t<\/div>","protected":false},"excerpt":{"rendered":"<p>V\u00e9los Gravel \u00e0 Dijon : La polyvalence sans limite chez Dijon Cycles Explorez de nouveaux horizons avec notre s\u00e9lection de v\u00e9los Gravel chez Dijon Cycles. Parfait compromis entre la rapidit\u00e9 d&rsquo;un v\u00e9lo de route et la robustesse d&rsquo;un VTT, le Gravel est l&rsquo;alli\u00e9 id\u00e9al des cyclistes avides de libert\u00e9. D\u00e9couvrez l&rsquo;esprit d&rsquo;aventure avec les mod\u00e8les [&hellip;]<\/p>\n","protected":false},"author":1,"featured_media":3015,"parent":0,"menu_order":0,"comment_status":"closed","ping_status":"closed","template":"","meta":{"footnotes":""},"class_list":["post-229","page","type-page","status-publish","has-post-thumbnail","hentry"],"jetpack_sharing_enabled":true,"_links":{"self":[{"href":"https:\/\/www.dijoncycles.fr\/en\/wp-json\/wp\/v2\/pages\/229","targetHints":{"allow":["GET"]}}],"collection":[{"href":"https:\/\/www.dijoncycles.fr\/en\/wp-json\/wp\/v2\/pages"}],"about":[{"href":"https:\/\/www.dijoncycles.fr\/en\/wp-json\/wp\/v2\/types\/page"}],"author":[{"embeddable":true,"href":"https:\/\/www.dijoncycles.fr\/en\/wp-json\/wp\/v2\/users\/1"}],"replies":[{"embeddable":true,"href":"https:\/\/www.dijoncycles.fr\/en\/wp-json\/wp\/v2\/comments?post=229"}],"version-history":[{"count":46,"href":"https:\/\/www.dijoncycles.fr\/en\/wp-json\/wp\/v2\/pages\/229\/revisions"}],"predecessor-version":[{"id":3599,"href":"https:\/\/www.dijoncycles.fr\/en\/wp-json\/wp\/v2\/pages\/229\/revisions\/3599"}],"wp:featuredmedia":[{"embeddable":true,"href":"https:\/\/www.dijoncycles.fr\/en\/wp-json\/wp\/v2\/media\/3015"}],"wp:attachment":[{"href":"https:\/\/www.dijoncycles.fr\/en\/wp-json\/wp\/v2\/media?parent=229"}],"curies":[{"name":"wp","href":"https:\/\/api.w.org\/{rel}","templated":true}]}}