{"id":243,"date":"2025-04-23T09:53:22","date_gmt":"2025-04-23T07:53:22","guid":{"rendered":"http:\/\/new.dijoncycles.fr\/?page_id=243"},"modified":"2026-01-05T11:28:01","modified_gmt":"2026-01-05T10:28:01","slug":"conseils-dentretien","status":"publish","type":"page","link":"https:\/\/www.dijoncycles.fr\/en\/conseils-dentretien\/","title":{"rendered":"Conseils d&rsquo;entretien"},"content":{"rendered":"<div data-elementor-type=\"wp-page\" data-elementor-id=\"243\" class=\"elementor elementor-243\">\n\t\t\t\t<div class=\"elementor-element elementor-element-5b66358 e-flex e-con-boxed e-con e-parent\" data-id=\"5b66358\" data-element_type=\"container\" data-e-type=\"container\">\n\t\t\t\t\t<div class=\"e-con-inner\">\n\t\t\t\t<div class=\"elementor-element elementor-element-3213bde elementor-widget elementor-widget-heading\" data-id=\"3213bde\" data-element_type=\"widget\" data-e-type=\"widget\" data-widget_type=\"heading.default\">\n\t\t\t\t<div class=\"elementor-widget-container\">\n\t\t\t\t\t<h1 class=\"elementor-heading-title elementor-size-default\">Conseils d\u2019entretien v\u00e9lo \u2013 Dijon Cycles<\/h1>\t\t\t\t<\/div>\n\t\t\t\t<\/div>\n\t\t\t\t\t<\/div>\n\t\t\t\t<\/div>\n\t\t<div class=\"elementor-element elementor-element-5ad078e e-flex e-con-boxed e-con e-parent\" data-id=\"5ad078e\" data-element_type=\"container\" data-e-type=\"container\">\n\t\t\t\t\t<div class=\"e-con-inner\">\n\t\t\t\t<div class=\"elementor-element elementor-element-43938d7 elementor-widget elementor-widget-heading\" data-id=\"43938d7\" data-element_type=\"widget\" data-e-type=\"widget\" data-widget_type=\"heading.default\">\n\t\t\t\t<div class=\"elementor-widget-container\">\n\t\t\t\t\t<h2 class=\"elementor-heading-title elementor-size-default\">#1 - Nettoyage de la transmission<\/h2>\t\t\t\t<\/div>\n\t\t\t\t<\/div>\n\t\t\t\t\t<\/div>\n\t\t\t\t<\/div>\n\t\t<div class=\"elementor-element elementor-element-a08cfa8 e-flex e-con-boxed e-con e-parent\" data-id=\"a08cfa8\" data-element_type=\"container\" data-e-type=\"container\">\n\t\t\t\t\t<div class=\"e-con-inner\">\n\t\t\t\t<div class=\"elementor-element elementor-element-815784b elementor-widget elementor-widget-heading\" data-id=\"815784b\" data-element_type=\"widget\" data-e-type=\"widget\" data-widget_type=\"heading.default\">\n\t\t\t\t<div class=\"elementor-widget-container\">\n\t\t\t\t\t<h2 class=\"elementor-heading-title elementor-size-default\">Gr\u00e2ce \u00e0 nos conseils, votre transmission ne craindra pas les intemp\u00e9ries<\/h2>\t\t\t\t<\/div>\n\t\t\t\t<\/div>\n\t\t\t\t\t<\/div>\n\t\t\t\t<\/div>\n\t\t<div class=\"elementor-element elementor-element-6073633 e-flex e-con-boxed e-con e-parent\" data-id=\"6073633\" data-element_type=\"container\" data-e-type=\"container\">\n\t\t\t\t\t<div class=\"e-con-inner\">\n\t\t\t\t<div class=\"elementor-element elementor-element-ca08007 elementor-widget__width-initial elementor-widget elementor-widget-text-editor\" data-id=\"ca08007\" data-element_type=\"widget\" data-e-type=\"widget\" data-widget_type=\"text-editor.default\">\n\t\t\t\t<div class=\"elementor-widget-container\">\n\t\t\t\t\t\t\t\t\t<p class=\"Normal tm5\"><span class=\"tm6\">Il n\u2019y a vraiment aucune raison de stresser quand les conditions se d\u00e9t\u00e9riorent. <strong>Gr\u00e2ce \u00e0 nos recommandations,<\/strong> <strong>votre transmission ne craindra pas la travers\u00e9e des gu\u00e9s, la pluie battante, les sentiers boueux et le nettoyage de routine<\/strong>. Un nettoyage digne de ce nom maintiendra l\u2019aspect, les sensations et les performances de vos composants de transmission. <\/span><\/p><p class=\"Normal tm5\"><span class=\"tm6\"><strong>Prenez votre tuyau d\u2019arrosage et lancez-vous :<\/strong><br \/>Retirez les batteries\/piles AXS et installez les cales rouges de la batterie.<\/span><\/p>\t\t\t\t\t\t\t\t<\/div>\n\t\t\t\t<\/div>\n\t\t\t\t\t<\/div>\n\t\t\t\t<\/div>\n\t\t<div class=\"elementor-element elementor-element-1aaae88 e-flex e-con-boxed e-con e-parent\" data-id=\"1aaae88\" data-element_type=\"container\" data-e-type=\"container\">\n\t\t\t\t\t<div class=\"e-con-inner\">\n\t\t<div class=\"elementor-element elementor-element-09c96bb e-con-full e-flex e-con e-child\" data-id=\"09c96bb\" data-element_type=\"container\" data-e-type=\"container\">\n\t\t\t\t<div class=\"elementor-element elementor-element-6c6800e elementor-widget elementor-widget-image\" data-id=\"6c6800e\" data-element_type=\"widget\" data-e-type=\"widget\" data-widget_type=\"image.default\">\n\t\t\t\t<div class=\"elementor-widget-container\">\n\t\t\t\t\t\t\t\t\t\t\t\t\t\t\t<img fetchpriority=\"high\" decoding=\"async\" width=\"193\" height=\"300\" src=\"https:\/\/www.dijoncycles.fr\/wp-content\/uploads\/2025\/07\/monkey_products_Bio_Shampoo_1L-cut-1-193x300.png\" class=\"attachment-medium size-medium wp-image-836\" alt=\"D\u00e9graissant v\u00e9lo - Monkey Products \u2013 Dijon Cycles\" srcset=\"https:\/\/www.dijoncycles.fr\/wp-content\/uploads\/2025\/07\/monkey_products_Bio_Shampoo_1L-cut-1-193x300.png 193w, https:\/\/www.dijoncycles.fr\/wp-content\/uploads\/2025\/07\/monkey_products_Bio_Shampoo_1L-cut-1.png 226w\" sizes=\"(max-width: 193px) 100vw, 193px\" title=\"{title} - {sitename}\">\t\t\t\t\t\t\t\t\t\t\t\t\t\t\t<\/div>\n\t\t\t\t<\/div>\n\t\t\t\t<\/div>\n\t\t<div class=\"elementor-element elementor-element-f40419c e-con-full e-flex e-con e-child\" data-id=\"f40419c\" data-element_type=\"container\" data-e-type=\"container\">\n\t\t\t\t<div class=\"elementor-element elementor-element-29894f9 elementor-widget elementor-widget-text-editor\" data-id=\"29894f9\" data-element_type=\"widget\" data-e-type=\"widget\" data-widget_type=\"text-editor.default\">\n\t\t\t\t<div class=\"elementor-widget-container\">\n\t\t\t\t\t\t\t\t\t<ol><li><span class=\"tm6\">Appliquer du D\u00e9graissant Monkey BIO DEGREASER sur la chaine et les pignon et plateau si besoin. <br \/><\/span><em><span class=\"tm6\">Ne pas mettre trop de produit sur les d\u00e9railleurs.<\/span><\/em><\/li><li><p class=\"Normal tm5\"><span class=\"tm6\">Laissez agir quelques minutes.<\/span><\/p><\/li><li><p class=\"Normal tm5\"><span class=\"tm6\">Utilisez une brosse ou un chiffon pour frotter les graisses tenaces et la salet\u00e9<\/span><\/p><\/li><li><p class=\"Normal tm5\"><span class=\"tm6\">Comme pour tout roulement et joint d\u2019\u00e9tanch\u00e9it\u00e9 de v\u00e9lo, \u00e9vitez l\u2019exposition directe \u00e0 un jet \u00e0 haute pression.<\/span><\/p><\/li><li><p class=\"Normal tm5\"><span class=\"tm6\">Rincez abondamment \u00e0 l\u2019eau propre et laissez s\u00e9cher ou essuyez avec un chiffon propre<\/span><\/p><\/li><li><p class=\"Normal tm5\"><span class=\"tm6\">Lubrifiez avec votre <a href=\"http:\/\/www.dijoncycles.fr\/index.php\/produits-dentretien\/\">lubrifiant pour cha\u00eene MONKEY PRODUCT<\/a> et essuyez l\u2019exc\u00e9dent.<\/span><\/p><\/li><\/ol>\t\t\t\t\t\t\t\t<\/div>\n\t\t\t\t<\/div>\n\t\t\t\t<\/div>\n\t\t\t\t\t<\/div>\n\t\t\t\t<\/div>\n\t\t<div class=\"elementor-element elementor-element-c68afba e-flex e-con-boxed e-con e-parent\" data-id=\"c68afba\" data-element_type=\"container\" data-e-type=\"container\">\n\t\t\t\t\t<div class=\"e-con-inner\">\n\t\t\t\t<div class=\"elementor-element elementor-element-0adfcdf elementor-align-left elementor-widget elementor-widget-button\" data-id=\"0adfcdf\" data-element_type=\"widget\" data-e-type=\"widget\" data-widget_type=\"button.default\">\n\t\t\t\t<div class=\"elementor-widget-container\">\n\t\t\t\t\t\t\t\t\t<div class=\"elementor-button-wrapper\">\n\t\t\t\t\t<a class=\"elementor-button elementor-button-link elementor-size-sm\" href=\"https:\/\/www.monkey-products.com\/preventif-sealant\/\" target=\"_blank\" rel=\"noopener\">\n\t\t\t\t\t\t<span class=\"elementor-button-content-wrapper\">\n\t\t\t\t\t\t\t\t\t<span class=\"elementor-button-text\">D\u00e9couvrir la gamme compl\u00e8te de Monkey products<\/span>\n\t\t\t\t\t<\/span>\n\t\t\t\t\t<\/a>\n\t\t\t\t<\/div>\n\t\t\t\t\t\t\t\t<\/div>\n\t\t\t\t<\/div>\n\t\t\t\t\t<\/div>\n\t\t\t\t<\/div>\n\t\t<div class=\"elementor-element elementor-element-52a9471 e-flex e-con-boxed e-con e-parent\" data-id=\"52a9471\" data-element_type=\"container\" data-e-type=\"container\">\n\t\t\t\t\t<div class=\"e-con-inner\">\n\t\t\t\t<div class=\"elementor-element elementor-element-fc0ffa8 elementor-widget-divider--separator-type-pattern elementor-widget-divider--view-line elementor-widget elementor-widget-divider\" data-id=\"fc0ffa8\" data-element_type=\"widget\" data-e-type=\"widget\" data-widget_type=\"divider.default\">\n\t\t\t\t<div class=\"elementor-widget-container\">\n\t\t\t\t\t\t\t<div class=\"elementor-divider\" style=\"--divider-pattern-url: url(&quot;data:image\/svg+xml,%3Csvg xmlns=&#039;http:\/\/www.w3.org\/2000\/svg&#039; preserveAspectRatio=&#039;none&#039; overflow=&#039;visible&#039; height=&#039;100%&#039; viewBox=&#039;0 0 20 16&#039; fill=&#039;none&#039; stroke=&#039;black&#039; stroke-width=&#039;1&#039; stroke-linecap=&#039;square&#039; stroke-miterlimit=&#039;10&#039;%3E%3Cg transform=&#039;translate(-12.000000, 0)&#039;%3E%3Cpath d=&#039;M28,0L10,18&#039;\/%3E%3Cpath d=&#039;M18,0L0,18&#039;\/%3E%3Cpath d=&#039;M48,0L30,18&#039;\/%3E%3Cpath d=&#039;M38,0L20,18&#039;\/%3E%3C\/g%3E%3C\/svg%3E&quot;);\">\n\t\t\t<span class=\"elementor-divider-separator\">\n\t\t\t\t\t\t<\/span>\n\t\t<\/div>\n\t\t\t\t\t\t<\/div>\n\t\t\t\t<\/div>\n\t\t\t\t\t<\/div>\n\t\t\t\t<\/div>\n\t\t\t\t<\/div>","protected":false},"excerpt":{"rendered":"<p>Conseils d\u2019entretien v\u00e9lo \u2013 Dijon Cycles #1 &#8211; Nettoyage de la transmission Gr\u00e2ce \u00e0 nos conseils, votre transmission ne craindra pas les intemp\u00e9ries Il n\u2019y a vraiment aucune raison de stresser quand les conditions se d\u00e9t\u00e9riorent. Gr\u00e2ce \u00e0 nos recommandations, votre transmission ne craindra pas la travers\u00e9e des gu\u00e9s, la pluie battante, les sentiers boueux [&hellip;]<\/p>\n","protected":false},"author":1,"featured_media":0,"parent":0,"menu_order":0,"comment_status":"closed","ping_status":"closed","template":"","meta":{"footnotes":""},"class_list":["post-243","page","type-page","status-publish","hentry"],"jetpack_sharing_enabled":true,"_links":{"self":[{"href":"https:\/\/www.dijoncycles.fr\/en\/wp-json\/wp\/v2\/pages\/243","targetHints":{"allow":["GET"]}}],"collection":[{"href":"https:\/\/www.dijoncycles.fr\/en\/wp-json\/wp\/v2\/pages"}],"about":[{"href":"https:\/\/www.dijoncycles.fr\/en\/wp-json\/wp\/v2\/types\/page"}],"author":[{"embeddable":true,"href":"https:\/\/www.dijoncycles.fr\/en\/wp-json\/wp\/v2\/users\/1"}],"replies":[{"embeddable":true,"href":"https:\/\/www.dijoncycles.fr\/en\/wp-json\/wp\/v2\/comments?post=243"}],"version-history":[{"count":22,"href":"https:\/\/www.dijoncycles.fr\/en\/wp-json\/wp\/v2\/pages\/243\/revisions"}],"predecessor-version":[{"id":3275,"href":"https:\/\/www.dijoncycles.fr\/en\/wp-json\/wp\/v2\/pages\/243\/revisions\/3275"}],"wp:attachment":[{"href":"https:\/\/www.dijoncycles.fr\/en\/wp-json\/wp\/v2\/media?parent=243"}],"curies":[{"name":"wp","href":"https:\/\/api.w.org\/{rel}","templated":true}]}}