{"id":249,"date":"2025-04-23T09:54:41","date_gmt":"2025-04-23T07:54:41","guid":{"rendered":"http:\/\/new.dijoncycles.fr\/?page_id=249"},"modified":"2026-01-05T11:25:59","modified_gmt":"2026-01-05T10:25:59","slug":"tarifs-atelier","status":"publish","type":"page","link":"https:\/\/www.dijoncycles.fr\/en\/tarifs-atelier\/","title":{"rendered":"Tarifs atelier"},"content":{"rendered":"<div data-elementor-type=\"wp-page\" data-elementor-id=\"249\" class=\"elementor elementor-249\">\n\t\t\t\t<div class=\"elementor-element elementor-element-c2c3fd1 e-flex e-con-boxed e-con e-parent\" data-id=\"c2c3fd1\" data-element_type=\"container\" data-e-type=\"container\">\n\t\t\t\t\t<div class=\"e-con-inner\">\n\t\t\t\t<div class=\"elementor-element elementor-element-b7e93b0 elementor-widget elementor-widget-image\" data-id=\"b7e93b0\" data-element_type=\"widget\" data-e-type=\"widget\" data-widget_type=\"image.default\">\n\t\t\t\t<div class=\"elementor-widget-container\">\n\t\t\t\t\t\t\t\t\t\t\t\t\t\t\t<img fetchpriority=\"high\" decoding=\"async\" width=\"2560\" height=\"719\" src=\"https:\/\/www.dijoncycles.fr\/wp-content\/uploads\/2025\/06\/test-blanc-encart-13-scaled.jpg\" class=\"attachment-full size-full wp-image-478\" alt=\"{title} - v\u00e9lo {category} | Dijon Cycles\" srcset=\"https:\/\/www.dijoncycles.fr\/wp-content\/uploads\/2025\/06\/test-blanc-encart-13-scaled.jpg 2560w, https:\/\/www.dijoncycles.fr\/wp-content\/uploads\/2025\/06\/test-blanc-encart-13-300x84.jpg 300w, https:\/\/www.dijoncycles.fr\/wp-content\/uploads\/2025\/06\/test-blanc-encart-13-1024x288.jpg 1024w, https:\/\/www.dijoncycles.fr\/wp-content\/uploads\/2025\/06\/test-blanc-encart-13-768x216.jpg 768w, https:\/\/www.dijoncycles.fr\/wp-content\/uploads\/2025\/06\/test-blanc-encart-13-1536x432.jpg 1536w, https:\/\/www.dijoncycles.fr\/wp-content\/uploads\/2025\/06\/test-blanc-encart-13-2048x575.jpg 2048w, https:\/\/www.dijoncycles.fr\/wp-content\/uploads\/2025\/06\/test-blanc-encart-13-600x169.jpg 600w\" sizes=\"(max-width: 2560px) 100vw, 2560px\" title=\"{title} - {sitename}\">\t\t\t\t\t\t\t\t\t\t\t\t\t\t\t<\/div>\n\t\t\t\t<\/div>\n\t\t\t\t\t<\/div>\n\t\t\t\t<\/div>\n\t\t<div class=\"elementor-element elementor-element-75beeaf e-flex e-con-boxed e-con e-parent\" data-id=\"75beeaf\" data-element_type=\"container\" data-e-type=\"container\">\n\t\t\t\t\t<div class=\"e-con-inner\">\n\t\t\t\t<div class=\"elementor-element elementor-element-a2ff8c1 elementor-widget elementor-widget-text-editor\" data-id=\"a2ff8c1\" data-element_type=\"widget\" data-e-type=\"widget\" data-widget_type=\"text-editor.default\">\n\t\t\t\t<div class=\"elementor-widget-container\">\n\t\t\t\t\t\t\t\t\t<p>L&rsquo;atelier Dijon Cycles est situ\u00e9 60 avenue Raymond Poincar\u00e9 \u00e0 Dijon (21000). Ouvert toute l&rsquo;ann\u00e9e, selon les horaires d&rsquo;ouverture du magasin, nous proposons un service d&rsquo;entretien, r\u00e9glages et am\u00e9lioration de votre v\u00e9lo.<\/p>\t\t\t\t\t\t\t\t<\/div>\n\t\t\t\t<\/div>\n\t\t\t\t\t<\/div>\n\t\t\t\t<\/div>\n\t\t<div class=\"elementor-element elementor-element-f19d36b e-flex e-con-boxed e-con e-parent\" data-id=\"f19d36b\" data-element_type=\"container\" data-e-type=\"container\">\n\t\t\t\t\t<div class=\"e-con-inner\">\n\t\t\t\t<div class=\"elementor-element elementor-element-e6add61 elementor-widget-divider--separator-type-pattern elementor-widget-divider--view-line elementor-widget elementor-widget-divider\" data-id=\"e6add61\" data-element_type=\"widget\" data-e-type=\"widget\" data-widget_type=\"divider.default\">\n\t\t\t\t<div class=\"elementor-widget-container\">\n\t\t\t\t\t\t\t<div class=\"elementor-divider\" style=\"--divider-pattern-url: url(&quot;data:image\/svg+xml,%3Csvg xmlns=&#039;http:\/\/www.w3.org\/2000\/svg&#039; preserveAspectRatio=&#039;none&#039; overflow=&#039;visible&#039; height=&#039;100%&#039; viewBox=&#039;0 0 20 16&#039; fill=&#039;none&#039; stroke=&#039;black&#039; stroke-width=&#039;1&#039; stroke-linecap=&#039;square&#039; stroke-miterlimit=&#039;10&#039;%3E%3Cg transform=&#039;translate(-12.000000, 0)&#039;%3E%3Cpath d=&#039;M28,0L10,18&#039;\/%3E%3Cpath d=&#039;M18,0L0,18&#039;\/%3E%3Cpath d=&#039;M48,0L30,18&#039;\/%3E%3Cpath d=&#039;M38,0L20,18&#039;\/%3E%3C\/g%3E%3C\/svg%3E&quot;);\">\n\t\t\t<span class=\"elementor-divider-separator\">\n\t\t\t\t\t\t<\/span>\n\t\t<\/div>\n\t\t\t\t\t\t<\/div>\n\t\t\t\t<\/div>\n\t\t\t\t\t<\/div>\n\t\t\t\t<\/div>\n\t\t<div class=\"elementor-element elementor-element-0bccf78 e-flex e-con-boxed e-con e-parent\" data-id=\"0bccf78\" data-element_type=\"container\" data-e-type=\"container\">\n\t\t\t\t\t<div class=\"e-con-inner\">\n\t\t\t\t<div class=\"elementor-element elementor-element-528ad3a elementor-widget elementor-widget-heading\" data-id=\"528ad3a\" data-element_type=\"widget\" data-e-type=\"widget\" data-widget_type=\"heading.default\">\n\t\t\t\t<div class=\"elementor-widget-container\">\n\t\t\t\t\t<h1 class=\"elementor-heading-title elementor-size-default\">Tarifs atelier v\u00e9lo Dijon \u2013 R\u00e9parations et entretien chez Dijon Cycles<\/h1>\t\t\t\t<\/div>\n\t\t\t\t<\/div>\n\t\t\t\t\t<\/div>\n\t\t\t\t<\/div>\n\t\t<div class=\"elementor-element elementor-element-20ef74c e-flex e-con-boxed e-con e-parent\" data-id=\"20ef74c\" data-element_type=\"container\" data-e-type=\"container\">\n\t\t\t\t\t<div class=\"e-con-inner\">\n\t\t<div class=\"elementor-element elementor-element-4030be0 e-con-full e-flex e-con e-child\" data-id=\"4030be0\" data-element_type=\"container\" data-e-type=\"container\">\n\t\t\t\t<div class=\"elementor-element elementor-element-6730aed elementor-invisible elementor-widget elementor-widget-image\" data-id=\"6730aed\" data-element_type=\"widget\" data-e-type=\"widget\" data-settings=\"{&quot;_animation&quot;:&quot;bounceIn&quot;}\" data-widget_type=\"image.default\">\n\t\t\t\t<div class=\"elementor-widget-container\">\n\t\t\t\t\t\t\t\t\t\t\t\t\t\t\t<img decoding=\"async\" width=\"638\" height=\"390\" src=\"https:\/\/www.dijoncycles.fr\/wp-content\/uploads\/2025\/06\/pneumatiques.png\" class=\"elementor-animation-bounce-in attachment-large size-large wp-image-386\" alt=\"Vignette entretien v\u00e9lo \u2013 pneumatiques atelier\" srcset=\"https:\/\/www.dijoncycles.fr\/wp-content\/uploads\/2025\/06\/pneumatiques.png 638w, https:\/\/www.dijoncycles.fr\/wp-content\/uploads\/2025\/06\/pneumatiques-300x183.png 300w, https:\/\/www.dijoncycles.fr\/wp-content\/uploads\/2025\/06\/pneumatiques-600x367.png 600w\" sizes=\"(max-width: 638px) 100vw, 638px\" title=\"{title} - {sitename}\">\t\t\t\t\t\t\t\t\t\t\t\t\t\t\t<\/div>\n\t\t\t\t<\/div>\n\t\t\t\t<\/div>\n\t\t<div class=\"elementor-element elementor-element-ac0f9d9 e-con-full e-flex e-con e-child\" data-id=\"ac0f9d9\" data-element_type=\"container\" data-e-type=\"container\">\n\t\t\t\t<div class=\"elementor-element elementor-element-aedf1be elementor-invisible elementor-widget elementor-widget-image\" data-id=\"aedf1be\" data-element_type=\"widget\" data-e-type=\"widget\" data-settings=\"{&quot;_animation&quot;:&quot;bounceIn&quot;}\" data-widget_type=\"image.default\">\n\t\t\t\t<div class=\"elementor-widget-container\">\n\t\t\t\t\t\t\t\t\t\t\t\t\t\t\t<img decoding=\"async\" width=\"638\" height=\"390\" src=\"https:\/\/www.dijoncycles.fr\/wp-content\/uploads\/2025\/06\/Freinage.png\" class=\"elementor-animation-bounce-in attachment-large size-large wp-image-387\" alt=\"Vignette entretien v\u00e9lo \u2013 freinage atelier\" srcset=\"https:\/\/www.dijoncycles.fr\/wp-content\/uploads\/2025\/06\/Freinage.png 638w, https:\/\/www.dijoncycles.fr\/wp-content\/uploads\/2025\/06\/Freinage-300x183.png 300w, https:\/\/www.dijoncycles.fr\/wp-content\/uploads\/2025\/06\/Freinage-600x367.png 600w\" sizes=\"(max-width: 638px) 100vw, 638px\" title=\"{title} - {sitename}\">\t\t\t\t\t\t\t\t\t\t\t\t\t\t\t<\/div>\n\t\t\t\t<\/div>\n\t\t\t\t<\/div>\n\t\t<div class=\"elementor-element elementor-element-e672be1 e-con-full e-flex e-con e-child\" data-id=\"e672be1\" data-element_type=\"container\" data-e-type=\"container\">\n\t\t\t\t<div class=\"elementor-element elementor-element-b46024d elementor-invisible elementor-widget elementor-widget-image\" data-id=\"b46024d\" data-element_type=\"widget\" data-e-type=\"widget\" data-settings=\"{&quot;_animation&quot;:&quot;bounceIn&quot;}\" data-widget_type=\"image.default\">\n\t\t\t\t<div class=\"elementor-widget-container\">\n\t\t\t\t\t\t\t\t\t\t\t\t\t\t\t<img loading=\"lazy\" decoding=\"async\" width=\"638\" height=\"390\" src=\"https:\/\/www.dijoncycles.fr\/wp-content\/uploads\/2025\/06\/revision.png\" class=\"elementor-animation-bounce-in attachment-large size-large wp-image-392\" alt=\"Vignette entretien v\u00e9lo \u2013 r\u00e9visions atelier\" srcset=\"https:\/\/www.dijoncycles.fr\/wp-content\/uploads\/2025\/06\/revision.png 638w, https:\/\/www.dijoncycles.fr\/wp-content\/uploads\/2025\/06\/revision-300x183.png 300w, https:\/\/www.dijoncycles.fr\/wp-content\/uploads\/2025\/06\/revision-600x367.png 600w\" sizes=\"(max-width: 638px) 100vw, 638px\" title=\"{title} - {sitename}\">\t\t\t\t\t\t\t\t\t\t\t\t\t\t\t<\/div>\n\t\t\t\t<\/div>\n\t\t\t\t<\/div>\n\t\t<div class=\"elementor-element elementor-element-e6ac7f5 e-con-full e-flex e-con e-child\" data-id=\"e6ac7f5\" data-element_type=\"container\" data-e-type=\"container\">\n\t\t\t\t<div class=\"elementor-element elementor-element-2bb0e24 elementor-invisible elementor-widget elementor-widget-image\" data-id=\"2bb0e24\" data-element_type=\"widget\" data-e-type=\"widget\" data-settings=\"{&quot;_animation&quot;:&quot;bounceIn&quot;}\" data-widget_type=\"image.default\">\n\t\t\t\t<div class=\"elementor-widget-container\">\n\t\t\t\t\t\t\t\t\t\t\t\t\t\t\t<img loading=\"lazy\" decoding=\"async\" width=\"638\" height=\"390\" src=\"https:\/\/www.dijoncycles.fr\/wp-content\/uploads\/2025\/06\/transmission.png\" class=\"elementor-animation-bounce-in attachment-large size-large wp-image-391\" alt=\"Vignette entretien v\u00e9lo \u2013 transmission atelier\" srcset=\"https:\/\/www.dijoncycles.fr\/wp-content\/uploads\/2025\/06\/transmission.png 638w, https:\/\/www.dijoncycles.fr\/wp-content\/uploads\/2025\/06\/transmission-300x183.png 300w, https:\/\/www.dijoncycles.fr\/wp-content\/uploads\/2025\/06\/transmission-600x367.png 600w\" sizes=\"(max-width: 638px) 100vw, 638px\" title=\"{title} - {sitename}\">\t\t\t\t\t\t\t\t\t\t\t\t\t\t\t<\/div>\n\t\t\t\t<\/div>\n\t\t\t\t<\/div>\n\t\t\t\t\t<\/div>\n\t\t\t\t<\/div>\n\t\t<div class=\"elementor-element elementor-element-cd990e4 e-flex e-con-boxed e-con e-parent\" data-id=\"cd990e4\" data-element_type=\"container\" data-e-type=\"container\">\n\t\t\t\t\t<div class=\"e-con-inner\">\n\t\t<div class=\"elementor-element elementor-element-21ec7ea e-con-full e-flex e-con e-child\" data-id=\"21ec7ea\" data-element_type=\"container\" data-e-type=\"container\">\n\t\t\t\t<div class=\"elementor-element elementor-element-fc28312 elementor-button-info elementor-align-center elementor-invisible elementor-widget elementor-widget-button\" data-id=\"fc28312\" data-element_type=\"widget\" data-e-type=\"widget\" data-settings=\"{&quot;_animation&quot;:&quot;zoomIn&quot;}\" data-widget_type=\"button.default\">\n\t\t\t\t<div class=\"elementor-widget-container\">\n\t\t\t\t\t\t\t\t\t<div class=\"elementor-button-wrapper\">\n\t\t\t\t\t<a class=\"elementor-button elementor-button-link elementor-size-sm\" href=\"http:\/\/www.dijoncycles.fr\/wp-content\/uploads\/2025\/08\/Les-tarifs-de-latelier-dijon-cycles-numerique.pdf\" target=\"_blank\">\n\t\t\t\t\t\t<span class=\"elementor-button-content-wrapper\">\n\t\t\t\t\t\t\t\t\t<span class=\"elementor-button-text\">Visualiser l'ensemble des prestations et tarifs de l'atelier <\/span>\n\t\t\t\t\t<\/span>\n\t\t\t\t\t<\/a>\n\t\t\t\t<\/div>\n\t\t\t\t\t\t\t\t<\/div>\n\t\t\t\t<\/div>\n\t\t\t\t<\/div>\n\t\t<div class=\"elementor-element elementor-element-7aad8f2 e-con-full e-flex e-con e-child\" data-id=\"7aad8f2\" data-element_type=\"container\" data-e-type=\"container\">\n\t\t\t\t<div class=\"elementor-element elementor-element-7229a18 elementor-button-info elementor-align-center elementor-invisible elementor-widget elementor-widget-button\" data-id=\"7229a18\" data-element_type=\"widget\" data-e-type=\"widget\" data-settings=\"{&quot;_animation&quot;:&quot;zoomIn&quot;}\" data-widget_type=\"button.default\">\n\t\t\t\t<div class=\"elementor-widget-container\">\n\t\t\t\t\t\t\t\t\t<div class=\"elementor-button-wrapper\">\n\t\t\t\t\t<a class=\"elementor-button elementor-button-link elementor-size-sm\" href=\"http:\/\/www.dijoncycles.fr\/index.php\/contact\/\" target=\"_blank\">\n\t\t\t\t\t\t<span class=\"elementor-button-content-wrapper\">\n\t\t\t\t\t\t\t\t\t<span class=\"elementor-button-text\">Prendre RDV \u00e0 l'atelier Dijon Cycles<\/span>\n\t\t\t\t\t<\/span>\n\t\t\t\t\t<\/a>\n\t\t\t\t<\/div>\n\t\t\t\t\t\t\t\t<\/div>\n\t\t\t\t<\/div>\n\t\t\t\t<\/div>\n\t\t\t\t\t<\/div>\n\t\t\t\t<\/div>\n\t\t<div class=\"elementor-element elementor-element-09c0257 e-flex e-con-boxed e-con e-parent\" data-id=\"09c0257\" data-element_type=\"container\" data-e-type=\"container\">\n\t\t\t\t\t<div class=\"e-con-inner\">\n\t\t\t\t<div class=\"elementor-element elementor-element-30e6274 elementor-widget-divider--separator-type-pattern elementor-widget-divider--view-line elementor-widget elementor-widget-divider\" data-id=\"30e6274\" data-element_type=\"widget\" data-e-type=\"widget\" data-widget_type=\"divider.default\">\n\t\t\t\t<div class=\"elementor-widget-container\">\n\t\t\t\t\t\t\t<div class=\"elementor-divider\" style=\"--divider-pattern-url: url(&quot;data:image\/svg+xml,%3Csvg xmlns=&#039;http:\/\/www.w3.org\/2000\/svg&#039; preserveAspectRatio=&#039;none&#039; overflow=&#039;visible&#039; height=&#039;100%&#039; viewBox=&#039;0 0 20 16&#039; fill=&#039;none&#039; stroke=&#039;black&#039; stroke-width=&#039;1&#039; stroke-linecap=&#039;square&#039; stroke-miterlimit=&#039;10&#039;%3E%3Cg transform=&#039;translate(-12.000000, 0)&#039;%3E%3Cpath d=&#039;M28,0L10,18&#039;\/%3E%3Cpath d=&#039;M18,0L0,18&#039;\/%3E%3Cpath d=&#039;M48,0L30,18&#039;\/%3E%3Cpath d=&#039;M38,0L20,18&#039;\/%3E%3C\/g%3E%3C\/svg%3E&quot;);\">\n\t\t\t<span class=\"elementor-divider-separator\">\n\t\t\t\t\t\t<\/span>\n\t\t<\/div>\n\t\t\t\t\t\t<\/div>\n\t\t\t\t<\/div>\n\t\t\t\t\t<\/div>\n\t\t\t\t<\/div>\n\t\t<div class=\"elementor-element elementor-element-aa278ac e-flex e-con-boxed e-con e-parent\" data-id=\"aa278ac\" data-element_type=\"container\" data-e-type=\"container\">\n\t\t\t\t\t<div class=\"e-con-inner\">\n\t\t\t\t<div class=\"elementor-element elementor-element-fabd8a4 elementor-widget elementor-widget-heading\" data-id=\"fabd8a4\" data-element_type=\"widget\" data-e-type=\"widget\" data-widget_type=\"heading.default\">\n\t\t\t\t<div class=\"elementor-widget-container\">\n\t\t\t\t\t<h2 class=\"elementor-heading-title elementor-size-default\">Pourquoi confier votre v\u00e9lo \u00e0 l\u2019atelier Dijon Cycles ?<\/h2>\t\t\t\t<\/div>\n\t\t\t\t<\/div>\n\t\t\t\t\t<\/div>\n\t\t\t\t<\/div>\n\t\t<div class=\"elementor-element elementor-element-91c91a8 e-flex e-con-boxed e-con e-parent\" data-id=\"91c91a8\" data-element_type=\"container\" data-e-type=\"container\">\n\t\t\t\t\t<div class=\"e-con-inner\">\n\t\t\t\t<div class=\"elementor-element elementor-element-b54fa2b elementor-widget elementor-widget-text-editor\" data-id=\"b54fa2b\" data-element_type=\"widget\" data-e-type=\"widget\" data-widget_type=\"text-editor.default\">\n\t\t\t\t<div class=\"elementor-widget-container\">\n\t\t\t\t\t\t\t\t\t<p data-start=\"188\" data-end=\"652\">Notre atelier v\u00e9lo \u00e0 Dijon met \u00e0 votre service une \u00e9quipe de passionn\u00e9s exp\u00e9riment\u00e9s. Nous r\u00e9alisons l\u2019entretien, les r\u00e9glages et les r\u00e9parations avec soin, en utilisant des pi\u00e8ces de qualit\u00e9 adapt\u00e9es \u00e0 votre pratique : VTT, v\u00e9lo de route, v\u00e9lo de ville ou \u00e9lectrique.<br data-start=\"456\" data-end=\"459\" \/>Choisir Dijon Cycles, c\u2019est b\u00e9n\u00e9ficier d\u2019un service de proximit\u00e9, d\u2019un diagnostic pr\u00e9cis et de conseils personnalis\u00e9s pour rouler en toute s\u00e9curit\u00e9 et prolonger la dur\u00e9e de vie de votre v\u00e9lo.<\/p>\t\t\t\t\t\t\t\t<\/div>\n\t\t\t\t<\/div>\n\t\t\t\t\t<\/div>\n\t\t\t\t<\/div>\n\t\t\t\t<\/div>","protected":false},"excerpt":{"rendered":"<p>L&rsquo;atelier Dijon Cycles est situ\u00e9 60 avenue Raymond Poincar\u00e9 \u00e0 Dijon (21000). Ouvert toute l&rsquo;ann\u00e9e, selon les horaires d&rsquo;ouverture du magasin, nous proposons un service d&rsquo;entretien, r\u00e9glages et am\u00e9lioration de votre v\u00e9lo. Tarifs atelier v\u00e9lo Dijon \u2013 R\u00e9parations et entretien chez Dijon Cycles Visualiser l&rsquo;ensemble des prestations et tarifs de l&rsquo;atelier Prendre RDV \u00e0 l&rsquo;atelier [&hellip;]<\/p>\n","protected":false},"author":1,"featured_media":0,"parent":0,"menu_order":0,"comment_status":"closed","ping_status":"closed","template":"","meta":{"footnotes":""},"class_list":["post-249","page","type-page","status-publish","hentry"],"jetpack_sharing_enabled":true,"_links":{"self":[{"href":"https:\/\/www.dijoncycles.fr\/en\/wp-json\/wp\/v2\/pages\/249","targetHints":{"allow":["GET"]}}],"collection":[{"href":"https:\/\/www.dijoncycles.fr\/en\/wp-json\/wp\/v2\/pages"}],"about":[{"href":"https:\/\/www.dijoncycles.fr\/en\/wp-json\/wp\/v2\/types\/page"}],"author":[{"embeddable":true,"href":"https:\/\/www.dijoncycles.fr\/en\/wp-json\/wp\/v2\/users\/1"}],"replies":[{"embeddable":true,"href":"https:\/\/www.dijoncycles.fr\/en\/wp-json\/wp\/v2\/comments?post=249"}],"version-history":[{"count":88,"href":"https:\/\/www.dijoncycles.fr\/en\/wp-json\/wp\/v2\/pages\/249\/revisions"}],"predecessor-version":[{"id":3272,"href":"https:\/\/www.dijoncycles.fr\/en\/wp-json\/wp\/v2\/pages\/249\/revisions\/3272"}],"wp:attachment":[{"href":"https:\/\/www.dijoncycles.fr\/en\/wp-json\/wp\/v2\/media?parent=249"}],"curies":[{"name":"wp","href":"https:\/\/api.w.org\/{rel}","templated":true}]}}