{"id":32,"date":"2025-04-22T09:30:44","date_gmt":"2025-04-22T07:30:44","guid":{"rendered":"http:\/\/new.dijoncycles.fr\/?page_id=32"},"modified":"2026-02-22T12:06:13","modified_gmt":"2026-02-22T11:06:13","slug":"equipements","status":"publish","type":"page","link":"https:\/\/www.dijoncycles.fr\/en\/equipements\/","title":{"rendered":"Equipements"},"content":{"rendered":"<div data-elementor-type=\"wp-page\" data-elementor-id=\"32\" class=\"elementor elementor-32\">\n\t\t\t\t<div class=\"elementor-element elementor-element-a5e7da1 e-flex e-con-boxed e-con e-parent\" data-id=\"a5e7da1\" data-element_type=\"container\" data-e-type=\"container\">\n\t\t\t\t\t<div class=\"e-con-inner\">\n\t\t\t\t<div class=\"elementor-element elementor-element-39c277a elementor-widget elementor-widget-image\" data-id=\"39c277a\" data-element_type=\"widget\" data-e-type=\"widget\" data-widget_type=\"image.default\">\n\t\t\t\t<div class=\"elementor-widget-container\">\n\t\t\t\t\t\t\t\t\t\t\t\t\t\t\t<img fetchpriority=\"high\" decoding=\"async\" width=\"1024\" height=\"288\" src=\"https:\/\/www.dijoncycles.fr\/wp-content\/uploads\/2025\/06\/test-noir-orange-14-1024x288.jpg\" class=\"attachment-large size-large wp-image-494\" alt=\"{title} - v\u00e9lo {category} | Dijon Cycles\" srcset=\"https:\/\/www.dijoncycles.fr\/wp-content\/uploads\/2025\/06\/test-noir-orange-14-1024x288.jpg 1024w, https:\/\/www.dijoncycles.fr\/wp-content\/uploads\/2025\/06\/test-noir-orange-14-300x84.jpg 300w, https:\/\/www.dijoncycles.fr\/wp-content\/uploads\/2025\/06\/test-noir-orange-14-768x216.jpg 768w, https:\/\/www.dijoncycles.fr\/wp-content\/uploads\/2025\/06\/test-noir-orange-14-1536x432.jpg 1536w, https:\/\/www.dijoncycles.fr\/wp-content\/uploads\/2025\/06\/test-noir-orange-14-2048x576.jpg 2048w, https:\/\/www.dijoncycles.fr\/wp-content\/uploads\/2025\/06\/test-noir-orange-14-600x169.jpg 600w\" sizes=\"(max-width: 1024px) 100vw, 1024px\" title=\"{title} - {sitename}\">\t\t\t\t\t\t\t\t\t\t\t\t\t\t\t<\/div>\n\t\t\t\t<\/div>\n\t\t\t\t\t<\/div>\n\t\t\t\t<\/div>\n\t\t<div class=\"elementor-element elementor-element-05fc5fd e-flex e-con-boxed e-con e-parent\" data-id=\"05fc5fd\" data-element_type=\"container\" data-e-type=\"container\">\n\t\t\t\t\t<div class=\"e-con-inner\">\n\t\t\t\t<div class=\"elementor-element elementor-element-118c7fb elementor-widget elementor-widget-text-editor\" data-id=\"118c7fb\" data-element_type=\"widget\" data-e-type=\"widget\" data-widget_type=\"text-editor.default\">\n\t\t\t\t<div class=\"elementor-widget-container\">\n\t\t\t\t\t\t\t\t\t<p>Nous avons un large choix d&rsquo;accessoires et \u00e9quipements en magasin. Chaussures, casques, produits d&rsquo;entretien, di\u00e9t\u00e9tique cycliste, etc.\u00a0<\/p>\t\t\t\t\t\t\t\t<\/div>\n\t\t\t\t<\/div>\n\t\t\t\t\t<\/div>\n\t\t\t\t<\/div>\n\t\t<div class=\"elementor-element elementor-element-962b1f8 e-flex e-con-boxed e-con e-parent\" data-id=\"962b1f8\" data-element_type=\"container\" data-e-type=\"container\">\n\t\t\t\t\t<div class=\"e-con-inner\">\n\t\t<div class=\"elementor-element elementor-element-94f1660 e-con-full e-flex e-con e-child\" data-id=\"94f1660\" data-element_type=\"container\" data-e-type=\"container\">\n\t\t\t\t<div class=\"elementor-element elementor-element-fe77bdf elementor-invisible elementor-widget elementor-widget-image\" data-id=\"fe77bdf\" data-element_type=\"widget\" data-e-type=\"widget\" data-settings=\"{&quot;_animation&quot;:&quot;bounceIn&quot;}\" data-widget_type=\"image.default\">\n\t\t\t\t<div class=\"elementor-widget-container\">\n\t\t\t\t\t\t\t\t\t\t\t\t\t\t\t\t<a href=\"https:\/\/www.dijoncycles.fr\/en\/casques-velo\/\">\n\t\t\t\t\t\t\t<img decoding=\"async\" width=\"638\" height=\"400\" src=\"https:\/\/www.dijoncycles.fr\/wp-content\/uploads\/2025\/08\/Casques-met-velo-Dijon.png\" class=\"elementor-animation-bounce-in attachment-large size-large wp-image-1243\" alt=\"Protection pilote casque BMX VTT DH Route Dijon Cycles\" srcset=\"https:\/\/www.dijoncycles.fr\/wp-content\/uploads\/2025\/08\/Casques-met-velo-Dijon.png 638w, https:\/\/www.dijoncycles.fr\/wp-content\/uploads\/2025\/08\/Casques-met-velo-Dijon-300x188.png 300w, https:\/\/www.dijoncycles.fr\/wp-content\/uploads\/2025\/08\/Casques-met-velo-Dijon-600x376.png 600w\" sizes=\"(max-width: 638px) 100vw, 638px\" title=\"{title} - {sitename}\">\t\t\t\t\t\t\t\t<\/a>\n\t\t\t\t\t\t\t\t\t\t\t\t\t\t\t<\/div>\n\t\t\t\t<\/div>\n\t\t\t\t<\/div>\n\t\t<div class=\"elementor-element elementor-element-116db8f e-con-full e-flex e-con e-child\" data-id=\"116db8f\" data-element_type=\"container\" data-e-type=\"container\">\n\t\t\t\t<div class=\"elementor-element elementor-element-79f5372 elementor-invisible elementor-widget elementor-widget-image\" data-id=\"79f5372\" data-element_type=\"widget\" data-e-type=\"widget\" data-settings=\"{&quot;_animation&quot;:&quot;bounceIn&quot;}\" data-widget_type=\"image.default\">\n\t\t\t\t<div class=\"elementor-widget-container\">\n\t\t\t\t\t\t\t\t\t\t\t\t\t\t\t\t<a href=\"https:\/\/www.dijoncycles.fr\/en\/chaussures\/\">\n\t\t\t\t\t\t\t<img decoding=\"async\" width=\"638\" height=\"400\" src=\"https:\/\/www.dijoncycles.fr\/wp-content\/uploads\/2025\/08\/Chaussures-de-cyclisme-Dijon.png\" class=\"elementor-animation-bounce-in attachment-large size-large wp-image-1245\" alt=\"Chaussure de v\u00e9lo haut de gamme - Magasin Dijon Cycles\" srcset=\"https:\/\/www.dijoncycles.fr\/wp-content\/uploads\/2025\/08\/Chaussures-de-cyclisme-Dijon.png 638w, https:\/\/www.dijoncycles.fr\/wp-content\/uploads\/2025\/08\/Chaussures-de-cyclisme-Dijon-300x188.png 300w, https:\/\/www.dijoncycles.fr\/wp-content\/uploads\/2025\/08\/Chaussures-de-cyclisme-Dijon-600x376.png 600w\" sizes=\"(max-width: 638px) 100vw, 638px\" title=\"{title} - {sitename}\">\t\t\t\t\t\t\t\t<\/a>\n\t\t\t\t\t\t\t\t\t\t\t\t\t\t\t<\/div>\n\t\t\t\t<\/div>\n\t\t\t\t<\/div>\n\t\t<div class=\"elementor-element elementor-element-35b02cb e-con-full e-flex e-con e-child\" data-id=\"35b02cb\" data-element_type=\"container\" data-e-type=\"container\">\n\t\t\t\t<div class=\"elementor-element elementor-element-1854c4a elementor-invisible elementor-widget elementor-widget-image\" data-id=\"1854c4a\" data-element_type=\"widget\" data-e-type=\"widget\" data-settings=\"{&quot;_animation&quot;:&quot;bounceIn&quot;}\" data-widget_type=\"image.default\">\n\t\t\t\t<div class=\"elementor-widget-container\">\n\t\t\t\t\t\t\t\t\t\t\t\t\t\t\t\t<a href=\"https:\/\/www.dijoncycles.fr\/en\/antivols\/\">\n\t\t\t\t\t\t\t<img loading=\"lazy\" decoding=\"async\" width=\"638\" height=\"400\" src=\"https:\/\/www.dijoncycles.fr\/wp-content\/uploads\/2025\/08\/Acheter-antivol-Dijon-velo.png\" class=\"elementor-animation-bounce-in attachment-large size-large wp-image-1244\" alt=\"Antivol v\u00e9lo Bourgogne - Dijon Cycles\" srcset=\"https:\/\/www.dijoncycles.fr\/wp-content\/uploads\/2025\/08\/Acheter-antivol-Dijon-velo.png 638w, https:\/\/www.dijoncycles.fr\/wp-content\/uploads\/2025\/08\/Acheter-antivol-Dijon-velo-300x188.png 300w, https:\/\/www.dijoncycles.fr\/wp-content\/uploads\/2025\/08\/Acheter-antivol-Dijon-velo-600x376.png 600w\" sizes=\"(max-width: 638px) 100vw, 638px\" title=\"{title} - {sitename}\">\t\t\t\t\t\t\t\t<\/a>\n\t\t\t\t\t\t\t\t\t\t\t\t\t\t\t<\/div>\n\t\t\t\t<\/div>\n\t\t\t\t<\/div>\n\t\t<div class=\"elementor-element elementor-element-c66af1d e-con-full e-flex e-con e-child\" data-id=\"c66af1d\" data-element_type=\"container\" data-e-type=\"container\">\n\t\t\t\t<div class=\"elementor-element elementor-element-ca29a62 elementor-invisible elementor-widget elementor-widget-image\" data-id=\"ca29a62\" data-element_type=\"widget\" data-e-type=\"widget\" data-settings=\"{&quot;_animation&quot;:&quot;bounceIn&quot;}\" data-widget_type=\"image.default\">\n\t\t\t\t<div class=\"elementor-widget-container\">\n\t\t\t\t\t\t\t\t\t\t\t\t\t\t\t\t<a href=\"https:\/\/www.dijoncycles.fr\/en\/produits-dentretien\/\">\n\t\t\t\t\t\t\t<img loading=\"lazy\" decoding=\"async\" width=\"638\" height=\"400\" src=\"https:\/\/www.dijoncycles.fr\/wp-content\/uploads\/2025\/08\/Produit-entretien-du-velo-Dijon.png\" class=\"elementor-animation-bounce-in attachment-large size-large wp-image-1246\" alt=\"Gamme de produits pour entretenir son v\u00e9lo \u00e0 Dijon\" srcset=\"https:\/\/www.dijoncycles.fr\/wp-content\/uploads\/2025\/08\/Produit-entretien-du-velo-Dijon.png 638w, https:\/\/www.dijoncycles.fr\/wp-content\/uploads\/2025\/08\/Produit-entretien-du-velo-Dijon-300x188.png 300w, https:\/\/www.dijoncycles.fr\/wp-content\/uploads\/2025\/08\/Produit-entretien-du-velo-Dijon-600x376.png 600w\" sizes=\"(max-width: 638px) 100vw, 638px\" title=\"{title} - {sitename}\">\t\t\t\t\t\t\t\t<\/a>\n\t\t\t\t\t\t\t\t\t\t\t\t\t\t\t<\/div>\n\t\t\t\t<\/div>\n\t\t\t\t<\/div>\n\t\t\t\t\t<\/div>\n\t\t\t\t<\/div>\n\t\t<div class=\"elementor-element elementor-element-40854ba e-flex e-con-boxed e-con e-parent\" data-id=\"40854ba\" data-element_type=\"container\" data-e-type=\"container\">\n\t\t\t\t\t<div class=\"e-con-inner\">\n\t\t<div class=\"elementor-element elementor-element-eb9c02a e-con-full e-flex e-con e-child\" data-id=\"eb9c02a\" data-element_type=\"container\" data-e-type=\"container\">\n\t\t\t\t<div class=\"elementor-element elementor-element-568041f elementor-invisible elementor-widget elementor-widget-image\" data-id=\"568041f\" data-element_type=\"widget\" data-e-type=\"widget\" data-settings=\"{&quot;_animation&quot;:&quot;bounceIn&quot;}\" data-widget_type=\"image.default\">\n\t\t\t\t<div class=\"elementor-widget-container\">\n\t\t\t\t\t\t\t\t\t\t\t\t\t\t\t\t<a href=\"https:\/\/www.dijoncycles.fr\/en\/dietetique\/\">\n\t\t\t\t\t\t\t<img loading=\"lazy\" decoding=\"async\" width=\"638\" height=\"400\" src=\"https:\/\/www.dijoncycles.fr\/wp-content\/uploads\/2025\/08\/Barres-nutritives-endurance-velo-Dijon.png\" class=\"elementor-animation-bounce-in attachment-large size-large wp-image-1247\" alt=\"Gamme de produits di\u00e9t\u00e9tique cyclistes \u00e0 Dijon\" srcset=\"https:\/\/www.dijoncycles.fr\/wp-content\/uploads\/2025\/08\/Barres-nutritives-endurance-velo-Dijon.png 638w, https:\/\/www.dijoncycles.fr\/wp-content\/uploads\/2025\/08\/Barres-nutritives-endurance-velo-Dijon-300x188.png 300w, https:\/\/www.dijoncycles.fr\/wp-content\/uploads\/2025\/08\/Barres-nutritives-endurance-velo-Dijon-600x376.png 600w\" sizes=\"(max-width: 638px) 100vw, 638px\" title=\"{title} - {sitename}\">\t\t\t\t\t\t\t\t<\/a>\n\t\t\t\t\t\t\t\t\t\t\t\t\t\t\t<\/div>\n\t\t\t\t<\/div>\n\t\t\t\t<\/div>\n\t\t<div class=\"elementor-element elementor-element-e832b2a e-con-full e-flex e-con e-child\" data-id=\"e832b2a\" data-element_type=\"container\" data-e-type=\"container\">\n\t\t\t\t<div class=\"elementor-element elementor-element-dc2b04c elementor-invisible elementor-widget elementor-widget-image\" data-id=\"dc2b04c\" data-element_type=\"widget\" data-e-type=\"widget\" data-settings=\"{&quot;_animation&quot;:&quot;bounceIn&quot;}\" data-widget_type=\"image.default\">\n\t\t\t\t<div class=\"elementor-widget-container\">\n\t\t\t\t\t\t\t\t\t\t\t\t\t\t\t\t<a href=\"https:\/\/www.dijoncycles.fr\/en\/protections-du-pilote\/\">\n\t\t\t\t\t\t\t<img loading=\"lazy\" decoding=\"async\" width=\"638\" height=\"400\" src=\"https:\/\/www.dijoncycles.fr\/wp-content\/uploads\/2025\/08\/Protections-bmx-dh-Dijon.png\" class=\"elementor-animation-bounce-in attachment-large size-large wp-image-1242\" alt=\"Protection pilote BMX et VTT descente - Dijon Cycles\" srcset=\"https:\/\/www.dijoncycles.fr\/wp-content\/uploads\/2025\/08\/Protections-bmx-dh-Dijon.png 638w, https:\/\/www.dijoncycles.fr\/wp-content\/uploads\/2025\/08\/Protections-bmx-dh-Dijon-300x188.png 300w, https:\/\/www.dijoncycles.fr\/wp-content\/uploads\/2025\/08\/Protections-bmx-dh-Dijon-600x376.png 600w\" sizes=\"(max-width: 638px) 100vw, 638px\" title=\"{title} - {sitename}\">\t\t\t\t\t\t\t\t<\/a>\n\t\t\t\t\t\t\t\t\t\t\t\t\t\t\t<\/div>\n\t\t\t\t<\/div>\n\t\t\t\t<\/div>\n\t\t<div class=\"elementor-element elementor-element-0c15de7 e-con-full e-flex e-con e-child\" data-id=\"0c15de7\" data-element_type=\"container\" data-e-type=\"container\">\n\t\t\t\t<div class=\"elementor-element elementor-element-24a039e elementor-invisible elementor-widget elementor-widget-image\" data-id=\"24a039e\" data-element_type=\"widget\" data-e-type=\"widget\" data-settings=\"{&quot;_animation&quot;:&quot;bounceIn&quot;}\" data-widget_type=\"image.default\">\n\t\t\t\t<div class=\"elementor-widget-container\">\n\t\t\t\t\t\t\t\t\t\t\t\t\t\t\t\t<a href=\"https:\/\/www.dijoncycles.fr\/en\/textile-et-bagagerie\/\">\n\t\t\t\t\t\t\t<img loading=\"lazy\" decoding=\"async\" width=\"638\" height=\"400\" src=\"https:\/\/www.dijoncycles.fr\/wp-content\/uploads\/2025\/08\/Tenues-cyclisme-Dijon.png\" class=\"elementor-animation-bounce-in attachment-large size-large wp-image-1248\" alt=\"Panier v\u00e9lo et bagagerie \u00e0 Dijon\" srcset=\"https:\/\/www.dijoncycles.fr\/wp-content\/uploads\/2025\/08\/Tenues-cyclisme-Dijon.png 638w, https:\/\/www.dijoncycles.fr\/wp-content\/uploads\/2025\/08\/Tenues-cyclisme-Dijon-300x188.png 300w, https:\/\/www.dijoncycles.fr\/wp-content\/uploads\/2025\/08\/Tenues-cyclisme-Dijon-600x376.png 600w\" sizes=\"(max-width: 638px) 100vw, 638px\" title=\"{title} - {sitename}\">\t\t\t\t\t\t\t\t<\/a>\n\t\t\t\t\t\t\t\t\t\t\t\t\t\t\t<\/div>\n\t\t\t\t<\/div>\n\t\t\t\t<\/div>\n\t\t<div class=\"elementor-element elementor-element-bfaf7f2 e-con-full e-flex e-con e-child\" data-id=\"bfaf7f2\" data-element_type=\"container\" data-e-type=\"container\">\n\t\t\t\t<\/div>\n\t\t\t\t\t<\/div>\n\t\t\t\t<\/div>\n\t\t\t\t<\/div>","protected":false},"excerpt":{"rendered":"<p>Nous avons un large choix d&rsquo;accessoires et \u00e9quipements en magasin. Chaussures, casques, produits d&rsquo;entretien, di\u00e9t\u00e9tique cycliste, etc.\u00a0<\/p>","protected":false},"author":1,"featured_media":0,"parent":0,"menu_order":0,"comment_status":"closed","ping_status":"closed","template":"","meta":{"footnotes":""},"class_list":["post-32","page","type-page","status-publish","hentry"],"jetpack_sharing_enabled":true,"_links":{"self":[{"href":"https:\/\/www.dijoncycles.fr\/en\/wp-json\/wp\/v2\/pages\/32","targetHints":{"allow":["GET"]}}],"collection":[{"href":"https:\/\/www.dijoncycles.fr\/en\/wp-json\/wp\/v2\/pages"}],"about":[{"href":"https:\/\/www.dijoncycles.fr\/en\/wp-json\/wp\/v2\/types\/page"}],"author":[{"embeddable":true,"href":"https:\/\/www.dijoncycles.fr\/en\/wp-json\/wp\/v2\/users\/1"}],"replies":[{"embeddable":true,"href":"https:\/\/www.dijoncycles.fr\/en\/wp-json\/wp\/v2\/comments?post=32"}],"version-history":[{"count":49,"href":"https:\/\/www.dijoncycles.fr\/en\/wp-json\/wp\/v2\/pages\/32\/revisions"}],"predecessor-version":[{"id":3708,"href":"https:\/\/www.dijoncycles.fr\/en\/wp-json\/wp\/v2\/pages\/32\/revisions\/3708"}],"wp:attachment":[{"href":"https:\/\/www.dijoncycles.fr\/en\/wp-json\/wp\/v2\/media?parent=32"}],"curies":[{"name":"wp","href":"https:\/\/api.w.org\/{rel}","templated":true}]}}