{"id":34,"date":"2025-04-22T09:30:57","date_gmt":"2025-04-22T07:30:57","guid":{"rendered":"http:\/\/new.dijoncycles.fr\/?page_id=34"},"modified":"2026-01-05T11:33:49","modified_gmt":"2026-01-05T10:33:49","slug":"marques","status":"publish","type":"page","link":"https:\/\/www.dijoncycles.fr\/en\/marques\/","title":{"rendered":"Brands"},"content":{"rendered":"<div data-elementor-type=\"wp-page\" data-elementor-id=\"34\" class=\"elementor elementor-34\">\n\t\t\t\t<div class=\"elementor-element elementor-element-fe642a8 e-flex e-con-boxed e-con e-parent\" data-id=\"fe642a8\" data-element_type=\"container\" data-e-type=\"container\">\n\t\t\t\t\t<div class=\"e-con-inner\">\n\t\t\t\t<div class=\"elementor-element elementor-element-6cd393a elementor-widget elementor-widget-heading\" data-id=\"6cd393a\" data-element_type=\"widget\" data-e-type=\"widget\" data-widget_type=\"heading.default\">\n\t\t\t\t<div class=\"elementor-widget-container\">\n\t\t\t\t\t<h1 class=\"elementor-heading-title elementor-size-default\">Nos marques de v\u00e9los \u2013 Dijon Cycles<\/h1>\t\t\t\t<\/div>\n\t\t\t\t<\/div>\n\t\t\t\t<div class=\"elementor-element elementor-element-aed72f4 elementor-widget elementor-widget-heading\" data-id=\"aed72f4\" data-element_type=\"widget\" data-e-type=\"widget\" data-widget_type=\"heading.default\">\n\t\t\t\t<div class=\"elementor-widget-container\">\n\t\t\t\t\t<h2 class=\"elementor-heading-title elementor-size-default\">Des v\u00e9los de grandes marques pour tous les passionn\u00e9s<\/h2>\t\t\t\t<\/div>\n\t\t\t\t<\/div>\n\t\t\t\t\t<\/div>\n\t\t\t\t<\/div>\n\t\t<div class=\"elementor-element elementor-element-df3381c e-flex e-con-boxed e-con e-parent\" data-id=\"df3381c\" data-element_type=\"container\" data-e-type=\"container\">\n\t\t\t\t\t<div class=\"e-con-inner\">\n\t\t\t\t<div class=\"elementor-element elementor-element-bef7836 elementor-widget elementor-widget-text-editor\" data-id=\"bef7836\" data-element_type=\"widget\" data-e-type=\"widget\" data-widget_type=\"text-editor.default\">\n\t\t\t\t<div class=\"elementor-widget-container\">\n\t\t\t\t\t\t\t\t\t<p data-start=\"417\" data-end=\"656\">Chez Dijon Cycles, nous travaillons avec les plus grandes marques du march\u00e9 pour vous garantir qualit\u00e9, confort et performance. Que vous soyez adepte de VTT, v\u00e9lo de route, v\u00e9lo \u00e9lectrique ou BMX, nous avons le v\u00e9lo adapt\u00e9 \u00e0 vos besoins.<\/p>\t\t\t\t\t\t\t\t<\/div>\n\t\t\t\t<\/div>\n\t\t\t\t\t<\/div>\n\t\t\t\t<\/div>\n\t\t<div class=\"elementor-element elementor-element-5a96c2b e-flex e-con-boxed e-con e-parent\" data-id=\"5a96c2b\" data-element_type=\"container\" data-e-type=\"container\">\n\t\t\t\t\t<div class=\"e-con-inner\">\n\t\t\t\t<div class=\"elementor-element elementor-element-2a22625 elementor-widget elementor-widget-heading\" data-id=\"2a22625\" data-element_type=\"widget\" data-e-type=\"widget\" data-widget_type=\"heading.default\">\n\t\t\t\t<div class=\"elementor-widget-container\">\n\t\t\t\t\t<h2 class=\"elementor-heading-title elementor-size-default\">D\u00e9couvrez nos marques partenaires<\/h2>\t\t\t\t<\/div>\n\t\t\t\t<\/div>\n\t\t\t\t\t<\/div>\n\t\t\t\t<\/div>\n\t\t<div class=\"elementor-element elementor-element-76bb05e e-flex e-con-boxed e-con e-parent\" data-id=\"76bb05e\" data-element_type=\"container\" data-e-type=\"container\">\n\t\t\t\t\t<div class=\"e-con-inner\">\n\t\t\t\t<div class=\"elementor-element elementor-element-f005446 elementor-widget elementor-widget-text-editor\" data-id=\"f005446\" data-element_type=\"widget\" data-e-type=\"widget\" data-widget_type=\"text-editor.default\">\n\t\t\t\t<div class=\"elementor-widget-container\">\n\t\t\t\t\t\t\t\t\t<p data-start=\"708\" data-end=\"867\">Vous souhaitez rechercher un v\u00e9lo d\u2019une marque pr\u00e9cise ?<br data-start=\"764\" data-end=\"767\" \/>Cliquez sur la marque de votre choix pour voir directement les mod\u00e8les disponibles en magasin :<\/p>\t\t\t\t\t\t\t\t<\/div>\n\t\t\t\t<\/div>\n\t\t\t\t\t<\/div>\n\t\t\t\t<\/div>\n\t\t<div class=\"elementor-element elementor-element-a50a4d5 e-flex e-con-boxed e-con e-parent\" data-id=\"a50a4d5\" data-element_type=\"container\" data-e-type=\"container\">\n\t\t\t\t\t<div class=\"e-con-inner\">\n\t\t<div class=\"elementor-element elementor-element-363c84f e-con-full e-flex e-con e-child\" data-id=\"363c84f\" data-element_type=\"container\" data-e-type=\"container\">\n\t\t\t\t<div class=\"elementor-element elementor-element-22316bc elementor-widget elementor-widget-image\" data-id=\"22316bc\" data-element_type=\"widget\" data-e-type=\"widget\" data-widget_type=\"image.default\">\n\t\t\t\t<div class=\"elementor-widget-container\">\n\t\t\t\t\t\t\t\t\t\t\t\t\t\t\t\t<a href=\"https:\/\/www.dijoncycles.fr\/en\/marque\/winora\/\">\n\t\t\t\t\t\t\t<img fetchpriority=\"high\" decoding=\"async\" width=\"1024\" height=\"395\" src=\"https:\/\/www.dijoncycles.fr\/wp-content\/uploads\/2025\/07\/Winora-Logo-Main-2021-PNG-1024x395.png\" class=\"attachment-large size-large wp-image-1070\" alt=\"V\u00e9los de ville et v\u00e9los \u00e9lectriques Winora chez Dijon Cycles\" srcset=\"https:\/\/www.dijoncycles.fr\/wp-content\/uploads\/2025\/07\/Winora-Logo-Main-2021-PNG-1024x395.png 1024w, https:\/\/www.dijoncycles.fr\/wp-content\/uploads\/2025\/07\/Winora-Logo-Main-2021-PNG-300x116.png 300w, https:\/\/www.dijoncycles.fr\/wp-content\/uploads\/2025\/07\/Winora-Logo-Main-2021-PNG-768x296.png 768w, https:\/\/www.dijoncycles.fr\/wp-content\/uploads\/2025\/07\/Winora-Logo-Main-2021-PNG-1536x592.png 1536w, https:\/\/www.dijoncycles.fr\/wp-content\/uploads\/2025\/07\/Winora-Logo-Main-2021-PNG-2048x789.png 2048w, https:\/\/www.dijoncycles.fr\/wp-content\/uploads\/2025\/07\/Winora-Logo-Main-2021-PNG-600x231.png 600w\" sizes=\"(max-width: 1024px) 100vw, 1024px\" title=\"{title} - {sitename}\">\t\t\t\t\t\t\t\t<\/a>\n\t\t\t\t\t\t\t\t\t\t\t\t\t\t\t<\/div>\n\t\t\t\t<\/div>\n\t\t\t\t<\/div>\n\t\t<div class=\"elementor-element elementor-element-b5ff3ea e-con-full e-flex e-con e-child\" data-id=\"b5ff3ea\" data-element_type=\"container\" data-e-type=\"container\">\n\t\t\t\t<div class=\"elementor-element elementor-element-7908566 elementor-widget elementor-widget-image\" data-id=\"7908566\" data-element_type=\"widget\" data-e-type=\"widget\" data-widget_type=\"image.default\">\n\t\t\t\t<div class=\"elementor-widget-container\">\n\t\t\t\t\t\t\t\t\t\t\t\t\t\t\t\t<a href=\"https:\/\/www.dijoncycles.fr\/en\/marque\/haibike\/\">\n\t\t\t\t\t\t\t<img decoding=\"async\" width=\"1024\" height=\"186\" src=\"https:\/\/www.dijoncycles.fr\/wp-content\/uploads\/2025\/07\/HAIBIKE_Logo_main_black-1024x186.png\" class=\"attachment-large size-large wp-image-1071\" alt=\"VTT et v\u00e9los de trekking \u00e9lectriques Haibike chez Dijon Cycles\" srcset=\"https:\/\/www.dijoncycles.fr\/wp-content\/uploads\/2025\/07\/HAIBIKE_Logo_main_black-1024x186.png 1024w, https:\/\/www.dijoncycles.fr\/wp-content\/uploads\/2025\/07\/HAIBIKE_Logo_main_black-300x54.png 300w, https:\/\/www.dijoncycles.fr\/wp-content\/uploads\/2025\/07\/HAIBIKE_Logo_main_black-768x139.png 768w, https:\/\/www.dijoncycles.fr\/wp-content\/uploads\/2025\/07\/HAIBIKE_Logo_main_black-1536x279.png 1536w, https:\/\/www.dijoncycles.fr\/wp-content\/uploads\/2025\/07\/HAIBIKE_Logo_main_black-2048x371.png 2048w, https:\/\/www.dijoncycles.fr\/wp-content\/uploads\/2025\/07\/HAIBIKE_Logo_main_black-600x109.png 600w\" sizes=\"(max-width: 1024px) 100vw, 1024px\" title=\"{title} - {sitename}\">\t\t\t\t\t\t\t\t<\/a>\n\t\t\t\t\t\t\t\t\t\t\t\t\t\t\t<\/div>\n\t\t\t\t<\/div>\n\t\t\t\t<\/div>\n\t\t<div class=\"elementor-element elementor-element-9b73b6d e-con-full e-flex e-con e-child\" data-id=\"9b73b6d\" data-element_type=\"container\" data-e-type=\"container\">\n\t\t\t\t<div class=\"elementor-element elementor-element-23dd493 elementor-widget__width-initial elementor-widget elementor-widget-image\" data-id=\"23dd493\" data-element_type=\"widget\" data-e-type=\"widget\" data-widget_type=\"image.default\">\n\t\t\t\t<div class=\"elementor-widget-container\">\n\t\t\t\t\t\t\t\t\t\t\t\t\t\t\t\t<a href=\"https:\/\/www.dijoncycles.fr\/en\/marque\/bianchi\/\">\n\t\t\t\t\t\t\t<img decoding=\"async\" width=\"225\" height=\"225\" src=\"https:\/\/www.dijoncycles.fr\/wp-content\/uploads\/2025\/06\/bianchi-logo.png\" class=\"attachment-large size-large wp-image-536\" alt=\"V\u00e9los de route et Gravel Bianchi chez le revendeur Dijon Cycles\" srcset=\"https:\/\/www.dijoncycles.fr\/wp-content\/uploads\/2025\/06\/bianchi-logo.png 225w, https:\/\/www.dijoncycles.fr\/wp-content\/uploads\/2025\/06\/bianchi-logo-150x150.png 150w, https:\/\/www.dijoncycles.fr\/wp-content\/uploads\/2025\/06\/bianchi-logo-100x100.png 100w\" sizes=\"(max-width: 225px) 100vw, 225px\" title=\"{title} - {sitename}\">\t\t\t\t\t\t\t\t<\/a>\n\t\t\t\t\t\t\t\t\t\t\t\t\t\t\t<\/div>\n\t\t\t\t<\/div>\n\t\t\t\t<\/div>\n\t\t<div class=\"elementor-element elementor-element-f98f736 e-con-full e-flex e-con e-child\" data-id=\"f98f736\" data-element_type=\"container\" data-e-type=\"container\">\n\t\t\t\t<div class=\"elementor-element elementor-element-122062a elementor-widget elementor-widget-image\" data-id=\"122062a\" data-element_type=\"widget\" data-e-type=\"widget\" data-widget_type=\"image.default\">\n\t\t\t\t<div class=\"elementor-widget-container\">\n\t\t\t\t\t\t\t\t\t\t\t\t\t\t\t\t<a href=\"https:\/\/www.dijoncycles.fr\/en\/marque\/polygon\/\">\n\t\t\t\t\t\t\t<img loading=\"lazy\" decoding=\"async\" width=\"275\" height=\"183\" src=\"https:\/\/www.dijoncycles.fr\/wp-content\/uploads\/2025\/06\/polygon-logo.png\" class=\"attachment-large size-large wp-image-532\" alt=\"Gamme de v\u00e9los Polygon chez le revendeur Dijon Cycles\" title=\"{title} - {sitename}\">\t\t\t\t\t\t\t\t<\/a>\n\t\t\t\t\t\t\t\t\t\t\t\t\t\t\t<\/div>\n\t\t\t\t<\/div>\n\t\t\t\t<\/div>\n\t\t<div class=\"elementor-element elementor-element-d2719c1 e-con-full e-flex e-con e-child\" data-id=\"d2719c1\" data-element_type=\"container\" data-e-type=\"container\">\n\t\t\t\t<div class=\"elementor-element elementor-element-72e7239 elementor-widget elementor-widget-image\" data-id=\"72e7239\" data-element_type=\"widget\" data-e-type=\"widget\" data-widget_type=\"image.default\">\n\t\t\t\t<div class=\"elementor-widget-container\">\n\t\t\t\t\t\t\t\t\t\t\t\t\t\t\t\t<a href=\"https:\/\/www.dijoncycles.fr\/en\/marque\/look\/\">\n\t\t\t\t\t\t\t<img loading=\"lazy\" decoding=\"async\" width=\"600\" height=\"218\" src=\"https:\/\/www.dijoncycles.fr\/wp-content\/uploads\/2025\/08\/unnamed.png\" class=\"attachment-large size-large wp-image-1154\" alt=\"V\u00e9los de route en carbone LOOK chez le revendeur Dijon Cycles\" srcset=\"https:\/\/www.dijoncycles.fr\/wp-content\/uploads\/2025\/08\/unnamed.png 600w, https:\/\/www.dijoncycles.fr\/wp-content\/uploads\/2025\/08\/unnamed-300x109.png 300w\" sizes=\"(max-width: 600px) 100vw, 600px\" title=\"{title} - {sitename}\">\t\t\t\t\t\t\t\t<\/a>\n\t\t\t\t\t\t\t\t\t\t\t\t\t\t\t<\/div>\n\t\t\t\t<\/div>\n\t\t\t\t<\/div>\n\t\t<div class=\"elementor-element elementor-element-ee0568c e-con-full e-flex e-con e-child\" data-id=\"ee0568c\" data-element_type=\"container\" data-e-type=\"container\">\n\t\t\t\t<div class=\"elementor-element elementor-element-ec7c0de elementor-widget elementor-widget-image\" data-id=\"ec7c0de\" data-element_type=\"widget\" data-e-type=\"widget\" data-widget_type=\"image.default\">\n\t\t\t\t<div class=\"elementor-widget-container\">\n\t\t\t\t\t\t\t\t\t\t\t\t\t\t\t\t<a href=\"https:\/\/www.dijoncycles.fr\/en\/marque\/trek\/\">\n\t\t\t\t\t\t\t<img loading=\"lazy\" decoding=\"async\" width=\"339\" height=\"149\" src=\"https:\/\/www.dijoncycles.fr\/wp-content\/uploads\/2025\/06\/TEK-logo.png\" class=\"attachment-large size-large wp-image-530\" alt=\"Logo de la marque de v\u00e9lo Trek\" srcset=\"https:\/\/www.dijoncycles.fr\/wp-content\/uploads\/2025\/06\/TEK-logo.png 339w, https:\/\/www.dijoncycles.fr\/wp-content\/uploads\/2025\/06\/TEK-logo-300x132.png 300w\" sizes=\"(max-width: 339px) 100vw, 339px\" title=\"{title} - {sitename}\">\t\t\t\t\t\t\t\t<\/a>\n\t\t\t\t\t\t\t\t\t\t\t\t\t\t\t<\/div>\n\t\t\t\t<\/div>\n\t\t\t\t<\/div>\n\t\t<div class=\"elementor-element elementor-element-04ab4e1 e-con-full e-flex e-con e-child\" data-id=\"04ab4e1\" data-element_type=\"container\" data-e-type=\"container\">\n\t\t\t\t<div class=\"elementor-element elementor-element-d77beb8 elementor-widget elementor-widget-image\" data-id=\"d77beb8\" data-element_type=\"widget\" data-e-type=\"widget\" data-widget_type=\"image.default\">\n\t\t\t\t<div class=\"elementor-widget-container\">\n\t\t\t\t\t\t\t\t\t\t\t\t\t\t\t\t<a href=\"https:\/\/www.dijoncycles.fr\/en\/marque\/chase\/\">\n\t\t\t\t\t\t\t<img loading=\"lazy\" decoding=\"async\" width=\"292\" height=\"80\" src=\"https:\/\/www.dijoncycles.fr\/wp-content\/uploads\/2025\/10\/CHASE-logo-head.png\" class=\"attachment-large size-large wp-image-2003\" alt=\"V\u00e9los de BMX Race Chase Bicycles chez Dijon Cycles\" title=\"{title} - {sitename}\">\t\t\t\t\t\t\t\t<\/a>\n\t\t\t\t\t\t\t\t\t\t\t\t\t\t\t<\/div>\n\t\t\t\t<\/div>\n\t\t\t\t<\/div>\n\t\t<div class=\"elementor-element elementor-element-68a0c93 e-con-full e-flex e-con e-child\" data-id=\"68a0c93\" data-element_type=\"container\" data-e-type=\"container\">\n\t\t\t\t<div class=\"elementor-element elementor-element-f53a8fa elementor-widget elementor-widget-image\" data-id=\"f53a8fa\" data-element_type=\"widget\" data-e-type=\"widget\" data-widget_type=\"image.default\">\n\t\t\t\t<div class=\"elementor-widget-container\">\n\t\t\t\t\t\t\t\t\t\t\t\t\t\t\t\t<a href=\"https:\/\/www.dijoncycles.fr\/en\/marque\/position-one\/\">\n\t\t\t\t\t\t\t<img loading=\"lazy\" decoding=\"async\" width=\"460\" height=\"92\" src=\"https:\/\/www.dijoncycles.fr\/wp-content\/uploads\/2025\/08\/Logo-POSITION-ONE.png\" class=\"attachment-large size-large wp-image-1580\" alt=\"V\u00e9los de BMX Race Position One pour d\u00e9butants chez Dijon Cycles\" srcset=\"https:\/\/www.dijoncycles.fr\/wp-content\/uploads\/2025\/08\/Logo-POSITION-ONE.png 460w, https:\/\/www.dijoncycles.fr\/wp-content\/uploads\/2025\/08\/Logo-POSITION-ONE-300x60.png 300w\" sizes=\"(max-width: 460px) 100vw, 460px\" title=\"{title} - {sitename}\">\t\t\t\t\t\t\t\t<\/a>\n\t\t\t\t\t\t\t\t\t\t\t\t\t\t\t<\/div>\n\t\t\t\t<\/div>\n\t\t\t\t<\/div>\n\t\t<div class=\"elementor-element elementor-element-0f6fe63 e-con-full e-flex e-con e-child\" data-id=\"0f6fe63\" data-element_type=\"container\" data-e-type=\"container\">\n\t\t\t\t<\/div>\n\t\t<div class=\"elementor-element elementor-element-43a324b e-con-full e-flex e-con e-child\" data-id=\"43a324b\" data-element_type=\"container\" data-e-type=\"container\">\n\t\t\t\t<div class=\"elementor-element elementor-element-f0cadc5 elementor-widget elementor-widget-image\" data-id=\"f0cadc5\" data-element_type=\"widget\" data-e-type=\"widget\" data-widget_type=\"image.default\">\n\t\t\t\t<div class=\"elementor-widget-container\">\n\t\t\t\t\t\t\t\t\t\t\t\t\t\t\t\t<a href=\"https:\/\/www.dijoncycles.fr\/en\/chaussures\/\">\n\t\t\t\t\t\t\t<img loading=\"lazy\" decoding=\"async\" width=\"389\" height=\"129\" src=\"https:\/\/www.dijoncycles.fr\/wp-content\/uploads\/2025\/09\/Gaerne-logo.jpg\" class=\"attachment-large size-large wp-image-1829\" alt=\"logo gaerne cyclisme\" srcset=\"https:\/\/www.dijoncycles.fr\/wp-content\/uploads\/2025\/09\/Gaerne-logo.jpg 389w, https:\/\/www.dijoncycles.fr\/wp-content\/uploads\/2025\/09\/Gaerne-logo-300x99.jpg 300w\" sizes=\"(max-width: 389px) 100vw, 389px\" title=\"{title} - {sitename}\">\t\t\t\t\t\t\t\t<\/a>\n\t\t\t\t\t\t\t\t\t\t\t\t\t\t\t<\/div>\n\t\t\t\t<\/div>\n\t\t\t\t<\/div>\n\t\t<div class=\"elementor-element elementor-element-dcce9a5 e-con-full e-flex e-con e-child\" data-id=\"dcce9a5\" data-element_type=\"container\" data-e-type=\"container\">\n\t\t\t\t<div class=\"elementor-element elementor-element-23b27f6 elementor-widget elementor-widget-image\" data-id=\"23b27f6\" data-element_type=\"widget\" data-e-type=\"widget\" data-widget_type=\"image.default\">\n\t\t\t\t<div class=\"elementor-widget-container\">\n\t\t\t\t\t\t\t\t\t\t\t\t\t\t\t\t<a href=\"https:\/\/www.dijoncycles.fr\/en\/casques-velo\/\">\n\t\t\t\t\t\t\t<img loading=\"lazy\" decoding=\"async\" width=\"284\" height=\"265\" src=\"https:\/\/www.dijoncycles.fr\/wp-content\/uploads\/2025\/09\/Met-logo.png\" class=\"attachment-large size-large wp-image-1843\" alt=\"logo met cyclisme\" title=\"{title} - {sitename}\">\t\t\t\t\t\t\t\t<\/a>\n\t\t\t\t\t\t\t\t\t\t\t\t\t\t\t<\/div>\n\t\t\t\t<\/div>\n\t\t\t\t<\/div>\n\t\t<div class=\"elementor-element elementor-element-40c645c e-con-full e-flex e-con e-child\" data-id=\"40c645c\" data-element_type=\"container\" data-e-type=\"container\">\n\t\t\t\t<div class=\"elementor-element elementor-element-3e388d3 elementor-widget elementor-widget-image\" data-id=\"3e388d3\" data-element_type=\"widget\" data-e-type=\"widget\" data-widget_type=\"image.default\">\n\t\t\t\t<div class=\"elementor-widget-container\">\n\t\t\t\t\t\t\t\t\t\t\t\t\t\t\t\t<a href=\"https:\/\/www.dijoncycles.fr\/en\/produits-dentretien\/\">\n\t\t\t\t\t\t\t<img loading=\"lazy\" decoding=\"async\" width=\"352\" height=\"97\" src=\"https:\/\/www.dijoncycles.fr\/wp-content\/uploads\/2025\/09\/monkey-product-logo.png\" class=\"attachment-large size-large wp-image-1845\" alt=\"logo monkey products\" srcset=\"https:\/\/www.dijoncycles.fr\/wp-content\/uploads\/2025\/09\/monkey-product-logo.png 352w, https:\/\/www.dijoncycles.fr\/wp-content\/uploads\/2025\/09\/monkey-product-logo-300x83.png 300w\" sizes=\"(max-width: 352px) 100vw, 352px\" title=\"{title} - {sitename}\">\t\t\t\t\t\t\t\t<\/a>\n\t\t\t\t\t\t\t\t\t\t\t\t\t\t\t<\/div>\n\t\t\t\t<\/div>\n\t\t\t\t<\/div>\n\t\t<div class=\"elementor-element elementor-element-f54de02 e-con-full e-flex e-con e-child\" data-id=\"f54de02\" data-element_type=\"container\" data-e-type=\"container\">\n\t\t\t\t<div class=\"elementor-element elementor-element-417fee7 elementor-widget elementor-widget-image\" data-id=\"417fee7\" data-element_type=\"widget\" data-e-type=\"widget\" data-widget_type=\"image.default\">\n\t\t\t\t<div class=\"elementor-widget-container\">\n\t\t\t\t\t\t\t\t\t\t\t\t\t\t\t\t<a href=\"https:\/\/www.dijoncycles.fr\/en\/protections-du-pilote\/\">\n\t\t\t\t\t\t\t<img loading=\"lazy\" decoding=\"async\" width=\"325\" height=\"46\" src=\"https:\/\/www.dijoncycles.fr\/wp-content\/uploads\/2025\/10\/0004998_kenny_logo_noir.png\" class=\"attachment-large size-large wp-image-1997\" alt=\"{title} - v\u00e9lo {category} | Dijon Cycles\" srcset=\"https:\/\/www.dijoncycles.fr\/wp-content\/uploads\/2025\/10\/0004998_kenny_logo_noir.png 325w, https:\/\/www.dijoncycles.fr\/wp-content\/uploads\/2025\/10\/0004998_kenny_logo_noir-300x42.png 300w\" sizes=\"(max-width: 325px) 100vw, 325px\" title=\"{title} - {sitename}\">\t\t\t\t\t\t\t\t<\/a>\n\t\t\t\t\t\t\t\t\t\t\t\t\t\t\t<\/div>\n\t\t\t\t<\/div>\n\t\t\t\t<\/div>\n\t\t<div class=\"elementor-element elementor-element-c81b256 e-con-full e-flex e-con e-child\" data-id=\"c81b256\" data-element_type=\"container\" data-e-type=\"container\">\n\t\t\t\t<div class=\"elementor-element elementor-element-147fa14 elementor-widget elementor-widget-image\" data-id=\"147fa14\" data-element_type=\"widget\" data-e-type=\"widget\" data-widget_type=\"image.default\">\n\t\t\t\t<div class=\"elementor-widget-container\">\n\t\t\t\t\t\t\t\t\t\t\t\t\t\t\t<img loading=\"lazy\" decoding=\"async\" width=\"134\" height=\"78\" src=\"https:\/\/www.dijoncycles.fr\/wp-content\/uploads\/2025\/10\/odi-logo-png.png\" class=\"attachment-large size-large wp-image-1998\" alt=\"{title} - v\u00e9lo {category} | Dijon Cycles\" title=\"{title} - {sitename}\">\t\t\t\t\t\t\t\t\t\t\t\t\t\t\t<\/div>\n\t\t\t\t<\/div>\n\t\t\t\t<\/div>\n\t\t<div class=\"elementor-element elementor-element-0c2dc3c e-con-full e-flex e-con e-child\" data-id=\"0c2dc3c\" data-element_type=\"container\" data-e-type=\"container\">\n\t\t\t\t<div class=\"elementor-element elementor-element-ffdb750 elementor-widget elementor-widget-image\" data-id=\"ffdb750\" data-element_type=\"widget\" data-e-type=\"widget\" data-widget_type=\"image.default\">\n\t\t\t\t<div class=\"elementor-widget-container\">\n\t\t\t\t\t\t\t\t\t\t\t\t\t\t\t<img loading=\"lazy\" decoding=\"async\" width=\"400\" height=\"82\" src=\"https:\/\/www.dijoncycles.fr\/wp-content\/uploads\/2025\/10\/logo-selle-italia-web_1660033244__06406.webp\" class=\"attachment-large size-large wp-image-2004\" alt=\"{title} - v\u00e9lo {category} | Dijon Cycles\" srcset=\"https:\/\/www.dijoncycles.fr\/wp-content\/uploads\/2025\/10\/logo-selle-italia-web_1660033244__06406.webp 400w, https:\/\/www.dijoncycles.fr\/wp-content\/uploads\/2025\/10\/logo-selle-italia-web_1660033244__06406-300x62.webp 300w\" sizes=\"(max-width: 400px) 100vw, 400px\" title=\"{title} - {sitename}\">\t\t\t\t\t\t\t\t\t\t\t\t\t\t\t<\/div>\n\t\t\t\t<\/div>\n\t\t\t\t<\/div>\n\t\t<div class=\"elementor-element elementor-element-2c4a90c e-con-full e-flex e-con e-child\" data-id=\"2c4a90c\" data-element_type=\"container\" data-e-type=\"container\">\n\t\t\t\t<div class=\"elementor-element elementor-element-38b6e96 elementor-widget elementor-widget-image\" data-id=\"38b6e96\" data-element_type=\"widget\" data-e-type=\"widget\" data-widget_type=\"image.default\">\n\t\t\t\t<div class=\"elementor-widget-container\">\n\t\t\t\t\t\t\t\t\t\t\t\t\t\t\t<img loading=\"lazy\" decoding=\"async\" width=\"292\" height=\"80\" src=\"https:\/\/www.dijoncycles.fr\/wp-content\/uploads\/2025\/10\/logo-ikon-noir.png\" class=\"attachment-large size-large wp-image-2008\" alt=\"{title} - v\u00e9lo {category} | Dijon Cycles\" title=\"{title} - {sitename}\">\t\t\t\t\t\t\t\t\t\t\t\t\t\t\t<\/div>\n\t\t\t\t<\/div>\n\t\t\t\t<\/div>\n\t\t<div class=\"elementor-element elementor-element-9e1c30d e-con-full e-flex e-con e-child\" data-id=\"9e1c30d\" data-element_type=\"container\" data-e-type=\"container\">\n\t\t\t\t<div class=\"elementor-element elementor-element-8bd14d1 elementor-widget elementor-widget-image\" data-id=\"8bd14d1\" data-element_type=\"widget\" data-e-type=\"widget\" data-widget_type=\"image.default\">\n\t\t\t\t<div class=\"elementor-widget-container\">\n\t\t\t\t\t\t\t\t\t\t\t\t\t\t\t<img loading=\"lazy\" decoding=\"async\" width=\"292\" height=\"80\" src=\"https:\/\/www.dijoncycles.fr\/wp-content\/uploads\/2025\/10\/logo-elevn-noir.png\" class=\"attachment-large size-large wp-image-2009\" alt=\"{title} - v\u00e9lo {category} | Dijon Cycles\" title=\"{title} - {sitename}\">\t\t\t\t\t\t\t\t\t\t\t\t\t\t\t<\/div>\n\t\t\t\t<\/div>\n\t\t\t\t<\/div>\n\t\t<div class=\"elementor-element elementor-element-b46f6b5 e-con-full e-flex e-con e-child\" data-id=\"b46f6b5\" data-element_type=\"container\" data-e-type=\"container\">\n\t\t\t\t<div class=\"elementor-element elementor-element-47c9518 elementor-widget elementor-widget-image\" data-id=\"47c9518\" data-element_type=\"widget\" data-e-type=\"widget\" data-widget_type=\"image.default\">\n\t\t\t\t<div class=\"elementor-widget-container\">\n\t\t\t\t\t\t\t\t\t\t\t\t\t\t\t<img loading=\"lazy\" decoding=\"async\" width=\"292\" height=\"80\" src=\"https:\/\/www.dijoncycles.fr\/wp-content\/uploads\/2025\/10\/logo-insight-noir.png\" class=\"attachment-large size-large wp-image-2010\" alt=\"{title} - v\u00e9lo {category} | Dijon Cycles\" title=\"{title} - {sitename}\">\t\t\t\t\t\t\t\t\t\t\t\t\t\t\t<\/div>\n\t\t\t\t<\/div>\n\t\t\t\t<\/div>\n\t\t\t\t\t<\/div>\n\t\t\t\t<\/div>\n\t\t<div class=\"elementor-element elementor-element-b8fd524 e-flex e-con-boxed e-con e-parent\" data-id=\"b8fd524\" data-element_type=\"container\" data-e-type=\"container\">\n\t\t\t\t\t<div class=\"e-con-inner\">\n\t\t\t\t<div class=\"elementor-element elementor-element-d446c77 elementor-widget elementor-widget-heading\" data-id=\"d446c77\" data-element_type=\"widget\" data-e-type=\"widget\" data-widget_type=\"heading.default\">\n\t\t\t\t<div class=\"elementor-widget-container\">\n\t\t\t\t\t<h2 class=\"elementor-heading-title elementor-size-default\">Dijon Cycles, revendeur officiel \u00e0 Dijon<\/h2>\t\t\t\t<\/div>\n\t\t\t\t<\/div>\n\t\t\t\t\t<\/div>\n\t\t\t\t<\/div>\n\t\t<div class=\"elementor-element elementor-element-56e25ec e-flex e-con-boxed e-con e-parent\" data-id=\"56e25ec\" data-element_type=\"container\" data-e-type=\"container\">\n\t\t\t\t\t<div class=\"e-con-inner\">\n\t\t\t\t<div class=\"elementor-element elementor-element-cea147d elementor-widget elementor-widget-text-editor\" data-id=\"cea147d\" data-element_type=\"widget\" data-e-type=\"widget\" data-widget_type=\"text-editor.default\">\n\t\t\t\t<div class=\"elementor-widget-container\">\n\t\t\t\t\t\t\t\t\t<p data-start=\"975\" data-end=\"1263\">Bas\u00e9 au 60 avenue Raymond Poincar\u00e9 \u00e0 Dijon, nous sommes revendeurs officiels de marques renomm\u00e9es telles que <strong data-start=\"1084\" data-end=\"1133\">Trek, Bianchi, Haibike, Polygon, Winora, Look<\/strong>, et bien d\u2019autres. Cela nous permet de vous proposer un conseil pr\u00e9cis et un service apr\u00e8s-vente de qualit\u00e9 pour chaque marque.<\/p>\t\t\t\t\t\t\t\t<\/div>\n\t\t\t\t<\/div>\n\t\t\t\t\t<\/div>\n\t\t\t\t<\/div>\n\t\t<div class=\"elementor-element elementor-element-f8bafa5 e-flex e-con-boxed e-con e-parent\" data-id=\"f8bafa5\" data-element_type=\"container\" data-e-type=\"container\">\n\t\t\t\t\t<div class=\"e-con-inner\">\n\t\t\t\t<div class=\"elementor-element elementor-element-077ccfd elementor-button-info elementor-align-center elementor-widget elementor-widget-button\" data-id=\"077ccfd\" data-element_type=\"widget\" data-e-type=\"widget\" data-widget_type=\"button.default\">\n\t\t\t\t<div class=\"elementor-widget-container\">\n\t\t\t\t\t\t\t\t\t<div class=\"elementor-button-wrapper\">\n\t\t\t\t\t<a class=\"elementor-button elementor-button-link elementor-size-sm\" href=\"http:\/\/www.dijoncycles.fr\/index.php\/velos\/\">\n\t\t\t\t\t\t<span class=\"elementor-button-content-wrapper\">\n\t\t\t\t\t\t\t\t\t<span class=\"elementor-button-text\">D\u00e9couvrir notre large gamme de v\u00e9los<\/span>\n\t\t\t\t\t<\/span>\n\t\t\t\t\t<\/a>\n\t\t\t\t<\/div>\n\t\t\t\t\t\t\t\t<\/div>\n\t\t\t\t<\/div>\n\t\t\t\t\t<\/div>\n\t\t\t\t<\/div>\n\t\t\t\t<\/div>","protected":false},"excerpt":{"rendered":"<p>Nos marques de v\u00e9los \u2013 Dijon Cycles Des v\u00e9los de grandes marques pour tous les passionn\u00e9s Chez Dijon Cycles, nous travaillons avec les plus grandes marques du march\u00e9 pour vous garantir qualit\u00e9, confort et performance. Que vous soyez adepte de VTT, v\u00e9lo de route, v\u00e9lo \u00e9lectrique ou BMX, nous avons le v\u00e9lo adapt\u00e9 \u00e0 vos [&hellip;]<\/p>\n","protected":false},"author":1,"featured_media":0,"parent":0,"menu_order":0,"comment_status":"closed","ping_status":"closed","template":"","meta":{"footnotes":""},"class_list":["post-34","page","type-page","status-publish","hentry"],"jetpack_sharing_enabled":true,"_links":{"self":[{"href":"https:\/\/www.dijoncycles.fr\/en\/wp-json\/wp\/v2\/pages\/34","targetHints":{"allow":["GET"]}}],"collection":[{"href":"https:\/\/www.dijoncycles.fr\/en\/wp-json\/wp\/v2\/pages"}],"about":[{"href":"https:\/\/www.dijoncycles.fr\/en\/wp-json\/wp\/v2\/types\/page"}],"author":[{"embeddable":true,"href":"https:\/\/www.dijoncycles.fr\/en\/wp-json\/wp\/v2\/users\/1"}],"replies":[{"embeddable":true,"href":"https:\/\/www.dijoncycles.fr\/en\/wp-json\/wp\/v2\/comments?post=34"}],"version-history":[{"count":82,"href":"https:\/\/www.dijoncycles.fr\/en\/wp-json\/wp\/v2\/pages\/34\/revisions"}],"predecessor-version":[{"id":3287,"href":"https:\/\/www.dijoncycles.fr\/en\/wp-json\/wp\/v2\/pages\/34\/revisions\/3287"}],"wp:attachment":[{"href":"https:\/\/www.dijoncycles.fr\/en\/wp-json\/wp\/v2\/media?parent=34"}],"curies":[{"name":"wp","href":"https:\/\/api.w.org\/{rel}","templated":true}]}}