{"id":42,"date":"2025-04-22T09:31:48","date_gmt":"2025-04-22T07:31:48","guid":{"rendered":"http:\/\/new.dijoncycles.fr\/?page_id=42"},"modified":"2026-01-05T11:32:45","modified_gmt":"2026-01-05T10:32:45","slug":"partenaires","status":"publish","type":"page","link":"https:\/\/www.dijoncycles.fr\/en\/partenaires\/","title":{"rendered":"Partenaires"},"content":{"rendered":"<div data-elementor-type=\"wp-page\" data-elementor-id=\"42\" class=\"elementor elementor-42\">\n\t\t\t\t<div class=\"elementor-element elementor-element-1ede7dd e-flex e-con-boxed e-con e-parent\" data-id=\"1ede7dd\" data-element_type=\"container\" data-e-type=\"container\">\n\t\t\t\t\t<div class=\"e-con-inner\">\n\t\t\t\t<div class=\"elementor-element elementor-element-83a4269 elementor-widget elementor-widget-heading\" data-id=\"83a4269\" data-element_type=\"widget\" data-e-type=\"widget\" data-widget_type=\"heading.default\">\n\t\t\t\t<div class=\"elementor-widget-container\">\n\t\t\t\t\t<h1 class=\"elementor-heading-title elementor-size-default\">Nos engagements associatifs \u2013 Dijon Cycles, partenaire du cyclisme local<\/h1>\t\t\t\t<\/div>\n\t\t\t\t<\/div>\n\t\t\t\t\t<\/div>\n\t\t\t\t<\/div>\n\t\t<div class=\"elementor-element elementor-element-b389487 e-flex e-con-boxed e-con e-parent\" data-id=\"b389487\" data-element_type=\"container\" data-e-type=\"container\">\n\t\t\t\t\t<div class=\"e-con-inner\">\n\t\t\t\t<div class=\"elementor-element elementor-element-e178ae0 elementor-widget elementor-widget-heading\" data-id=\"e178ae0\" data-element_type=\"widget\" data-e-type=\"widget\" data-widget_type=\"heading.default\">\n\t\t\t\t<div class=\"elementor-widget-container\">\n\t\t\t\t\t<h2 class=\"elementor-heading-title elementor-size-default\">Ancr\u00e9s dans la communaut\u00e9 cycliste Dijonnaise<\/h2>\t\t\t\t<\/div>\n\t\t\t\t<\/div>\n\t\t\t\t\t<\/div>\n\t\t\t\t<\/div>\n\t\t<div class=\"elementor-element elementor-element-d04db47 e-flex e-con-boxed e-con e-parent\" data-id=\"d04db47\" data-element_type=\"container\" data-e-type=\"container\">\n\t\t\t\t\t<div class=\"e-con-inner\">\n\t\t\t\t<div class=\"elementor-element elementor-element-5ac71f3 elementor-widget elementor-widget-text-editor\" data-id=\"5ac71f3\" data-element_type=\"widget\" data-e-type=\"widget\" data-widget_type=\"text-editor.default\">\n\t\t\t\t<div class=\"elementor-widget-container\">\n\t\t\t\t\t\t\t\t\t<p class=\"Normal tm5\"><span class=\"tm7\">Notre passion pour le v\u00e9lo nous pousse \u00e0 nous investir dans la vie locale. <strong>Nous sommes fiers d&rsquo;\u00eatre partenaires d&rsquo;\u00e9v\u00e9nements<\/strong> tels que :<\/span><\/p><ul><li class=\"Normal tm5\"><span class=\"tm7\">LA CLAUDIA CHIAPPUCCI<\/span><\/li><li class=\"Normal tm5\"><span class=\"tm7\">Le Bol d&rsquo;Air<\/span><\/li><\/ul>\t\t\t\t\t\t\t\t<\/div>\n\t\t\t\t<\/div>\n\t\t\t\t\t<\/div>\n\t\t\t\t<\/div>\n\t\t<div class=\"elementor-element elementor-element-cb21ae1 e-flex e-con-boxed e-con e-parent\" data-id=\"cb21ae1\" data-element_type=\"container\" data-e-type=\"container\">\n\t\t\t\t\t<div class=\"e-con-inner\">\n\t\t\t\t<div class=\"elementor-element elementor-element-f708555 elementor-widget elementor-widget-heading\" data-id=\"f708555\" data-element_type=\"widget\" data-e-type=\"widget\" data-widget_type=\"heading.default\">\n\t\t\t\t<div class=\"elementor-widget-container\">\n\t\t\t\t\t<h2 class=\"elementor-heading-title elementor-size-default\">Soutien aux clubs et associations locales :<\/h2>\t\t\t\t<\/div>\n\t\t\t\t<\/div>\n\t\t\t\t\t<\/div>\n\t\t\t\t<\/div>\n\t\t<div class=\"elementor-element elementor-element-8ea119f e-flex e-con-boxed e-con e-parent\" data-id=\"8ea119f\" data-element_type=\"container\" data-e-type=\"container\">\n\t\t\t\t\t<div class=\"e-con-inner\">\n\t\t<div class=\"elementor-element elementor-element-50b6203 e-con-full e-flex e-con e-child\" data-id=\"50b6203\" data-element_type=\"container\" data-e-type=\"container\">\n\t\t\t\t<div class=\"elementor-element elementor-element-e699c59 elementor-widget elementor-widget-image\" data-id=\"e699c59\" data-element_type=\"widget\" data-e-type=\"widget\" data-widget_type=\"image.default\">\n\t\t\t\t<div class=\"elementor-widget-container\">\n\t\t\t\t\t\t\t\t\t\t\t\t\t\t\t\t<a href=\"https:\/\/www.bcmv.fr\/\" target=\"_blank\" rel=\"noopener\">\n\t\t\t\t\t\t\t<img decoding=\"async\" width=\"179\" height=\"145\" src=\"https:\/\/www.dijoncycles.fr\/wp-content\/uploads\/2025\/09\/BCMV-Logo-2022-petit.png\" class=\"attachment-large size-large wp-image-1803\" alt=\"{title} - v\u00e9lo {category} | Dijon Cycles\" title=\"{title} - {sitename}\">\t\t\t\t\t\t\t\t<\/a>\n\t\t\t\t\t\t\t\t\t\t\t\t\t\t\t<\/div>\n\t\t\t\t<\/div>\n\t\t\t\t<div class=\"elementor-element elementor-element-354345a elementor-widget elementor-widget-text-editor\" data-id=\"354345a\" data-element_type=\"widget\" data-e-type=\"widget\" data-widget_type=\"text-editor.default\">\n\t\t\t\t<div class=\"elementor-widget-container\">\n\t\t\t\t\t\t\t\t\t<p>BCMV<br \/>Messigny et Vantoux<\/p>\t\t\t\t\t\t\t\t<\/div>\n\t\t\t\t<\/div>\n\t\t\t\t<\/div>\n\t\t<div class=\"elementor-element elementor-element-670405c e-con-full e-flex e-con e-child\" data-id=\"670405c\" data-element_type=\"container\" data-e-type=\"container\">\n\t\t\t\t<div class=\"elementor-element elementor-element-96e32b8 elementor-view-framed elementor-shape-rounded elementor-widget elementor-widget-icon\" data-id=\"96e32b8\" data-element_type=\"widget\" data-e-type=\"widget\" data-widget_type=\"icon.default\">\n\t\t\t\t<div class=\"elementor-widget-container\">\n\t\t\t\t\t\t\t<div class=\"elementor-icon-wrapper\">\n\t\t\t<a class=\"elementor-icon\" href=\"https:\/\/www.cyclos-rando-dijon.fr\/\" target=\"_blank\" rel=\"noopener\">\n\t\t\t<svg aria-hidden=\"true\" class=\"e-font-icon-svg e-fas-biking\" viewbox=\"0 0 640 512\" xmlns=\"http:\/\/www.w3.org\/2000\/svg\"><path d=\"M400 96a48 48 0 1 0-48-48 48 48 0 0 0 48 48zm-4 121a31.9 31.9 0 0 0 20 7h64a32 32 0 0 0 0-64h-52.78L356 103a31.94 31.94 0 0 0-40.81.68l-112 96a32 32 0 0 0 3.08 50.92L288 305.12V416a32 32 0 0 0 64 0V288a32 32 0 0 0-14.25-26.62l-41.36-27.57 58.25-49.92zm116 39a128 128 0 1 0 128 128 128 128 0 0 0-128-128zm0 192a64 64 0 1 1 64-64 64 64 0 0 1-64 64zM128 256a128 128 0 1 0 128 128 128 128 0 0 0-128-128zm0 192a64 64 0 1 1 64-64 64 64 0 0 1-64 64z\"><\/path><\/svg>\t\t\t<\/a>\n\t\t<\/div>\n\t\t\t\t\t\t<\/div>\n\t\t\t\t<\/div>\n\t\t\t\t<div class=\"elementor-element elementor-element-1fd977d elementor-widget elementor-widget-text-editor\" data-id=\"1fd977d\" data-element_type=\"widget\" data-e-type=\"widget\" data-widget_type=\"text-editor.default\">\n\t\t\t\t<div class=\"elementor-widget-container\">\n\t\t\t\t\t\t\t\t\t<p>Les Cyclos Randonneurs Dijonnais<\/p>\t\t\t\t\t\t\t\t<\/div>\n\t\t\t\t<\/div>\n\t\t\t\t<\/div>\n\t\t<div class=\"elementor-element elementor-element-a2d7a65 e-con-full e-flex e-con e-child\" data-id=\"a2d7a65\" data-element_type=\"container\" data-e-type=\"container\">\n\t\t\t\t<div class=\"elementor-element elementor-element-ae70dac elementor-widget elementor-widget-image\" data-id=\"ae70dac\" data-element_type=\"widget\" data-e-type=\"widget\" data-widget_type=\"image.default\">\n\t\t\t\t<div class=\"elementor-widget-container\">\n\t\t\t\t\t\t\t\t\t\t\t\t\t\t\t\t<a href=\"https:\/\/www.facebook.com\/profile.php?id=61550568999559\" target=\"_blank\" rel=\"noopener\">\n\t\t\t\t\t\t\t<img fetchpriority=\"high\" decoding=\"async\" width=\"1024\" height=\"686\" src=\"https:\/\/www.dijoncycles.fr\/wp-content\/uploads\/2025\/09\/cyclarc-logo-1024x686.jpg\" class=\"attachment-large size-large wp-image-1808\" alt=\"{title} - v\u00e9lo {category} | Dijon Cycles\" srcset=\"https:\/\/www.dijoncycles.fr\/wp-content\/uploads\/2025\/09\/cyclarc-logo-1024x686.jpg 1024w, https:\/\/www.dijoncycles.fr\/wp-content\/uploads\/2025\/09\/cyclarc-logo-300x201.jpg 300w, https:\/\/www.dijoncycles.fr\/wp-content\/uploads\/2025\/09\/cyclarc-logo-768x515.jpg 768w, https:\/\/www.dijoncycles.fr\/wp-content\/uploads\/2025\/09\/cyclarc-logo-1536x1029.jpg 1536w, https:\/\/www.dijoncycles.fr\/wp-content\/uploads\/2025\/09\/cyclarc-logo-600x402.jpg 600w, https:\/\/www.dijoncycles.fr\/wp-content\/uploads\/2025\/09\/cyclarc-logo.jpg 1728w\" sizes=\"(max-width: 1024px) 100vw, 1024px\" title=\"{title} - {sitename}\">\t\t\t\t\t\t\t\t<\/a>\n\t\t\t\t\t\t\t\t\t\t\t\t\t\t\t<\/div>\n\t\t\t\t<\/div>\n\t\t\t\t<div class=\"elementor-element elementor-element-d19230b elementor-widget elementor-widget-text-editor\" data-id=\"d19230b\" data-element_type=\"widget\" data-e-type=\"widget\" data-widget_type=\"text-editor.default\">\n\t\t\t\t<div class=\"elementor-widget-container\">\n\t\t\t\t\t\t\t\t\t<p>Cycl&rsquo;Arc<\/p>\t\t\t\t\t\t\t\t<\/div>\n\t\t\t\t<\/div>\n\t\t\t\t<\/div>\n\t\t\t\t\t<\/div>\n\t\t\t\t<\/div>\n\t\t<div class=\"elementor-element elementor-element-65a34fe e-flex e-con-boxed e-con e-parent\" data-id=\"65a34fe\" data-element_type=\"container\" data-e-type=\"container\">\n\t\t\t\t\t<div class=\"e-con-inner\">\n\t\t\t\t<div class=\"elementor-element elementor-element-8140948 elementor-widget elementor-widget-text-editor\" data-id=\"8140948\" data-element_type=\"widget\" data-e-type=\"widget\" data-widget_type=\"text-editor.default\">\n\t\t\t\t<div class=\"elementor-widget-container\">\n\t\t\t\t\t\t\t\t\t<p><strong><span class=\"tm7\">Ces partenariats t\u00e9moignent de notre engagement envers le d\u00e9veloppement et la promotion du cyclisme dans la r\u00e9gion.<\/span><\/strong><\/p>\t\t\t\t\t\t\t\t<\/div>\n\t\t\t\t<\/div>\n\t\t\t\t\t<\/div>\n\t\t\t\t<\/div>\n\t\t<div class=\"elementor-element elementor-element-dfb28a6 e-flex e-con-boxed e-con e-parent\" data-id=\"dfb28a6\" data-element_type=\"container\" data-e-type=\"container\">\n\t\t\t\t\t<div class=\"e-con-inner\">\n\t\t\t\t<div class=\"elementor-element elementor-element-9625363 elementor-widget elementor-widget-heading\" data-id=\"9625363\" data-element_type=\"widget\" data-e-type=\"widget\" data-widget_type=\"heading.default\">\n\t\t\t\t<div class=\"elementor-widget-container\">\n\t\t\t\t\t<h2 class=\"elementor-heading-title elementor-size-default\">Dijon Cycles, bien plus qu\u2019un magasin de v\u00e9los<\/h2>\t\t\t\t<\/div>\n\t\t\t\t<\/div>\n\t\t\t\t\t<\/div>\n\t\t\t\t<\/div>\n\t\t<div class=\"elementor-element elementor-element-91f5e99 e-flex e-con-boxed e-con e-parent\" data-id=\"91f5e99\" data-element_type=\"container\" data-e-type=\"container\">\n\t\t\t\t\t<div class=\"e-con-inner\">\n\t\t\t\t<div class=\"elementor-element elementor-element-2955c64 elementor-widget elementor-widget-text-editor\" data-id=\"2955c64\" data-element_type=\"widget\" data-e-type=\"widget\" data-widget_type=\"text-editor.default\">\n\t\t\t\t<div class=\"elementor-widget-container\">\n\t\t\t\t\t\t\t\t\t<p><span class=\"tm7\">Vous rencontrerez une \u00e9quipe de professionnels exp\u00e9riment\u00e9s, dont l&rsquo;expertise est reconnue dans le monde du cycle. Nous sommes passionn\u00e9s par notre m\u00e9tier et mettons tout notre savoir-faire pour pr\u00e9parer et ajuster au mieux votre v\u00e9lo.<\/span><\/p>\t\t\t\t\t\t\t\t<\/div>\n\t\t\t\t<\/div>\n\t\t\t\t\t<\/div>\n\t\t\t\t<\/div>\n\t\t<div class=\"elementor-element elementor-element-471d71e e-flex e-con-boxed e-con e-parent\" data-id=\"471d71e\" data-element_type=\"container\" data-e-type=\"container\">\n\t\t\t\t\t<div class=\"e-con-inner\">\n\t\t\t\t<div class=\"elementor-element elementor-element-848a832 elementor-button-info elementor-align-center elementor-widget elementor-widget-button\" data-id=\"848a832\" data-element_type=\"widget\" data-e-type=\"widget\" data-widget_type=\"button.default\">\n\t\t\t\t<div class=\"elementor-widget-container\">\n\t\t\t\t\t\t\t\t\t<div class=\"elementor-button-wrapper\">\n\t\t\t\t\t<a class=\"elementor-button elementor-button-link elementor-size-sm\" href=\"http:\/\/www.dijoncycles.fr\/index.php\/velos\/\">\n\t\t\t\t\t\t<span class=\"elementor-button-content-wrapper\">\n\t\t\t\t\t\t\t\t\t<span class=\"elementor-button-text\">D\u00e9couvrir notre large gamme de v\u00e9los<\/span>\n\t\t\t\t\t<\/span>\n\t\t\t\t\t<\/a>\n\t\t\t\t<\/div>\n\t\t\t\t\t\t\t\t<\/div>\n\t\t\t\t<\/div>\n\t\t\t\t\t<\/div>\n\t\t\t\t<\/div>\n\t\t\t\t<\/div>","protected":false},"excerpt":{"rendered":"<p>Nos engagements associatifs \u2013 Dijon Cycles, partenaire du cyclisme local Ancr\u00e9s dans la communaut\u00e9 cycliste Dijonnaise Notre passion pour le v\u00e9lo nous pousse \u00e0 nous investir dans la vie locale. Nous sommes fiers d&rsquo;\u00eatre partenaires d&rsquo;\u00e9v\u00e9nements tels que : LA CLAUDIA CHIAPPUCCI Le Bol d&rsquo;Air Soutien aux clubs et associations locales : BCMVMessigny et Vantoux [&hellip;]<\/p>\n","protected":false},"author":1,"featured_media":0,"parent":0,"menu_order":0,"comment_status":"closed","ping_status":"closed","template":"","meta":{"footnotes":""},"class_list":["post-42","page","type-page","status-publish","hentry"],"jetpack_sharing_enabled":true,"_links":{"self":[{"href":"https:\/\/www.dijoncycles.fr\/en\/wp-json\/wp\/v2\/pages\/42","targetHints":{"allow":["GET"]}}],"collection":[{"href":"https:\/\/www.dijoncycles.fr\/en\/wp-json\/wp\/v2\/pages"}],"about":[{"href":"https:\/\/www.dijoncycles.fr\/en\/wp-json\/wp\/v2\/types\/page"}],"author":[{"embeddable":true,"href":"https:\/\/www.dijoncycles.fr\/en\/wp-json\/wp\/v2\/users\/1"}],"replies":[{"embeddable":true,"href":"https:\/\/www.dijoncycles.fr\/en\/wp-json\/wp\/v2\/comments?post=42"}],"version-history":[{"count":40,"href":"https:\/\/www.dijoncycles.fr\/en\/wp-json\/wp\/v2\/pages\/42\/revisions"}],"predecessor-version":[{"id":3284,"href":"https:\/\/www.dijoncycles.fr\/en\/wp-json\/wp\/v2\/pages\/42\/revisions\/3284"}],"wp:attachment":[{"href":"https:\/\/www.dijoncycles.fr\/en\/wp-json\/wp\/v2\/media?parent=42"}],"curies":[{"name":"wp","href":"https:\/\/api.w.org\/{rel}","templated":true}]}}