{"id":720,"date":"2025-07-08T09:57:39","date_gmt":"2025-07-08T07:57:39","guid":{"rendered":"http:\/\/new.dijoncycles.fr\/?page_id=720"},"modified":"2026-01-05T11:05:17","modified_gmt":"2026-01-05T10:05:17","slug":"antivols","status":"publish","type":"page","link":"https:\/\/www.dijoncycles.fr\/en\/antivols\/","title":{"rendered":"Anti-theft devices"},"content":{"rendered":"<div data-elementor-type=\"wp-page\" data-elementor-id=\"720\" class=\"elementor elementor-720\">\n\t\t\t\t<div class=\"elementor-element elementor-element-da5d2cf e-flex e-con-boxed e-con e-parent\" data-id=\"da5d2cf\" data-element_type=\"container\" data-e-type=\"container\">\n\t\t\t\t\t<div class=\"e-con-inner\">\n\t\t\t\t<div class=\"elementor-element elementor-element-19275cc elementor-widget elementor-widget-heading\" data-id=\"19275cc\" data-element_type=\"widget\" data-e-type=\"widget\" data-widget_type=\"heading.default\">\n\t\t\t\t<div class=\"elementor-widget-container\">\n\t\t\t\t\t<h2 class=\"elementor-heading-title elementor-size-default\">Notre gamme d'antivols ABUS<\/h2>\t\t\t\t<\/div>\n\t\t\t\t<\/div>\n\t\t\t\t\t<\/div>\n\t\t\t\t<\/div>\n\t\t<div class=\"elementor-element elementor-element-184e93a e-flex e-con-boxed e-con e-parent\" data-id=\"184e93a\" data-element_type=\"container\" data-e-type=\"container\">\n\t\t\t\t\t<div class=\"e-con-inner\">\n\t\t<div class=\"elementor-element elementor-element-b05a001 e-con-full e-flex e-con e-child\" data-id=\"b05a001\" data-element_type=\"container\" data-e-type=\"container\">\n\t\t\t\t<div class=\"elementor-element elementor-element-a710565 elementor-widget elementor-widget-image\" data-id=\"a710565\" data-element_type=\"widget\" data-e-type=\"widget\" data-widget_type=\"image.default\">\n\t\t\t\t<div class=\"elementor-widget-container\">\n\t\t\t\t\t\t\t\t\t\t\t\t\t\t\t<img fetchpriority=\"high\" decoding=\"async\" width=\"408\" height=\"612\" src=\"https:\/\/www.dijoncycles.fr\/wp-content\/uploads\/2025\/07\/714VeUnTX2L-removebg-preview.png\" class=\"attachment-medium_large size-medium_large wp-image-724\" alt=\"Gros plan sur un antivol de v\u00e9lo\" srcset=\"https:\/\/www.dijoncycles.fr\/wp-content\/uploads\/2025\/07\/714VeUnTX2L-removebg-preview.png 408w, https:\/\/www.dijoncycles.fr\/wp-content\/uploads\/2025\/07\/714VeUnTX2L-removebg-preview-200x300.png 200w\" sizes=\"(max-width: 408px) 100vw, 408px\" title=\"{title} - {sitename}\">\t\t\t\t\t\t\t\t\t\t\t\t\t\t\t<\/div>\n\t\t\t\t<\/div>\n\t\t\t\t<\/div>\n\t\t<div class=\"elementor-element elementor-element-9a6fc66 e-con-full e-flex e-con e-child\" data-id=\"9a6fc66\" data-element_type=\"container\" data-e-type=\"container\">\n\t\t\t\t<div class=\"elementor-element elementor-element-bda4c58 elementor-widget elementor-widget-text-editor\" data-id=\"bda4c58\" data-element_type=\"widget\" data-e-type=\"widget\" data-widget_type=\"text-editor.default\">\n\t\t\t\t<div class=\"elementor-widget-container\">\n\t\t\t\t\t\t\t\t\t<p><strong><span class=\"tm7\">Bordo 6000C \u2013 99.90\u20ac<br \/><\/span><\/strong><strong><span class=\"tm7\"><em>A cl\u00e9 ou \u00e0 codes \u2013 2 longeurs : 90 ou 110cm<\/em>\u00a0<\/span><\/strong><\/p><p class=\"Normal tm6\"><strong><span class=\"tm8\">Au revoir les cl\u00e9s : Il suffit de m\u00e9moriser un code num\u00e9rique \u00e0 quatre chiffres pour d\u00e9verrouiller votre BORDO\u2122 6000C<\/span><\/strong><\/p><p class=\"Normal tm6\"><strong><span class=\"tm8\"><br \/><\/span><\/strong><span class=\"tm7\">Le BORDO\u2122 6000 est devenu un v\u00e9ritable classique au fil des ann\u00e9es &#8211; sa conception astucieuse a gagn\u00e9 des amis dans le monde entier gr\u00e2ce \u00e0 son haut niveau de s\u00e9curit\u00e9, sa flexibilit\u00e9 et sa taille compacte. Les barres de 5 mm d\u2019\u00e9paisseur reli\u00e9es par des rivets sp\u00e9cialement con\u00e7us peuvent \u00eatre pli\u00e9es comme un m\u00e8tre pliant. Cela le rend particuli\u00e8rement confortable \u00e0 transporter.<br \/><\/span><\/p><p class=\"Normal tm6\"><span class=\"tm7\">Le BORDO\u2122 6000C ajoute un autre membre \u00e0 la famille BORDO\u2122 6000. Le C dans le nom du produit indique d\u00e9j\u00e0 qu\u2019il s\u2019agit d\u2019un antivol avec combinaison. <\/span><\/p><p class=\"Normal tm6\"><span class=\"tm7\">Y a-t-il un risque que les chiffres s&rsquo;effacent ou s&rsquo;estompent avec le temps ? Pas n\u00e9cessaire &#8211; les chiffres ne sont pas imprim\u00e9s. Au lieu de cela, ABUS produit les molettes \u00e0 partir de deux composants durables qui n\u00e9cessitent une longue lisibilit\u00e9.<\/span><\/p>\t\t\t\t\t\t\t\t<\/div>\n\t\t\t\t<\/div>\n\t\t\t\t<div class=\"elementor-element elementor-element-8f23dc7 elementor-align-left elementor-widget elementor-widget-button\" data-id=\"8f23dc7\" data-element_type=\"widget\" data-e-type=\"widget\" data-widget_type=\"button.default\">\n\t\t\t\t<div class=\"elementor-widget-container\">\n\t\t\t\t\t\t\t\t\t<div class=\"elementor-button-wrapper\">\n\t\t\t\t\t<a class=\"elementor-button elementor-button-link elementor-size-sm\" href=\"https:\/\/www.abus.com\/fr\/Particuliers\/Antivols-pour-velos\/Antivols-pliables\" target=\"_blank\" rel=\"noopener\">\n\t\t\t\t\t\t<span class=\"elementor-button-content-wrapper\">\n\t\t\t\t\t\t\t\t\t<span class=\"elementor-button-text\">D\u00e9couvrir les caract\u00e9ristiques techniques sur le site ABUS<\/span>\n\t\t\t\t\t<\/span>\n\t\t\t\t\t<\/a>\n\t\t\t\t<\/div>\n\t\t\t\t\t\t\t\t<\/div>\n\t\t\t\t<\/div>\n\t\t\t\t<\/div>\n\t\t\t\t\t<\/div>\n\t\t\t\t<\/div>\n\t\t<div class=\"elementor-element elementor-element-b59a901 e-flex e-con-boxed e-con e-parent\" data-id=\"b59a901\" data-element_type=\"container\" data-e-type=\"container\">\n\t\t\t\t\t<div class=\"e-con-inner\">\n\t\t\t\t<div class=\"elementor-element elementor-element-61374e5 elementor-widget-divider--separator-type-pattern elementor-widget-divider--view-line elementor-widget elementor-widget-divider\" data-id=\"61374e5\" data-element_type=\"widget\" data-e-type=\"widget\" data-widget_type=\"divider.default\">\n\t\t\t\t<div class=\"elementor-widget-container\">\n\t\t\t\t\t\t\t<div class=\"elementor-divider\" style=\"--divider-pattern-url: url(&quot;data:image\/svg+xml,%3Csvg xmlns=&#039;http:\/\/www.w3.org\/2000\/svg&#039; preserveAspectRatio=&#039;none&#039; overflow=&#039;visible&#039; height=&#039;100%&#039; viewBox=&#039;0 0 20 16&#039; fill=&#039;none&#039; stroke=&#039;black&#039; stroke-width=&#039;1&#039; stroke-linecap=&#039;square&#039; stroke-miterlimit=&#039;10&#039;%3E%3Cg transform=&#039;translate(-12.000000, 0)&#039;%3E%3Cpath d=&#039;M28,0L10,18&#039;\/%3E%3Cpath d=&#039;M18,0L0,18&#039;\/%3E%3Cpath d=&#039;M48,0L30,18&#039;\/%3E%3Cpath d=&#039;M38,0L20,18&#039;\/%3E%3C\/g%3E%3C\/svg%3E&quot;);\">\n\t\t\t<span class=\"elementor-divider-separator\">\n\t\t\t\t\t\t<\/span>\n\t\t<\/div>\n\t\t\t\t\t\t<\/div>\n\t\t\t\t<\/div>\n\t\t\t\t\t<\/div>\n\t\t\t\t<\/div>\n\t\t<div class=\"elementor-element elementor-element-31e0470 e-flex e-con-boxed e-con e-parent\" data-id=\"31e0470\" data-element_type=\"container\" data-e-type=\"container\">\n\t\t\t\t\t<div class=\"e-con-inner\">\n\t\t<div class=\"elementor-element elementor-element-d101066 e-con-full e-flex e-con e-child\" data-id=\"d101066\" data-element_type=\"container\" data-e-type=\"container\">\n\t\t\t\t<div class=\"elementor-element elementor-element-b2ba78a elementor-widget__width-initial elementor-widget elementor-widget-image\" data-id=\"b2ba78a\" data-element_type=\"widget\" data-e-type=\"widget\" data-widget_type=\"image.default\">\n\t\t\t\t<div class=\"elementor-widget-container\">\n\t\t\t\t\t\t\t\t\t\t\t\t\t\t\t<img decoding=\"async\" width=\"640\" height=\"1078\" src=\"https:\/\/www.dijoncycles.fr\/wp-content\/uploads\/2025\/07\/111891_470_150-HB230_a_abus_640.png\" class=\"attachment-medium_large size-medium_large wp-image-754\" alt=\"Antivol v\u00e9lo - 640 abus\" srcset=\"https:\/\/www.dijoncycles.fr\/wp-content\/uploads\/2025\/07\/111891_470_150-HB230_a_abus_640.png 640w, https:\/\/www.dijoncycles.fr\/wp-content\/uploads\/2025\/07\/111891_470_150-HB230_a_abus_640-178x300.png 178w, https:\/\/www.dijoncycles.fr\/wp-content\/uploads\/2025\/07\/111891_470_150-HB230_a_abus_640-608x1024.png 608w, https:\/\/www.dijoncycles.fr\/wp-content\/uploads\/2025\/07\/111891_470_150-HB230_a_abus_640-600x1011.png 600w\" sizes=\"(max-width: 640px) 100vw, 640px\" title=\"{title} - {sitename}\">\t\t\t\t\t\t\t\t\t\t\t\t\t\t\t<\/div>\n\t\t\t\t<\/div>\n\t\t\t\t<\/div>\n\t\t<div class=\"elementor-element elementor-element-be8345b e-con-full e-flex e-con e-child\" data-id=\"be8345b\" data-element_type=\"container\" data-e-type=\"container\">\n\t\t\t\t<div class=\"elementor-element elementor-element-f9f91be elementor-widget elementor-widget-text-editor\" data-id=\"f9f91be\" data-element_type=\"widget\" data-e-type=\"widget\" data-widget_type=\"text-editor.default\">\n\t\t\t\t<div class=\"elementor-widget-container\">\n\t\t\t\t\t\t\t\t\t<p class=\"Normal tm6\"><span class=\"tm7\">U GRANIT\u2122 Plus <strong>\u2013 90.90\u20ac<\/strong><br \/><em>Plusieurs dimensions possibles<\/em><br \/><\/span><\/p><p class=\"Normal tm6\"><strong><span class=\"tm8\">PROTECTION \u00c9LEV\u00c9E CONTRE LES DIFF\u00c9RENTES TENTATIVES D\u2019OUVERTURE<\/span><\/strong><strong><span class=\"tm8\">Ne laissez aucune chance aux voleurs: l\u2019antivol en U GRANIT\u2122 Plus 470 offre une protection optimale contre le vol et les attaques par coups et traction.<\/span><\/strong><\/p><p class=\"Normal tm6\"><strong><span class=\"tm8\"><br \/><\/span><\/strong><span class=\"tm7\">Vous souhaitez laisser votre pr\u00e9cieux deux-roues \u00e0 des emplacements qui ont un risque potentiellement \u00e9lev\u00e9 de vol, comme \u00e0 une gare par exemple? <\/span><\/p><p class=\"Normal tm6\"><span class=\"tm7\">Alors l\u2019antivol en U GRANIT\u2122 Plus 470 est le compagnon qu\u2019il vous faut: gr\u00e2ce \u00e0 la technologie PowerCellABUS, il offre une protection optimale contre les attaques par coups et traction. L\u2019anse, le bo\u00eetier et les pi\u00e8ces de support du m\u00e9canisme de verrouillage sont fabriqu\u00e9s en acier sp\u00e9cialement tremp\u00e9. <\/span><\/p><p class=\"Normal tm6\"><span class=\"tm7\">En outre, il est \u00e9quip\u00e9 du cylindre \u00e0 disques \u00abPlus\u00bb r\u00e9sistant au crochetage. Cette combinaison a permis au GRANIT\u2122 Plus 470 de remporter plusieurs labels de qualit\u00e9, par exemple du OSIMZ (Russie) et des instituts de tests de Finlande, Su\u00e8de, Danemark, Norv\u00e8ge et Grande-Bretagne.<\/span><\/p>\t\t\t\t\t\t\t\t<\/div>\n\t\t\t\t<\/div>\n\t\t\t\t<div class=\"elementor-element elementor-element-625b004 elementor-align-left elementor-widget elementor-widget-button\" data-id=\"625b004\" data-element_type=\"widget\" data-e-type=\"widget\" data-widget_type=\"button.default\">\n\t\t\t\t<div class=\"elementor-widget-container\">\n\t\t\t\t\t\t\t\t\t<div class=\"elementor-button-wrapper\">\n\t\t\t\t\t<a class=\"elementor-button elementor-button-link elementor-size-sm\" href=\"https:\/\/www.abus.com\/fr\/Particuliers\/Antivols-pour-velos\/Antivols-U-Velo\" target=\"_blank\" rel=\"noopener\">\n\t\t\t\t\t\t<span class=\"elementor-button-content-wrapper\">\n\t\t\t\t\t\t\t\t\t<span class=\"elementor-button-text\">D\u00e9couvrir les caract\u00e9ristiques techniques sur le site ABUS<\/span>\n\t\t\t\t\t<\/span>\n\t\t\t\t\t<\/a>\n\t\t\t\t<\/div>\n\t\t\t\t\t\t\t\t<\/div>\n\t\t\t\t<\/div>\n\t\t\t\t<\/div>\n\t\t\t\t\t<\/div>\n\t\t\t\t<\/div>\n\t\t\t\t<\/div>","protected":false},"excerpt":{"rendered":"<p>Notre gamme d&rsquo;antivols ABUS Bordo 6000C \u2013 99.90\u20acA cl\u00e9 ou \u00e0 codes \u2013 2 longeurs : 90 ou 110cm\u00a0 Au revoir les cl\u00e9s : Il suffit de m\u00e9moriser un code num\u00e9rique \u00e0 quatre chiffres pour d\u00e9verrouiller votre BORDO\u2122 6000C Le BORDO\u2122 6000 est devenu un v\u00e9ritable classique au fil des ann\u00e9es &#8211; sa conception astucieuse [&hellip;]<\/p>\n","protected":false},"author":1,"featured_media":0,"parent":0,"menu_order":0,"comment_status":"closed","ping_status":"closed","template":"","meta":{"footnotes":""},"class_list":["post-720","page","type-page","status-publish","hentry"],"jetpack_sharing_enabled":true,"_links":{"self":[{"href":"https:\/\/www.dijoncycles.fr\/en\/wp-json\/wp\/v2\/pages\/720","targetHints":{"allow":["GET"]}}],"collection":[{"href":"https:\/\/www.dijoncycles.fr\/en\/wp-json\/wp\/v2\/pages"}],"about":[{"href":"https:\/\/www.dijoncycles.fr\/en\/wp-json\/wp\/v2\/types\/page"}],"author":[{"embeddable":true,"href":"https:\/\/www.dijoncycles.fr\/en\/wp-json\/wp\/v2\/users\/1"}],"replies":[{"embeddable":true,"href":"https:\/\/www.dijoncycles.fr\/en\/wp-json\/wp\/v2\/comments?post=720"}],"version-history":[{"count":43,"href":"https:\/\/www.dijoncycles.fr\/en\/wp-json\/wp\/v2\/pages\/720\/revisions"}],"predecessor-version":[{"id":3250,"href":"https:\/\/www.dijoncycles.fr\/en\/wp-json\/wp\/v2\/pages\/720\/revisions\/3250"}],"wp:attachment":[{"href":"https:\/\/www.dijoncycles.fr\/en\/wp-json\/wp\/v2\/media?parent=720"}],"curies":[{"name":"wp","href":"https:\/\/api.w.org\/{rel}","templated":true}]}}