{"id":979,"date":"2025-07-22T15:13:05","date_gmt":"2025-07-22T13:13:05","guid":{"rendered":"http:\/\/new.dijoncycles.fr\/?page_id=979"},"modified":"2026-01-05T11:10:49","modified_gmt":"2026-01-05T10:10:49","slug":"dietetique","status":"publish","type":"page","link":"https:\/\/www.dijoncycles.fr\/en\/dietetique\/","title":{"rendered":"Dietetics"},"content":{"rendered":"<div data-elementor-type=\"wp-page\" data-elementor-id=\"979\" class=\"elementor elementor-979\">\n\t\t\t\t<div class=\"elementor-element elementor-element-0c69767 e-flex e-con-boxed e-con e-parent\" data-id=\"0c69767\" data-element_type=\"container\" data-e-type=\"container\">\n\t\t\t\t\t<div class=\"e-con-inner\">\n\t\t\t\t<div class=\"elementor-element elementor-element-8c68bc2 elementor-widget elementor-widget-text-editor\" data-id=\"8c68bc2\" data-element_type=\"widget\" data-e-type=\"widget\" data-widget_type=\"text-editor.default\">\n\t\t\t\t<div class=\"elementor-widget-container\">\n\t\t\t\t\t\t\t\t\t<p>Pr\u00e9parez, soutenez et optimisez votre effort : barres, gels et boissons pour accompagner vos sorties sportives, du d\u00e9part \u00e0 la r\u00e9cup\u00e9ration.<\/p>\t\t\t\t\t\t\t\t<\/div>\n\t\t\t\t<\/div>\n\t\t\t\t\t<\/div>\n\t\t\t\t<\/div>\n\t\t<div class=\"elementor-element elementor-element-d460c78 e-flex e-con-boxed e-con e-parent\" data-id=\"d460c78\" data-element_type=\"container\" data-e-type=\"container\">\n\t\t\t\t\t<div class=\"e-con-inner\">\n\t\t<div class=\"elementor-element elementor-element-a98adba e-con-full e-flex e-con e-child\" data-id=\"a98adba\" data-element_type=\"container\" data-e-type=\"container\">\n\t\t\t\t<div class=\"elementor-element elementor-element-ba34238 elementor-widget elementor-widget-image\" data-id=\"ba34238\" data-element_type=\"widget\" data-e-type=\"widget\" data-widget_type=\"image.default\">\n\t\t\t\t<div class=\"elementor-widget-container\">\n\t\t\t\t\t\t\t\t\t\t\t\t\t\t\t<img fetchpriority=\"high\" decoding=\"async\" width=\"300\" height=\"300\" src=\"https:\/\/www.dijoncycles.fr\/wp-content\/uploads\/2025\/07\/hydrixir-ultra-boisson-energetique-cycliste-300x300.jpg\" class=\"attachment-medium size-medium wp-image-1000\" alt=\"Boisson \u00e9nerg\u00e9tique Hydrixir Ultra pour cyclistes \u2013 hydratation et endurance \u2013 Dijon Cycles\" srcset=\"https:\/\/www.dijoncycles.fr\/wp-content\/uploads\/2025\/07\/hydrixir-ultra-boisson-energetique-cycliste-300x300.jpg 300w, https:\/\/www.dijoncycles.fr\/wp-content\/uploads\/2025\/07\/hydrixir-ultra-boisson-energetique-cycliste-150x150.jpg 150w, https:\/\/www.dijoncycles.fr\/wp-content\/uploads\/2025\/07\/hydrixir-ultra-boisson-energetique-cycliste-768x768.jpg 768w, https:\/\/www.dijoncycles.fr\/wp-content\/uploads\/2025\/07\/hydrixir-ultra-boisson-energetique-cycliste-600x600.jpg 600w, https:\/\/www.dijoncycles.fr\/wp-content\/uploads\/2025\/07\/hydrixir-ultra-boisson-energetique-cycliste-100x100.jpg 100w, https:\/\/www.dijoncycles.fr\/wp-content\/uploads\/2025\/07\/hydrixir-ultra-boisson-energetique-cycliste.jpg 1000w\" sizes=\"(max-width: 300px) 100vw, 300px\" title=\"{title} - {sitename}\">\t\t\t\t\t\t\t\t\t\t\t\t\t\t\t<\/div>\n\t\t\t\t<\/div>\n\t\t\t\t<\/div>\n\t\t<div class=\"elementor-element elementor-element-77b246c e-con-full e-flex e-con e-child\" data-id=\"77b246c\" data-element_type=\"container\" data-e-type=\"container\">\n\t\t\t\t<div class=\"elementor-element elementor-element-74f05b7 elementor-widget elementor-widget-image\" data-id=\"74f05b7\" data-element_type=\"widget\" data-e-type=\"widget\" data-widget_type=\"image.default\">\n\t\t\t\t<div class=\"elementor-widget-container\">\n\t\t\t\t\t\t\t\t\t\t\t\t\t\t\t<img decoding=\"async\" width=\"208\" height=\"300\" src=\"https:\/\/www.dijoncycles.fr\/wp-content\/uploads\/2025\/07\/Hydrixir_Antyoxidant-208x300.png\" class=\"attachment-medium size-medium wp-image-1001\" alt=\"Hydrixir Ultra \u2013 boisson \u00e9nerg\u00e9tique v\u00e9lo\" srcset=\"https:\/\/www.dijoncycles.fr\/wp-content\/uploads\/2025\/07\/Hydrixir_Antyoxidant-208x300.png 208w, https:\/\/www.dijoncycles.fr\/wp-content\/uploads\/2025\/07\/Hydrixir_Antyoxidant.png 476w\" sizes=\"(max-width: 208px) 100vw, 208px\" title=\"{title} - {sitename}\">\t\t\t\t\t\t\t\t\t\t\t\t\t\t\t<\/div>\n\t\t\t\t<\/div>\n\t\t\t\t<\/div>\n\t\t<div class=\"elementor-element elementor-element-936df92 e-con-full e-flex e-con e-child\" data-id=\"936df92\" data-element_type=\"container\" data-e-type=\"container\">\n\t\t\t\t<div class=\"elementor-element elementor-element-5f5d3d7 elementor-widget__width-initial elementor-widget elementor-widget-text-editor\" data-id=\"5f5d3d7\" data-element_type=\"widget\" data-e-type=\"widget\" data-widget_type=\"text-editor.default\">\n\t\t\t\t<div class=\"elementor-widget-container\">\n\t\t\t\t\t\t\t\t\t<p class=\"Normal tm5\"><strong><span class=\"tm6\">Boisson \u00e9nerg\u00e9tique pour cycliste <br \/>HYDRIXIR ULTRA<\/span><\/strong><\/p>\t\t\t\t\t\t\t\t<\/div>\n\t\t\t\t<\/div>\n\t\t\t\t<div class=\"elementor-element elementor-element-555ab9e elementor-align-center elementor-widget elementor-widget-button\" data-id=\"555ab9e\" data-element_type=\"widget\" data-e-type=\"widget\" data-widget_type=\"button.default\">\n\t\t\t\t<div class=\"elementor-widget-container\">\n\t\t\t\t\t\t\t\t\t<div class=\"elementor-button-wrapper\">\n\t\t\t\t\t<a class=\"elementor-button elementor-button-link elementor-size-sm\" href=\"https:\/\/www.overstims.com\/boissons-energetiques\/hydrixir-ultra\" target=\"_blank\" rel=\"noopener\">\n\t\t\t\t\t\t<span class=\"elementor-button-content-wrapper\">\n\t\t\t\t\t\t\t\t\t<span class=\"elementor-button-text\">Acc\u00e9der \u00e0 plus de d\u00e9tails sur ce concentr\u00e9 d'\u00e9nergie<\/span>\n\t\t\t\t\t<\/span>\n\t\t\t\t\t<\/a>\n\t\t\t\t<\/div>\n\t\t\t\t\t\t\t\t<\/div>\n\t\t\t\t<\/div>\n\t\t\t\t<div class=\"elementor-element elementor-element-08c65b8 elementor-widget elementor-widget-text-editor\" data-id=\"08c65b8\" data-element_type=\"widget\" data-e-type=\"widget\" data-widget_type=\"text-editor.default\">\n\t\t\t\t<div class=\"elementor-widget-container\">\n\t\t\t\t\t\t\t\t\t<p class=\"Normal tm5\"><span class=\"tm6\"><strong>La nouvelle boisson \u00e9nerg\u00e9tique de OVERSTIM\u2019S, con\u00e7ue pour les efforts de longue dur\u00e9e et intenses.<\/strong> Sa formule innovante r\u00e9pond aux exigences de la longue distance : une \u00e9nergie constante (sans pic de glyc\u00e9mie), des \u00e9lectrolytes essentiels, des BCAA, <strong>des saveurs peu sucr\u00e9es et une parfaite tol\u00e9rance m\u00eame apr\u00e8s plusieurs heures d&rsquo;utilisation.<\/strong><\/span><\/p><p class=\"Normal tm5\"><span class=\"tm6\"><em>Go\u00fbts : Citron-Citron vert ; Fruits rouges ; Menthe ; Th\u00e9 p\u00eache.<\/em><\/span><\/p>\t\t\t\t\t\t\t\t<\/div>\n\t\t\t\t<\/div>\n\t\t\t\t<\/div>\n\t\t<div class=\"elementor-element elementor-element-04c69ea e-con-full e-flex e-con e-child\" data-id=\"04c69ea\" data-element_type=\"container\" data-e-type=\"container\">\n\t\t\t\t<div class=\"elementor-element elementor-element-92de713 elementor-widget__width-initial elementor-widget elementor-widget-text-editor\" data-id=\"92de713\" data-element_type=\"widget\" data-e-type=\"widget\" data-widget_type=\"text-editor.default\">\n\t\t\t\t<div class=\"elementor-widget-container\">\n\t\t\t\t\t\t\t\t\t<p class=\"Normal tm5\"><strong><span class=\"tm6\">Boisson \u00e9nerg\u00e9tique pour cycliste <br \/>HYDRIXIR ANTIOXYDANT<\/span><\/strong><\/p>\t\t\t\t\t\t\t\t<\/div>\n\t\t\t\t<\/div>\n\t\t\t\t<div class=\"elementor-element elementor-element-7b6b189 elementor-align-center elementor-widget elementor-widget-button\" data-id=\"7b6b189\" data-element_type=\"widget\" data-e-type=\"widget\" data-widget_type=\"button.default\">\n\t\t\t\t<div class=\"elementor-widget-container\">\n\t\t\t\t\t\t\t\t\t<div class=\"elementor-button-wrapper\">\n\t\t\t\t\t<a class=\"elementor-button elementor-button-link elementor-size-sm\" href=\"https:\/\/www.overstims.com\/boissons-energetiques\/hydrixir-antioxydant\" target=\"_blank\" rel=\"noopener\">\n\t\t\t\t\t\t<span class=\"elementor-button-content-wrapper\">\n\t\t\t\t\t\t\t\t\t<span class=\"elementor-button-text\">Acc\u00e9der \u00e0 plus de d\u00e9tails sur ce concentr\u00e9 antioxydant<\/span>\n\t\t\t\t\t<\/span>\n\t\t\t\t\t<\/a>\n\t\t\t\t<\/div>\n\t\t\t\t\t\t\t\t<\/div>\n\t\t\t\t<\/div>\n\t\t\t\t<div class=\"elementor-element elementor-element-612fe7e elementor-widget elementor-widget-text-editor\" data-id=\"612fe7e\" data-element_type=\"widget\" data-e-type=\"widget\" data-widget_type=\"text-editor.default\">\n\t\t\t\t<div class=\"elementor-widget-container\">\n\t\t\t\t\t\t\t\t\t<p class=\"Normal tm5\"><span class=\"tm6\"><strong>Cette boisson \u00e9nerg\u00e9tique OVERSTIM\u2019S apporte l&rsquo;\u00e9quilibre parfait d&rsquo;hydratation, de glucides et d&rsquo;\u00e9lectrolytes essentiels au maintien de vos performances tout au long de l&rsquo;effort.<\/strong> Isotonique, sans conservateur et sans acidit\u00e9, elle est parfaitement tol\u00e9r\u00e9e.<\/span><\/p><p class=\"Normal tm5\"><span class=\"tm6\"><em>Go\u00fbts : Citron-Citron vert ; Cocktail d\u2019agrumes ; Mangue-Passion ; Fruits rouges ; Mojito ; Menthe ; Multi-fruits ; Orange-Mangue ; Th\u00e9 Citron ; Th\u00e9 p\u00eache.<\/em><\/span><\/p>\t\t\t\t\t\t\t\t<\/div>\n\t\t\t\t<\/div>\n\t\t\t\t<\/div>\n\t\t\t\t\t<\/div>\n\t\t\t\t<\/div>\n\t\t<div class=\"elementor-element elementor-element-4c2565e e-flex e-con-boxed e-con e-parent\" data-id=\"4c2565e\" data-element_type=\"container\" data-e-type=\"container\">\n\t\t\t\t\t<div class=\"e-con-inner\">\n\t\t\t\t<div class=\"elementor-element elementor-element-ec1abaf elementor-widget-divider--separator-type-pattern elementor-widget-divider--view-line elementor-widget elementor-widget-divider\" data-id=\"ec1abaf\" data-element_type=\"widget\" data-e-type=\"widget\" data-widget_type=\"divider.default\">\n\t\t\t\t<div class=\"elementor-widget-container\">\n\t\t\t\t\t\t\t<div class=\"elementor-divider\" style=\"--divider-pattern-url: url(&quot;data:image\/svg+xml,%3Csvg xmlns=&#039;http:\/\/www.w3.org\/2000\/svg&#039; preserveAspectRatio=&#039;none&#039; overflow=&#039;visible&#039; height=&#039;100%&#039; viewBox=&#039;0 0 20 16&#039; fill=&#039;none&#039; stroke=&#039;black&#039; stroke-width=&#039;1&#039; stroke-linecap=&#039;square&#039; stroke-miterlimit=&#039;10&#039;%3E%3Cg transform=&#039;translate(-12.000000, 0)&#039;%3E%3Cpath d=&#039;M28,0L10,18&#039;\/%3E%3Cpath d=&#039;M18,0L0,18&#039;\/%3E%3Cpath d=&#039;M48,0L30,18&#039;\/%3E%3Cpath d=&#039;M38,0L20,18&#039;\/%3E%3C\/g%3E%3C\/svg%3E&quot;);\">\n\t\t\t<span class=\"elementor-divider-separator\">\n\t\t\t\t\t\t<\/span>\n\t\t<\/div>\n\t\t\t\t\t\t<\/div>\n\t\t\t\t<\/div>\n\t\t\t\t\t<\/div>\n\t\t\t\t<\/div>\n\t\t<div class=\"elementor-element elementor-element-f8e6a71 e-flex e-con-boxed e-con e-parent\" data-id=\"f8e6a71\" data-element_type=\"container\" data-e-type=\"container\">\n\t\t\t\t\t<div class=\"e-con-inner\">\n\t\t<div class=\"elementor-element elementor-element-406c0d6 e-con-full e-flex e-con e-child\" data-id=\"406c0d6\" data-element_type=\"container\" data-e-type=\"container\">\n\t\t\t\t<div class=\"elementor-element elementor-element-17d8ab5 elementor-widget elementor-widget-image\" data-id=\"17d8ab5\" data-element_type=\"widget\" data-e-type=\"widget\" data-widget_type=\"image.default\">\n\t\t\t\t<div class=\"elementor-widget-container\">\n\t\t\t\t\t\t\t\t\t\t\t\t\t\t\t<img decoding=\"async\" width=\"300\" height=\"300\" src=\"https:\/\/www.dijoncycles.fr\/wp-content\/uploads\/2025\/07\/dietetique-velo-cycles-gel-300x300.jpg\" class=\"attachment-medium size-medium wp-image-1006\" alt=\"Gel \u00e9nerg\u00e9tique pour cyclistes\" srcset=\"https:\/\/www.dijoncycles.fr\/wp-content\/uploads\/2025\/07\/dietetique-velo-cycles-gel-300x300.jpg 300w, https:\/\/www.dijoncycles.fr\/wp-content\/uploads\/2025\/07\/dietetique-velo-cycles-gel-150x150.jpg 150w, https:\/\/www.dijoncycles.fr\/wp-content\/uploads\/2025\/07\/dietetique-velo-cycles-gel-768x768.jpg 768w, https:\/\/www.dijoncycles.fr\/wp-content\/uploads\/2025\/07\/dietetique-velo-cycles-gel-600x600.jpg 600w, https:\/\/www.dijoncycles.fr\/wp-content\/uploads\/2025\/07\/dietetique-velo-cycles-gel-100x100.jpg 100w, https:\/\/www.dijoncycles.fr\/wp-content\/uploads\/2025\/07\/dietetique-velo-cycles-gel.jpg 1000w\" sizes=\"(max-width: 300px) 100vw, 300px\" title=\"{title} - {sitename}\">\t\t\t\t\t\t\t\t\t\t\t\t\t\t\t<\/div>\n\t\t\t\t<\/div>\n\t\t\t\t<\/div>\n\t\t<div class=\"elementor-element elementor-element-0100cea e-con-full e-flex e-con e-child\" data-id=\"0100cea\" data-element_type=\"container\" data-e-type=\"container\">\n\t\t\t\t<div class=\"elementor-element elementor-element-5f844e9 elementor-widget elementor-widget-image\" data-id=\"5f844e9\" data-element_type=\"widget\" data-e-type=\"widget\" data-widget_type=\"image.default\">\n\t\t\t\t<div class=\"elementor-widget-container\">\n\t\t\t\t\t\t\t\t\t\t\t\t\t\t\t<img loading=\"lazy\" decoding=\"async\" width=\"300\" height=\"300\" src=\"https:\/\/www.dijoncycles.fr\/wp-content\/uploads\/2025\/07\/manger-en-velo-dijon-barre-300x300.jpg\" class=\"attachment-medium size-medium wp-image-1011\" alt=\"Barre \u00e9nerg\u00e9tique pour cyclistes\" srcset=\"https:\/\/www.dijoncycles.fr\/wp-content\/uploads\/2025\/07\/manger-en-velo-dijon-barre-300x300.jpg 300w, https:\/\/www.dijoncycles.fr\/wp-content\/uploads\/2025\/07\/manger-en-velo-dijon-barre-150x150.jpg 150w, https:\/\/www.dijoncycles.fr\/wp-content\/uploads\/2025\/07\/manger-en-velo-dijon-barre-768x768.jpg 768w, https:\/\/www.dijoncycles.fr\/wp-content\/uploads\/2025\/07\/manger-en-velo-dijon-barre-600x600.jpg 600w, https:\/\/www.dijoncycles.fr\/wp-content\/uploads\/2025\/07\/manger-en-velo-dijon-barre-100x100.jpg 100w, https:\/\/www.dijoncycles.fr\/wp-content\/uploads\/2025\/07\/manger-en-velo-dijon-barre.jpg 1000w\" sizes=\"(max-width: 300px) 100vw, 300px\" title=\"{title} - {sitename}\">\t\t\t\t\t\t\t\t\t\t\t\t\t\t\t<\/div>\n\t\t\t\t<\/div>\n\t\t\t\t<\/div>\n\t\t<div class=\"elementor-element elementor-element-6b4793c e-con-full e-flex e-con e-child\" data-id=\"6b4793c\" data-element_type=\"container\" data-e-type=\"container\">\n\t\t\t\t<div class=\"elementor-element elementor-element-e884e7d elementor-widget__width-initial elementor-widget elementor-widget-text-editor\" data-id=\"e884e7d\" data-element_type=\"widget\" data-e-type=\"widget\" data-widget_type=\"text-editor.default\">\n\t\t\t\t<div class=\"elementor-widget-container\">\n\t\t\t\t\t\t\t\t\t<p class=\"Normal tm5\"><b>Gel \u00ab\u00a0coup de fouet\u00a0\u00bb<br \/>Un concentr\u00e9 d&rsquo;\u00e9nergie instantan\u00e9<\/b><\/p>\t\t\t\t\t\t\t\t<\/div>\n\t\t\t\t<\/div>\n\t\t\t\t<div class=\"elementor-element elementor-element-d2673b4 elementor-align-center elementor-widget elementor-widget-button\" data-id=\"d2673b4\" data-element_type=\"widget\" data-e-type=\"widget\" data-widget_type=\"button.default\">\n\t\t\t\t<div class=\"elementor-widget-container\">\n\t\t\t\t\t\t\t\t\t<div class=\"elementor-button-wrapper\">\n\t\t\t\t\t<a class=\"elementor-button elementor-button-link elementor-size-sm\" href=\"https:\/\/www.overstims.com\/gels-energetiques\/coup-de-fouet-36-gels\" target=\"_blank\" rel=\"noopener\">\n\t\t\t\t\t\t<span class=\"elementor-button-content-wrapper\">\n\t\t\t\t\t\t\t\t\t<span class=\"elementor-button-text\">Acc\u00e9der \u00e0 plus de d\u00e9tails sur ce gel instantan\u00e9<\/span>\n\t\t\t\t\t<\/span>\n\t\t\t\t\t<\/a>\n\t\t\t\t<\/div>\n\t\t\t\t\t\t\t\t<\/div>\n\t\t\t\t<\/div>\n\t\t\t\t<div class=\"elementor-element elementor-element-9f2cca3 elementor-widget elementor-widget-text-editor\" data-id=\"9f2cca3\" data-element_type=\"widget\" data-e-type=\"widget\" data-widget_type=\"text-editor.default\">\n\t\t\t\t<div class=\"elementor-widget-container\">\n\t\t\t\t\t\t\t\t\t<p class=\"Normal tm5\"><span class=\"tm6\"><strong>V\u00e9ritable concentr\u00e9 d&rsquo;\u00e9nergie instantan\u00e9e, le gel \u00e9nerg\u00e9tique OVERSTIM\u2019S COUP DE FOUET est votre meilleur alli\u00e9 lors d&rsquo;efforts intenses,<\/strong> dans les passages difficiles (ascensions, acc\u00e9l\u00e9rations &#8230;) et \u00e0 l&rsquo;approche de l&rsquo;arriv\u00e9e.<\/span><\/p><p class=\"Normal tm5\"><span class=\"tm6\"><em>Go\u00fbts : Pomme ; Citron ; Cola ; Fruits rouges<\/em><\/span><\/p>\t\t\t\t\t\t\t\t<\/div>\n\t\t\t\t<\/div>\n\t\t\t\t<\/div>\n\t\t<div class=\"elementor-element elementor-element-3b5e5ae e-con-full e-flex e-con e-child\" data-id=\"3b5e5ae\" data-element_type=\"container\" data-e-type=\"container\">\n\t\t\t\t<div class=\"elementor-element elementor-element-4c9cb34 elementor-widget__width-initial elementor-widget elementor-widget-text-editor\" data-id=\"4c9cb34\" data-element_type=\"widget\" data-e-type=\"widget\" data-widget_type=\"text-editor.default\">\n\t\t\t\t<div class=\"elementor-widget-container\">\n\t\t\t\t\t\t\t\t\t<p class=\"Normal tm5\"><b>Barre \u00e9nerg\u00e9tique<br \/>pour les efforts d&rsquo;endurance<\/b><\/p>\t\t\t\t\t\t\t\t<\/div>\n\t\t\t\t<\/div>\n\t\t\t\t<div class=\"elementor-element elementor-element-9ee4154 elementor-align-center elementor-widget elementor-widget-button\" data-id=\"9ee4154\" data-element_type=\"widget\" data-e-type=\"widget\" data-widget_type=\"button.default\">\n\t\t\t\t<div class=\"elementor-widget-container\">\n\t\t\t\t\t\t\t\t\t<div class=\"elementor-button-wrapper\">\n\t\t\t\t\t<a class=\"elementor-button elementor-button-link elementor-size-sm\" href=\"https:\/\/www.overstims.com\/barres-energetiques\/barre-ultra-4-barres\" target=\"_blank\" rel=\"noopener\">\n\t\t\t\t\t\t<span class=\"elementor-button-content-wrapper\">\n\t\t\t\t\t\t\t\t\t<span class=\"elementor-button-text\">Acc\u00e9der \u00e0 plus de d\u00e9tails sur ces barres \u00e9nerg\u00e9tiques<\/span>\n\t\t\t\t\t<\/span>\n\t\t\t\t\t<\/a>\n\t\t\t\t<\/div>\n\t\t\t\t\t\t\t\t<\/div>\n\t\t\t\t<\/div>\n\t\t\t\t<div class=\"elementor-element elementor-element-74f6ba0 elementor-widget elementor-widget-text-editor\" data-id=\"74f6ba0\" data-element_type=\"widget\" data-e-type=\"widget\" data-widget_type=\"text-editor.default\">\n\t\t\t\t<div class=\"elementor-widget-container\">\n\t\t\t\t\t\t\t\t\t<p class=\"Normal tm5\"><span class=\"tm6\">D\u00e9velopp\u00e9e en collaboration avec Fran\u00e7ois d&rsquo;Haene (champion d&rsquo;ultra-trail),<strong> la OVERSTIM\u2019S BARRE ULTRA est sp\u00e9cialement con\u00e7ue pour les efforts de longue dur\u00e9e :<\/strong> une \u00e9nergie durable, des BCAA, 3 \u00e9lectrolytes, 5 vitamines et une texture moelleuse pour un maximum de confort digestif. <strong>Elle est id\u00e9ale pour maintenir vos performances et pr\u00e9venir la fatigue lors de vos \u00e9preuves d&rsquo;endurance.<\/strong><\/span><\/p><p class=\"Normal tm5\"><em><span class=\"tm6\">Go\u00fbts : Banane-Chocolat ; Citron-Gingembre ; Fraise-Myrtille<\/span><\/em><\/p>\t\t\t\t\t\t\t\t<\/div>\n\t\t\t\t<\/div>\n\t\t\t\t<\/div>\n\t\t\t\t\t<\/div>\n\t\t\t\t<\/div>\n\t\t\t\t<\/div>","protected":false},"excerpt":{"rendered":"<p>Pr\u00e9parez, soutenez et optimisez votre effort : barres, gels et boissons pour accompagner vos sorties sportives, du d\u00e9part \u00e0 la r\u00e9cup\u00e9ration. Boisson \u00e9nerg\u00e9tique pour cycliste HYDRIXIR ULTRA Acc\u00e9der \u00e0 plus de d\u00e9tails sur ce concentr\u00e9 d&rsquo;\u00e9nergie La nouvelle boisson \u00e9nerg\u00e9tique de OVERSTIM\u2019S, con\u00e7ue pour les efforts de longue dur\u00e9e et intenses. Sa formule innovante r\u00e9pond [&hellip;]<\/p>\n","protected":false},"author":1,"featured_media":0,"parent":0,"menu_order":0,"comment_status":"closed","ping_status":"closed","template":"","meta":{"footnotes":""},"class_list":["post-979","page","type-page","status-publish","hentry"],"jetpack_sharing_enabled":true,"_links":{"self":[{"href":"https:\/\/www.dijoncycles.fr\/en\/wp-json\/wp\/v2\/pages\/979","targetHints":{"allow":["GET"]}}],"collection":[{"href":"https:\/\/www.dijoncycles.fr\/en\/wp-json\/wp\/v2\/pages"}],"about":[{"href":"https:\/\/www.dijoncycles.fr\/en\/wp-json\/wp\/v2\/types\/page"}],"author":[{"embeddable":true,"href":"https:\/\/www.dijoncycles.fr\/en\/wp-json\/wp\/v2\/users\/1"}],"replies":[{"embeddable":true,"href":"https:\/\/www.dijoncycles.fr\/en\/wp-json\/wp\/v2\/comments?post=979"}],"version-history":[{"count":40,"href":"https:\/\/www.dijoncycles.fr\/en\/wp-json\/wp\/v2\/pages\/979\/revisions"}],"predecessor-version":[{"id":3256,"href":"https:\/\/www.dijoncycles.fr\/en\/wp-json\/wp\/v2\/pages\/979\/revisions\/3256"}],"wp:attachment":[{"href":"https:\/\/www.dijoncycles.fr\/en\/wp-json\/wp\/v2\/media?parent=979"}],"curies":[{"name":"wp","href":"https:\/\/api.w.org\/{rel}","templated":true}]}}