{"id":1191,"date":"2025-08-03T21:48:08","date_gmt":"2025-08-03T19:48:08","guid":{"rendered":"http:\/\/new.dijoncycles.fr\/?post_type=product&#038;p=1191"},"modified":"2026-04-26T12:17:16","modified_gmt":"2026-04-26T10:17:16","slug":"trek-fx-sport-al-midstep-fitness-tout-equipe","status":"publish","type":"product","link":"https:\/\/www.dijoncycles.fr\/en\/product\/trek-fx-sport-al-midstep-fitness-tout-equipe\/","title":{"rendered":"TREK FX Sport AL Equipped - Midstep"},"content":{"rendered":"<p>Le FX Sport AL Equipped Midstep est le cha\u00eenon manquant entre le v\u00e9lo de route et le v\u00e9lo urbain. Plus l\u00e9ger et nerveux qu&rsquo;un VTC classique, il est d\u00e9j\u00e0 \u00e9quip\u00e9 pour affronter la jungle urbaine ou les randonn\u00e9es de plusieurs jours. Son cadre Midstep offre le parfait \u00e9quilibre entre rigidit\u00e9 sportive et facilit\u00e9 d&rsquo;enjambement.<\/p>\n<p>Le FX Sport AL Equipped est un v\u00e9lo fitness hybride performant, polyvalent et agr\u00e9able \u00e0 piloter sur les surfaces les plus diverses. Il est dot\u00e9 d\u2019un cadre l\u00e9ger, d\u2019une transmission robuste et de multiples accessoires pr\u00eats \u00e0 rouler, comme un porte-bagages arri\u00e8re et des feux. Ses pneus et ses roues larges absorbent les bosses et les secousses du terrain pour procurer assurance et confort sur la route, les pistes de gravel et autres pistes cyclables.<\/p>\n<ul>\n<li>\n<p data-path-to-node=\"13,0,0\"><b data-path-to-node=\"13,0,0\" data-index-in-node=\"0\">Cadre :<\/b> Aluminium Alpha Gold haut de gamme, l\u00e9ger et r\u00e9actif.<br \/>\n<b data-path-to-node=\"13,1,0\" data-index-in-node=\"0\">G\u00e9om\u00e9trie Midstep :<\/b> Une barre sup\u00e9rieure abaiss\u00e9e pour plus de praticit\u00e9 sans sacrifier le look dynamique.<br \/>\n<b data-path-to-node=\"13,2,0\" data-index-in-node=\"0\">Transmission :<\/b> <b data-path-to-node=\"13,2,0\" data-index-in-node=\"15\">Shimano CUES 1&#215;9<\/b>\u00a0\u2013 Passage de vitesses fluide et entretien r\u00e9duit gr\u00e2ce au monoplateau.<br \/>\n<b data-path-to-node=\"13,3,0\" data-index-in-node=\"0\">\u00c9quipement Pro :<\/b> Garde-boue tubulaires (tr\u00e8s rigides), porte-bagages arri\u00e8re <b data-path-to-node=\"13,3,0\" data-index-in-node=\"77\">MIK<\/b> (pour clipser un panier ou une sacoche en 1 seconde) et b\u00e9quille.<br \/>\n<b data-path-to-node=\"13,4,0\" data-index-in-node=\"0\">Pneus :<\/b> Bontrager H2 Comp, larges et rapides, avec protection anti-crevaison.<\/p>\n<\/li>\n<\/ul>\n<p><b data-path-to-node=\"21,0\" data-index-in-node=\"0\">Pourquoi l&rsquo;adopter \u00e0 Dijon ?<\/b> \u00ab\u00a0C&rsquo;est le v\u00e9lo id\u00e9al pour les Dijonnais qui font le trajet <b data-path-to-node=\"21,0\" data-index-in-node=\"88\">Talant-Quetigny<\/b> tous les jours. Il est assez rapide pour ne pas perdre de temps et assez \u00e9quip\u00e9 pour ne pas se salir par temps de pluie. En magasin, nous pouvons vous montrer comment clipser instantan\u00e9ment votre sacoche de bureau sur le syst\u00e8me MIK.\u00a0\u00bb<\/p>\n<p>Visualiser la gamme <a href=\"https:\/\/www.trekbikes.com\/fr\/fr_FR\/v%C3%A9los\/v%C3%A9los-hybrides\/v%C3%A9los-fitness\/fx\/fx-sport\/c\/B421-1\/\" target=\"_blank\" rel=\"noopener\">TREK FX Sport<\/a><\/p>\n<p>Compl\u00e9tez votre achat avec un\u00a0<b data-path-to-node=\"27,0,0\" data-index-in-node=\"31\"><a href=\"https:\/\/www.dijoncycles.fr\/en\/casques-velo\/\">accessoire<\/a> !<\/b><\/p>","protected":false},"excerpt":{"rendered":"<p>Le FX Sport AL Equipped Midstep est le cha\u00eenon manquant entre le v\u00e9lo de route et le v\u00e9lo urbain. Plus l\u00e9ger et nerveux qu&rsquo;un VTC classique, il est d\u00e9j\u00e0 \u00e9quip\u00e9 pour affronter la jungle urbaine ou les randonn\u00e9es de plusieurs jours. Son cadre Midstep offre le parfait \u00e9quilibre entre rigidit\u00e9 sportive et facilit\u00e9 d&rsquo;enjambement. Le [&hellip;]<\/p>\n","protected":false},"featured_media":1201,"comment_status":"open","ping_status":"closed","template":"","meta":[],"product_brand":[26],"product_cat":[32],"product_tag":[],"class_list":{"0":"post-1191","1":"product","2":"type-product","3":"status-publish","4":"has-post-thumbnail","6":"product_brand-trek","7":"product_cat-ville-loisirs","9":"first","10":"instock","11":"shipping-taxable","12":"purchasable","13":"product-type-variable","14":"has-default-attributes"},"jetpack_sharing_enabled":true,"_links":{"self":[{"href":"https:\/\/www.dijoncycles.fr\/en\/wp-json\/wp\/v2\/product\/1191","targetHints":{"allow":["GET"]}}],"collection":[{"href":"https:\/\/www.dijoncycles.fr\/en\/wp-json\/wp\/v2\/product"}],"about":[{"href":"https:\/\/www.dijoncycles.fr\/en\/wp-json\/wp\/v2\/types\/product"}],"replies":[{"embeddable":true,"href":"https:\/\/www.dijoncycles.fr\/en\/wp-json\/wp\/v2\/comments?post=1191"}],"wp:featuredmedia":[{"embeddable":true,"href":"https:\/\/www.dijoncycles.fr\/en\/wp-json\/wp\/v2\/media\/1201"}],"wp:attachment":[{"href":"https:\/\/www.dijoncycles.fr\/en\/wp-json\/wp\/v2\/media?parent=1191"}],"wp:term":[{"taxonomy":"product_brand","embeddable":true,"href":"https:\/\/www.dijoncycles.fr\/en\/wp-json\/wp\/v2\/product_brand?post=1191"},{"taxonomy":"product_cat","embeddable":true,"href":"https:\/\/www.dijoncycles.fr\/en\/wp-json\/wp\/v2\/product_cat?post=1191"},{"taxonomy":"product_tag","embeddable":true,"href":"https:\/\/www.dijoncycles.fr\/en\/wp-json\/wp\/v2\/product_tag?post=1191"}],"curies":[{"name":"wp","href":"https:\/\/api.w.org\/{rel}","templated":true}]}}