{"id":1223,"date":"2025-08-05T15:32:12","date_gmt":"2025-08-05T13:32:12","guid":{"rendered":"http:\/\/new.dijoncycles.fr\/?post_type=product&#038;p=1223"},"modified":"2026-04-11T09:03:49","modified_gmt":"2026-04-11T07:03:49","slug":"vtt-tout-suspendu-trek-top-fuel-8-gen-4","status":"publish","type":"product","link":"https:\/\/www.dijoncycles.fr\/en\/product\/vtt-tout-suspendu-trek-top-fuel-8-gen-4\/","title":{"rendered":"TREK Top Fuel 8 4th gen."},"content":{"rendered":"<p>Plus qu&rsquo;un v\u00e9lo de Cross-Country, moins qu&rsquo;un v\u00e9lo d&rsquo;Enduro : le Top Fuel 8 Gen 4 est le roi du &lsquo;Down-country&rsquo; 2026. Il grimpe comme une fl\u00e8che et descend avec une confiance d\u00e9concertante. C\u2019est le VTT polyvalent par excellence pour ceux qui veulent tout faire avec une seule machine.<\/p>\n<p>Le Top Fuel 8 4e g\u00e9n. est un VTT de trail en aluminium agile qui s\u00e9duit par son \u00e9quilibre entre rapidit\u00e9 et efficacit\u00e9 en mont\u00e9e, et assurance en descente. Il propose un syst\u00e8me de suspensions polyvalent, avec un d\u00e9battement de 130 mm \u00e0 l\u2019avant et 120 mm \u00e0 l\u2019arri\u00e8re, pour survoler rochers et racines sans gaspiller votre effort dans les mont\u00e9es. Il est construit en aluminium Alpha Platinum l\u00e9ger pour \u00e9conomiser votre budget voyage, mais propose des am\u00e9liorations l\u00e0 o\u00f9 elles comptent, comme une transmission Shimano XT ou SLX 12 vitesses, et une fourche Fox Rhythm 34.<\/p>\n<p><b data-path-to-node=\"22,0\" data-index-in-node=\"0\">L&rsquo;accompagnement Dijon Cycles :<\/b> Un VTT tout suspendu ne donne son plein potentiel que s&rsquo;il est bien r\u00e9gl\u00e9. Lors de la livraison de votre <b data-path-to-node=\"22,0\" data-index-in-node=\"138\">Trek Top Fuel 8<\/b>, nos techniciens effectuent avec vous le <b data-path-to-node=\"22,0\" data-index-in-node=\"195\">r\u00e9glage du SAG<\/b> (pressions des suspensions) en fonction de votre poids et de votre pratique. Un service exclusif en magasin !<\/p>\n<p>Visualiser la gamme <a href=\"https:\/\/www.trekbikes.com\/fr\/fr_FR\/v%C3%A9los\/vtt\/vtt-trail\/top-fuel\/f\/F311\/top-fuel-8-4e-g%25c3%25a9n-\/46143\/5319323\" target=\"_blank\" rel=\"noopener\">TREK TOP FUEL<\/a><\/p>\n<p>Voir les <a href=\"https:\/\/www.dijoncycles.fr\/en\/casques-velo\/\">casques<\/a><\/p>","protected":false},"excerpt":{"rendered":"<p>Plus qu&rsquo;un v\u00e9lo de Cross-Country, moins qu&rsquo;un v\u00e9lo d&rsquo;Enduro : le Top Fuel 8 Gen 4 est le roi du &lsquo;Down-country&rsquo; 2026. Il grimpe comme une fl\u00e8che et descend avec une confiance d\u00e9concertante. C\u2019est le VTT polyvalent par excellence pour ceux qui veulent tout faire avec une seule machine. Le Top Fuel 8 4e g\u00e9n. [&hellip;]<\/p>\n","protected":false},"featured_media":1232,"comment_status":"open","ping_status":"closed","template":"","meta":[],"product_brand":[26],"product_cat":[24],"product_tag":[73],"class_list":{"0":"post-1223","1":"product","2":"type-product","3":"status-publish","4":"has-post-thumbnail","6":"product_brand-trek","7":"product_cat-vtt","8":"product_tag-vtt-tout-suspendu","10":"first","11":"instock","12":"shipping-taxable","13":"purchasable","14":"product-type-variable","15":"has-default-attributes"},"jetpack_sharing_enabled":true,"_links":{"self":[{"href":"https:\/\/www.dijoncycles.fr\/en\/wp-json\/wp\/v2\/product\/1223","targetHints":{"allow":["GET"]}}],"collection":[{"href":"https:\/\/www.dijoncycles.fr\/en\/wp-json\/wp\/v2\/product"}],"about":[{"href":"https:\/\/www.dijoncycles.fr\/en\/wp-json\/wp\/v2\/types\/product"}],"replies":[{"embeddable":true,"href":"https:\/\/www.dijoncycles.fr\/en\/wp-json\/wp\/v2\/comments?post=1223"}],"wp:featuredmedia":[{"embeddable":true,"href":"https:\/\/www.dijoncycles.fr\/en\/wp-json\/wp\/v2\/media\/1232"}],"wp:attachment":[{"href":"https:\/\/www.dijoncycles.fr\/en\/wp-json\/wp\/v2\/media?parent=1223"}],"wp:term":[{"taxonomy":"product_brand","embeddable":true,"href":"https:\/\/www.dijoncycles.fr\/en\/wp-json\/wp\/v2\/product_brand?post=1223"},{"taxonomy":"product_cat","embeddable":true,"href":"https:\/\/www.dijoncycles.fr\/en\/wp-json\/wp\/v2\/product_cat?post=1223"},{"taxonomy":"product_tag","embeddable":true,"href":"https:\/\/www.dijoncycles.fr\/en\/wp-json\/wp\/v2\/product_tag?post=1223"}],"curies":[{"name":"wp","href":"https:\/\/api.w.org\/{rel}","templated":true}]}}