{"id":1255,"date":"2025-08-06T15:27:07","date_gmt":"2025-08-06T13:27:07","guid":{"rendered":"http:\/\/new.dijoncycles.fr\/?post_type=product&#038;p=1255"},"modified":"2026-04-08T12:04:41","modified_gmt":"2026-04-08T10:04:41","slug":"velo-route-trek-madone-sl6-8egen-2025","status":"publish","type":"product","link":"https:\/\/www.dijoncycles.fr\/en\/product\/velo-route-trek-madone-sl6-8egen-2025\/","title":{"rendered":"TREK Madone SL6 2025 Taille S"},"content":{"rendered":"<p>L\u00e9ger et a\u00e9rodynamique, le v\u00e9lo route TREK Madone SL 6 8e g\u00e9n. donne acc\u00e8s \u00e0 une technologie de comp\u00e9tition \u00e0 prix avantageux. Il offre un avantage a\u00e9rodynamique similaire au Madone SLR 8e g\u00e9n., plus on\u00e9reux, mais se compose d\u2019un carbone OCLV 500 plus \u00e9conomique et d\u2019un cockpit en deux pi\u00e8ces \u00e0 acheminement interne des c\u00e2bles. Con\u00e7u pour la comp\u00e9tition, il arbore une g\u00e9om\u00e9trie taill\u00e9e pour le confort dans les ascensions tout en vous maintenant par\u00e9 pour les attaques. Le groupe \u00e9lectronique Shimano 105 Di2 permet \u00e9galement de limiter la d\u00e9pense tout en b\u00e9n\u00e9ficiant de la rapidit\u00e9 des changements de vitesses \u00e9lectroniques. Il est en outre \u00e9quip\u00e9 de roues en carbone, pour une l\u00e9g\u00e8ret\u00e9 exceptionnelle.<\/p>\n<p>Visualiser la gamme <a href=\"https:\/\/www.trekbikes.com\/fr\/fr_FR\/v%C3%A9los\/v%C3%A9los-de-route\/v%C3%A9los-de-route-performance\/madone\/f\/F213\/madone-sl-6-8e-g%25c3%25a9n-\/46219\/5319970\" target=\"_blank\" rel=\"noopener\">TREK Madone SL<\/a><\/p>\n<p>&nbsp;<\/p>","protected":false},"excerpt":{"rendered":"<p>L\u00e9ger et a\u00e9rodynamique, le v\u00e9lo route TREK Madone SL 6 8e g\u00e9n. donne acc\u00e8s \u00e0 une technologie de comp\u00e9tition \u00e0 prix avantageux. Il offre un avantage a\u00e9rodynamique similaire au Madone SLR 8e g\u00e9n., plus on\u00e9reux, mais se compose d\u2019un carbone OCLV 500 plus \u00e9conomique et d\u2019un cockpit en deux pi\u00e8ces \u00e0 acheminement interne des c\u00e2bles. [&hellip;]<\/p>\n","protected":false},"featured_media":1261,"comment_status":"open","ping_status":"closed","template":"","meta":[],"product_brand":[26],"product_cat":[28],"product_tag":[],"class_list":{"0":"post-1255","1":"product","2":"type-product","3":"status-publish","4":"has-post-thumbnail","6":"product_brand-trek","7":"product_cat-route","9":"first","10":"instock","11":"sale","12":"shipping-taxable","13":"purchasable","14":"product-type-simple"},"jetpack_sharing_enabled":true,"_links":{"self":[{"href":"https:\/\/www.dijoncycles.fr\/en\/wp-json\/wp\/v2\/product\/1255","targetHints":{"allow":["GET"]}}],"collection":[{"href":"https:\/\/www.dijoncycles.fr\/en\/wp-json\/wp\/v2\/product"}],"about":[{"href":"https:\/\/www.dijoncycles.fr\/en\/wp-json\/wp\/v2\/types\/product"}],"replies":[{"embeddable":true,"href":"https:\/\/www.dijoncycles.fr\/en\/wp-json\/wp\/v2\/comments?post=1255"}],"wp:featuredmedia":[{"embeddable":true,"href":"https:\/\/www.dijoncycles.fr\/en\/wp-json\/wp\/v2\/media\/1261"}],"wp:attachment":[{"href":"https:\/\/www.dijoncycles.fr\/en\/wp-json\/wp\/v2\/media?parent=1255"}],"wp:term":[{"taxonomy":"product_brand","embeddable":true,"href":"https:\/\/www.dijoncycles.fr\/en\/wp-json\/wp\/v2\/product_brand?post=1255"},{"taxonomy":"product_cat","embeddable":true,"href":"https:\/\/www.dijoncycles.fr\/en\/wp-json\/wp\/v2\/product_cat?post=1255"},{"taxonomy":"product_tag","embeddable":true,"href":"https:\/\/www.dijoncycles.fr\/en\/wp-json\/wp\/v2\/product_tag?post=1255"}],"curies":[{"name":"wp","href":"https:\/\/api.w.org\/{rel}","templated":true}]}}