{"id":1264,"date":"2025-08-06T15:51:54","date_gmt":"2025-08-06T13:51:54","guid":{"rendered":"http:\/\/new.dijoncycles.fr\/?post_type=product&#038;p=1264"},"modified":"2026-04-08T12:04:57","modified_gmt":"2026-04-08T10:04:57","slug":"velo-de-route-trek-madone-sl6-gen-8-2026","status":"publish","type":"product","link":"https:\/\/www.dijoncycles.fr\/en\/product\/velo-de-route-trek-madone-sl6-gen-8-2026\/","title":{"rendered":"TREK Madone SL6 8th gen."},"content":{"rendered":"<h3>Trek Madone SL6 Gen 8 (2026) \u2013 La r\u00e9volution a\u00e9rodynamique<\/h3>\n<p>Le rempla\u00e7ant de l&rsquo;\u00c9monda et de la Madone Gen 7 en un seul v\u00e9lo.<\/p>\n<p>Le futur de la route est arriv\u00e9. Le <b data-path-to-node=\"9,0\" data-index-in-node=\"37\">Trek Madone SL6 Gen 8<\/b> est le fruit d&rsquo;une ing\u00e9nierie r\u00e9volutionnaire, combinant la v\u00e9locit\u00e9 pure d&rsquo;un v\u00e9lo a\u00e9ro et la l\u00e9g\u00e8ret\u00e9 n\u00e9cessaire pour grimper les cols. \u00c9quip\u00e9 de la transmission \u00e9lectronique Shimano 105 Di2, ce mod\u00e8le 2026 est con\u00e7u pour ceux qui ne veulent faire aucun compromis entre vitesse et confort.<\/p>\n<p>Le Madone SL 6 8e g\u00e9n. est un v\u00e9lo de route a\u00e9rodynamique l\u00e9ger qui donne acc\u00e8s \u00e0 une technologie de comp\u00e9tition \u00e0 prix avantageux gr\u00e2ce \u00e0 un compos\u00e9 en carbone OCLV 500 moins co\u00fbteux que celui du SLR. Un groupe \u00e9lectronique Shimano 105 Di2 permet de r\u00e9aliser des changements de vitesse \u00e9lectronique \u00e0 la vitesse de l\u2019\u00e9clair. L\u2019utilisation d\u2019un cintre en alliage permet de maintenir le prix \u00e0 un niveau abordable. Il est en outre \u00e9quip\u00e9 de roues en carbone, pour une l\u00e9g\u00e8ret\u00e9 exceptionnelle.<\/p>\n<ul>\n<li>\n<p data-path-to-node=\"11,0,0\"><b data-path-to-node=\"11,0,0\" data-index-in-node=\"0\">Carbone OCLV 500 :<\/b> Un cadre incroyablement l\u00e9ger et rigide pour des relances fulgurantes.<br \/>\n<b data-path-to-node=\"11,1,0\" data-index-in-node=\"0\">Technologie IsoFlow :<\/b> Plus qu&rsquo;un design, c&rsquo;est un gain de confort et d&rsquo;a\u00e9rodynamisme qui absorbe les vibrations de la route.<br \/>\n<b data-path-to-node=\"11,2,0\" data-index-in-node=\"0\">Formes de tubes Full System Foil :<\/b> Optimis\u00e9s pour fendre l&rsquo;air avec le cycliste et ses bidons (Full System).<br \/>\n<b data-path-to-node=\"11,3,0\" data-index-in-node=\"0\">Shimano 105 Di2 :<\/b> Le passage de vitesses \u00e9lectronique pr\u00e9cis, rapide et fiable.<\/p>\n<\/li>\n<\/ul>\n<p><b data-path-to-node=\"12\" data-index-in-node=\"0\">Pourquoi choisir le Madone Gen 8 chez Dijon Cycles ?<\/b><br \/>\n<i data-path-to-node=\"12\" data-index-in-node=\"53\">\u00ab\u00a0Acheter votre Madone Gen 8 dans notre magasin, c&rsquo;est l&rsquo;assurance d&rsquo;un montage expert. Nous connaissons les sp\u00e9cificit\u00e9s du passage de c\u00e2bles int\u00e9gr\u00e9 et du r\u00e9glage IsoFlow pour vous offrir une exp\u00e9rience de roulage parfaite d\u00e8s le premier kilom\u00e8tre.\u00a0\u00bb<\/i><\/p>\n<p>Visualiser la gamme <a href=\"https:\/\/www.trekbikes.com\/fr\/fr_FR\/v%C3%A9los\/v%C3%A9los-de-route\/v%C3%A9los-de-route-performance\/madone\/f\/F213\/madone-sl-6-8e-g%25c3%25a9n-\/57662\/5337983\" target=\"_blank\" rel=\"noopener\">TREK Madone<\/a><\/p>\n<p data-path-to-node=\"20,0\"><b data-path-to-node=\"20,0\" data-index-in-node=\"0\">\ud83d\udcb3 Roulez sur un r\u00eave pour un loyer ma\u00eetris\u00e9<\/b><br \/>\nCe Trek Madone SL6 Gen 8 est disponible via notre service <b data-path-to-node=\"20,0\" data-index-in-node=\"103\"><a class=\"ng-star-inserted\" href=\"https:\/\/www.dijoncycles.fr\/en\/abonnement-velo-greenleaze\/\" target=\"_blank\" rel=\"noopener\" data-hveid=\"0\" data-ved=\"0CAAQ_4QMahcKEwis8en2nv-SAxUAAAAAHQAAAAAQOQ\">Abonnement V\u00e9lo GreenLeaze<\/a><\/b>.<br \/>\n<b data-path-to-node=\"20,1,0,0\" data-index-in-node=\"0\">&#8211; Mensualit\u00e9s fixes :<\/b> Pr\u00e9servez votre \u00e9pargne.<br \/>\n<b data-path-to-node=\"20,1,1,0\" data-index-in-node=\"0\">&#8211; Assurance Premium :<\/b> Protection contre la casse et le vol incluse (indispensable pour un cadre carbone).<br \/>\n<b data-path-to-node=\"20,1,2,0\" data-index-in-node=\"0\">&#8211; \u00c9volutivit\u00e9 :<\/b> Changez pour la Gen 9 dans quelques ann\u00e9es !<\/p>","protected":false},"excerpt":{"rendered":"<p>Trek Madone SL6 Gen 8 (2026) \u2013 La r\u00e9volution a\u00e9rodynamique Le rempla\u00e7ant de l&rsquo;\u00c9monda et de la Madone Gen 7 en un seul v\u00e9lo. Le futur de la route est arriv\u00e9. Le Trek Madone SL6 Gen 8 est le fruit d&rsquo;une ing\u00e9nierie r\u00e9volutionnaire, combinant la v\u00e9locit\u00e9 pure d&rsquo;un v\u00e9lo a\u00e9ro et la l\u00e9g\u00e8ret\u00e9 n\u00e9cessaire pour [&hellip;]<\/p>\n","protected":false},"featured_media":1290,"comment_status":"open","ping_status":"closed","template":"","meta":[],"product_brand":[26],"product_cat":[28],"product_tag":[],"class_list":{"0":"post-1264","1":"product","2":"type-product","3":"status-publish","4":"has-post-thumbnail","6":"product_brand-trek","7":"product_cat-route","9":"first","10":"onbackorder","11":"shipping-taxable","12":"purchasable","13":"product-type-variable","14":"has-default-attributes"},"jetpack_sharing_enabled":true,"_links":{"self":[{"href":"https:\/\/www.dijoncycles.fr\/en\/wp-json\/wp\/v2\/product\/1264","targetHints":{"allow":["GET"]}}],"collection":[{"href":"https:\/\/www.dijoncycles.fr\/en\/wp-json\/wp\/v2\/product"}],"about":[{"href":"https:\/\/www.dijoncycles.fr\/en\/wp-json\/wp\/v2\/types\/product"}],"replies":[{"embeddable":true,"href":"https:\/\/www.dijoncycles.fr\/en\/wp-json\/wp\/v2\/comments?post=1264"}],"wp:featuredmedia":[{"embeddable":true,"href":"https:\/\/www.dijoncycles.fr\/en\/wp-json\/wp\/v2\/media\/1290"}],"wp:attachment":[{"href":"https:\/\/www.dijoncycles.fr\/en\/wp-json\/wp\/v2\/media?parent=1264"}],"wp:term":[{"taxonomy":"product_brand","embeddable":true,"href":"https:\/\/www.dijoncycles.fr\/en\/wp-json\/wp\/v2\/product_brand?post=1264"},{"taxonomy":"product_cat","embeddable":true,"href":"https:\/\/www.dijoncycles.fr\/en\/wp-json\/wp\/v2\/product_cat?post=1264"},{"taxonomy":"product_tag","embeddable":true,"href":"https:\/\/www.dijoncycles.fr\/en\/wp-json\/wp\/v2\/product_tag?post=1264"}],"curies":[{"name":"wp","href":"https:\/\/api.w.org\/{rel}","templated":true}]}}