{"id":1293,"date":"2025-08-07T22:21:03","date_gmt":"2025-08-07T20:21:03","guid":{"rendered":"http:\/\/new.dijoncycles.fr\/?post_type=product&#038;p=1293"},"modified":"2026-04-27T10:34:37","modified_gmt":"2026-04-27T08:34:37","slug":"velo-route-carbone-bianchi-infinito-ultegra-di2","status":"publish","type":"product","link":"https:\/\/www.dijoncycles.fr\/en\/product\/velo-route-carbone-bianchi-infinito-ultegra-di2\/","title":{"rendered":"BIANCHI Infinito Ultegra Di2 2025"},"content":{"rendered":"<p dir=\"ltr\" data-placeholder=\"Traduction\" data-ved=\"2ahUKEwiQwYGBxfmOAxUgKvsDHZt6OrAQ3ewLegQICRAW\" aria-label=\"Texte traduit\u00a0: Tenez la distance Que vous participiez \u00e0 des courses Gran Fondo ou que vous vous d\u00e9passiez dans de longues aventures en solo, la gamme Endurance vous inspirera \u00e0 rouler plus loin, sans limites.\">L&rsquo;Infinito Ultegra Di2 est con\u00e7u pour les cyclistes qui ne veulent pas choisir entre confort et performance. Avec son nouveau syst\u00e8me de c\u00e2blerie int\u00e9gr\u00e9e (ICR) et son groupe Ultegra \u00e9lectronique, il offre une esth\u00e9tique \u00e9pur\u00e9e digne de v\u00e9lo route de pro, tout en conservant une position de pilotage qui pr\u00e9serve votre dos sur 150 km.<\/p>\n<p class=\"tw-data-text tw-text-large tw-ta\" dir=\"ltr\" data-placeholder=\"Traduction\" data-ved=\"2ahUKEwiQwYGBxfmOAxUgKvsDHZt6OrAQ3ewLegQICRAW\" aria-label=\"Texte traduit\u00a0: Tenez la distance Que vous participiez \u00e0 des courses Gran Fondo ou que vous vous d\u00e9passiez dans de longues aventures en solo, la gamme Endurance vous inspirera \u00e0 rouler plus loin, sans limites.\"><span class=\"Y2IQFc\" lang=\"fr\">Tenez la distance que vous participiez \u00e0 des courses Gran Fondo ou que vous vous d\u00e9passiez dans de longues aventures en solo, la gamme Endurance vous inspirera \u00e0 rouler plus loin, sans limites. <\/span><\/p>\n<p id=\"tw-target-text\" class=\"tw-data-text tw-text-large tw-ta\" dir=\"ltr\" data-placeholder=\"Traduction\" data-ved=\"2ahUKEwiQwYGBxfmOAxUgKvsDHZt6OrAQ3ewLegQICRAW\" aria-label=\"Texte traduit\u00a0: Infinito La plateforme pour profiter pleinement de l'essence m\u00eame du v\u00e9lo, que vous rouliez seul, en couple ou entre amis.\"><span class=\"Y2IQFc\" lang=\"fr\">Infinito: La plateforme pour profiter pleinement de l&rsquo;essence m\u00eame du v\u00e9lo, que vous rouliez seul, en couple ou entre amis.<\/span><\/p>\n<ul>\n<li><b data-path-to-node=\"13,0,0\" data-index-in-node=\"0\">Transmission :<\/b> <b data-path-to-node=\"13,0,0\" data-index-in-node=\"15\">Shimano Ultegra Di2 (2&#215;12 vitesses)<\/b> \u2013 Plus l\u00e9ger (-300) et des changements de rapports plus vifs que le 105.<br \/>\n<b data-path-to-node=\"13,1,0\" data-index-in-node=\"0\">Cadre :<\/b> Infinito Carbon ICR, g\u00e9om\u00e9trie endurance (douille de direction plus haute).<br \/>\n<b data-path-to-node=\"13,2,0\" data-index-in-node=\"0\">Roues :<\/b> <b data-path-to-node=\"13,2,0\" data-index-in-node=\"8\">Velomann Palladium 33mm (Carbone)<\/b> \u2013 seulement <b data-path-to-node=\"13,2,0\" data-index-in-node=\"79\">1450g<\/b> la paire, un gain \u00e9norme en r\u00e9activit\u00e9.<br \/>\n<b data-path-to-node=\"13,3,0\" data-index-in-node=\"0\">Pneus :<\/b> <b data-path-to-node=\"13,3,0\" data-index-in-node=\"8\">Pirelli Cinturato Velo TLR 32mm<\/b> \u2013 Un pneu large et tubeless pour un confort royal sur les routes d\u00e9grad\u00e9es.<br \/>\n<b data-path-to-node=\"13,4,0\" data-index-in-node=\"0\">Coloris :<\/b> Proposez le mythique <b data-path-to-node=\"13,4,0\" data-index-in-node=\"31\">Celeste CK16<\/b> ou le nouveau <b data-path-to-node=\"13,4,0\" data-index-in-node=\"58\">Purple Black<\/b> (violet profond).<\/li>\n<\/ul>\n<p><b data-path-to-node=\"22,0\" data-index-in-node=\"0\">L&rsquo;engagement du magasin DIJON CYCLES :<\/b> \u00ab\u00a0Un tel bijou m\u00e9rite un r\u00e9glage parfait. Lors de l&rsquo;achat de votre <b data-path-to-node=\"22,0\" data-index-in-node=\"94\">Bianchi Infinito<\/b>, nous vous offrons une <b data-path-to-node=\"22,0\" data-index-in-node=\"134\">\u00e9tude posturale simplifi\u00e9e<\/b> pour ajuster votre hauteur de selle et votre recul. Nous param\u00e9trons \u00e9galement votre application <b data-path-to-node=\"22,0\" data-index-in-node=\"258\">Shimano E-Tube<\/b> pour personnaliser le comportement de votre transmission Di2.\u00a0\u00bb<\/p>\n<p>Quelle taille choisir ?\u00a0 Faites vos mesures en ligne avec l\u2019<a href=\"https:\/\/www.dijoncycles.fr\/en\/etude-posturale\/\">outil DIJON CYCLES.<\/a><\/p>\n<p>Visualiser la gamme <a href=\"https:\/\/www.bianchi.com\/bianchi-infinito\/\" target=\"_blank\" rel=\"noopener\">BIANCHI Infinito<\/a><\/p>","protected":false},"excerpt":{"rendered":"<p>L&rsquo;Infinito Ultegra Di2 est con\u00e7u pour les cyclistes qui ne veulent pas choisir entre confort et performance. Avec son nouveau syst\u00e8me de c\u00e2blerie int\u00e9gr\u00e9e (ICR) et son groupe Ultegra \u00e9lectronique, il offre une esth\u00e9tique \u00e9pur\u00e9e digne de v\u00e9lo route de pro, tout en conservant une position de pilotage qui pr\u00e9serve votre dos sur 150 km. [&hellip;]<\/p>\n","protected":false},"featured_media":1307,"comment_status":"open","ping_status":"closed","template":"","meta":[],"product_brand":[36],"product_cat":[28],"product_tag":[],"class_list":{"0":"post-1293","1":"product","2":"type-product","3":"status-publish","4":"has-post-thumbnail","6":"product_brand-bianchi","7":"product_cat-route","9":"first","10":"instock","11":"shipping-taxable","12":"purchasable","13":"product-type-variable","14":"has-default-attributes"},"jetpack_sharing_enabled":true,"_links":{"self":[{"href":"https:\/\/www.dijoncycles.fr\/en\/wp-json\/wp\/v2\/product\/1293","targetHints":{"allow":["GET"]}}],"collection":[{"href":"https:\/\/www.dijoncycles.fr\/en\/wp-json\/wp\/v2\/product"}],"about":[{"href":"https:\/\/www.dijoncycles.fr\/en\/wp-json\/wp\/v2\/types\/product"}],"replies":[{"embeddable":true,"href":"https:\/\/www.dijoncycles.fr\/en\/wp-json\/wp\/v2\/comments?post=1293"}],"wp:featuredmedia":[{"embeddable":true,"href":"https:\/\/www.dijoncycles.fr\/en\/wp-json\/wp\/v2\/media\/1307"}],"wp:attachment":[{"href":"https:\/\/www.dijoncycles.fr\/en\/wp-json\/wp\/v2\/media?parent=1293"}],"wp:term":[{"taxonomy":"product_brand","embeddable":true,"href":"https:\/\/www.dijoncycles.fr\/en\/wp-json\/wp\/v2\/product_brand?post=1293"},{"taxonomy":"product_cat","embeddable":true,"href":"https:\/\/www.dijoncycles.fr\/en\/wp-json\/wp\/v2\/product_cat?post=1293"},{"taxonomy":"product_tag","embeddable":true,"href":"https:\/\/www.dijoncycles.fr\/en\/wp-json\/wp\/v2\/product_tag?post=1293"}],"curies":[{"name":"wp","href":"https:\/\/api.w.org\/{rel}","templated":true}]}}