{"id":1431,"date":"2025-08-12T19:18:31","date_gmt":"2025-08-12T17:18:31","guid":{"rendered":"http:\/\/new.dijoncycles.fr\/?post_type=product&#038;p=1431"},"modified":"2026-05-16T13:14:13","modified_gmt":"2026-05-16T11:14:13","slug":"velo-ville-trek-fx-sport-al-equipped","status":"publish","type":"product","link":"https:\/\/www.dijoncycles.fr\/en\/product\/velo-ville-trek-fx-sport-al-equipped\/","title":{"rendered":"TREK FX Sport AL Equip\u00e9"},"content":{"rendered":"<h4>Trek FX Sport AL Equip\u00e9 2026 \u2013 Sportivit\u00e9 et polyvalence au quotidien<\/h4>\n<p>Le <b data-path-to-node=\"9,0\" data-index-in-node=\"4\">Trek FX Sport AL Equip\u00e9 2026<\/b> est le choix ultime pour ceux qui refusent de choisir entre performance sportive et utilit\u00e9 quotidienne. Ce v\u00e9lo de fitness ultra-l\u00e9ger est livr\u00e9 &lsquo;pr\u00eat \u00e0 rouler&rsquo; avec garde-boue, porte-bagages et \u00e9clairages int\u00e9gr\u00e9s. Que ce soit pour traverser Dijon \u00e0 toute allure pour aller au travail ou pour de longues sorties le week-end, il r\u00e9pond pr\u00e9sent.<\/p>\n<p>Le FX Sport AL Equip\u00e9 est un v\u00e9lo ville hybride performant, agr\u00e9able \u00e0 piloter sur les routes, les pistes cyclables et au-del\u00e0. Il est dot\u00e9 d\u2019un cadre l\u00e9ger, d\u2019une transmission robuste et de multiples accessoires pr\u00eats \u00e0 rouler, comme un porte-bagages arri\u00e8re et des feux. Ses roues larges et ses pneus volumineux absorbent les bosses et les secousses du terrain pour procurer assurance et confort sur la route, les pistes de gravel et autres pistes cyclables.<\/p>\n<ul>\n<li>\n<p data-path-to-node=\"11,0,0\"><b data-path-to-node=\"11,0,0\" data-index-in-node=\"0\">Cadre Alpha Aluminium :<\/b> L\u00e9ger et nerveux, pour une sensation de vitesse imm\u00e9diate.<br \/>\n<b data-path-to-node=\"11,1,0\" data-index-in-node=\"0\">Transmission Monoplateau :<\/b> Plus simple, plus fiable et plus intuitive (pas de d\u00e9railleur avant, moins de risques de d\u00e9railler).<br \/>\n<b data-path-to-node=\"11,2,0\" data-index-in-node=\"0\">\u00c9quipement Premium :<\/b> Garde-boue \u00e9l\u00e9gants, porte-bagages arri\u00e8re robuste et b\u00e9quille de s\u00e9rie.<br \/>\n<b data-path-to-node=\"11,3,0\" data-index-in-node=\"0\">Confort &amp; S\u00e9curit\u00e9 :<\/b> Pneus larges pour une meilleure stabilit\u00e9 sur les routes d\u00e9grad\u00e9es et freins \u00e0 disque hydrauliques pour un arr\u00eat net par tous les temps.<\/p>\n<\/li>\n<\/ul>\n<p><b data-path-to-node=\"12\" data-index-in-node=\"0\">L&rsquo;avis de l&rsquo;expert Dijon Cycles :<\/b> <i data-path-to-node=\"12\" data-index-in-node=\"25\">\u00ab\u00a0C&rsquo;est le v\u00e9lo id\u00e9al pour les cyclistes qui viennent du v\u00e9lo de route mais qui veulent une position plus confortable et un v\u00e9lo capable de transporter des sacoches sans sacrifier le rendement.\u00a0\u00bb<\/i><\/p>\n<p data-path-to-node=\"19,0\"><b data-path-to-node=\"19,0\" data-index-in-node=\"0\">Roulez en Trek FX Sport 2026 par abonnement<br \/>\n<\/b>Ne payez pas tout d&rsquo;un coup ! Ce mod\u00e8le est disponible via notre service <b data-path-to-node=\"19,0\" data-index-in-node=\"119\"><a class=\"ng-star-inserted\" href=\"https:\/\/www.dijoncycles.fr\/en\/abonnement-velo-greenleaze\/\" target=\"_blank\" rel=\"noopener\" data-hveid=\"0\" data-ved=\"0CAAQ_4QMahgKEwjG6unBstuSAxUAAAAAHQAAAAAQrAQ\">Abonnement V\u00e9lo<\/a><\/b>.<br \/>\n<b data-path-to-node=\"19,1,0,0\" data-index-in-node=\"0\">&#8211; Mensualit\u00e9s ma\u00eetris\u00e9es<\/b> (d\u00e8s 12 mois d&rsquo;engagement).<br \/>\n<b data-path-to-node=\"19,1,1,0\" data-index-in-node=\"0\">&#8211; Assurance Vol et Casse incluse<\/b> : indispensable pour un v\u00e9lo de cette valeur en ville.<br \/>\n<strong>&#8211; \u00c9ligible au Forfait Mobilit\u00e9s Durables<\/strong><br \/>\n<b data-path-to-node=\"19,1,2,0\" data-index-in-node=\"0\">&#8211; R\u00e9ponse imm\u00e9diate<\/b> en magasin avec GreenLeaze.<\/p>\n<p>Visualiser la gamme <a href=\"https:\/\/www.trekbikes.com\/fr\/fr_FR\/v%C3%A9los\/v%C3%A9los-hybrides\/v%C3%A9los-fitness\/fx\/fx-sport\/c\/B421-1\/\" target=\"_blank\" rel=\"noopener\">TREK FX<\/a><\/p>","protected":false},"excerpt":{"rendered":"<p>Trek FX Sport AL Equip\u00e9 2026 \u2013 Sportivit\u00e9 et polyvalence au quotidien Le Trek FX Sport AL Equip\u00e9 2026 est le choix ultime pour ceux qui refusent de choisir entre performance sportive et utilit\u00e9 quotidienne. Ce v\u00e9lo de fitness ultra-l\u00e9ger est livr\u00e9 &lsquo;pr\u00eat \u00e0 rouler&rsquo; avec garde-boue, porte-bagages et \u00e9clairages int\u00e9gr\u00e9s. Que ce soit pour [&hellip;]<\/p>\n","protected":false},"featured_media":1440,"comment_status":"open","ping_status":"closed","template":"","meta":[],"product_brand":[26],"product_cat":[32],"product_tag":[],"class_list":{"0":"post-1431","1":"product","2":"type-product","3":"status-publish","4":"has-post-thumbnail","6":"product_brand-trek","7":"product_cat-ville-loisirs","9":"first","10":"instock","11":"shipping-taxable","12":"purchasable","13":"product-type-variable","14":"has-default-attributes"},"jetpack_sharing_enabled":true,"_links":{"self":[{"href":"https:\/\/www.dijoncycles.fr\/en\/wp-json\/wp\/v2\/product\/1431","targetHints":{"allow":["GET"]}}],"collection":[{"href":"https:\/\/www.dijoncycles.fr\/en\/wp-json\/wp\/v2\/product"}],"about":[{"href":"https:\/\/www.dijoncycles.fr\/en\/wp-json\/wp\/v2\/types\/product"}],"replies":[{"embeddable":true,"href":"https:\/\/www.dijoncycles.fr\/en\/wp-json\/wp\/v2\/comments?post=1431"}],"wp:featuredmedia":[{"embeddable":true,"href":"https:\/\/www.dijoncycles.fr\/en\/wp-json\/wp\/v2\/media\/1440"}],"wp:attachment":[{"href":"https:\/\/www.dijoncycles.fr\/en\/wp-json\/wp\/v2\/media?parent=1431"}],"wp:term":[{"taxonomy":"product_brand","embeddable":true,"href":"https:\/\/www.dijoncycles.fr\/en\/wp-json\/wp\/v2\/product_brand?post=1431"},{"taxonomy":"product_cat","embeddable":true,"href":"https:\/\/www.dijoncycles.fr\/en\/wp-json\/wp\/v2\/product_cat?post=1431"},{"taxonomy":"product_tag","embeddable":true,"href":"https:\/\/www.dijoncycles.fr\/en\/wp-json\/wp\/v2\/product_tag?post=1431"}],"curies":[{"name":"wp","href":"https:\/\/api.w.org\/{rel}","templated":true}]}}