{"id":1443,"date":"2025-08-13T16:55:04","date_gmt":"2025-08-13T14:55:04","guid":{"rendered":"http:\/\/new.dijoncycles.fr\/?post_type=product&#038;p=1443"},"modified":"2026-03-30T14:38:45","modified_gmt":"2026-03-30T12:38:45","slug":"gravel-polygon-tambora-a4","status":"publish","type":"product","link":"https:\/\/www.dijoncycles.fr\/en\/product\/gravel-polygon-tambora-a4\/","title":{"rendered":"POLYGON TAMBORA A4"},"content":{"rendered":"<h4 id=\"tw-target-text\" class=\"tw-data-text tw-text-large tw-ta\" dir=\"ltr\" tabindex=\"-1\" role=\"text\" data-placeholder=\"Traduction\" data-ved=\"2ahUKEwiijZi_geuRAxXGVaQEHe5CNYwQ3ewLegQICxAW\" aria-label=\"Texte traduit\u00a0: D\u00c9COUVREZ LE TAMBORA Des aventures rapides \u00e0 port\u00e9e de main avec un seul v\u00e9lo\"><span class=\"Y2IQFc\" lang=\"fr\">Des aventures rapides \u00e0 port\u00e9e de main avec un seul v\u00e9lo<\/span><\/h4>\n<p>Le Polygon Tambora A est une fusion parfaite des capacit\u00e9s tout-terrain et gravel dans un v\u00e9lo extraordinaire. Con\u00e7u pour la polyvalence, le Tambora A pr\u00e9sente un empattement court, ce qui en fait un compagnon agile pour l&rsquo;exploration tout-terrain. \u00c9quip\u00e9 d&rsquo;une transmission \u00e0 2&#215;11 vitesses, il offre une polyvalence accrue et une large gamme de vitesses, nous permettant de conqu\u00e9rir n&rsquo;importe quel terrain avec une vitesse in\u00e9dite. Que vous soyez un coureur comp\u00e9titif, un passionn\u00e9 de longue distance ou un explorateur aventureux, ce v\u00e9lo est fait pour r\u00e9pondre \u00e0 vos besoins.<\/p>\n<p>Visualiser la gamme <a href=\"https:\/\/www.polygonbikes.com\/fr\/tambora-fr\/\" target=\"_blank\" rel=\"noopener\">TAMBORA<\/a><\/p>\n<p>Voir les v\u00e9los <a href=\"https:\/\/www.dijoncycles.fr\/en\/product-tag\/polygon\/\">POLYGON<\/a> en stock.<\/p>","protected":false},"excerpt":{"rendered":"<p>Des aventures rapides \u00e0 port\u00e9e de main avec un seul v\u00e9lo Le Polygon Tambora A est une fusion parfaite des capacit\u00e9s tout-terrain et gravel dans un v\u00e9lo extraordinaire. Con\u00e7u pour la polyvalence, le Tambora A pr\u00e9sente un empattement court, ce qui en fait un compagnon agile pour l&rsquo;exploration tout-terrain. \u00c9quip\u00e9 d&rsquo;une transmission \u00e0 2&#215;11 vitesses, [&hellip;]<\/p>\n","protected":false},"featured_media":1448,"comment_status":"open","ping_status":"closed","template":"","meta":[],"product_brand":[57],"product_cat":[29],"product_tag":[],"class_list":{"0":"post-1443","1":"product","2":"type-product","3":"status-publish","4":"has-post-thumbnail","6":"product_brand-polygon","7":"product_cat-gravel","9":"first","10":"instock","11":"shipping-taxable","12":"purchasable","13":"product-type-variable","14":"has-default-attributes"},"jetpack_sharing_enabled":true,"_links":{"self":[{"href":"https:\/\/www.dijoncycles.fr\/en\/wp-json\/wp\/v2\/product\/1443","targetHints":{"allow":["GET"]}}],"collection":[{"href":"https:\/\/www.dijoncycles.fr\/en\/wp-json\/wp\/v2\/product"}],"about":[{"href":"https:\/\/www.dijoncycles.fr\/en\/wp-json\/wp\/v2\/types\/product"}],"replies":[{"embeddable":true,"href":"https:\/\/www.dijoncycles.fr\/en\/wp-json\/wp\/v2\/comments?post=1443"}],"wp:featuredmedia":[{"embeddable":true,"href":"https:\/\/www.dijoncycles.fr\/en\/wp-json\/wp\/v2\/media\/1448"}],"wp:attachment":[{"href":"https:\/\/www.dijoncycles.fr\/en\/wp-json\/wp\/v2\/media?parent=1443"}],"wp:term":[{"taxonomy":"product_brand","embeddable":true,"href":"https:\/\/www.dijoncycles.fr\/en\/wp-json\/wp\/v2\/product_brand?post=1443"},{"taxonomy":"product_cat","embeddable":true,"href":"https:\/\/www.dijoncycles.fr\/en\/wp-json\/wp\/v2\/product_cat?post=1443"},{"taxonomy":"product_tag","embeddable":true,"href":"https:\/\/www.dijoncycles.fr\/en\/wp-json\/wp\/v2\/product_tag?post=1443"}],"curies":[{"name":"wp","href":"https:\/\/api.w.org\/{rel}","templated":true}]}}