{"id":1449,"date":"2025-08-13T17:31:12","date_gmt":"2025-08-13T15:31:12","guid":{"rendered":"http:\/\/new.dijoncycles.fr\/?post_type=product&#038;p=1449"},"modified":"2026-04-26T12:17:57","modified_gmt":"2026-04-26T10:17:57","slug":"velo-fitness-trek-fx-1-stepover-gen-4-2026","status":"publish","type":"product","link":"https:\/\/www.dijoncycles.fr\/en\/product\/velo-fitness-trek-fx-1-stepover-gen-4-2026\/","title":{"rendered":"TREK FX 1 Stepover 4th gen."},"content":{"rendered":"<p>Pourquoi choisir entre un v\u00e9lo de ville et un v\u00e9lo de sport ? Le Trek FX 1 Stepover Gen 4 est con\u00e7u pour tout faire. L\u00e9ger pour vos sorties fitness du week-end, il est aussi ultra-pratique pour vos trajets quotidiens gr\u00e2ce \u00e0 ses fixations pour accessoires. C&rsquo;est la qualit\u00e9 Trek \u00e0 un prix d\u00e9fiant toute concurrence.<\/p>\n<p>Le FX 1 est un v\u00e9lo hybride \u00e9l\u00e9gant et polyvalent pour parcourir les rues de la ville. Il est id\u00e9al pour l\u2019activit\u00e9 physique, les trajets quotidiens ou les sorties d\u00e9tente. Vous b\u00e9n\u00e9ficiez de composants \u00e9conomiques et d\u2019une large plage de d\u00e9veloppements, de freins \u00e0 disque pour vous arr\u00eater en un rien de temps, et d\u2019une multitude de fixations pour l\u2019ajout d\u2019accessoires.<\/p>\n<ul>\n<li>\n<p data-path-to-node=\"12,0,0\"><b data-path-to-node=\"12,0,0\" data-index-in-node=\"0\">Cadre :<\/b> Aluminium Alpha Gold l\u00e9ger avec <b data-path-to-node=\"12,0,0\" data-index-in-node=\"40\">passage de c\u00e2bles interne<\/b> (pour un look moderne et moins d&rsquo;entretien).<br \/>\n<b data-path-to-node=\"12,1,0\" data-index-in-node=\"0\">G\u00e9om\u00e9trie Stepover :<\/b> Le cadre classique en diamant, offrant la meilleure rigidit\u00e9 pour un p\u00e9dalage efficace.<br \/>\n<b data-path-to-node=\"12,2,0\" data-index-in-node=\"0\">Transmission :<\/b> Shimano 16 vitesses (2&#215;8) \u2013 Id\u00e9al pour trouver le bon rythme sur le plat comme en mont\u00e9e.<br \/>\n<b data-path-to-node=\"12,3,0\" data-index-in-node=\"0\">Freins :<\/b> Freins \u00e0 disques m\u00e9caniques pour un freinage constant peu importe la m\u00e9t\u00e9o.<br \/>\n<b data-path-to-node=\"12,4,0\" data-index-in-node=\"0\">Compatibilit\u00e9 DuoTrap S :<\/b> Int\u00e9gration pr\u00e9vu pour un capteur de vitesse\/cadence directement dans le cadre (exclusivit\u00e9 Trek).<\/p>\n<\/li>\n<\/ul>\n<p><b data-path-to-node=\"20,0\" data-index-in-node=\"0\">L&rsquo;avis de l&rsquo;\u00e9quipe Dijon Cycles :<\/b> \u00ab\u00a0Le FX 1 est le v\u00e9lo que nous recommandons \u00e0 ceux qui veulent reprendre le sport ou se mettre au v\u00e9lotaf sans se compliquer la vie. Il est nerveux, facile \u00e0 entretenir et \u00e9volutif. \u00c0 <b data-path-to-node=\"20,0\" data-index-in-node=\"217\">Dijon<\/b>, c&rsquo;est le compagnon parfait pour passer de la Place Darcy aux pistes cyclables du Lac Kir en un clin d&rsquo;\u0153il.\u00a0\u00bb<\/p>\n<p>Compl\u00e9tez votre achat avec un\u00a0<b data-path-to-node=\"27,0,0\" data-index-in-node=\"31\"><a href=\"https:\/\/www.dijoncycles.fr\/en\/casques-velo\/\">accessoire <\/a><\/b>disponible en en magasin !<\/p>\n<p>Visualiser la gamme <a href=\"https:\/\/www.trekbikes.com\/fr\/fr_FR\/v%C3%A9los\/v%C3%A9los-hybrides\/v%C3%A9los-fitness\/fx\/f\/F421\/fx-1-stepover-4e-g%25c3%25a9n-\/57134\/5336622\/\" target=\"_blank\" rel=\"noopener\">TREK FX1 STEPOVER<\/a><\/p>","protected":false},"excerpt":{"rendered":"<p>Pourquoi choisir entre un v\u00e9lo de ville et un v\u00e9lo de sport ? Le Trek FX 1 Stepover Gen 4 est con\u00e7u pour tout faire. L\u00e9ger pour vos sorties fitness du week-end, il est aussi ultra-pratique pour vos trajets quotidiens gr\u00e2ce \u00e0 ses fixations pour accessoires. C&rsquo;est la qualit\u00e9 Trek \u00e0 un prix d\u00e9fiant toute [&hellip;]<\/p>\n","protected":false},"featured_media":1460,"comment_status":"open","ping_status":"closed","template":"","meta":[],"product_brand":[26],"product_cat":[32],"product_tag":[],"class_list":{"0":"post-1449","1":"product","2":"type-product","3":"status-publish","4":"has-post-thumbnail","6":"product_brand-trek","7":"product_cat-ville-loisirs","9":"first","10":"instock","11":"shipping-taxable","12":"purchasable","13":"product-type-variable","14":"has-default-attributes"},"jetpack_sharing_enabled":true,"_links":{"self":[{"href":"https:\/\/www.dijoncycles.fr\/en\/wp-json\/wp\/v2\/product\/1449","targetHints":{"allow":["GET"]}}],"collection":[{"href":"https:\/\/www.dijoncycles.fr\/en\/wp-json\/wp\/v2\/product"}],"about":[{"href":"https:\/\/www.dijoncycles.fr\/en\/wp-json\/wp\/v2\/types\/product"}],"replies":[{"embeddable":true,"href":"https:\/\/www.dijoncycles.fr\/en\/wp-json\/wp\/v2\/comments?post=1449"}],"wp:featuredmedia":[{"embeddable":true,"href":"https:\/\/www.dijoncycles.fr\/en\/wp-json\/wp\/v2\/media\/1460"}],"wp:attachment":[{"href":"https:\/\/www.dijoncycles.fr\/en\/wp-json\/wp\/v2\/media?parent=1449"}],"wp:term":[{"taxonomy":"product_brand","embeddable":true,"href":"https:\/\/www.dijoncycles.fr\/en\/wp-json\/wp\/v2\/product_brand?post=1449"},{"taxonomy":"product_cat","embeddable":true,"href":"https:\/\/www.dijoncycles.fr\/en\/wp-json\/wp\/v2\/product_cat?post=1449"},{"taxonomy":"product_tag","embeddable":true,"href":"https:\/\/www.dijoncycles.fr\/en\/wp-json\/wp\/v2\/product_tag?post=1449"}],"curies":[{"name":"wp","href":"https:\/\/api.w.org\/{rel}","templated":true}]}}