{"id":1462,"date":"2025-08-14T18:44:04","date_gmt":"2025-08-14T16:44:04","guid":{"rendered":"http:\/\/new.dijoncycles.fr\/?post_type=product&#038;p=1462"},"modified":"2026-04-26T12:18:05","modified_gmt":"2026-04-26T10:18:05","slug":"trek-marlin-7-vtt-cross-country-sram-nx","status":"publish","type":"product","link":"https:\/\/www.dijoncycles.fr\/en\/product\/trek-marlin-7-vtt-cross-country-sram-nx\/","title":{"rendered":"TREK Marlin 7 3rd gen."},"content":{"rendered":"<p>Le Trek Marlin 7 Gen 3 franchit un nouveau cap. Gr\u00e2ce \u00e0 sa nouvelle g\u00e9om\u00e9trie plus longue et plus basse, il offre une stabilit\u00e9 exceptionnelle en descente tout en restant un grimpeur hors pair. \u00c9quip\u00e9 d&rsquo;une fourche RockShox et de la transmission Sram NX, il est pr\u00eat pour vos premi\u00e8res comp\u00e9titions ou vos sorties sportives les plus engag\u00e9es.<\/p>\n<p>Le Marlin 7 est votre meilleur compagnon sur les chemins et lors de vos trajets quotidiens gr\u00e2ce \u00e0 sa g\u00e9om\u00e9trie qui saura doper votre niveau de confiance. Il trouve l\u2019\u00e9quilibre parfait entre prix et performance, avec une fourche t\u00e9lescopique RockShox qui amortit les chocs des pierres et des bosses que vous rencontrerez, et la large plage de d\u00e9veloppements de la transmission SRAM NX Eagle 12 vitesses.<\/p>\n<ul>\n<li>\n<p data-path-to-node=\"13,0,0\"><b data-path-to-node=\"13,0,0\" data-index-in-node=\"0\">Fourche :<\/b> <b data-path-to-node=\"13,0,0\" data-index-in-node=\"10\">RockShox Judy TK<\/b> \u2013 Avec blocage hydraulique pour les mont\u00e9es sur bitume.<br \/>\n<b data-path-to-node=\"13,2,0\" data-index-in-node=\"0\">Cadre :<\/b> Aluminium Alpha Silver avec <b data-path-to-node=\"13,2,0\" data-index-in-node=\"36\">passage interne de la tige de selle t\u00e9lescopique<\/b><br \/>\n<b data-path-to-node=\"13,3,0\" data-index-in-node=\"0\">Freins :<\/b> Freins \u00e0 disques hydrauliques Shimano (pr\u00e9cision et puissance).<br \/>\n<b data-path-to-node=\"13,4,0\" data-index-in-node=\"0\">Pneus :<\/b> Maxxis Rekon \u2013 section large pour l&rsquo;accroche.<\/p>\n<\/li>\n<\/ul>\n<p><b data-path-to-node=\"22,0\" data-index-in-node=\"0\">L&rsquo;engagement Dijon Cycles :<\/b> \u00ab\u00a0\u00c0 ce niveau de performance, le r\u00e9glage de la suspension est essentiel. Lors de la remise de votre <b data-path-to-node=\"22,0\" data-index-in-node=\"127\">Marlin 7<\/b>, nous r\u00e9glons la pr\u00e9contrainte de votre fourche RockShox en fonction de votre poids. Vous repartez du magasin avec un v\u00e9lo pr\u00eat \u00e0 affronter les sentiers de la <b data-path-to-node=\"22,0\" data-index-in-node=\"284\">Combe \u00e0 la Serpent<\/b> avec un confort optimal.\u00a0\u00bb<\/p>\n<p>Visualiser la gamme <a href=\"https:\/\/www.trekbikes.com\/fr\/fr_FR\/v%C3%A9los\/vtt\/vtt-cross-country\/marlin\/f\/F321\/marlin-7-3e-g%25c3%25a9n-\/57367\/5337152\" target=\"_blank\" rel=\"noopener\">TREK MARLIN 7<\/a><\/p>\n<p>Compl\u00e9tez votre achat avec un\u00a0<b data-path-to-node=\"27,0,0\" data-index-in-node=\"31\"><a href=\"https:\/\/www.dijoncycles.fr\/en\/casques-velo\/\">casque MET<\/a>\u00a0sp\u00e9cial VTT !<\/b><\/p>","protected":false},"excerpt":{"rendered":"<p>Le Trek Marlin 7 Gen 3 franchit un nouveau cap. Gr\u00e2ce \u00e0 sa nouvelle g\u00e9om\u00e9trie plus longue et plus basse, il offre une stabilit\u00e9 exceptionnelle en descente tout en restant un grimpeur hors pair. \u00c9quip\u00e9 d&rsquo;une fourche RockShox et de la transmission Sram NX, il est pr\u00eat pour vos premi\u00e8res comp\u00e9titions ou vos sorties sportives [&hellip;]<\/p>\n","protected":false},"featured_media":1484,"comment_status":"open","ping_status":"closed","template":"","meta":[],"product_brand":[26],"product_cat":[24],"product_tag":[74],"class_list":{"0":"post-1462","1":"product","2":"type-product","3":"status-publish","4":"has-post-thumbnail","6":"product_brand-trek","7":"product_cat-vtt","8":"product_tag-vtt-semi-rigide","10":"first","11":"instock","12":"shipping-taxable","13":"purchasable","14":"product-type-variable","15":"has-default-attributes"},"jetpack_sharing_enabled":true,"_links":{"self":[{"href":"https:\/\/www.dijoncycles.fr\/en\/wp-json\/wp\/v2\/product\/1462","targetHints":{"allow":["GET"]}}],"collection":[{"href":"https:\/\/www.dijoncycles.fr\/en\/wp-json\/wp\/v2\/product"}],"about":[{"href":"https:\/\/www.dijoncycles.fr\/en\/wp-json\/wp\/v2\/types\/product"}],"replies":[{"embeddable":true,"href":"https:\/\/www.dijoncycles.fr\/en\/wp-json\/wp\/v2\/comments?post=1462"}],"wp:featuredmedia":[{"embeddable":true,"href":"https:\/\/www.dijoncycles.fr\/en\/wp-json\/wp\/v2\/media\/1484"}],"wp:attachment":[{"href":"https:\/\/www.dijoncycles.fr\/en\/wp-json\/wp\/v2\/media?parent=1462"}],"wp:term":[{"taxonomy":"product_brand","embeddable":true,"href":"https:\/\/www.dijoncycles.fr\/en\/wp-json\/wp\/v2\/product_brand?post=1462"},{"taxonomy":"product_cat","embeddable":true,"href":"https:\/\/www.dijoncycles.fr\/en\/wp-json\/wp\/v2\/product_cat?post=1462"},{"taxonomy":"product_tag","embeddable":true,"href":"https:\/\/www.dijoncycles.fr\/en\/wp-json\/wp\/v2\/product_tag?post=1462"}],"curies":[{"name":"wp","href":"https:\/\/api.w.org\/{rel}","templated":true}]}}