{"id":1536,"date":"2025-08-16T19:30:09","date_gmt":"2025-08-16T17:30:09","guid":{"rendered":"http:\/\/new.dijoncycles.fr\/?post_type=product&#038;p=1536"},"modified":"2026-05-01T23:15:31","modified_gmt":"2026-05-01T21:15:31","slug":"bmx-race-chase-edge-2026","status":"publish","type":"product","link":"https:\/\/www.dijoncycles.fr\/en\/product\/bmx-race-chase-edge-2026\/","title":{"rendered":"CHASE Edge 2026"},"content":{"rendered":"<p>Le tout nouveau CHASE Edge est une machine BMX Race pr\u00eate pour la comp\u00e9tition, id\u00e9ale pour les pilotes pr\u00eats \u00e0 se lancer s\u00e9rieusement dans la course BMX et \u00e0 passer au niveau sup\u00e9rieur.<br \/>\nAlors que vous ne pensiez pas que c&rsquo;\u00e9tait possible, le nouveau Edge a \u00e9t\u00e9 am\u00e9lior\u00e9, car il est d\u00e9sormais \u00e9quip\u00e9 de freins \u00e0 disque hydrauliques Shimano (taille Junior et plus), de toutes nouvelles manivelles en alliage Chase 24 mm 2 pi\u00e8ces (Expert XL et plus), de tailles de p\u00e9dalier et de couronnes mises \u00e0 jour, d&rsquo;une peinture et d&rsquo;un graphisme bicolores et d&rsquo;un syst\u00e8me de pattes arri\u00e8re ferm\u00e9es avec syst\u00e8me de tendeur de cha\u00eene int\u00e9gr\u00e9.<br \/>\nLa combinaison de tous ces composants fait sans doute du CHASE Edge l&rsquo;un des v\u00e9los BMX de course les plus avanc\u00e9s disponibles aujourd&rsquo;hui.<\/p>\n<p>Voir les <a href=\"https:\/\/www.dijoncycles.fr\/en\/protections-du-pilote\/\">protections de BMX<\/a><\/p>\n<p>Visualiser la gamme <a href=\"https:\/\/chasebicycles.com\/bikes\/chase-edge\/\" target=\"_blank\" rel=\"noopener\">CHASE Edge<\/a><\/p>","protected":false},"excerpt":{"rendered":"<p>Le tout nouveau CHASE Edge est une machine BMX Race pr\u00eate pour la comp\u00e9tition, id\u00e9ale pour les pilotes pr\u00eats \u00e0 se lancer s\u00e9rieusement dans la course BMX et \u00e0 passer au niveau sup\u00e9rieur. Alors que vous ne pensiez pas que c&rsquo;\u00e9tait possible, le nouveau Edge a \u00e9t\u00e9 am\u00e9lior\u00e9, car il est d\u00e9sormais \u00e9quip\u00e9 de freins [&hellip;]<\/p>\n","protected":false},"featured_media":1552,"comment_status":"open","ping_status":"closed","template":"","meta":[],"product_brand":[65],"product_cat":[31],"product_tag":[],"class_list":{"0":"post-1536","1":"product","2":"type-product","3":"status-publish","4":"has-post-thumbnail","6":"product_brand-chase","7":"product_cat-bmx-race","9":"first","10":"onbackorder","11":"shipping-taxable","12":"purchasable","13":"product-type-variable","14":"has-default-attributes"},"jetpack_sharing_enabled":true,"_links":{"self":[{"href":"https:\/\/www.dijoncycles.fr\/en\/wp-json\/wp\/v2\/product\/1536","targetHints":{"allow":["GET"]}}],"collection":[{"href":"https:\/\/www.dijoncycles.fr\/en\/wp-json\/wp\/v2\/product"}],"about":[{"href":"https:\/\/www.dijoncycles.fr\/en\/wp-json\/wp\/v2\/types\/product"}],"replies":[{"embeddable":true,"href":"https:\/\/www.dijoncycles.fr\/en\/wp-json\/wp\/v2\/comments?post=1536"}],"wp:featuredmedia":[{"embeddable":true,"href":"https:\/\/www.dijoncycles.fr\/en\/wp-json\/wp\/v2\/media\/1552"}],"wp:attachment":[{"href":"https:\/\/www.dijoncycles.fr\/en\/wp-json\/wp\/v2\/media?parent=1536"}],"wp:term":[{"taxonomy":"product_brand","embeddable":true,"href":"https:\/\/www.dijoncycles.fr\/en\/wp-json\/wp\/v2\/product_brand?post=1536"},{"taxonomy":"product_cat","embeddable":true,"href":"https:\/\/www.dijoncycles.fr\/en\/wp-json\/wp\/v2\/product_cat?post=1536"},{"taxonomy":"product_tag","embeddable":true,"href":"https:\/\/www.dijoncycles.fr\/en\/wp-json\/wp\/v2\/product_tag?post=1536"}],"curies":[{"name":"wp","href":"https:\/\/api.w.org\/{rel}","templated":true}]}}