{"id":1556,"date":"2025-08-17T15:57:03","date_gmt":"2025-08-17T13:57:03","guid":{"rendered":"http:\/\/new.dijoncycles.fr\/?post_type=product&#038;p=1556"},"modified":"2026-01-25T19:41:41","modified_gmt":"2026-01-25T18:41:41","slug":"destockage-velo-electrique-haibike-trekking-4-low-taille-m","status":"publish","type":"product","link":"https:\/\/www.dijoncycles.fr\/en\/product\/destockage-velo-electrique-haibike-trekking-4-low-taille-m\/","title":{"rendered":"HAIBIKE Trekking 4 Low 2025 taille M"},"content":{"rendered":"<p><b data-path-to-node=\"12,0\" data-index-in-node=\"1\">FIN DE S\u00c9RIE :<\/b> Le HAIBIKE Trekking 4 Low est le v\u00e9lo \u00e9lectrique id\u00e9al pour ceux qui recherchent la s\u00e9curit\u00e9 d&rsquo;un cadre ouvert facile \u00e0 enjamber. En taille M, il convient parfaitement \u00e0 la majorit\u00e9 des cyclistes (env. 1m65 \u00e0 1m75). Profitez de la qualit\u00e9 allemande HAIBIKE \u00e0 prix d\u00e9stock\u00e9 avant \u00e9puisement d\u00e9finitif du stock.<\/p>\n<p>Ton alternative sportive \u00e0 la voiture, sur deux roues. \u00c9lectrique. Confortable. Polyvalent. Notre VAE TREKKING 4 a tout ce qu&rsquo;il te faut pour aller au travail \u2013 et il fait aussi bonne figure lors de tes sorties apr\u00e8s le boulot. Avec le moteur Yamaha PW-S2, tu acc\u00e9l\u00e8res de mani\u00e8re fluide et puissante. De plus, la batterie de 720 Wh t&rsquo;offre suffisamment de r\u00e9serves pour des randonn\u00e9es plus longues. \u00c9quip\u00e9 de porte-bagages, d&rsquo;\u00e9clairage et de garde-boue, tu es toujours conforme \u00e0 la StVZO. Plus de confort gr\u00e2ce \u00e0 la potence r\u00e9glable en angle. Pratique: Gr\u00e2ce au Modular Rail System polyvalent, tu peux fixer rapidement et facilement des accessoires tels qu&rsquo;une sacoche de cadre, un cadenas ou une gourde. Disponible en version haute ou basse. La solution parfaite si tu veux \u00eatre non seulement plus sportif, mais aussi plus respectueux de l&rsquo;environnement \u00e0 l&rsquo;avenir.<\/p>\n<ul>\n<li>\n<p data-path-to-node=\"14,0,0\"><b data-path-to-node=\"14,0,0\" data-index-in-node=\"0\">Moteur :<\/b> <b data-path-to-node=\"14,0,0\" data-index-in-node=\"9\">Bosch Performance Line (75Nm)<\/b> \u2013 Un moteur puissant qui permet de franchir les c\u00f4tes sans effort, m\u00eame avec des sacoches charg\u00e9es.<br \/>\n<b data-path-to-node=\"14,1,0\" data-index-in-node=\"0\">Batterie :<\/b> <b data-path-to-node=\"14,1,0\" data-index-in-node=\"11\">Bosch PowerTube 500Wh<\/b> \u2013 Int\u00e9gr\u00e9e au cadre pour une ligne \u00e9l\u00e9gante, elle offre une autonomie g\u00e9n\u00e9reuse pour la ville et les balades. <a href=\"https:\/\/www.bosch-ebike.com\/fr\/service\/assistant-dautonomie\" target=\"_blank\" rel=\"noopener\">Calculez votre autonomie.<\/a><br \/>\n<b data-path-to-node=\"14,2,0\" data-index-in-node=\"0\">Cadre Low (Bas) :<\/b> Permet de monter et descendre du v\u00e9lo en toute s\u00e9curit\u00e9, id\u00e9al pour les arr\u00eats fr\u00e9quents en ville.<br \/>\n<b data-path-to-node=\"14,3,0\" data-index-in-node=\"0\">\u00c9quipement complet :<\/b> Porte-bagages, garde-boue, b\u00e9quille et \u00e9clairages puissants reli\u00e9s \u00e0 la batterie.<br \/>\n<b data-path-to-node=\"14,4,0\" data-index-in-node=\"0\">Transmission :<\/b> Shimano Alivio 9 vitesses.<\/p>\n<\/li>\n<\/ul>\n<p><b data-path-to-node=\"23,0\" data-index-in-node=\"0\">L&rsquo;avis de l&rsquo;expert Dijon Cycles :<\/b> \u00ab\u00a0Le Trekking 4 Low est notre favori pour parcourir la <b data-path-to-node=\"23,0\" data-index-in-node=\"88\">Coul\u00e9e Verte<\/b> ou se rendre au centre-ville de <b data-path-to-node=\"23,0\" data-index-in-node=\"133\">Dijon<\/b> sans effort. Sa polyvalence est incroyable. En taille M, c&rsquo;est le v\u00e9lo &lsquo;partag\u00e9&rsquo; par excellence dans une famille. <b data-path-to-node=\"23,0\" data-index-in-node=\"253\">Derni\u00e8re pi\u00e8ce disponible en magasin, venez l&rsquo;essayer !<\/b>\u00a0\u00bb<\/p>\n<p>Compl\u00e9tez votre achat avec <a href=\"https:\/\/www.dijoncycles.fr\/en\/equipements\/\">nos accessoires<\/a><b data-path-to-node=\"27,0,0\" data-index-in-node=\"31\">\u00a0sp\u00e9cial VTTAE !<\/b><\/p>\n<p>Visualiser la nouvelle gamme\u00a0<a href=\"https:\/\/haibike.com\/de-de\/collections\/hardtail-trekking-e-bikes\" target=\"_blank\" rel=\"noopener\">HAIBIKE Trekking<\/a><\/p>","protected":false},"excerpt":{"rendered":"<p>FIN DE S\u00c9RIE : Le HAIBIKE Trekking 4 Low est le v\u00e9lo \u00e9lectrique id\u00e9al pour ceux qui recherchent la s\u00e9curit\u00e9 d&rsquo;un cadre ouvert facile \u00e0 enjamber. En taille M, il convient parfaitement \u00e0 la majorit\u00e9 des cyclistes (env. 1m65 \u00e0 1m75). Profitez de la qualit\u00e9 allemande HAIBIKE \u00e0 prix d\u00e9stock\u00e9 avant \u00e9puisement d\u00e9finitif du stock. [&hellip;]<\/p>\n","protected":false},"featured_media":1559,"comment_status":"open","ping_status":"closed","template":"","meta":[],"product_brand":[56],"product_cat":[33,30],"product_tag":[],"class_list":{"0":"post-1556","1":"product","2":"type-product","3":"status-publish","4":"has-post-thumbnail","6":"product_brand-haibike","7":"product_cat-ville-electrique","8":"product_cat-vtt-electrique","10":"first","11":"instock","12":"sale","13":"shipping-taxable","14":"purchasable","15":"product-type-simple"},"jetpack_sharing_enabled":true,"_links":{"self":[{"href":"https:\/\/www.dijoncycles.fr\/en\/wp-json\/wp\/v2\/product\/1556","targetHints":{"allow":["GET"]}}],"collection":[{"href":"https:\/\/www.dijoncycles.fr\/en\/wp-json\/wp\/v2\/product"}],"about":[{"href":"https:\/\/www.dijoncycles.fr\/en\/wp-json\/wp\/v2\/types\/product"}],"replies":[{"embeddable":true,"href":"https:\/\/www.dijoncycles.fr\/en\/wp-json\/wp\/v2\/comments?post=1556"}],"wp:featuredmedia":[{"embeddable":true,"href":"https:\/\/www.dijoncycles.fr\/en\/wp-json\/wp\/v2\/media\/1559"}],"wp:attachment":[{"href":"https:\/\/www.dijoncycles.fr\/en\/wp-json\/wp\/v2\/media?parent=1556"}],"wp:term":[{"taxonomy":"product_brand","embeddable":true,"href":"https:\/\/www.dijoncycles.fr\/en\/wp-json\/wp\/v2\/product_brand?post=1556"},{"taxonomy":"product_cat","embeddable":true,"href":"https:\/\/www.dijoncycles.fr\/en\/wp-json\/wp\/v2\/product_cat?post=1556"},{"taxonomy":"product_tag","embeddable":true,"href":"https:\/\/www.dijoncycles.fr\/en\/wp-json\/wp\/v2\/product_tag?post=1556"}],"curies":[{"name":"wp","href":"https:\/\/api.w.org\/{rel}","templated":true}]}}