{"id":1561,"date":"2025-08-17T21:58:06","date_gmt":"2025-08-17T19:58:06","guid":{"rendered":"http:\/\/new.dijoncycles.fr\/?post_type=product&#038;p=1561"},"modified":"2026-01-04T13:51:04","modified_gmt":"2026-01-04T12:51:04","slug":"bmx-race-chase-element","status":"publish","type":"product","link":"https:\/\/www.dijoncycles.fr\/en\/product\/bmx-race-chase-element\/","title":{"rendered":"CHASE ELEMENT"},"content":{"rendered":"<p>Depuis 11 ans, CHAS repousse les limites avec ses v\u00e9los complets BMX Race, et la toute nouvelle version de l&rsquo;Element, l&rsquo;Element 10, est la meilleure que nous ayons jamais propos\u00e9e.<\/p>\n<p>L&rsquo;Element 10 repose sur un nouveau cadre : un cadre 7005 T6 optimis\u00e9 pour les freins \u00e0 disque. Ce cadre est fabriqu\u00e9 \u00e0 partir d&rsquo;alliages de pointe, avec des tubes \u00e0 double et triple \u00e9paisseur variable, hydroform\u00e9s et coniques. Il est \u00e9quip\u00e9 d&rsquo;un tendeur de cha\u00eene int\u00e9gr\u00e9, d&rsquo;un syst\u00e8me de fixation pour freins \u00e0 disque, d&rsquo;une conception sp\u00e9cifique pour ces derniers et d&rsquo;un bo\u00eetier de p\u00e9dalier BB86 Press Fit. Le cadre Element reprend la g\u00e9om\u00e9trie de nos cadres Chase ACT en fibre de carbone, champions du monde UCI et des \u00c9tats-Unis de BMX, ainsi que celle de nos cadres de comp\u00e9tition RSP, tous dot\u00e9s d&rsquo;un tube de selle profil\u00e9.<\/p>\n<p>Le cadre Element est assembl\u00e9 avec certains des meilleurs composants BMX, notamment une fourche IKON Pro Carbon de 20 mm, des jantes Sun Envy en alliage, des pneus Tioga Fastr, une cha\u00eene KMC, un moyeu arri\u00e8re \u00e0 cassette ISO avec 72 points d&rsquo;engagement, un guidon et une potence de 31,8 mm, un p\u00e9dalier Excess LSP, un plateau Insight, des poign\u00e9es et des freins hydrauliques.<\/p>\n<p>#WinWithChase nous guide dans la conception de chaque nouveau v\u00e9lo ou cadre, offrant aux riders le meilleur pour les aider \u00e0 gagner. Nous sommes convaincus que le nouvel Element vous offre un avantage d\u00e9cisif gr\u00e2ce \u00e0 la technologie, l&rsquo;exp\u00e9rience et le palmar\u00e8s que nous avons int\u00e9gr\u00e9s\u00a0! Il ne vous reste plus qu&rsquo;\u00e0 vous lancer\u00a0!<\/p>\n<p>Visualiser la gamme <a href=\"https:\/\/chasebicycles.com\/bikes\/chase-element\/\" target=\"_blank\" rel=\"noopener\">CHASE Element<\/a><\/p>","protected":false},"excerpt":{"rendered":"<p>Depuis 11 ans, CHAS repousse les limites avec ses v\u00e9los complets BMX Race, et la toute nouvelle version de l&rsquo;Element, l&rsquo;Element 10, est la meilleure que nous ayons jamais propos\u00e9e. L&rsquo;Element 10 repose sur un nouveau cadre : un cadre 7005 T6 optimis\u00e9 pour les freins \u00e0 disque. Ce cadre est fabriqu\u00e9 \u00e0 partir d&rsquo;alliages [&hellip;]<\/p>\n","protected":false},"featured_media":2837,"comment_status":"open","ping_status":"closed","template":"","meta":[],"product_brand":[65],"product_cat":[31],"product_tag":[],"class_list":{"0":"post-1561","1":"product","2":"type-product","3":"status-publish","4":"has-post-thumbnail","6":"product_brand-chase","7":"product_cat-bmx-race","9":"first","10":"onbackorder","11":"shipping-taxable","12":"purchasable","13":"product-type-variable"},"jetpack_sharing_enabled":true,"_links":{"self":[{"href":"https:\/\/www.dijoncycles.fr\/en\/wp-json\/wp\/v2\/product\/1561","targetHints":{"allow":["GET"]}}],"collection":[{"href":"https:\/\/www.dijoncycles.fr\/en\/wp-json\/wp\/v2\/product"}],"about":[{"href":"https:\/\/www.dijoncycles.fr\/en\/wp-json\/wp\/v2\/types\/product"}],"replies":[{"embeddable":true,"href":"https:\/\/www.dijoncycles.fr\/en\/wp-json\/wp\/v2\/comments?post=1561"}],"wp:featuredmedia":[{"embeddable":true,"href":"https:\/\/www.dijoncycles.fr\/en\/wp-json\/wp\/v2\/media\/2837"}],"wp:attachment":[{"href":"https:\/\/www.dijoncycles.fr\/en\/wp-json\/wp\/v2\/media?parent=1561"}],"wp:term":[{"taxonomy":"product_brand","embeddable":true,"href":"https:\/\/www.dijoncycles.fr\/en\/wp-json\/wp\/v2\/product_brand?post=1561"},{"taxonomy":"product_cat","embeddable":true,"href":"https:\/\/www.dijoncycles.fr\/en\/wp-json\/wp\/v2\/product_cat?post=1561"},{"taxonomy":"product_tag","embeddable":true,"href":"https:\/\/www.dijoncycles.fr\/en\/wp-json\/wp\/v2\/product_tag?post=1561"}],"curies":[{"name":"wp","href":"https:\/\/api.w.org\/{rel}","templated":true}]}}