{"id":1701,"date":"2025-08-19T19:02:09","date_gmt":"2025-08-19T17:02:09","guid":{"rendered":"http:\/\/new.dijoncycles.fr\/?post_type=product&#038;p=1701"},"modified":"2026-02-06T16:39:11","modified_gmt":"2026-02-06T15:39:11","slug":"velo-gravel-bianchi-arcadex-comp-grx-610-822","status":"publish","type":"product","link":"https:\/\/www.dijoncycles.fr\/en\/product\/velo-gravel-bianchi-arcadex-comp-grx-610-822\/","title":{"rendered":"BIANCHI Arcadex Comp GRX 610\/822"},"content":{"rendered":"<p><span dir=\"auto\">Nous avons con\u00e7u l&rsquo;Arcadex pour vous emmener plus loin. Plus loin de vos sentiers habituels. Plus loin en pleine nature.<\/span><\/p>\n<p>Le BIANCHI Arcadex Comp est le v\u00e9lo de Gravel id\u00e9al pour les cyclistes qui souhaitent repousser les limites de leur zone de confort.<\/p>\n<p>D\u00e9couvrez la nouvelle collection de v\u00e9lo Gravel de BIANCHI au magasin DIJON CYCLES.<\/p>\n<p><span dir=\"auto\">Un v\u00e9lo Gravel performant, con\u00e7u pour l&rsquo;aventure, le bikepacking, et la d\u00e9couverte de nouvelles fronti\u00e8res. Le nouveau Arcadex COMP est \u00e9quip\u00e9 de roues Fulcrum Rapid Red, qui rouleront avec aisance sur les terrains difficiles et sont propos\u00e9es avec des groupes m\u00e9caniques Shimano GRX 822\/610.<\/span><\/p>\n<p>Visualiser la gamme <a href=\"https:\/\/www.bianchi.com\/store\/int_EN\/ytb87-arcadexcomp-grx610\/822disc1x12sp-0.html\" target=\"_blank\" rel=\"noopener\">BIANCHI Arcadex Comp<\/a><\/p>","protected":false},"excerpt":{"rendered":"<p>Nous avons con\u00e7u l&rsquo;Arcadex pour vous emmener plus loin. Plus loin de vos sentiers habituels. Plus loin en pleine nature. Le BIANCHI Arcadex Comp est le v\u00e9lo de Gravel id\u00e9al pour les cyclistes qui souhaitent repousser les limites de leur zone de confort. D\u00e9couvrez la nouvelle collection de v\u00e9lo Gravel de BIANCHI au magasin DIJON [&hellip;]<\/p>\n","protected":false},"featured_media":1702,"comment_status":"open","ping_status":"closed","template":"","meta":[],"product_brand":[36],"product_cat":[29],"product_tag":[],"class_list":{"0":"post-1701","1":"product","2":"type-product","3":"status-publish","4":"has-post-thumbnail","6":"product_brand-bianchi","7":"product_cat-gravel","9":"first","10":"instock","11":"shipping-taxable","12":"purchasable","13":"product-type-variable","14":"has-default-attributes"},"jetpack_sharing_enabled":true,"_links":{"self":[{"href":"https:\/\/www.dijoncycles.fr\/en\/wp-json\/wp\/v2\/product\/1701","targetHints":{"allow":["GET"]}}],"collection":[{"href":"https:\/\/www.dijoncycles.fr\/en\/wp-json\/wp\/v2\/product"}],"about":[{"href":"https:\/\/www.dijoncycles.fr\/en\/wp-json\/wp\/v2\/types\/product"}],"replies":[{"embeddable":true,"href":"https:\/\/www.dijoncycles.fr\/en\/wp-json\/wp\/v2\/comments?post=1701"}],"wp:featuredmedia":[{"embeddable":true,"href":"https:\/\/www.dijoncycles.fr\/en\/wp-json\/wp\/v2\/media\/1702"}],"wp:attachment":[{"href":"https:\/\/www.dijoncycles.fr\/en\/wp-json\/wp\/v2\/media?parent=1701"}],"wp:term":[{"taxonomy":"product_brand","embeddable":true,"href":"https:\/\/www.dijoncycles.fr\/en\/wp-json\/wp\/v2\/product_brand?post=1701"},{"taxonomy":"product_cat","embeddable":true,"href":"https:\/\/www.dijoncycles.fr\/en\/wp-json\/wp\/v2\/product_cat?post=1701"},{"taxonomy":"product_tag","embeddable":true,"href":"https:\/\/www.dijoncycles.fr\/en\/wp-json\/wp\/v2\/product_tag?post=1701"}],"curies":[{"name":"wp","href":"https:\/\/api.w.org\/{rel}","templated":true}]}}