{"id":1747,"date":"2025-08-31T18:12:27","date_gmt":"2025-08-31T16:12:27","guid":{"rendered":"http:\/\/new.dijoncycles.fr\/?post_type=product&#038;p=1747"},"modified":"2026-04-08T12:04:55","modified_gmt":"2026-04-08T10:04:55","slug":"velo-enfant-20-pouces-polygon-relic-20","status":"publish","type":"product","link":"https:\/\/www.dijoncycles.fr\/en\/product\/velo-enfant-20-pouces-polygon-relic-20\/","title":{"rendered":"POLYGON Relic 20 children's bike"},"content":{"rendered":"<p>Passer du petit v\u00e9lo de ville au premier vrai VTT est une \u00e9tape cl\u00e9. Le POLYGON Relic 20 est con\u00e7u pour faciliter cette transition : il est assez l\u00e9ger pour \u00eatre mani\u00e9 sans effort et assez robuste pour supporter les premi\u00e8res cascades en for\u00eat.<\/p>\n<h4>De 5 \u00e0 8 ans.<\/h4>\n<p>Le v\u00e9lo enfant POLYGON sont soigneusement con\u00e7us avec une g\u00e9om\u00e9trie adapt\u00e9e aux plus petits gabarits et des pi\u00e8ces de haute qualit\u00e9, con\u00e7ues pour s&rsquo;adapter \u00e0 leurs besoins. L&rsquo;objectif de POLYGON est de cr\u00e9er des v\u00e9los accessibles \u00e0 tous. Cela implique de cr\u00e9er des v\u00e9los l\u00e9gers et de qualit\u00e9, s\u00fbrs pour les jeunes cyclistes. La s\u00e9rie Polygon Youth a pour vocation de cr\u00e9er des v\u00e9los pour que chaque enfant vive une exp\u00e9rience de conduite agr\u00e9able et vive de futures aventures \u00e0 v\u00e9lo.<\/p>\n<p>Le POLYGON Relic 20 est l\u2019id\u00e9e cadeau No\u00ebl \/ Anniversaire id\u00e9al pour un enfant.<\/p>\n<ul>\n<li>\n<p data-path-to-node=\"12,0,0\"><b data-path-to-node=\"12,0,0\" data-index-in-node=\"0\">Cadre :<\/b> Aluminium AL6 ultra-l\u00e9ger (Crucial : un v\u00e9lo trop lourd d\u00e9courage l&rsquo;enfant).<\/p>\n<\/li>\n<li>\n<p data-path-to-node=\"12,1,0\"><b data-path-to-node=\"12,1,0\" data-index-in-node=\"0\">Fourche :<\/b> Suspension <b data-path-to-node=\"12,1,0\" data-index-in-node=\"21\">Suntour 40mm<\/b> (adapt\u00e9e au poids l\u00e9ger de l&rsquo;enfant pour qu&rsquo;elle fonctionne r\u00e9ellement).<\/p>\n<\/li>\n<li>\n<p data-path-to-node=\"12,2,0\"><b data-path-to-node=\"12,2,0\" data-index-in-node=\"0\">Transmission :<\/b> Shimano 1&#215;7 vitesses avec <b data-path-to-node=\"12,2,0\" data-index-in-node=\"41\">poign\u00e9e tournante RevoShift <\/b>(plus <i data-path-to-node=\"12,2,1,0,0\" data-index-in-node=\"0\">facile \u00e0 utiliser pour les petites mains).<\/i><\/p>\n<\/li>\n<li>\n<p data-path-to-node=\"12,3,0\"><b data-path-to-node=\"12,3,0\" data-index-in-node=\"0\">Freins :<\/b> <b data-path-to-node=\"12,3,0\" data-index-in-node=\"9\">Freins \u00e0 disques m\u00e9caniques<\/b>.<\/p>\n<\/li>\n<li>\n<p data-path-to-node=\"12,4,0\"><b data-path-to-node=\"12,4,0\" data-index-in-node=\"0\">Pneus :<\/b> 20 x 2.00 (Larges pour la stabilit\u00e9 et la confiance).<\/p>\n<\/li>\n<\/ul>\n<p><b data-path-to-node=\"21,0\" data-index-in-node=\"0\">Est-ce la bonne taille pour mon enfant ?<\/b> Le Relic 20 est id\u00e9al pour les enfants mesurant entre <b data-path-to-node=\"21,0\" data-index-in-node=\"96\">110 cm et 130 cm<\/b>.<br \/>\n<b data-path-to-node=\"21,0\" data-index-in-node=\"114\">Le conseil pro :<\/b> Si votre enfant est proche de 130 cm, nous vous conseillons de passer sur le mod\u00e8le <a href=\"https:\/\/www.dijoncycles.fr\/en\/product\/velo-enfant-polygon-relic-24\/\">Relic 24<\/a> pour qu&rsquo;il le garde plus longtemps. Venez faire le test en magasin \u00e0 <b data-path-to-node=\"21,0\" data-index-in-node=\"293\">Dijon<\/b> !<\/p>\n<p>Visualiser la gamme <a href=\"https:\/\/www.polygonbikes.com\/relic-20\/?attribute_pa_color=green&amp;attribute_pa_size=all-size\" target=\"_blank\" rel=\"noopener\">POLYGON Relic 20<\/a><\/p>\n<p>Voir les v\u00e9los <a href=\"https:\/\/www.dijoncycles.fr\/en\/product-tag\/polygon\/\">POLYGON<\/a> en stock.<\/p>","protected":false},"excerpt":{"rendered":"<p>Passer du petit v\u00e9lo de ville au premier vrai VTT est une \u00e9tape cl\u00e9. Le POLYGON Relic 20 est con\u00e7u pour faciliter cette transition : il est assez l\u00e9ger pour \u00eatre mani\u00e9 sans effort et assez robuste pour supporter les premi\u00e8res cascades en for\u00eat. De 5 \u00e0 8 ans. Le v\u00e9lo enfant POLYGON sont soigneusement [&hellip;]<\/p>\n","protected":false},"featured_media":1750,"comment_status":"open","ping_status":"closed","template":"","meta":[],"product_brand":[57],"product_cat":[24],"product_tag":[71],"class_list":{"0":"post-1747","1":"product","2":"type-product","3":"status-publish","4":"has-post-thumbnail","6":"product_brand-polygon","7":"product_cat-vtt","8":"product_tag-enfant","10":"first","11":"instock","12":"shipping-taxable","13":"purchasable","14":"product-type-variable","15":"has-default-attributes"},"jetpack_sharing_enabled":true,"_links":{"self":[{"href":"https:\/\/www.dijoncycles.fr\/en\/wp-json\/wp\/v2\/product\/1747","targetHints":{"allow":["GET"]}}],"collection":[{"href":"https:\/\/www.dijoncycles.fr\/en\/wp-json\/wp\/v2\/product"}],"about":[{"href":"https:\/\/www.dijoncycles.fr\/en\/wp-json\/wp\/v2\/types\/product"}],"replies":[{"embeddable":true,"href":"https:\/\/www.dijoncycles.fr\/en\/wp-json\/wp\/v2\/comments?post=1747"}],"wp:featuredmedia":[{"embeddable":true,"href":"https:\/\/www.dijoncycles.fr\/en\/wp-json\/wp\/v2\/media\/1750"}],"wp:attachment":[{"href":"https:\/\/www.dijoncycles.fr\/en\/wp-json\/wp\/v2\/media?parent=1747"}],"wp:term":[{"taxonomy":"product_brand","embeddable":true,"href":"https:\/\/www.dijoncycles.fr\/en\/wp-json\/wp\/v2\/product_brand?post=1747"},{"taxonomy":"product_cat","embeddable":true,"href":"https:\/\/www.dijoncycles.fr\/en\/wp-json\/wp\/v2\/product_cat?post=1747"},{"taxonomy":"product_tag","embeddable":true,"href":"https:\/\/www.dijoncycles.fr\/en\/wp-json\/wp\/v2\/product_tag?post=1747"}],"curies":[{"name":"wp","href":"https:\/\/api.w.org\/{rel}","templated":true}]}}