{"id":1752,"date":"2025-08-31T18:47:58","date_gmt":"2025-08-31T16:47:58","guid":{"rendered":"http:\/\/new.dijoncycles.fr\/?post_type=product&#038;p=1752"},"modified":"2026-05-14T09:39:14","modified_gmt":"2026-05-14T07:39:14","slug":"velo-enfant-polygon-relic-24","status":"publish","type":"product","link":"https:\/\/www.dijoncycles.fr\/en\/product\/velo-enfant-polygon-relic-24\/","title":{"rendered":"POLYGON Relic 24 children's bike"},"content":{"rendered":"<p>Le POLYGON Relic 24 n&rsquo;est pas un jouet, c&rsquo;est un v\u00e9ritable v\u00e9lo miniature. Con\u00e7u pour les jeunes riders qui veulent suivre leurs parents sur les sentiers, il combine la solidit\u00e9 d&rsquo;un cadre VTT avec des composants adapt\u00e9s \u00e0 la morphologie des enfants.<\/p>\n<h4>De 7 \u00e0 12 ans.<\/h4>\n<p>L&rsquo;objectif de POLYGON est de cr\u00e9er un v\u00e9lo enfant accessibles \u00e0 tous. Cela implique de cr\u00e9er des v\u00e9los l\u00e9gers et de qualit\u00e9, s\u00fbrs pour les jeunes cyclistes. Les v\u00e9los Polygon Youth sont soigneusement con\u00e7us avec une g\u00e9om\u00e9trie adapt\u00e9e aux plus petits gabarits et des pi\u00e8ces de haute qualit\u00e9, con\u00e7ues pour s&rsquo;adapter \u00e0 leurs besoins. La s\u00e9rie Polygon Youth a pour vocation de cr\u00e9er des v\u00e9los pour que chaque enfant vive une exp\u00e9rience de conduite agr\u00e9able et vive de futures aventures \u00e0 v\u00e9lo.<\/p>\n<p>Le POLYGON Relic 24 est l&rsquo;Id\u00e9e cadeau No\u00ebl \/ Anniversaire id\u00e9al pour un enfant.<\/p>\n<ul>\n<li>\n<p data-path-to-node=\"13,0,0\"><b data-path-to-node=\"13,0,0\" data-index-in-node=\"0\">Cadre :<\/b> Aluminium AL6 (L\u00e9ger pour que l&rsquo;enfant ne lutte pas contre le poids du v\u00e9lo).<\/p>\n<\/li>\n<li>\n<p data-path-to-node=\"13,1,0\"><b data-path-to-node=\"13,1,0\" data-index-in-node=\"0\">Fourche :<\/b> Suspension <b data-path-to-node=\"13,1,0\" data-index-in-node=\"21\">Suntour 60mm<\/b> (pour absorber les chocs et prot\u00e9ger les poignets).<\/p>\n<\/li>\n<li>\n<p data-path-to-node=\"13,2,0\"><b data-path-to-node=\"13,2,0\" data-index-in-node=\"0\">Transmission :<\/b> Shimano 1&#215;8 vitesses (Le <b data-path-to-node=\"13,2,0\" data-index-in-node=\"40\">monoplateau<\/b>: c&rsquo;est beaucoup plus simple \u00e0 comprendre pour un enfant).<\/p>\n<\/li>\n<li>\n<p data-path-to-node=\"13,3,0\"><b data-path-to-node=\"13,3,0\" data-index-in-node=\"0\">Freins :<\/b> <b data-path-to-node=\"13,3,0\" data-index-in-node=\"9\">Freins \u00e0 disques<\/b> (indispensable pour un freinage s\u00e9curisant avec de petites mains, m\u00eame sous la pluie).<\/p>\n<\/li>\n<li>\n<p data-path-to-node=\"13,4,0\"><b data-path-to-node=\"13,4,0\" data-index-in-node=\"0\">Pneus :<\/b> Larges crampons pour une adh\u00e9rence maximale en for\u00eat.<\/p>\n<\/li>\n<\/ul>\n<p><b data-path-to-node=\"23,0\" data-index-in-node=\"0\">Quelle taille pour le POLYGON Relic 24 ?<\/b> Ce v\u00e9lo est id\u00e9al pour un enfant mesurant entre <b data-path-to-node=\"23,0\" data-index-in-node=\"90\">120 cm et 150 cm<\/b> (environ 7 \u00e0 12 ans). N&rsquo;h\u00e9sitez pas \u00e0 venir avec votre enfant au magasin de <b data-path-to-node=\"23,0\" data-index-in-node=\"183\">Dijon<\/b> pour un essai et un r\u00e9glage personnalis\u00e9 de la selle et du guidon.<\/p>\n<p>Visualiser la gamme <a href=\"https:\/\/www.polygonbikes.com\/relic-24\/?attribute_pa_color=cream&amp;attribute_pa_size=all-size\" target=\"_blank\" rel=\"noopener\">POLYGON Relic 24<\/a><\/p>\n<p>Voir les v\u00e9los <a href=\"https:\/\/www.dijoncycles.fr\/en\/product-tag\/polygon\/\">POLYGON<\/a> en stock.<\/p>","protected":false},"excerpt":{"rendered":"<p>Le POLYGON Relic 24 n&rsquo;est pas un jouet, c&rsquo;est un v\u00e9ritable v\u00e9lo miniature. Con\u00e7u pour les jeunes riders qui veulent suivre leurs parents sur les sentiers, il combine la solidit\u00e9 d&rsquo;un cadre VTT avec des composants adapt\u00e9s \u00e0 la morphologie des enfants. De 7 \u00e0 12 ans. L&rsquo;objectif de POLYGON est de cr\u00e9er un v\u00e9lo [&hellip;]<\/p>\n","protected":false},"featured_media":1755,"comment_status":"open","ping_status":"closed","template":"","meta":[],"product_brand":[57],"product_cat":[24],"product_tag":[71],"class_list":{"0":"post-1752","1":"product","2":"type-product","3":"status-publish","4":"has-post-thumbnail","6":"product_brand-polygon","7":"product_cat-vtt","8":"product_tag-enfant","10":"first","11":"instock","12":"shipping-taxable","13":"purchasable","14":"product-type-variable","15":"has-default-attributes"},"jetpack_sharing_enabled":true,"_links":{"self":[{"href":"https:\/\/www.dijoncycles.fr\/en\/wp-json\/wp\/v2\/product\/1752","targetHints":{"allow":["GET"]}}],"collection":[{"href":"https:\/\/www.dijoncycles.fr\/en\/wp-json\/wp\/v2\/product"}],"about":[{"href":"https:\/\/www.dijoncycles.fr\/en\/wp-json\/wp\/v2\/types\/product"}],"replies":[{"embeddable":true,"href":"https:\/\/www.dijoncycles.fr\/en\/wp-json\/wp\/v2\/comments?post=1752"}],"wp:featuredmedia":[{"embeddable":true,"href":"https:\/\/www.dijoncycles.fr\/en\/wp-json\/wp\/v2\/media\/1755"}],"wp:attachment":[{"href":"https:\/\/www.dijoncycles.fr\/en\/wp-json\/wp\/v2\/media?parent=1752"}],"wp:term":[{"taxonomy":"product_brand","embeddable":true,"href":"https:\/\/www.dijoncycles.fr\/en\/wp-json\/wp\/v2\/product_brand?post=1752"},{"taxonomy":"product_cat","embeddable":true,"href":"https:\/\/www.dijoncycles.fr\/en\/wp-json\/wp\/v2\/product_cat?post=1752"},{"taxonomy":"product_tag","embeddable":true,"href":"https:\/\/www.dijoncycles.fr\/en\/wp-json\/wp\/v2\/product_tag?post=1752"}],"curies":[{"name":"wp","href":"https:\/\/api.w.org\/{rel}","templated":true}]}}