{"id":1757,"date":"2025-09-01T18:27:38","date_gmt":"2025-09-01T16:27:38","guid":{"rendered":"http:\/\/new.dijoncycles.fr\/?post_type=product&#038;p=1757"},"modified":"2026-03-31T09:04:07","modified_gmt":"2026-03-31T07:04:07","slug":"velo-route-elecrtrique-polygon-strattos-e-105-di2","status":"publish","type":"product","link":"https:\/\/www.dijoncycles.fr\/en\/product\/velo-route-elecrtrique-polygon-strattos-e-105-di2\/","title":{"rendered":"POLYGON Strattos E 105Di2"},"content":{"rendered":"<p>Le v\u00e9lo route \u00e9lectrique l\u00e9ger POLYGON Strattos E carbone efface les difficult\u00e9s. Que ce soit pour suivre un groupe plus rapide ou pour affronter des d\u00e9nivel\u00e9s importants, ce v\u00e9lo de route VAE offre une assistance fluide et naturelle qui pr\u00e9serve les sensations de pilotage d&rsquo;un vrai v\u00e9lo de course.<\/p>\n<h4>Pour faire du sport.<\/h4>\n<p>P\u00e9daler plus vite, prendre de la vitesse, rouler encore plus vite : la motorisation BOSCH Performance Line SX est votre alli\u00e9e. Lanc\u00e9 \u00e0 une cadence de p\u00e9dalage \u00e9lev\u00e9e, cette motorisation vous assiste \u00e0 un niveau sup\u00e9rieur \u00e0 celui de vos performances gr\u00e2ce \u00e0 des pointes de puissance moteur pouvant atteindre 600 watts. Avec ses caract\u00e9ristiques, sa r\u00e9ponse pr\u00e9cise et r\u00e9active, la motorisation Performance Line SX est id\u00e9ale pour tous les sportifs souhaitant b\u00e9n\u00e9ficier de l&rsquo;effet d&rsquo;entra\u00eenement.<\/p>\n<p>Pour rouler longtemps avec un syst\u00e8me inteligent.<br \/>\nLe Strattos E est un v\u00e9lo de route \u00ablight ebike\u00bb livr\u00e9 avec 650Wh d\u2019autonomie, int\u00e9gr\u00e9 dans le tube sup\u00e9rieur et d\u2019une commande additionnelle au guidon \u00ab\u00a0mini remote\u00a0\u00bb.<\/p>\n<p>Acheter votre v\u00e9lo \u00e9lectrique dans le magasin DIJON CYCLES, c&rsquo;est l&rsquo;assurance d&rsquo;un suivi technique expert. Nous effectuons les <b data-path-to-node=\"23,0\" data-index-in-node=\"117\">mises \u00e0 jour logicielles<\/b> de votre moteur et de votre transmission SHIMANO Di2 lors de chaque entretien.<\/p>\n<p>Quelle taille choisir ?\u00a0 Faites vos mesures en ligne avec l\u2019<a href=\"https:\/\/www.dijoncycles.fr\/en\/etude-posturale\/\">outil DIJON CYCLES.<\/a><\/p>\n<p>Visualiser la gamme\u00a0<a href=\"https:\/\/www.polygonbikes.com\/fr\/\" target=\"_blank\" rel=\"noopener\">POLYGON Strattos E<\/a><\/p>","protected":false},"excerpt":{"rendered":"<p>Le v\u00e9lo route \u00e9lectrique l\u00e9ger POLYGON Strattos E carbone efface les difficult\u00e9s. Que ce soit pour suivre un groupe plus rapide ou pour affronter des d\u00e9nivel\u00e9s importants, ce v\u00e9lo de route VAE offre une assistance fluide et naturelle qui pr\u00e9serve les sensations de pilotage d&rsquo;un vrai v\u00e9lo de course. Pour faire du sport. P\u00e9daler plus [&hellip;]<\/p>\n","protected":false},"featured_media":1762,"comment_status":"open","ping_status":"closed","template":"","meta":[],"product_brand":[57],"product_cat":[28],"product_tag":[],"class_list":{"0":"post-1757","1":"product","2":"type-product","3":"status-publish","4":"has-post-thumbnail","6":"product_brand-polygon","7":"product_cat-route","9":"first","10":"instock","11":"shipping-taxable","12":"purchasable","13":"product-type-variable","14":"has-default-attributes"},"jetpack_sharing_enabled":true,"_links":{"self":[{"href":"https:\/\/www.dijoncycles.fr\/en\/wp-json\/wp\/v2\/product\/1757","targetHints":{"allow":["GET"]}}],"collection":[{"href":"https:\/\/www.dijoncycles.fr\/en\/wp-json\/wp\/v2\/product"}],"about":[{"href":"https:\/\/www.dijoncycles.fr\/en\/wp-json\/wp\/v2\/types\/product"}],"replies":[{"embeddable":true,"href":"https:\/\/www.dijoncycles.fr\/en\/wp-json\/wp\/v2\/comments?post=1757"}],"wp:featuredmedia":[{"embeddable":true,"href":"https:\/\/www.dijoncycles.fr\/en\/wp-json\/wp\/v2\/media\/1762"}],"wp:attachment":[{"href":"https:\/\/www.dijoncycles.fr\/en\/wp-json\/wp\/v2\/media?parent=1757"}],"wp:term":[{"taxonomy":"product_brand","embeddable":true,"href":"https:\/\/www.dijoncycles.fr\/en\/wp-json\/wp\/v2\/product_brand?post=1757"},{"taxonomy":"product_cat","embeddable":true,"href":"https:\/\/www.dijoncycles.fr\/en\/wp-json\/wp\/v2\/product_cat?post=1757"},{"taxonomy":"product_tag","embeddable":true,"href":"https:\/\/www.dijoncycles.fr\/en\/wp-json\/wp\/v2\/product_tag?post=1757"}],"curies":[{"name":"wp","href":"https:\/\/api.w.org\/{rel}","templated":true}]}}