{"id":1765,"date":"2025-09-02T15:29:00","date_gmt":"2025-09-02T13:29:00","guid":{"rendered":"http:\/\/new.dijoncycles.fr\/?post_type=product&#038;p=1765"},"modified":"2026-03-01T19:21:25","modified_gmt":"2026-03-01T18:21:25","slug":"vae-winora-yakun-x10e-low","status":"publish","type":"product","link":"https:\/\/www.dijoncycles.fr\/en\/product\/vae-winora-yakun-x10e-low\/","title":{"rendered":"WINORA Yakun X10E Low"},"content":{"rendered":"<h4><b class=\"\" data-path-to-node=\"7\" data-index-in-node=\"0\">Winora Yakun X10E Low (2026) \u2013 La puissance d&rsquo;un SUV, le confort d&rsquo;un cadre bas<\/b><\/h4>\n<p>Pr\u00eat pour l&rsquo;aventure, que ce soit pour traverser Dijon ou explorer les sentiers de la C\u00f4te-d&rsquo;Or. Le <b data-path-to-node=\"9,0\" data-index-in-node=\"101\">Winora Yakun X10E Low<\/b> red\u00e9finit le segment du VAE SUV. Avec son cadre \u00e0 enjambement bas ultra-rigide et ses composants haut de gamme, il offre une stabilit\u00e9 exceptionnelle m\u00eame avec des sacoches charg\u00e9es. C&rsquo;est le compagnon id\u00e9al pour ceux qui veulent abandonner la voiture sans sacrifier le confort.<\/p>\n<p>Dites adieu au blues du lundi ! Avec sa polyvalence, le Winora Yakun X10E remplace confortablement un voiture. Ce v\u00e9lo de ville \u00e9lectrique polyvalent est tout aussi \u00e0 l&rsquo;aise sur la route que sur les chemins en gravier, offrant un confort optimal pour tous vos besoins. Le nouveau moteur Bosch Performance CX, combin\u00e9 \u00e0 une batterie de 600Wh, vous fournit un soutien efficace et durable \u2013 m\u00eame lorsque vous transportez des bagages, que vous pouvez facilement ranger sur le porte-bagages arri\u00e8re ou sur celui en option \u00e0 l\u2019avant.<\/p>\n<p>Gr\u00e2ce \u00e0 la transmission \u00e0 10 vitesses fiable, vous trouverez toujours le rapport id\u00e9al, et les freins \u00e0 disque hydrauliques garantissent un contr\u00f4le total dans toutes les situations. Des fonctionnalit\u00e9s conformes au code de la route fran\u00e7ais et un excellent rapport qualit\u00e9-prix compl\u00e8tent l&rsquo;offre du Yakun X10E. Un v\u00e9lo \u00e9lectrique qui rend les lundis matin aussi agr\u00e9ables que les vendredis soirs.<\/p>\n<ul data-path-to-node=\"11\">\n<li>\n<p data-path-to-node=\"11,0,0\"><b class=\"\" data-path-to-node=\"11,0,0\" data-index-in-node=\"0\">Moteur Bosch Performance CX Smart System :<\/b><span class=\"\"> Le couple puissant de Bosch (85 Nm) pour franchir toutes les c\u00f4tes sans effort.<br \/>\n<\/span><b class=\"\" data-path-to-node=\"11,1,0\" data-index-in-node=\"0\">Batterie Bosch PowerTube 600 Wh :<\/b><span class=\"\"> Une autonomie XL pour vos longues randonn\u00e9es ou une semaine compl\u00e8te de v\u00e9lotaf sans recharger.<br \/>\n<\/span><b class=\"\" data-path-to-node=\"11,2,0\" data-index-in-node=\"0\">Cadre Low (Enjambement bas) :<\/b><span class=\"\"> S\u00e9curit\u00e9 et facilit\u00e9 pour monter et descendre du v\u00e9lo,<\/span><span class=\"\"> m\u00eame avec un si\u00e8ge enfant ou un porte-bagages charg\u00e9.<br \/>\n<b class=\"\" data-path-to-node=\"10,1,0\" data-index-in-node=\"0\">Conception E-SUV :<\/b> Un ch\u00e2ssis renforc\u00e9 con\u00e7u pour le confort, la stabilit\u00e9 et une grande capacit\u00e9 de chargement.<br \/>\n<\/span><b class=\"\" data-path-to-node=\"11,3,0\" data-index-in-node=\"0\">\u00c9quipement robuste :<\/b><span class=\"\"> Fourche suspendue RockShox,<\/span><span class=\"\"> pneus larges pour le confort et porte-bagages homologu\u00e9 pour les charges lourdes.<br \/>\n<\/span><b class=\"\" data-path-to-node=\"10,3,0\" data-index-in-node=\"0\">Polyvalence totale :<\/b><span class=\"\"> Aussi \u00e0 l&rsquo;aise pour le v\u00e9lotaf quotidien que pour les escapades du week-end sur les chemins de Bourgogne.<\/span><\/p>\n<\/li>\n<\/ul>\n<p><b class=\"\" data-path-to-node=\"12\" data-index-in-node=\"0\">L&rsquo;avis de l&rsquo;expert Dijon Cycles :<br \/>\n<\/b>\u00ab\u00a0Le Yakun X10E est l&rsquo;un des rares v\u00e9los capables de remplacer une deuxi\u00e8me voiture, id\u00e9al pour les trajets entre les villages de la m\u00e9tropole dijonnaise et le centre-ville. Chez <b data-path-to-node=\"12,0\" data-index-in-node=\"89\">Dijon Cycles<\/b>, nous configurons en magasin l&rsquo;assistance moteur sp\u00e9cifiquement pour votre type de trajet et nous vous aidons \u00e0 choisir les accessoires (sacoches, paniers, si\u00e8ge enfant ou remorque) pour tirer le meilleur parti de son ch\u00e2ssis robuste.\u00a0\u00bb<\/p>\n<p>Visualiser la gamme <a href=\"https:\/\/www.winora.com\/fr-fr\/p\/yakun-x10e-widt1\/?HEIGHTS=L&amp;UB-FRAMEKI=Low\" target=\"_blank\" rel=\"noopener\">WINORA Yakun<\/a><\/p>\n<p data-path-to-node=\"19,0\"><b data-path-to-node=\"19,0\" data-index-in-node=\"0\">\ud83d\udeb2 Votre Winora Yakun X10E par abonnement<\/b><br \/>\nCe mod\u00e8le premium est \u00e9ligible \u00e0 notre service <b data-path-to-node=\"19,0\" data-index-in-node=\"89\"><a class=\"ng-star-inserted\" href=\"https:\/\/www.dijoncycles.fr\/en\/abonnement-velo-greenleaze\/\" target=\"_blank\" rel=\"noopener\" data-hveid=\"0\" data-ved=\"0CAAQ_4QMahcKEwis8en2nv-SAxUAAAAAHQAAAAAQSw\">Abonnement V\u00e9lo GreenLeaze<\/a><\/b>.<br \/>\n<b data-path-to-node=\"19,1,0,0\" data-index-in-node=\"0\">&#8211; Ma\u00eetrisez votre budget :<\/b> Un loyer mensuel fixe tout compris.<br \/>\n<b data-path-to-node=\"19,1,1,0\" data-index-in-node=\"0\">&#8211; S\u00e9r\u00e9nit\u00e9 totale :<\/b> Assurance casse et vol incluse (id\u00e9al pour un v\u00e9lo de cette valeur).<br \/>\n<b data-path-to-node=\"19,1,2,0\" data-index-in-node=\"0\">&#8211; Avantage salari\u00e9 :<\/b> Demandez \u00e0 votre employeur la prise en charge via le <b data-path-to-node=\"19,1,2,0\" data-index-in-node=\"72\">Forfait Mobilit\u00e9s Durables<\/b> !<\/p>","protected":false},"excerpt":{"rendered":"<p>Winora Yakun X10E Low (2026) \u2013 La puissance d&rsquo;un SUV, le confort d&rsquo;un cadre bas Pr\u00eat pour l&rsquo;aventure, que ce soit pour traverser Dijon ou explorer les sentiers de la C\u00f4te-d&rsquo;Or. Le Winora Yakun X10E Low red\u00e9finit le segment du VAE SUV. Avec son cadre \u00e0 enjambement bas ultra-rigide et ses composants haut de gamme, [&hellip;]<\/p>\n","protected":false},"featured_media":1771,"comment_status":"open","ping_status":"closed","template":"","meta":[],"product_brand":[55],"product_cat":[33],"product_tag":[],"class_list":{"0":"post-1765","1":"product","2":"type-product","3":"status-publish","4":"has-post-thumbnail","6":"product_brand-winora","7":"product_cat-ville-electrique","9":"first","10":"onbackorder","11":"shipping-taxable","12":"purchasable","13":"product-type-variable","14":"has-default-attributes"},"jetpack_sharing_enabled":true,"_links":{"self":[{"href":"https:\/\/www.dijoncycles.fr\/en\/wp-json\/wp\/v2\/product\/1765","targetHints":{"allow":["GET"]}}],"collection":[{"href":"https:\/\/www.dijoncycles.fr\/en\/wp-json\/wp\/v2\/product"}],"about":[{"href":"https:\/\/www.dijoncycles.fr\/en\/wp-json\/wp\/v2\/types\/product"}],"replies":[{"embeddable":true,"href":"https:\/\/www.dijoncycles.fr\/en\/wp-json\/wp\/v2\/comments?post=1765"}],"wp:featuredmedia":[{"embeddable":true,"href":"https:\/\/www.dijoncycles.fr\/en\/wp-json\/wp\/v2\/media\/1771"}],"wp:attachment":[{"href":"https:\/\/www.dijoncycles.fr\/en\/wp-json\/wp\/v2\/media?parent=1765"}],"wp:term":[{"taxonomy":"product_brand","embeddable":true,"href":"https:\/\/www.dijoncycles.fr\/en\/wp-json\/wp\/v2\/product_brand?post=1765"},{"taxonomy":"product_cat","embeddable":true,"href":"https:\/\/www.dijoncycles.fr\/en\/wp-json\/wp\/v2\/product_cat?post=1765"},{"taxonomy":"product_tag","embeddable":true,"href":"https:\/\/www.dijoncycles.fr\/en\/wp-json\/wp\/v2\/product_tag?post=1765"}],"curies":[{"name":"wp","href":"https:\/\/api.w.org\/{rel}","templated":true}]}}