{"id":1775,"date":"2025-09-10T17:28:16","date_gmt":"2025-09-10T15:28:16","guid":{"rendered":"http:\/\/new.dijoncycles.fr\/?post_type=product&#038;p=1775"},"modified":"2026-04-20T14:43:46","modified_gmt":"2026-04-20T12:43:46","slug":"velo-route-bianchi-sprint-105-12s","status":"publish","type":"product","link":"https:\/\/www.dijoncycles.fr\/en\/product\/velo-route-bianchi-sprint-105-12s\/","title":{"rendered":"BIANCHI SPRINT 105 12S"},"content":{"rendered":"<p><strong>Le Bianchi SPRINT 105 disc<\/strong> est un V\u00e9lo route performant et polyvalent qui convient aussi bien aux cyclistes passionn\u00e9s de comp\u00e9tition qu&rsquo;aux amateurs de cyclisme sur route \u00e0 la recherche de performances et de confort. Son cadre en carbone est l\u00e9ger et confortable.<\/p>\n<p>Inspir\u00e9 par les mod\u00e8les utilis\u00e9s en comp\u00e9tition, le Bianchi Sprint 2026 revient avec un syst\u00e8me d&rsquo;int\u00e9gration totale des c\u00e2bles (ICR). C&rsquo;est l&rsquo;arme id\u00e9ale pour ceux qui veulent un v\u00e9lo carbone r\u00e9actif, capable de grimper et de sprinter, tout en conservant le style intemporel de Bianchi.<\/p>\n<p>Si vous cherchez la vitesse pure, les relances nerveuses et une position plus a\u00e9rodynamique, le <b data-path-to-node=\"24,0\" data-index-in-node=\"97\">Sprint<\/b> est fait pour vous. C\u2019est un v\u00e9lo plus &lsquo;joueur&rsquo; que l\u2019Infinito, id\u00e9al pour les coursiers ou les cyclistes qui aiment se challenger sur des segments Strava.<\/p>\n<p>Quelle taille choisir ?\u00a0 Faites vos mesures en ligne avec l\u2019<a href=\"https:\/\/www.dijoncycles.fr\/en\/etude-posturale\/\">outil DIJON CYCLES.<\/a><\/p>\n<p>Visualiser la gamme <a href=\"https:\/\/www.bianchi.com\/store\/int_EN\/ytbr5-sprint-10512sp-9.html\" target=\"_blank\" rel=\"noopener\"><strong>BIANCHI SPRINT 105 12S<\/strong><\/a><\/p>","protected":false},"excerpt":{"rendered":"<p>Le Bianchi SPRINT 105 disc est un V\u00e9lo route performant et polyvalent qui convient aussi bien aux cyclistes passionn\u00e9s de comp\u00e9tition qu&rsquo;aux amateurs de cyclisme sur route \u00e0 la recherche de performances et de confort. Son cadre en carbone est l\u00e9ger et confortable. Inspir\u00e9 par les mod\u00e8les utilis\u00e9s en comp\u00e9tition, le Bianchi Sprint 2026 revient [&hellip;]<\/p>\n","protected":false},"featured_media":1958,"comment_status":"open","ping_status":"closed","template":"","meta":[],"product_brand":[36],"product_cat":[28],"product_tag":[],"class_list":{"0":"post-1775","1":"product","2":"type-product","3":"status-publish","4":"has-post-thumbnail","6":"product_brand-bianchi","7":"product_cat-route","9":"first","10":"instock","11":"sale","12":"shipping-taxable","13":"purchasable","14":"product-type-variable","15":"has-default-attributes"},"jetpack_sharing_enabled":true,"_links":{"self":[{"href":"https:\/\/www.dijoncycles.fr\/en\/wp-json\/wp\/v2\/product\/1775","targetHints":{"allow":["GET"]}}],"collection":[{"href":"https:\/\/www.dijoncycles.fr\/en\/wp-json\/wp\/v2\/product"}],"about":[{"href":"https:\/\/www.dijoncycles.fr\/en\/wp-json\/wp\/v2\/types\/product"}],"replies":[{"embeddable":true,"href":"https:\/\/www.dijoncycles.fr\/en\/wp-json\/wp\/v2\/comments?post=1775"}],"wp:featuredmedia":[{"embeddable":true,"href":"https:\/\/www.dijoncycles.fr\/en\/wp-json\/wp\/v2\/media\/1958"}],"wp:attachment":[{"href":"https:\/\/www.dijoncycles.fr\/en\/wp-json\/wp\/v2\/media?parent=1775"}],"wp:term":[{"taxonomy":"product_brand","embeddable":true,"href":"https:\/\/www.dijoncycles.fr\/en\/wp-json\/wp\/v2\/product_brand?post=1775"},{"taxonomy":"product_cat","embeddable":true,"href":"https:\/\/www.dijoncycles.fr\/en\/wp-json\/wp\/v2\/product_cat?post=1775"},{"taxonomy":"product_tag","embeddable":true,"href":"https:\/\/www.dijoncycles.fr\/en\/wp-json\/wp\/v2\/product_tag?post=1775"}],"curies":[{"name":"wp","href":"https:\/\/api.w.org\/{rel}","templated":true}]}}