{"id":1907,"date":"2025-10-06T17:52:07","date_gmt":"2025-10-06T15:52:07","guid":{"rendered":"https:\/\/new.dijoncycles.fr\/?post_type=product&#038;p=1907"},"modified":"2026-01-04T13:47:37","modified_gmt":"2026-01-04T12:47:37","slug":"winora-e-flitzer-high","status":"publish","type":"product","link":"https:\/\/www.dijoncycles.fr\/en\/product\/winora-e-flitzer-high\/","title":{"rendered":"WINORA E-Flitzer"},"content":{"rendered":"<p>Les allers-retours au travail peuvent aussi \u00eatre amusants. Le Winora E-Flitzer est un v\u00e9lo \u00e9lectrique rapide, l\u00e9ger et tr\u00e8s ludique. Ne pesant que 16,5 kg, il impressionne par son look \u00e0 la fois \u00e9l\u00e9gant et sportif, notamment sa fourche en carbone tr\u00e8s sp\u00e9ciale. Le moteur du moyeu arri\u00e8re X35+ de Mahle SmartBike Systems assure la propulsion et vous sera d&rsquo;un pr\u00e9cieux secours dans toutes les situations. Le d\u00e9railleur Shimano et les freins \u00e0 disque hydrauliques de qualit\u00e9 sont un gage de fluidit\u00e9 et de s\u00e9curit\u00e9. Et si vous avez besoin d&#8217;emporter d&rsquo;autres affaires, le porte-bagages int\u00e9gr\u00e9 MIK offre la capacit\u00e9 requise pour un porte-documents ou un sac. En r\u00e9sum\u00e9, le E-Flitzer est un v\u00e9lo \u00e9lectrique sur lequel vous garderez toujours le sourire, m\u00eame aux heures de pointe.<\/p>\n<p>&nbsp;<\/p>","protected":false},"excerpt":{"rendered":"<p>Les allers-retours au travail peuvent aussi \u00eatre amusants. Le Winora E-Flitzer est un v\u00e9lo \u00e9lectrique rapide, l\u00e9ger et tr\u00e8s ludique. Ne pesant que 16,5 kg, il impressionne par son look \u00e0 la fois \u00e9l\u00e9gant et sportif, notamment sa fourche en carbone tr\u00e8s sp\u00e9ciale. Le moteur du moyeu arri\u00e8re X35+ de Mahle SmartBike Systems assure la [&hellip;]<\/p>\n","protected":false},"featured_media":1908,"comment_status":"open","ping_status":"closed","template":"","meta":[],"product_brand":[55],"product_cat":[33],"product_tag":[],"class_list":{"0":"post-1907","1":"product","2":"type-product","3":"status-publish","4":"has-post-thumbnail","6":"product_brand-winora","7":"product_cat-ville-electrique","9":"first","10":"instock","11":"sale","12":"shipping-taxable","13":"purchasable","14":"product-type-variable","15":"has-default-attributes"},"jetpack_sharing_enabled":true,"_links":{"self":[{"href":"https:\/\/www.dijoncycles.fr\/en\/wp-json\/wp\/v2\/product\/1907","targetHints":{"allow":["GET"]}}],"collection":[{"href":"https:\/\/www.dijoncycles.fr\/en\/wp-json\/wp\/v2\/product"}],"about":[{"href":"https:\/\/www.dijoncycles.fr\/en\/wp-json\/wp\/v2\/types\/product"}],"replies":[{"embeddable":true,"href":"https:\/\/www.dijoncycles.fr\/en\/wp-json\/wp\/v2\/comments?post=1907"}],"wp:featuredmedia":[{"embeddable":true,"href":"https:\/\/www.dijoncycles.fr\/en\/wp-json\/wp\/v2\/media\/1908"}],"wp:attachment":[{"href":"https:\/\/www.dijoncycles.fr\/en\/wp-json\/wp\/v2\/media?parent=1907"}],"wp:term":[{"taxonomy":"product_brand","embeddable":true,"href":"https:\/\/www.dijoncycles.fr\/en\/wp-json\/wp\/v2\/product_brand?post=1907"},{"taxonomy":"product_cat","embeddable":true,"href":"https:\/\/www.dijoncycles.fr\/en\/wp-json\/wp\/v2\/product_cat?post=1907"},{"taxonomy":"product_tag","embeddable":true,"href":"https:\/\/www.dijoncycles.fr\/en\/wp-json\/wp\/v2\/product_tag?post=1907"}],"curies":[{"name":"wp","href":"https:\/\/api.w.org\/{rel}","templated":true}]}}