{"id":1910,"date":"2025-10-09T16:08:31","date_gmt":"2025-10-09T14:08:31","guid":{"rendered":"https:\/\/new.dijoncycles.fr\/?post_type=product&#038;p=1910"},"modified":"2026-05-14T09:40:23","modified_gmt":"2026-05-14T07:40:23","slug":"velo-route-trek-domane-al-2-4e-gen","status":"publish","type":"product","link":"https:\/\/www.dijoncycles.fr\/en\/product\/velo-route-trek-domane-al-2-4e-gen\/","title":{"rendered":"TREK Domane AL 2 4th gen."},"content":{"rendered":"<p>Le TREK Domane AL 2 est un v\u00e9lo route de performance rapide, polyvalent et id\u00e9al pour s\u2019initier \u00e0 la discipline. Avec son cadre en aluminium Alpha, son d\u00e9gagement pour les pneus larges, sa transmission SHMANO Claris 8 vitesses, ses fixations pour porte-bagages, garde-boue et sur le tube horizontal et une position de conduite confortable pour p\u00e9daler toute la journ\u00e9e, le Domane AL 2 est id\u00e9al pour les sorties en groupe, les trajets quotidiens rapides et m\u00eame les aventures sur la plupart des pistes de gravel.<\/p>\n<p>Visualiser la gamme <a href=\"https:\/\/www.trekbikes.com\/fr\/fr_FR\/v%C3%A9los\/v%C3%A9los-de-route\/v%C3%A9los-de-route-performance\/domane\/domane-al\/f\/F221-5\/domane-al-2-4e-g%C3%A9n-\/41587\/5301358\" target=\"_blank\" rel=\"noopener\">TREK Domane AL 2 4th gen.<\/a><\/p>","protected":false},"excerpt":{"rendered":"<p>Le TREK Domane AL 2 est un v\u00e9lo route de performance rapide, polyvalent et id\u00e9al pour s\u2019initier \u00e0 la discipline. Avec son cadre en aluminium Alpha, son d\u00e9gagement pour les pneus larges, sa transmission SHMANO Claris 8 vitesses, ses fixations pour porte-bagages, garde-boue et sur le tube horizontal et une position de conduite confortable pour [&hellip;]<\/p>\n","protected":false},"featured_media":1911,"comment_status":"open","ping_status":"closed","template":"","meta":[],"product_brand":[26],"product_cat":[28],"product_tag":[],"class_list":{"0":"post-1910","1":"product","2":"type-product","3":"status-publish","4":"has-post-thumbnail","6":"product_brand-trek","7":"product_cat-route","9":"first","10":"instock","11":"shipping-taxable","12":"purchasable","13":"product-type-variable","14":"has-default-attributes"},"jetpack_sharing_enabled":true,"_links":{"self":[{"href":"https:\/\/www.dijoncycles.fr\/en\/wp-json\/wp\/v2\/product\/1910","targetHints":{"allow":["GET"]}}],"collection":[{"href":"https:\/\/www.dijoncycles.fr\/en\/wp-json\/wp\/v2\/product"}],"about":[{"href":"https:\/\/www.dijoncycles.fr\/en\/wp-json\/wp\/v2\/types\/product"}],"replies":[{"embeddable":true,"href":"https:\/\/www.dijoncycles.fr\/en\/wp-json\/wp\/v2\/comments?post=1910"}],"wp:featuredmedia":[{"embeddable":true,"href":"https:\/\/www.dijoncycles.fr\/en\/wp-json\/wp\/v2\/media\/1911"}],"wp:attachment":[{"href":"https:\/\/www.dijoncycles.fr\/en\/wp-json\/wp\/v2\/media?parent=1910"}],"wp:term":[{"taxonomy":"product_brand","embeddable":true,"href":"https:\/\/www.dijoncycles.fr\/en\/wp-json\/wp\/v2\/product_brand?post=1910"},{"taxonomy":"product_cat","embeddable":true,"href":"https:\/\/www.dijoncycles.fr\/en\/wp-json\/wp\/v2\/product_cat?post=1910"},{"taxonomy":"product_tag","embeddable":true,"href":"https:\/\/www.dijoncycles.fr\/en\/wp-json\/wp\/v2\/product_tag?post=1910"}],"curies":[{"name":"wp","href":"https:\/\/api.w.org\/{rel}","templated":true}]}}