{"id":1928,"date":"2025-10-11T13:26:42","date_gmt":"2025-10-11T11:26:42","guid":{"rendered":"https:\/\/new.dijoncycles.fr\/?post_type=product&#038;p=1928"},"modified":"2026-05-14T09:40:41","modified_gmt":"2026-05-14T07:40:41","slug":"look-765-optimum-105-di2","status":"publish","type":"product","link":"https:\/\/www.dijoncycles.fr\/en\/product\/look-765-optimum-105-di2\/","title":{"rendered":"LOOK 765 Optimum 105 Di2"},"content":{"rendered":"<p data-rm-block-id=\"block-1\">Son cadre en carbone parfaitement \u00e9quilibr\u00e9 : r\u00e9actif et l\u00e9ger pour vos sorties quotidiennes, il est \u00e9galement dot\u00e9 d\u2019une g\u00e9om\u00e9trie et d\u2019un confort pens\u00e9s pour la longue distance. Sa conception unique : En associant diff\u00e9rentes fibres de carbone, de verre et des mat\u00e9riaux novateurs, nous avons r\u00e9parti rigidit\u00e9 et souplesse de mani\u00e8re optimale. Ajoutez notre technologie 3D wave pour absorber chocs et vibrations de la route et vous avez dans les mains un v\u00e9ritable tapis volant. Son design tourn\u00e9 vers l\u2019endurance : position parfaite pour les longues distances, a\u00e9rodynamique optimis\u00e9e, int\u00e9gration simple et efficace des c\u00e2bles et durites, p\u00e9riph\u00e9riques ergonomiques et accueillants, tout a \u00e9t\u00e9 pens\u00e9 pour engranger les kilom\u00e8tres. Sa polyvalence totale : con\u00e7u pour des pneus jusqu\u2019\u00e0 34mm, il peut \u00e9galement recevoir des garde-boues pour vos rides quotidiens ou vos voyages. Le savoir-faire fran\u00e7ais unique de LOOK, riche d\u2019innovations, d\u2019exp\u00e9riences et d\u2019expertise technique.<\/p>\n<p data-rm-block-id=\"block-2\">Visualiser la gamme <a href=\"https:\/\/www.lookcycle.com\/fr-fr\/produits\/velos\/route\/endurance\/765-optimum-105-di2-2x12\" target=\"_blank\" rel=\"noopener\"><strong>LOOK 765 Optimum 105 Di2<\/strong><\/a><\/p>","protected":false},"excerpt":{"rendered":"<p>Son cadre en carbone parfaitement \u00e9quilibr\u00e9 : r\u00e9actif et l\u00e9ger pour vos sorties quotidiennes, il est \u00e9galement dot\u00e9 d\u2019une g\u00e9om\u00e9trie et d\u2019un confort pens\u00e9s pour la longue distance. Sa conception unique : En associant diff\u00e9rentes fibres de carbone, de verre et des mat\u00e9riaux novateurs, nous avons r\u00e9parti rigidit\u00e9 et souplesse de mani\u00e8re optimale. Ajoutez notre [&hellip;]<\/p>\n","protected":false},"featured_media":1929,"comment_status":"open","ping_status":"closed","template":"","meta":[],"product_brand":[38],"product_cat":[28],"product_tag":[],"class_list":{"0":"post-1928","1":"product","2":"type-product","3":"status-publish","4":"has-post-thumbnail","6":"product_brand-look","7":"product_cat-route","9":"first","10":"instock","11":"shipping-taxable","12":"purchasable","13":"product-type-variable","14":"has-default-attributes"},"jetpack_sharing_enabled":true,"_links":{"self":[{"href":"https:\/\/www.dijoncycles.fr\/en\/wp-json\/wp\/v2\/product\/1928","targetHints":{"allow":["GET"]}}],"collection":[{"href":"https:\/\/www.dijoncycles.fr\/en\/wp-json\/wp\/v2\/product"}],"about":[{"href":"https:\/\/www.dijoncycles.fr\/en\/wp-json\/wp\/v2\/types\/product"}],"replies":[{"embeddable":true,"href":"https:\/\/www.dijoncycles.fr\/en\/wp-json\/wp\/v2\/comments?post=1928"}],"wp:featuredmedia":[{"embeddable":true,"href":"https:\/\/www.dijoncycles.fr\/en\/wp-json\/wp\/v2\/media\/1929"}],"wp:attachment":[{"href":"https:\/\/www.dijoncycles.fr\/en\/wp-json\/wp\/v2\/media?parent=1928"}],"wp:term":[{"taxonomy":"product_brand","embeddable":true,"href":"https:\/\/www.dijoncycles.fr\/en\/wp-json\/wp\/v2\/product_brand?post=1928"},{"taxonomy":"product_cat","embeddable":true,"href":"https:\/\/www.dijoncycles.fr\/en\/wp-json\/wp\/v2\/product_cat?post=1928"},{"taxonomy":"product_tag","embeddable":true,"href":"https:\/\/www.dijoncycles.fr\/en\/wp-json\/wp\/v2\/product_tag?post=1928"}],"curies":[{"name":"wp","href":"https:\/\/api.w.org\/{rel}","templated":true}]}}