{"id":1936,"date":"2025-10-13T10:40:03","date_gmt":"2025-10-13T08:40:03","guid":{"rendered":"https:\/\/new.dijoncycles.fr\/?post_type=product&#038;p=1936"},"modified":"2026-05-14T09:41:00","modified_gmt":"2026-05-14T07:41:00","slug":"velo-route-bianchi-sprint-105-di2","status":"publish","type":"product","link":"https:\/\/www.dijoncycles.fr\/en\/product\/velo-route-bianchi-sprint-105-di2\/","title":{"rendered":"BIANCHI SPRINT 105 Di2"},"content":{"rendered":"<p>Le <strong>Bianchi Sprint 105 Di2<\/strong> , con\u00e7u pour la comp\u00e9tition et les sprints, est \u00e9quip\u00e9 d&rsquo;un cadre monocoque en carbone confortable et l\u00e9ger et d&rsquo;un groupe Shimano 105 Di2 \u00e9lectrique sans fil avec freins \u00e0 disques hydrauliques. Ce mod\u00e8le dispose d\u2019un caract\u00e8re agressif via une int\u00e9gration totale des c\u00e2bles en interne et des lignes \u00e9pur\u00e9es. Ce v\u00e9lo course est id\u00e9al pour les cyclistes recherchant la performance.<\/p>\n<p>Visualiser la gamme <a href=\"https:\/\/www.bianchi.com\/store\/int_EN\/ytbr6-sprint-105di212sp-2.html\" target=\"_blank\" rel=\"noopener\"><strong>BIANCHI SPRINT 105 Di2<\/strong><\/a><\/p>","protected":false},"excerpt":{"rendered":"<p>Le Bianchi Sprint 105 Di2 , con\u00e7u pour la comp\u00e9tition et les sprints, est \u00e9quip\u00e9 d&rsquo;un cadre monocoque en carbone confortable et l\u00e9ger et d&rsquo;un groupe Shimano 105 Di2 \u00e9lectrique sans fil avec freins \u00e0 disques hydrauliques. Ce mod\u00e8le dispose d\u2019un caract\u00e8re agressif via une int\u00e9gration totale des c\u00e2bles en interne et des lignes \u00e9pur\u00e9es. [&hellip;]<\/p>\n","protected":false},"featured_media":1958,"comment_status":"open","ping_status":"closed","template":"","meta":[],"product_brand":[36],"product_cat":[28],"product_tag":[],"class_list":{"0":"post-1936","1":"product","2":"type-product","3":"status-publish","4":"has-post-thumbnail","6":"product_brand-bianchi","7":"product_cat-route","9":"first","10":"instock","11":"sale","12":"shipping-taxable","13":"purchasable","14":"product-type-variable","15":"has-default-attributes"},"jetpack_sharing_enabled":true,"_links":{"self":[{"href":"https:\/\/www.dijoncycles.fr\/en\/wp-json\/wp\/v2\/product\/1936","targetHints":{"allow":["GET"]}}],"collection":[{"href":"https:\/\/www.dijoncycles.fr\/en\/wp-json\/wp\/v2\/product"}],"about":[{"href":"https:\/\/www.dijoncycles.fr\/en\/wp-json\/wp\/v2\/types\/product"}],"replies":[{"embeddable":true,"href":"https:\/\/www.dijoncycles.fr\/en\/wp-json\/wp\/v2\/comments?post=1936"}],"wp:featuredmedia":[{"embeddable":true,"href":"https:\/\/www.dijoncycles.fr\/en\/wp-json\/wp\/v2\/media\/1958"}],"wp:attachment":[{"href":"https:\/\/www.dijoncycles.fr\/en\/wp-json\/wp\/v2\/media?parent=1936"}],"wp:term":[{"taxonomy":"product_brand","embeddable":true,"href":"https:\/\/www.dijoncycles.fr\/en\/wp-json\/wp\/v2\/product_brand?post=1936"},{"taxonomy":"product_cat","embeddable":true,"href":"https:\/\/www.dijoncycles.fr\/en\/wp-json\/wp\/v2\/product_cat?post=1936"},{"taxonomy":"product_tag","embeddable":true,"href":"https:\/\/www.dijoncycles.fr\/en\/wp-json\/wp\/v2\/product_tag?post=1936"}],"curies":[{"name":"wp","href":"https:\/\/api.w.org\/{rel}","templated":true}]}}