{"id":1964,"date":"2025-10-14T14:48:55","date_gmt":"2025-10-14T12:48:55","guid":{"rendered":"https:\/\/new.dijoncycles.fr\/?post_type=product&#038;p=1964"},"modified":"2026-05-14T09:39:50","modified_gmt":"2026-05-14T07:39:50","slug":"trek-marlin-4-gen-3","status":"publish","type":"product","link":"https:\/\/www.dijoncycles.fr\/en\/product\/trek-marlin-4-gen-3\/","title":{"rendered":"TREK MARLIN 4 gen 3"},"content":{"rendered":"<p data-rm-block-id=\"block-1\">Le Marlin 4 est un v\u00e9lo d\u2019usage quotidien parfaitement adapt\u00e9 aux trails et aux aventures du quotidien, sur trail ou sur route. Il poss\u00e8de un cadre pr\u00eat pour les trails avec une fourche t\u00e9lescopique, une transmission 8 vitesses Shimano ESSA et des fixations pour un porte-bagages et une b\u00e9quille qui en font le choix id\u00e9al pour les adeptes des trails ou pour toute personne \u00e0 la recherche d\u2019un v\u00e9lo pour trajets quotidiens confortable et stable, avec en plus la solidit\u00e9 d\u2019un vrai VTT.<\/p>\n<p data-rm-block-id=\"block-2\">Visualiser la gamme <a href=\"https:\/\/www.trekbikes.com\/fr\/fr_FR\/v%C3%A9los\/vtt\/vtt-cross-country\/marlin\/f\/F321\/marlin-4-g%25c3%25a9n-3\/57361\/5336969\" target=\"_blank\" rel=\"noopener\"><strong>Marlin 4 g\u00e9n. 3<\/strong><\/a><\/p>","protected":false},"excerpt":{"rendered":"<p>Le Marlin 4 est un v\u00e9lo d\u2019usage quotidien parfaitement adapt\u00e9 aux trails et aux aventures du quotidien, sur trail ou sur route. Il poss\u00e8de un cadre pr\u00eat pour les trails avec une fourche t\u00e9lescopique, une transmission 8 vitesses Shimano ESSA et des fixations pour un porte-bagages et une b\u00e9quille qui en font le choix id\u00e9al [&hellip;]<\/p>\n","protected":false},"featured_media":1988,"comment_status":"open","ping_status":"closed","template":"","meta":[],"product_brand":[26],"product_cat":[24],"product_tag":[74],"class_list":{"0":"post-1964","1":"product","2":"type-product","3":"status-publish","4":"has-post-thumbnail","6":"product_brand-trek","7":"product_cat-vtt","8":"product_tag-vtt-semi-rigide","10":"first","11":"instock","12":"shipping-taxable","13":"purchasable","14":"product-type-variable","15":"has-default-attributes"},"jetpack_sharing_enabled":true,"_links":{"self":[{"href":"https:\/\/www.dijoncycles.fr\/en\/wp-json\/wp\/v2\/product\/1964","targetHints":{"allow":["GET"]}}],"collection":[{"href":"https:\/\/www.dijoncycles.fr\/en\/wp-json\/wp\/v2\/product"}],"about":[{"href":"https:\/\/www.dijoncycles.fr\/en\/wp-json\/wp\/v2\/types\/product"}],"replies":[{"embeddable":true,"href":"https:\/\/www.dijoncycles.fr\/en\/wp-json\/wp\/v2\/comments?post=1964"}],"wp:featuredmedia":[{"embeddable":true,"href":"https:\/\/www.dijoncycles.fr\/en\/wp-json\/wp\/v2\/media\/1988"}],"wp:attachment":[{"href":"https:\/\/www.dijoncycles.fr\/en\/wp-json\/wp\/v2\/media?parent=1964"}],"wp:term":[{"taxonomy":"product_brand","embeddable":true,"href":"https:\/\/www.dijoncycles.fr\/en\/wp-json\/wp\/v2\/product_brand?post=1964"},{"taxonomy":"product_cat","embeddable":true,"href":"https:\/\/www.dijoncycles.fr\/en\/wp-json\/wp\/v2\/product_cat?post=1964"},{"taxonomy":"product_tag","embeddable":true,"href":"https:\/\/www.dijoncycles.fr\/en\/wp-json\/wp\/v2\/product_tag?post=1964"}],"curies":[{"name":"wp","href":"https:\/\/api.w.org\/{rel}","templated":true}]}}