{"id":1989,"date":"2025-10-16T15:39:47","date_gmt":"2025-10-16T13:39:47","guid":{"rendered":"https:\/\/new.dijoncycles.fr\/?post_type=product&#038;p=1989"},"modified":"2026-02-28T08:42:14","modified_gmt":"2026-02-28T07:42:14","slug":"polygon-razor-bmx","status":"publish","type":"product","link":"https:\/\/www.dijoncycles.fr\/en\/product\/polygon-razor-bmx\/","title":{"rendered":"POLYGON BMX Razor"},"content":{"rendered":"<p>Des courses de quartier aux courses professionnelles sur piste, la vitesse est primordiale. Le BMX Race Polygon Razor Kids est con\u00e7u pour les jeunes coureurs pr\u00eats \u00e0 s&rsquo;\u00e9lancer, \u00e0 tailler les virages avec pr\u00e9cision et \u00e0 ma\u00eetriser les manuals. Avec son cadre en alliage l\u00e9ger et sa maniabilit\u00e9 ultra-pr\u00e9cise, votre enfant est taill\u00e9 pour la victoire dans le monde du BMX race.<\/p>\n<p>Visualiser la gamme <a href=\"https:\/\/www.polygonbikes.com\/fr\/razor-kids\/\" target=\"_blank\" rel=\"noopener\"><strong>BMX POLYGON RAZOR KIDS.<\/strong><\/a><\/p>\n<p>Voir les v\u00e9los <a href=\"https:\/\/www.dijoncycles.fr\/en\/product-tag\/polygon\/\">POLYGON<\/a> en stock<\/p>","protected":false},"excerpt":{"rendered":"<p>Des courses de quartier aux courses professionnelles sur piste, la vitesse est primordiale. Le BMX Race Polygon Razor Kids est con\u00e7u pour les jeunes coureurs pr\u00eats \u00e0 s&rsquo;\u00e9lancer, \u00e0 tailler les virages avec pr\u00e9cision et \u00e0 ma\u00eetriser les manuals. Avec son cadre en alliage l\u00e9ger et sa maniabilit\u00e9 ultra-pr\u00e9cise, votre enfant est taill\u00e9 pour la [&hellip;]<\/p>\n","protected":false},"featured_media":1993,"comment_status":"open","ping_status":"closed","template":"","meta":[],"product_brand":[57],"product_cat":[31],"product_tag":[71],"class_list":{"0":"post-1989","1":"product","2":"type-product","3":"status-publish","4":"has-post-thumbnail","6":"product_brand-polygon","7":"product_cat-bmx-race","8":"product_tag-enfant","10":"first","11":"onbackorder","12":"shipping-taxable","13":"purchasable","14":"product-type-variable","15":"has-default-attributes"},"jetpack_sharing_enabled":true,"_links":{"self":[{"href":"https:\/\/www.dijoncycles.fr\/en\/wp-json\/wp\/v2\/product\/1989","targetHints":{"allow":["GET"]}}],"collection":[{"href":"https:\/\/www.dijoncycles.fr\/en\/wp-json\/wp\/v2\/product"}],"about":[{"href":"https:\/\/www.dijoncycles.fr\/en\/wp-json\/wp\/v2\/types\/product"}],"replies":[{"embeddable":true,"href":"https:\/\/www.dijoncycles.fr\/en\/wp-json\/wp\/v2\/comments?post=1989"}],"wp:featuredmedia":[{"embeddable":true,"href":"https:\/\/www.dijoncycles.fr\/en\/wp-json\/wp\/v2\/media\/1993"}],"wp:attachment":[{"href":"https:\/\/www.dijoncycles.fr\/en\/wp-json\/wp\/v2\/media?parent=1989"}],"wp:term":[{"taxonomy":"product_brand","embeddable":true,"href":"https:\/\/www.dijoncycles.fr\/en\/wp-json\/wp\/v2\/product_brand?post=1989"},{"taxonomy":"product_cat","embeddable":true,"href":"https:\/\/www.dijoncycles.fr\/en\/wp-json\/wp\/v2\/product_cat?post=1989"},{"taxonomy":"product_tag","embeddable":true,"href":"https:\/\/www.dijoncycles.fr\/en\/wp-json\/wp\/v2\/product_tag?post=1989"}],"curies":[{"name":"wp","href":"https:\/\/api.w.org\/{rel}","templated":true}]}}