{"id":1996,"date":"2025-10-20T19:17:52","date_gmt":"2025-10-20T17:17:52","guid":{"rendered":"https:\/\/new.dijoncycles.fr\/?post_type=product&#038;p=1996"},"modified":"2026-04-12T16:32:12","modified_gmt":"2026-04-12T14:32:12","slug":"velo-route-look-785-huez-2-disc-105-di2-grey-blue-satin-r38d","status":"publish","type":"product","link":"https:\/\/www.dijoncycles.fr\/en\/product\/velo-route-look-785-huez-2-disc-105-di2-grey-blue-satin-r38d\/","title":{"rendered":"LOOK 785 HUEZ 2 DISC 105 DI2 GREY BLUE SATIN R38D"},"content":{"rendered":"<p>Le v\u00e9lo route 785 Huez SHIMANO105 Di2 Grey Blue est con\u00e7u pour les grimpeurs. L\u00e9ger et r\u00e9actif, il vous propulsera au sommet tout vous apportant le confort n\u00e9cessaire pour enchainer les cols et les longues journ\u00e9es en montagne.<\/p>\n<div id=\"collapse-panel-product-desc\" class=\"c-collapse__panel\" tabindex=\"-1\" role=\"region\" aria-labelledby=\"collapse-trigger-product-desc\" aria-hidden=\"false\">\n<div class=\"c-collapse__inner\">\n<div class=\"u-pt(sm)\">\u00c9quip\u00e9 d&rsquo;un groupe SHIMANO 105 Di2 et de roues LOOK R38 en carbone, il offre des performances id\u00e9ales pour tous vos d\u00e9fis et des sensations uniques d\u00e8s que la route s&rsquo;\u00e9l\u00e8ve.<\/div>\n<div>\n<h2 class=\"u-h2 u-mb(2xs) u-mb(xs)@phone-up\">Notre vision de la performance<\/h2>\n<div class=\"s-cms u-mb(2xl)@phone-up u-mb(sm)@phone\">\n<p>Le cadre en carbone l\u00e9ger et r\u00e9actif du 785 Huez vous procure l&rsquo;explosivit\u00e9 indispensable pour acc\u00e9l\u00e9rer quand la pente augmente. Utilisant des fibres haut-module et des tubes Nano minimalistes, la construction du 785 Huez offre un transfert de puissance optimis\u00e9 et une dose de souplesse n\u00e9cessaire pour accompagner vos efforts intenses et prolong\u00e9s en montagne.<\/p>\n<h2 class=\"u-h2 u-mb(2xs) u-mb(xs)@phone-up\">Le choix des grimpeurs<\/h2>\n<div class=\"s-cms u-mb(2xl)@phone-up u-mb(sm)@phone\">\n<p>La g\u00e9om\u00e9trie du 785 Huez en fait le choix id\u00e9al pour les grimpeurs, pens\u00e9e pour des acc\u00e9l\u00e9rations fulgurantes dans des pentes soutenues, comme pour des efforts longs et r\u00e9p\u00e9t\u00e9s. Compact et joueur, il procure les sensations de pilotage proches d&rsquo;un v\u00e9lo de course, mais sa position est aussi pens\u00e9e pour offrir le confort indispensable aux longues journ\u00e9es en haute montagne.<\/p>\n<\/div>\n<\/div>\n<\/div>\n<\/div>\n<\/div>\n<p>Visualiser la gamme <a href=\"https:\/\/www.lookcycle.com\/fr-fr\/produits\/velos\/route\/altitude\/785-huez-grey-blue-satin\" target=\"_blank\" rel=\"noopener\">LOOK 785 HUEZ 105Di2<\/a><\/p>","protected":false},"excerpt":{"rendered":"<p>Le v\u00e9lo route 785 Huez SHIMANO105 Di2 Grey Blue est con\u00e7u pour les grimpeurs. L\u00e9ger et r\u00e9actif, il vous propulsera au sommet tout vous apportant le confort n\u00e9cessaire pour enchainer les cols et les longues journ\u00e9es en montagne. \u00c9quip\u00e9 d&rsquo;un groupe SHIMANO 105 Di2 et de roues LOOK R38 en carbone, il offre des performances [&hellip;]<\/p>\n","protected":false},"featured_media":2079,"comment_status":"open","ping_status":"closed","template":"","meta":[],"product_brand":[38],"product_cat":[28],"product_tag":[],"class_list":{"0":"post-1996","1":"product","2":"type-product","3":"status-publish","4":"has-post-thumbnail","6":"product_brand-look","7":"product_cat-route","9":"first","10":"onbackorder","11":"shipping-taxable","12":"purchasable","13":"product-type-variable","14":"has-default-attributes"},"jetpack_sharing_enabled":true,"_links":{"self":[{"href":"https:\/\/www.dijoncycles.fr\/en\/wp-json\/wp\/v2\/product\/1996","targetHints":{"allow":["GET"]}}],"collection":[{"href":"https:\/\/www.dijoncycles.fr\/en\/wp-json\/wp\/v2\/product"}],"about":[{"href":"https:\/\/www.dijoncycles.fr\/en\/wp-json\/wp\/v2\/types\/product"}],"replies":[{"embeddable":true,"href":"https:\/\/www.dijoncycles.fr\/en\/wp-json\/wp\/v2\/comments?post=1996"}],"wp:featuredmedia":[{"embeddable":true,"href":"https:\/\/www.dijoncycles.fr\/en\/wp-json\/wp\/v2\/media\/2079"}],"wp:attachment":[{"href":"https:\/\/www.dijoncycles.fr\/en\/wp-json\/wp\/v2\/media?parent=1996"}],"wp:term":[{"taxonomy":"product_brand","embeddable":true,"href":"https:\/\/www.dijoncycles.fr\/en\/wp-json\/wp\/v2\/product_brand?post=1996"},{"taxonomy":"product_cat","embeddable":true,"href":"https:\/\/www.dijoncycles.fr\/en\/wp-json\/wp\/v2\/product_cat?post=1996"},{"taxonomy":"product_tag","embeddable":true,"href":"https:\/\/www.dijoncycles.fr\/en\/wp-json\/wp\/v2\/product_tag?post=1996"}],"curies":[{"name":"wp","href":"https:\/\/api.w.org\/{rel}","templated":true}]}}