{"id":2023,"date":"2025-10-27T11:14:08","date_gmt":"2025-10-27T10:14:08","guid":{"rendered":"https:\/\/new.dijoncycles.fr\/?post_type=product&#038;p=2023"},"modified":"2026-05-14T09:39:38","modified_gmt":"2026-05-14T07:39:38","slug":"vtt-polygon-xtrada-5-dijon","status":"publish","type":"product","link":"https:\/\/www.dijoncycles.fr\/en\/product\/vtt-polygon-xtrada-5-dijon\/","title":{"rendered":"POLYGON XTRADA 5"},"content":{"rendered":"<section class=\"model-overview\">\n<div class=\"container\">\n<div class=\"model-overview__detail\">\n<h3 class=\"model-overview__title\">DESTINATION SPORT<\/h3>\n<div class=\"model-overview__detail\">\n<h5>Votre id\u00e9al pour la randonn\u00e9e sportive.<\/h5>\n<\/div>\n<p>Le POLYGON XTRADA 5 est l&rsquo;id\u00e9al pour la randonn\u00e9e sportive. Pour s\u2019\u00e9vader en traversant vos collines et montagnettes dans l\u2019objectif pas si fou de partir prochainement en montagne. Nos VTT de randonn\u00e9es sportives Xtrada vous conduiront vers de nouveaux challenges.<\/p>\n<\/div>\n<\/div>\n<\/section>\n<p>Visualiser la gamme <a href=\"https:\/\/www.polygonbikes.com\/fr\/xtrada-fr\/\" target=\"_blank\" rel=\"noopener\">POLYGON XTRADA<\/a><\/p>\n<p>Voir les v\u00e9los <a href=\"https:\/\/www.dijoncycles.fr\/en\/product-tag\/polygon\/\">POLYGON<\/a> en stock.<\/p>","protected":false},"excerpt":{"rendered":"<p>DESTINATION SPORT Votre id\u00e9al pour la randonn\u00e9e sportive. Le POLYGON XTRADA 5 est l&rsquo;id\u00e9al pour la randonn\u00e9e sportive. Pour s\u2019\u00e9vader en traversant vos collines et montagnettes dans l\u2019objectif pas si fou de partir prochainement en montagne. Nos VTT de randonn\u00e9es sportives Xtrada vous conduiront vers de nouveaux challenges. Visualiser la gamme POLYGON XTRADA Voir les [&hellip;]<\/p>\n","protected":false},"featured_media":2029,"comment_status":"open","ping_status":"closed","template":"","meta":[],"product_brand":[57],"product_cat":[24],"product_tag":[74],"class_list":{"0":"post-2023","1":"product","2":"type-product","3":"status-publish","4":"has-post-thumbnail","6":"product_brand-polygon","7":"product_cat-vtt","8":"product_tag-vtt-semi-rigide","10":"first","11":"onbackorder","12":"shipping-taxable","13":"purchasable","14":"product-type-variable","15":"has-default-attributes"},"jetpack_sharing_enabled":true,"_links":{"self":[{"href":"https:\/\/www.dijoncycles.fr\/en\/wp-json\/wp\/v2\/product\/2023","targetHints":{"allow":["GET"]}}],"collection":[{"href":"https:\/\/www.dijoncycles.fr\/en\/wp-json\/wp\/v2\/product"}],"about":[{"href":"https:\/\/www.dijoncycles.fr\/en\/wp-json\/wp\/v2\/types\/product"}],"replies":[{"embeddable":true,"href":"https:\/\/www.dijoncycles.fr\/en\/wp-json\/wp\/v2\/comments?post=2023"}],"wp:featuredmedia":[{"embeddable":true,"href":"https:\/\/www.dijoncycles.fr\/en\/wp-json\/wp\/v2\/media\/2029"}],"wp:attachment":[{"href":"https:\/\/www.dijoncycles.fr\/en\/wp-json\/wp\/v2\/media?parent=2023"}],"wp:term":[{"taxonomy":"product_brand","embeddable":true,"href":"https:\/\/www.dijoncycles.fr\/en\/wp-json\/wp\/v2\/product_brand?post=2023"},{"taxonomy":"product_cat","embeddable":true,"href":"https:\/\/www.dijoncycles.fr\/en\/wp-json\/wp\/v2\/product_cat?post=2023"},{"taxonomy":"product_tag","embeddable":true,"href":"https:\/\/www.dijoncycles.fr\/en\/wp-json\/wp\/v2\/product_tag?post=2023"}],"curies":[{"name":"wp","href":"https:\/\/api.w.org\/{rel}","templated":true}]}}