{"id":2044,"date":"2025-10-29T13:31:25","date_gmt":"2025-10-29T12:31:25","guid":{"rendered":"https:\/\/dijoncycles.fr\/?post_type=product&#038;p=2044"},"modified":"2026-05-07T12:31:52","modified_gmt":"2026-05-07T10:31:52","slug":"look-785-huez-axs-velo-route-occasion","status":"publish","type":"product","link":"https:\/\/www.dijoncycles.fr\/en\/product\/look-785-huez-axs-velo-route-occasion\/","title":{"rendered":"LOOK 785 Huez AXS size XS"},"content":{"rendered":"<p>Le 785 Huez est con\u00e7u pour les grimpeurs. L\u00e9ger et r\u00e9actif, il vous propulsera au sommet tout en vous apportant le confort n\u00e9cessaire pour enchainer les cols et les longues journ\u00e9es en montagne. C&rsquo;est un choix id\u00e9al pour les amateurs de velo route occasion.<\/p>\n<div id=\"collapse-panel-product-desc\" class=\"c-collapse__panel\" tabindex=\"-1\" role=\"region\" aria-labelledby=\"collapse-trigger-product-desc\" aria-hidden=\"false\">\n<div class=\"c-collapse__inner\">\n<div class=\"u-pt(sm)\">\u00c9quip\u00e9 d&rsquo;un groupe SRAM AXS et de roues LOOK R38 en carbone, il offre des performances id\u00e9ales pour tous vos d\u00e9fis et des sensations uniques d\u00e8s que la route s&rsquo;\u00e9l\u00e8ve, parfait pour ceux qui recherchent un velo route occasion.<\/div>\n<\/div>\n<\/div>","protected":false},"excerpt":{"rendered":"<p>Le 785 Huez est con\u00e7u pour les grimpeurs. L\u00e9ger et r\u00e9actif, il vous propulsera au sommet tout en vous apportant le confort n\u00e9cessaire pour enchainer les cols et les longues journ\u00e9es en montagne. C&rsquo;est un choix id\u00e9al pour les amateurs de velo route occasion. \u00c9quip\u00e9 d&rsquo;un groupe SRAM AXS et de roues LOOK R38 en [&hellip;]<\/p>\n","protected":false},"featured_media":2058,"comment_status":"open","ping_status":"closed","template":"","meta":[],"product_brand":[38],"product_cat":[34],"product_tag":[],"class_list":{"0":"post-2044","1":"product","2":"type-product","3":"status-publish","4":"has-post-thumbnail","6":"product_brand-look","7":"product_cat-occasions","9":"first","10":"instock","11":"shipping-taxable","12":"purchasable","13":"product-type-simple"},"jetpack_sharing_enabled":true,"_links":{"self":[{"href":"https:\/\/www.dijoncycles.fr\/en\/wp-json\/wp\/v2\/product\/2044","targetHints":{"allow":["GET"]}}],"collection":[{"href":"https:\/\/www.dijoncycles.fr\/en\/wp-json\/wp\/v2\/product"}],"about":[{"href":"https:\/\/www.dijoncycles.fr\/en\/wp-json\/wp\/v2\/types\/product"}],"replies":[{"embeddable":true,"href":"https:\/\/www.dijoncycles.fr\/en\/wp-json\/wp\/v2\/comments?post=2044"}],"wp:featuredmedia":[{"embeddable":true,"href":"https:\/\/www.dijoncycles.fr\/en\/wp-json\/wp\/v2\/media\/2058"}],"wp:attachment":[{"href":"https:\/\/www.dijoncycles.fr\/en\/wp-json\/wp\/v2\/media?parent=2044"}],"wp:term":[{"taxonomy":"product_brand","embeddable":true,"href":"https:\/\/www.dijoncycles.fr\/en\/wp-json\/wp\/v2\/product_brand?post=2044"},{"taxonomy":"product_cat","embeddable":true,"href":"https:\/\/www.dijoncycles.fr\/en\/wp-json\/wp\/v2\/product_cat?post=2044"},{"taxonomy":"product_tag","embeddable":true,"href":"https:\/\/www.dijoncycles.fr\/en\/wp-json\/wp\/v2\/product_tag?post=2044"}],"curies":[{"name":"wp","href":"https:\/\/api.w.org\/{rel}","templated":true}]}}