{"id":2137,"date":"2025-11-07T14:49:19","date_gmt":"2025-11-07T13:49:19","guid":{"rendered":"http:\/\/www.dijoncycles.fr\/?post_type=product&#038;p=2137"},"modified":"2026-05-14T09:38:59","modified_gmt":"2026-05-14T07:38:59","slug":"velo-ville-trekking-winora-domingo-x24-low-dijon","status":"publish","type":"product","link":"https:\/\/www.dijoncycles.fr\/en\/product\/velo-ville-trekking-winora-domingo-x24-low-dijon\/","title":{"rendered":"WINORA Domingo X24 Low"},"content":{"rendered":"<div id=\"collapse-panel-product-desc\" class=\"c-collapse__panel\" tabindex=\"-1\" role=\"region\" aria-labelledby=\"collapse-trigger-product-desc\" aria-hidden=\"false\">\n<div class=\"c-collapse__inner\">\n<div class=\"s-cms u-mb(2xl)@phone-up u-mb(sm)@phone\">\n<div class=\"s-cms u-mb(2xl)@phone-up u-mb(sm)@phone\">\n<p>Polyvalent, dynamique et parfait pour n&rsquo;importe quelle randonn\u00e9e : c&rsquo;est le WINORA Domingo 24. Gr\u00e2ce \u00e0 son cadre l\u00e9ger en aluminium de qualit\u00e9 sup\u00e9rieure et \u00e0 sa fourche \u00e0 suspension SR SUNTOUR, ce v\u00e9lo de trekking vous assure de rouler confortablement, m\u00eame sur un terrain bossel\u00e9. Si la c\u00f4te devient tr\u00e8s raide, le d\u00e9railleur SHIMANO Acera 24 vitesses vous assure de s\u00e9lectionner efficacement et avec pr\u00e9cision le braquet parfait. M\u00eame en descente, vous n&rsquo;avez rien \u00e0 craindre gr\u00e2ce aux puissants freins \u00e0 disque SHIMANO. Quant au porte-bagage standard, il vous permet d&#8217;emporter tout le n\u00e9cessaire. Le cadre du Domingo 24 d\u00e9cline en trois versions : haut, moyen et bas.<\/p>\n<\/div>\n<\/div>\n<\/div>\n<\/div>\n<p>Visualiser la gamme <a href=\"https:\/\/www.winora.com\/fr-fr\/search\/?query=domingo\" target=\"_blank\" rel=\"noopener\">WINORA Domingo X24<\/a><\/p>","protected":false},"excerpt":{"rendered":"<p>Polyvalent, dynamique et parfait pour n&rsquo;importe quelle randonn\u00e9e : c&rsquo;est le WINORA Domingo 24. Gr\u00e2ce \u00e0 son cadre l\u00e9ger en aluminium de qualit\u00e9 sup\u00e9rieure et \u00e0 sa fourche \u00e0 suspension SR SUNTOUR, ce v\u00e9lo de trekking vous assure de rouler confortablement, m\u00eame sur un terrain bossel\u00e9. Si la c\u00f4te devient tr\u00e8s raide, le d\u00e9railleur SHIMANO [&hellip;]<\/p>\n","protected":false},"featured_media":2147,"comment_status":"open","ping_status":"closed","template":"","meta":[],"product_brand":[55],"product_cat":[32],"product_tag":[],"class_list":{"0":"post-2137","1":"product","2":"type-product","3":"status-publish","4":"has-post-thumbnail","6":"product_brand-winora","7":"product_cat-ville-loisirs","9":"first","10":"instock","11":"shipping-taxable","12":"purchasable","13":"product-type-variable","14":"has-default-attributes"},"jetpack_sharing_enabled":true,"_links":{"self":[{"href":"https:\/\/www.dijoncycles.fr\/en\/wp-json\/wp\/v2\/product\/2137","targetHints":{"allow":["GET"]}}],"collection":[{"href":"https:\/\/www.dijoncycles.fr\/en\/wp-json\/wp\/v2\/product"}],"about":[{"href":"https:\/\/www.dijoncycles.fr\/en\/wp-json\/wp\/v2\/types\/product"}],"replies":[{"embeddable":true,"href":"https:\/\/www.dijoncycles.fr\/en\/wp-json\/wp\/v2\/comments?post=2137"}],"wp:featuredmedia":[{"embeddable":true,"href":"https:\/\/www.dijoncycles.fr\/en\/wp-json\/wp\/v2\/media\/2147"}],"wp:attachment":[{"href":"https:\/\/www.dijoncycles.fr\/en\/wp-json\/wp\/v2\/media?parent=2137"}],"wp:term":[{"taxonomy":"product_brand","embeddable":true,"href":"https:\/\/www.dijoncycles.fr\/en\/wp-json\/wp\/v2\/product_brand?post=2137"},{"taxonomy":"product_cat","embeddable":true,"href":"https:\/\/www.dijoncycles.fr\/en\/wp-json\/wp\/v2\/product_cat?post=2137"},{"taxonomy":"product_tag","embeddable":true,"href":"https:\/\/www.dijoncycles.fr\/en\/wp-json\/wp\/v2\/product_tag?post=2137"}],"curies":[{"name":"wp","href":"https:\/\/api.w.org\/{rel}","templated":true}]}}