{"id":2222,"date":"2025-11-13T21:58:33","date_gmt":"2025-11-13T20:58:33","guid":{"rendered":"https:\/\/www.dijoncycles.fr\/?post_type=product&#038;p=2222"},"modified":"2026-05-14T09:40:19","modified_gmt":"2026-05-14T07:40:19","slug":"vtt-polygon-collosus-n9-rouge-rose","status":"publish","type":"product","link":"https:\/\/www.dijoncycles.fr\/en\/product\/vtt-polygon-collosus-n9-rouge-rose\/","title":{"rendered":"POLYGON Collosus N9"},"content":{"rendered":"<section class=\"model-overview\">\n<div class=\"container\">\n<h3 class=\"model-overview__title\">L\u2019AS DES VTT ENDURO<\/h3>\n<div class=\"model-overview__detail\">\n<p>Descendez plus vite, montez plus facilement, passez partout.<\/p>\n<\/div>\n<\/div>\n<\/section>\n<section class=\"model-text-overview\">\n<div class=\"container\">\n<div class=\"row\">\n<div class=\"col-md\">\n<div class=\"model-text-overview__info desc-see-more\"><span class=\"long-description\">Nos VTT POLYGON Collosus N9 sont \u00ab race ready \u00bb (pr\u00eats \u00e0 courir). Anti-squat, Reach et Stack sont optimis\u00e9s. Sur\u00e9quip\u00e9s et accessibles \u00e0 tout point de vue, ils permettent de s\u2019envoler en Bike Park comme de prendre le d\u00e9part d\u2019une course d\u2019Enduro r\u00e9gionale, d\u2019une coupe de France Enduro Series, d\u2019une Maxi ou Mega Avalanche avec l\u2019assurance de performer \u00e0 votre meilleur niveau.<\/span><\/div>\n<div>\n<ul class=\"product-features__list\">\n<li>G\u00e9om\u00e9trie 29er agressive.<br \/>\nBases arri\u00e8res courtes, reach et stack modernes, angle de fourche ouvert, roues 29 pouces. Nos Polygon Colossus sont des machines \u00e0 descendre et \u00e0 p\u00e9daler.<\/li>\n<li>Suspension sans compromis.<br \/>\nNotre suspension flottante ind\u00e9pendante contr\u00f4le la trajectoire de la roue et l&rsquo;anti-squat ind\u00e9pendamment de sa courbe de compression. Elle n\u2019\u00e9tablit aucun compromis entre la gestion petits, moyens et gros chocs tout en restant efficace au p\u00e9dalage.<\/li>\n<li>Sur\u00e9quip\u00e9.<br \/>\nPr\u00eats pour prendre le d\u00e9part d\u2019une comp\u00e9tition enduro, nos POLYGON Colossus raviront aussi ceux en recherche d\u2019un v\u00e9lo tout \u00e9quip\u00e9 et pr\u00eat pour \u00eatre malmen\u00e9.<\/li>\n<li>Prot\u00e9g\u00e9.<br \/>\nLe tube diagonal du Collosus N9 est livr\u00e9 prot\u00e9g\u00e9 pour l\u2019\u00e9carter de tout impact.<\/li>\n<\/ul>\n<p>Visualiser la gamme <a href=\"https:\/\/www.polygonbikes.com\/fr\/collosus-n-fr\/#\" target=\"_blank\" rel=\"noopener\">POLYGON Collosus N<\/a><\/p>\n<\/div>\n<\/div>\n<\/div>\n<\/div>\n<\/section>\n<p>Voir les v\u00e9los <a href=\"https:\/\/www.dijoncycles.fr\/en\/product-tag\/polygon\/\">POLYGON<\/a> en stock<\/p>","protected":false},"excerpt":{"rendered":"<p>L\u2019AS DES VTT ENDURO Descendez plus vite, montez plus facilement, passez partout. Nos VTT POLYGON Collosus N9 sont \u00ab race ready \u00bb (pr\u00eats \u00e0 courir). Anti-squat, Reach et Stack sont optimis\u00e9s. Sur\u00e9quip\u00e9s et accessibles \u00e0 tout point de vue, ils permettent de s\u2019envoler en Bike Park comme de prendre le d\u00e9part d\u2019une course d\u2019Enduro r\u00e9gionale, [&hellip;]<\/p>\n","protected":false},"featured_media":2224,"comment_status":"open","ping_status":"closed","template":"","meta":[],"product_brand":[57],"product_cat":[24],"product_tag":[73],"class_list":{"0":"post-2222","1":"product","2":"type-product","3":"status-publish","4":"has-post-thumbnail","6":"product_brand-polygon","7":"product_cat-vtt","8":"product_tag-vtt-tout-suspendu","10":"first","11":"instock","12":"sale","13":"shipping-taxable","14":"purchasable","15":"product-type-variable","16":"has-default-attributes"},"jetpack_sharing_enabled":true,"_links":{"self":[{"href":"https:\/\/www.dijoncycles.fr\/en\/wp-json\/wp\/v2\/product\/2222","targetHints":{"allow":["GET"]}}],"collection":[{"href":"https:\/\/www.dijoncycles.fr\/en\/wp-json\/wp\/v2\/product"}],"about":[{"href":"https:\/\/www.dijoncycles.fr\/en\/wp-json\/wp\/v2\/types\/product"}],"replies":[{"embeddable":true,"href":"https:\/\/www.dijoncycles.fr\/en\/wp-json\/wp\/v2\/comments?post=2222"}],"wp:featuredmedia":[{"embeddable":true,"href":"https:\/\/www.dijoncycles.fr\/en\/wp-json\/wp\/v2\/media\/2224"}],"wp:attachment":[{"href":"https:\/\/www.dijoncycles.fr\/en\/wp-json\/wp\/v2\/media?parent=2222"}],"wp:term":[{"taxonomy":"product_brand","embeddable":true,"href":"https:\/\/www.dijoncycles.fr\/en\/wp-json\/wp\/v2\/product_brand?post=2222"},{"taxonomy":"product_cat","embeddable":true,"href":"https:\/\/www.dijoncycles.fr\/en\/wp-json\/wp\/v2\/product_cat?post=2222"},{"taxonomy":"product_tag","embeddable":true,"href":"https:\/\/www.dijoncycles.fr\/en\/wp-json\/wp\/v2\/product_tag?post=2222"}],"curies":[{"name":"wp","href":"https:\/\/api.w.org\/{rel}","templated":true}]}}