{"id":2436,"date":"2025-11-23T14:13:05","date_gmt":"2025-11-23T13:13:05","guid":{"rendered":"https:\/\/www.dijoncycles.fr\/?post_type=product&#038;p=2436"},"modified":"2026-04-09T15:47:30","modified_gmt":"2026-04-09T13:47:30","slug":"velo-route-bianchi-oltre-race-105","status":"publish","type":"product","link":"https:\/\/www.dijoncycles.fr\/en\/product\/velo-route-bianchi-oltre-race-105\/","title":{"rendered":"BIANCHI Oltre Race 105"},"content":{"rendered":"<h2>DU PLAISIR POUR TOUS<\/h2>\n<h4>Oltre Race<\/h4>\n<p>Un v\u00e9lo route de comp\u00e9tition con\u00e7u pour offrir vitesse et plaisir de pilotage \u00e0 un grand nombre. Inspir\u00e9 du mod\u00e8le professionnel haut de gamme Oltre RC, il a \u00e9t\u00e9 adapt\u00e9 pour \u00eatre accessible \u00e0 un public plus large.<\/p>\n<p>Visualiser la gamme <a href=\"https:\/\/www.bianchi.com\/oltre-aerovolution\/#oltre-race\" target=\"_blank\" rel=\"noopener\">BIANCHI Oltre RACE<\/a><\/p>","protected":false},"excerpt":{"rendered":"<p>DU PLAISIR POUR TOUS Oltre Race Un v\u00e9lo route de comp\u00e9tition con\u00e7u pour offrir vitesse et plaisir de pilotage \u00e0 un grand nombre. Inspir\u00e9 du mod\u00e8le professionnel haut de gamme Oltre RC, il a \u00e9t\u00e9 adapt\u00e9 pour \u00eatre accessible \u00e0 un public plus large. Visualiser la gamme BIANCHI Oltre RACE<\/p>","protected":false},"featured_media":2454,"comment_status":"open","ping_status":"closed","template":"","meta":[],"product_brand":[36],"product_cat":[28],"product_tag":[],"class_list":{"0":"post-2436","1":"product","2":"type-product","3":"status-publish","4":"has-post-thumbnail","6":"product_brand-bianchi","7":"product_cat-route","9":"first","10":"instock","11":"shipping-taxable","12":"purchasable","13":"product-type-variable","14":"has-default-attributes"},"jetpack_sharing_enabled":true,"_links":{"self":[{"href":"https:\/\/www.dijoncycles.fr\/en\/wp-json\/wp\/v2\/product\/2436","targetHints":{"allow":["GET"]}}],"collection":[{"href":"https:\/\/www.dijoncycles.fr\/en\/wp-json\/wp\/v2\/product"}],"about":[{"href":"https:\/\/www.dijoncycles.fr\/en\/wp-json\/wp\/v2\/types\/product"}],"replies":[{"embeddable":true,"href":"https:\/\/www.dijoncycles.fr\/en\/wp-json\/wp\/v2\/comments?post=2436"}],"wp:featuredmedia":[{"embeddable":true,"href":"https:\/\/www.dijoncycles.fr\/en\/wp-json\/wp\/v2\/media\/2454"}],"wp:attachment":[{"href":"https:\/\/www.dijoncycles.fr\/en\/wp-json\/wp\/v2\/media?parent=2436"}],"wp:term":[{"taxonomy":"product_brand","embeddable":true,"href":"https:\/\/www.dijoncycles.fr\/en\/wp-json\/wp\/v2\/product_brand?post=2436"},{"taxonomy":"product_cat","embeddable":true,"href":"https:\/\/www.dijoncycles.fr\/en\/wp-json\/wp\/v2\/product_cat?post=2436"},{"taxonomy":"product_tag","embeddable":true,"href":"https:\/\/www.dijoncycles.fr\/en\/wp-json\/wp\/v2\/product_tag?post=2436"}],"curies":[{"name":"wp","href":"https:\/\/api.w.org\/{rel}","templated":true}]}}