{"id":2655,"date":"2025-11-26T22:38:41","date_gmt":"2025-11-26T21:38:41","guid":{"rendered":"https:\/\/www.dijoncycles.fr\/?post_type=product&#038;p=2655"},"modified":"2026-02-08T18:08:26","modified_gmt":"2026-02-08T17:08:26","slug":"destockage-vtt-electrique-haibike-alltrack-4-taille-m","status":"publish","type":"product","link":"https:\/\/www.dijoncycles.fr\/en\/product\/destockage-vtt-electrique-haibike-alltrack-4-taille-m\/","title":{"rendered":"HAIBIKE Alltrack 4 Taille M 2025"},"content":{"rendered":"<p><b data-path-to-node=\"13,0\" data-index-in-node=\"1\">OFFRE DE DESTOCKAGE :<\/b> Il ne nous reste qu&rsquo;un seul exemplaire du HAIBIKEe Alltrack 4 en <b data-path-to-node=\"13,0\" data-index-in-node=\"87\">taille M (45cm)<\/b>, la taille id\u00e9ale pour les cyclistes mesurant entre <b data-path-to-node=\"13,0\" data-index-in-node=\"155\">1m68 et 1m78<\/b>. Ne manquez pas cette fin de s\u00e9rie pour acqu\u00e9rir la qualit\u00e9 Allemande HAIBIKE avec moteur Bosch \u00e0 un prix imbattable.<\/p>\n<p>\u00c0 la recherche d&rsquo;un VTT \u00e9lectrique semi-rigide d&rsquo;entr\u00e9e de gamme \u00e9quip\u00e9 d&rsquo;un moteur puissant ? Notre nouvel ALLTRACK 4 s\u00e9duit par une combinaison de composants sophistiqu\u00e9s et un puissant moteur Bosch Performance Line offrant l&rsquo;assistance n\u00e9cessaire sur n&rsquo;importe quel terrain. La fiabilit\u00e9 du d\u00e9railleur et des freins \u00e0 disque Shimano vous offriront le plaisir de rouler en toute s\u00e9curit\u00e9, dans toutes vos randonn\u00e9es. L&rsquo;ALLTRACK 4 est disponible avec des cadres de tailles S et M, et des roues de 27,5\u00a0\u00bb. Les mod\u00e8les M \u00e0 XL sont \u00e9quip\u00e9s de roues de 29\u00a0\u00bb.<\/p>\n<ul>\n<li>\n<p data-path-to-node=\"15,0,0\"><b data-path-to-node=\"15,0,0\" data-index-in-node=\"0\">Moteur :<\/b> <b data-path-to-node=\"15,0,0\" data-index-in-node=\"9\">Bosch Performance Line (75Nm)<\/b> \u2013 Un moteur puissant, silencieux et ultra-fiable.<br \/>\n<b data-path-to-node=\"15,1,0\" data-index-in-node=\"0\">Batterie :<\/b> <b data-path-to-node=\"15,1,0\" data-index-in-node=\"11\">Bosch PowerTube 500Wh<\/b> \u2013 Parfaite pour des sorties de 3h \u00e0 5h en for\u00eat ou sur sentiers. <a href=\"https:\/\/www.bosch-ebike.com\/fr\/service\/assistant-dautonomie\" target=\"_blank\" rel=\"noopener\">Calculez votre autonomie.<\/a><br \/>\n<b data-path-to-node=\"15,2,0\" data-index-in-node=\"0\">Format Roues :<\/b> <b data-path-to-node=\"15,2,0\" data-index-in-node=\"15\">29 pouces<\/b> \u2013 Pour un maximum de confort et une facilit\u00e9 de franchissement des obstacles (racines, cailloux).<br \/>\n<b data-path-to-node=\"15,3,0\" data-index-in-node=\"0\">Transmission :<\/b> Shimano Alivio 9 vitesses (simple et robuste).<br \/>\n<b data-path-to-node=\"15,4,0\" data-index-in-node=\"0\">Freins :<\/b> Freins \u00e0 disques hydrauliques Alhonga pour un freinage s\u00e9curisant.<\/p>\n<\/li>\n<\/ul>\n<p><b data-path-to-node=\"24,0\" data-index-in-node=\"0\">L&rsquo;avis de l&rsquo;\u00e9quipe Dijon Cycles :<\/b> \u00ab\u00a0L&rsquo;Alltrack 4 est le v\u00e9lo parfait pour d\u00e9buter le VTTAE sans se ruiner. En taille M, il offre une position tr\u00e8s \u00e9quilibr\u00e9e. C&rsquo;est notre recommandation pour ceux qui cherchent la fiabilit\u00e9 du syst\u00e8me Bosch avec un budget ma\u00eetris\u00e9. <b data-path-to-node=\"24,0\" data-index-in-node=\"264\">Dernier stock disponible au magasin de Dijon !<\/b>\u00a0\u00bb<\/p>\n<p>Compl\u00e9tez votre achat avec un\u00a0<b data-path-to-node=\"27,0,0\" data-index-in-node=\"31\"><a href=\"https:\/\/www.dijoncycles.fr\/en\/casques-velo\/\">casque MET<\/a>\u00a0sp\u00e9cial VTTAE !<\/b><\/p>\n<p>Visualiser la nouvelle gamme <a href=\"https:\/\/haibike.com\/de-de\/collections\/hardtail-e-mountainbikes\" target=\"_blank\" rel=\"noopener\">HAIBIKE ALLTRACK<\/a><\/p>","protected":false},"excerpt":{"rendered":"<p>OFFRE DE DESTOCKAGE : Il ne nous reste qu&rsquo;un seul exemplaire du HAIBIKEe Alltrack 4 en taille M (45cm), la taille id\u00e9ale pour les cyclistes mesurant entre 1m68 et 1m78. Ne manquez pas cette fin de s\u00e9rie pour acqu\u00e9rir la qualit\u00e9 Allemande HAIBIKE avec moteur Bosch \u00e0 un prix imbattable. \u00c0 la recherche d&rsquo;un VTT [&hellip;]<\/p>\n","protected":false},"featured_media":1534,"comment_status":"open","ping_status":"closed","template":"","meta":[],"product_brand":[56],"product_cat":[30],"product_tag":[74],"class_list":{"0":"post-2655","1":"product","2":"type-product","3":"status-publish","4":"has-post-thumbnail","6":"product_brand-haibike","7":"product_cat-vtt-electrique","8":"product_tag-vtt-semi-rigide","10":"first","11":"instock","12":"sale","13":"shipping-taxable","14":"purchasable","15":"product-type-simple"},"jetpack_sharing_enabled":true,"_links":{"self":[{"href":"https:\/\/www.dijoncycles.fr\/en\/wp-json\/wp\/v2\/product\/2655","targetHints":{"allow":["GET"]}}],"collection":[{"href":"https:\/\/www.dijoncycles.fr\/en\/wp-json\/wp\/v2\/product"}],"about":[{"href":"https:\/\/www.dijoncycles.fr\/en\/wp-json\/wp\/v2\/types\/product"}],"replies":[{"embeddable":true,"href":"https:\/\/www.dijoncycles.fr\/en\/wp-json\/wp\/v2\/comments?post=2655"}],"wp:featuredmedia":[{"embeddable":true,"href":"https:\/\/www.dijoncycles.fr\/en\/wp-json\/wp\/v2\/media\/1534"}],"wp:attachment":[{"href":"https:\/\/www.dijoncycles.fr\/en\/wp-json\/wp\/v2\/media?parent=2655"}],"wp:term":[{"taxonomy":"product_brand","embeddable":true,"href":"https:\/\/www.dijoncycles.fr\/en\/wp-json\/wp\/v2\/product_brand?post=2655"},{"taxonomy":"product_cat","embeddable":true,"href":"https:\/\/www.dijoncycles.fr\/en\/wp-json\/wp\/v2\/product_cat?post=2655"},{"taxonomy":"product_tag","embeddable":true,"href":"https:\/\/www.dijoncycles.fr\/en\/wp-json\/wp\/v2\/product_tag?post=2655"}],"curies":[{"name":"wp","href":"https:\/\/api.w.org\/{rel}","templated":true}]}}