{"id":2778,"date":"2025-12-08T18:11:05","date_gmt":"2025-12-08T17:11:05","guid":{"rendered":"https:\/\/www.dijoncycles.fr\/?post_type=product&#038;p=2778"},"modified":"2026-05-10T16:35:46","modified_gmt":"2026-05-10T14:35:46","slug":"bmx-race-position-one-race-2026","status":"publish","type":"product","link":"https:\/\/www.dijoncycles.fr\/en\/product\/bmx-race-position-one-race-2026\/","title":{"rendered":"POSITION ONE RACE 2026"},"content":{"rendered":"<p>Les POSITION ONE Race ont \u00e9t\u00e9 cr\u00e9\u00e9s sp\u00e9cialement pour faire d\u00e9couvrir le BMX Race aux d\u00e9butants gr\u00e2ce \u00e0 une gamme \u00e0 la g\u00e9om\u00e9trie \u00e9tudi\u00e9e, vous offrant ainsi le meilleur rapport qualit\u00e9\/prix dans un BMX d&rsquo;entr\u00e9e de gamme. Dot\u00e9 d&rsquo;un cadre en aluminium 6061 \u00e0 direction int\u00e9gr\u00e9e, il est muni d&rsquo;une fourche et guidon en Chromoly, d&rsquo;un p\u00e9dalier 3 pi\u00e8ces, de jantes double paroi, d&rsquo;un freinage V-Brake et de pneus ARISUN XLR8.<\/p>\n<p>Venez retrouvez la s\u00e9lection de v\u00e9los BMX \u00e0 DIJON en magasin.<\/p>\n<p>Visualiser la gamme <a href=\"http:\/\/p1bikes.com\/bmx-racing\/\" target=\"_blank\" rel=\"noopener\">POSITION ONE RACE<\/a><\/p>","protected":false},"excerpt":{"rendered":"<p>Les POSITION ONE Race ont \u00e9t\u00e9 cr\u00e9\u00e9s sp\u00e9cialement pour faire d\u00e9couvrir le BMX Race aux d\u00e9butants gr\u00e2ce \u00e0 une gamme \u00e0 la g\u00e9om\u00e9trie \u00e9tudi\u00e9e, vous offrant ainsi le meilleur rapport qualit\u00e9\/prix dans un BMX d&rsquo;entr\u00e9e de gamme. Dot\u00e9 d&rsquo;un cadre en aluminium 6061 \u00e0 direction int\u00e9gr\u00e9e, il est muni d&rsquo;une fourche et guidon en Chromoly, [&hellip;]<\/p>\n","protected":false},"featured_media":2810,"comment_status":"open","ping_status":"closed","template":"","meta":[],"product_brand":[67],"product_cat":[31],"product_tag":[],"class_list":{"0":"post-2778","1":"product","2":"type-product","3":"status-publish","4":"has-post-thumbnail","6":"product_brand-position-one","7":"product_cat-bmx-race","9":"first","10":"instock","11":"shipping-taxable","12":"purchasable","13":"product-type-variable"},"jetpack_sharing_enabled":true,"_links":{"self":[{"href":"https:\/\/www.dijoncycles.fr\/en\/wp-json\/wp\/v2\/product\/2778","targetHints":{"allow":["GET"]}}],"collection":[{"href":"https:\/\/www.dijoncycles.fr\/en\/wp-json\/wp\/v2\/product"}],"about":[{"href":"https:\/\/www.dijoncycles.fr\/en\/wp-json\/wp\/v2\/types\/product"}],"replies":[{"embeddable":true,"href":"https:\/\/www.dijoncycles.fr\/en\/wp-json\/wp\/v2\/comments?post=2778"}],"wp:featuredmedia":[{"embeddable":true,"href":"https:\/\/www.dijoncycles.fr\/en\/wp-json\/wp\/v2\/media\/2810"}],"wp:attachment":[{"href":"https:\/\/www.dijoncycles.fr\/en\/wp-json\/wp\/v2\/media?parent=2778"}],"wp:term":[{"taxonomy":"product_brand","embeddable":true,"href":"https:\/\/www.dijoncycles.fr\/en\/wp-json\/wp\/v2\/product_brand?post=2778"},{"taxonomy":"product_cat","embeddable":true,"href":"https:\/\/www.dijoncycles.fr\/en\/wp-json\/wp\/v2\/product_cat?post=2778"},{"taxonomy":"product_tag","embeddable":true,"href":"https:\/\/www.dijoncycles.fr\/en\/wp-json\/wp\/v2\/product_tag?post=2778"}],"curies":[{"name":"wp","href":"https:\/\/api.w.org\/{rel}","templated":true}]}}