{"id":2813,"date":"2025-12-11T12:46:03","date_gmt":"2025-12-11T11:46:03","guid":{"rendered":"https:\/\/www.dijoncycles.fr\/?post_type=product&#038;p=2813"},"modified":"2026-03-30T11:26:40","modified_gmt":"2026-03-30T09:26:40","slug":"velo-route-scott-dura-ace-taille-58-occasion","status":"publish","type":"product","link":"https:\/\/www.dijoncycles.fr\/en\/product\/velo-route-scott-dura-ace-taille-58-occasion\/","title":{"rendered":"Route SCOTT Dura Ace Taille 58"},"content":{"rendered":"<p>V\u00e9lo route d&rsquo;occasion.<\/p>\n<p>En parfait \u00e9tat.<\/p>\n<p>Remplacement des pneus \u00e0 pr\u00e9voir \u00e0 court therme.<\/p>\n<p>Visible au magasin DIJON CYCLES.<\/p>","protected":false},"excerpt":{"rendered":"<p>V\u00e9lo route d&rsquo;occasion. En parfait \u00e9tat. Remplacement des pneus \u00e0 pr\u00e9voir \u00e0 court therme. Visible au magasin DIJON CYCLES.<\/p>","protected":false},"featured_media":2815,"comment_status":"open","ping_status":"closed","template":"","meta":[],"product_brand":[],"product_cat":[34],"product_tag":[],"class_list":{"0":"post-2813","1":"product","2":"type-product","3":"status-publish","4":"has-post-thumbnail","6":"product_cat-occasions","8":"first","9":"instock","10":"shipping-taxable","11":"purchasable","12":"product-type-simple"},"jetpack_sharing_enabled":true,"_links":{"self":[{"href":"https:\/\/www.dijoncycles.fr\/en\/wp-json\/wp\/v2\/product\/2813","targetHints":{"allow":["GET"]}}],"collection":[{"href":"https:\/\/www.dijoncycles.fr\/en\/wp-json\/wp\/v2\/product"}],"about":[{"href":"https:\/\/www.dijoncycles.fr\/en\/wp-json\/wp\/v2\/types\/product"}],"replies":[{"embeddable":true,"href":"https:\/\/www.dijoncycles.fr\/en\/wp-json\/wp\/v2\/comments?post=2813"}],"wp:featuredmedia":[{"embeddable":true,"href":"https:\/\/www.dijoncycles.fr\/en\/wp-json\/wp\/v2\/media\/2815"}],"wp:attachment":[{"href":"https:\/\/www.dijoncycles.fr\/en\/wp-json\/wp\/v2\/media?parent=2813"}],"wp:term":[{"taxonomy":"product_brand","embeddable":true,"href":"https:\/\/www.dijoncycles.fr\/en\/wp-json\/wp\/v2\/product_brand?post=2813"},{"taxonomy":"product_cat","embeddable":true,"href":"https:\/\/www.dijoncycles.fr\/en\/wp-json\/wp\/v2\/product_cat?post=2813"},{"taxonomy":"product_tag","embeddable":true,"href":"https:\/\/www.dijoncycles.fr\/en\/wp-json\/wp\/v2\/product_tag?post=2813"}],"curies":[{"name":"wp","href":"https:\/\/api.w.org\/{rel}","templated":true}]}}