{"id":2816,"date":"2025-12-12T15:29:55","date_gmt":"2025-12-12T14:29:55","guid":{"rendered":"https:\/\/www.dijoncycles.fr\/?post_type=product&#038;p=2816"},"modified":"2026-05-14T09:39:48","modified_gmt":"2026-05-14T07:39:48","slug":"trek-marlin-6-gen-3-vtt","status":"publish","type":"product","link":"https:\/\/www.dijoncycles.fr\/en\/product\/trek-marlin-6-gen-3-vtt\/","title":{"rendered":"TREK Marlin 6 Gen 3 Taille XL"},"content":{"rendered":"<p data-rm-block-id=\"block-1\">Le Marlin 6 est le VTT id\u00e9al pour am\u00e9liorer vos performances sur le trail. Son cadre plus ouvert permet un meilleur contr\u00f4le dans les descentes, et la fourche t\u00e9lescopique am\u00e9lior\u00e9e amortit les bosses sur les sentiers. Des fixations int\u00e9gr\u00e9es pour porte-bagages arri\u00e8re et b\u00e9quille permettent d&rsquo;installer facilement des accessoires sur ce v\u00e9lo polyvalent.<\/p>\n<p data-rm-block-id=\"block-2\">","protected":false},"excerpt":{"rendered":"<p>Le Marlin 6 est le VTT id\u00e9al pour am\u00e9liorer vos performances sur le trail. Son cadre plus ouvert permet un meilleur contr\u00f4le dans les descentes, et la fourche t\u00e9lescopique am\u00e9lior\u00e9e amortit les bosses sur les sentiers. Des fixations int\u00e9gr\u00e9es pour porte-bagages arri\u00e8re et b\u00e9quille permettent d&rsquo;installer facilement des accessoires sur ce v\u00e9lo polyvalent.<\/p>","protected":false},"featured_media":1881,"comment_status":"open","ping_status":"closed","template":"","meta":[],"product_brand":[26],"product_cat":[24],"product_tag":[74],"class_list":{"0":"post-2816","1":"product","2":"type-product","3":"status-publish","4":"has-post-thumbnail","6":"product_brand-trek","7":"product_cat-vtt","8":"product_tag-vtt-semi-rigide","10":"first","11":"instock","12":"sale","13":"shipping-taxable","14":"purchasable","15":"product-type-simple"},"jetpack_sharing_enabled":true,"_links":{"self":[{"href":"https:\/\/www.dijoncycles.fr\/en\/wp-json\/wp\/v2\/product\/2816","targetHints":{"allow":["GET"]}}],"collection":[{"href":"https:\/\/www.dijoncycles.fr\/en\/wp-json\/wp\/v2\/product"}],"about":[{"href":"https:\/\/www.dijoncycles.fr\/en\/wp-json\/wp\/v2\/types\/product"}],"replies":[{"embeddable":true,"href":"https:\/\/www.dijoncycles.fr\/en\/wp-json\/wp\/v2\/comments?post=2816"}],"wp:featuredmedia":[{"embeddable":true,"href":"https:\/\/www.dijoncycles.fr\/en\/wp-json\/wp\/v2\/media\/1881"}],"wp:attachment":[{"href":"https:\/\/www.dijoncycles.fr\/en\/wp-json\/wp\/v2\/media?parent=2816"}],"wp:term":[{"taxonomy":"product_brand","embeddable":true,"href":"https:\/\/www.dijoncycles.fr\/en\/wp-json\/wp\/v2\/product_brand?post=2816"},{"taxonomy":"product_cat","embeddable":true,"href":"https:\/\/www.dijoncycles.fr\/en\/wp-json\/wp\/v2\/product_cat?post=2816"},{"taxonomy":"product_tag","embeddable":true,"href":"https:\/\/www.dijoncycles.fr\/en\/wp-json\/wp\/v2\/product_tag?post=2816"}],"curies":[{"name":"wp","href":"https:\/\/api.w.org\/{rel}","templated":true}]}}