{"id":2817,"date":"2025-12-14T11:01:15","date_gmt":"2025-12-14T10:01:15","guid":{"rendered":"https:\/\/www.dijoncycles.fr\/?post_type=product&#038;p=2817"},"modified":"2026-01-04T13:33:22","modified_gmt":"2026-01-04T12:33:22","slug":"pedalier-bmx-race-box-two-m30-p-172-5","status":"publish","type":"product","link":"https:\/\/www.dijoncycles.fr\/en\/product\/pedalier-bmx-race-box-two-m30-p-172-5\/","title":{"rendered":"P\u00e9dalier BOX two M30-P 172,5mm"},"content":{"rendered":"<p>Unique en son genre, le p\u00e9dalier de BMX Race BOX Two M30-P est le premier au monde \u00e0 disposer d&rsquo;un syst\u00e8me de boitier de p\u00e9dalier externe \u00e0 axe surdimensionn\u00e9 de 30mm compatible avec tous les bo\u00eetiers externes Euro BSC\/BSA. Forg\u00e9es \u00e0 froid \u00e0 partir d&rsquo;aluminium 7075, ses manivelles creuses et son axe surdimensionn\u00e9 en font aujourd&rsquo;hui un des p\u00e9dalier de BMX Race le plus rigide du march\u00e9 pur les jeunes pilotes.<\/p>\n<p><strong>CARACT\u00c9RISTIQUES\u00a0:<\/strong><br \/>\n\u2022\u00a0P\u00e9dalier 2 pi\u00e8ces<br \/>\n\u2022\u00a0Manivelles creuses\u00a0Aluminium 7075-T6 forg\u00e9<br \/>\n\u2022 Axe 30mm\u00a0Aluminium\u00a07075-T6 forg\u00e9<br \/>\n\u2022 \u00c9toile\u00a0Aluminium usin\u00e9 CNC<br \/>\n\u2022 Fixation 4 points BCD diam\u00e8tre 104mm<br \/>\n\u2022 Ligne de cha\u00eene : 44.5mm<br \/>\n\u2022 Q-factor : 163mm<br \/>\n\u2022\u00a0Poids : 924g (180mm)<br \/>\n\u2022\u00a0Vendu avec bo\u00eetier euro\u00a0axe 30mm et outil d&rsquo;installation<\/p>\n<p><strong>COMPATIBILIT\u00c9 :<\/strong><br \/>\n\u2022 Boitiers\u00a0Euro BSC\/BSA\u00a0axe 30mm<br \/>\n\u2022 Adaptateurs compatibles avec boitiers Press Fit\u00a0axe 30mm vendus\u00a0s\u00e9par\u00e9ments<\/p>\n<p>Visualiser la gamme <a href=\"https:\/\/www.usprobikes.com\/fr\/60_box\" target=\"_blank\" rel=\"noopener\">BOX<\/a><\/p>","protected":false},"excerpt":{"rendered":"<p>Unique en son genre, le p\u00e9dalier de BMX Race BOX Two M30-P est le premier au monde \u00e0 disposer d&rsquo;un syst\u00e8me de boitier de p\u00e9dalier externe \u00e0 axe surdimensionn\u00e9 de 30mm compatible avec tous les bo\u00eetiers externes Euro BSC\/BSA. Forg\u00e9es \u00e0 froid \u00e0 partir d&rsquo;aluminium 7075, ses manivelles creuses et son axe surdimensionn\u00e9 en font [&hellip;]<\/p>\n","protected":false},"featured_media":2820,"comment_status":"open","ping_status":"closed","template":"","meta":[],"product_brand":[],"product_cat":[23],"product_tag":[],"class_list":{"0":"post-2817","1":"product","2":"type-product","3":"status-publish","4":"has-post-thumbnail","6":"product_cat-non-classe","8":"first","9":"instock","10":"sale","11":"shipping-taxable","12":"purchasable","13":"product-type-simple"},"jetpack_sharing_enabled":true,"_links":{"self":[{"href":"https:\/\/www.dijoncycles.fr\/en\/wp-json\/wp\/v2\/product\/2817","targetHints":{"allow":["GET"]}}],"collection":[{"href":"https:\/\/www.dijoncycles.fr\/en\/wp-json\/wp\/v2\/product"}],"about":[{"href":"https:\/\/www.dijoncycles.fr\/en\/wp-json\/wp\/v2\/types\/product"}],"replies":[{"embeddable":true,"href":"https:\/\/www.dijoncycles.fr\/en\/wp-json\/wp\/v2\/comments?post=2817"}],"wp:featuredmedia":[{"embeddable":true,"href":"https:\/\/www.dijoncycles.fr\/en\/wp-json\/wp\/v2\/media\/2820"}],"wp:attachment":[{"href":"https:\/\/www.dijoncycles.fr\/en\/wp-json\/wp\/v2\/media?parent=2817"}],"wp:term":[{"taxonomy":"product_brand","embeddable":true,"href":"https:\/\/www.dijoncycles.fr\/en\/wp-json\/wp\/v2\/product_brand?post=2817"},{"taxonomy":"product_cat","embeddable":true,"href":"https:\/\/www.dijoncycles.fr\/en\/wp-json\/wp\/v2\/product_cat?post=2817"},{"taxonomy":"product_tag","embeddable":true,"href":"https:\/\/www.dijoncycles.fr\/en\/wp-json\/wp\/v2\/product_tag?post=2817"}],"curies":[{"name":"wp","href":"https:\/\/api.w.org\/{rel}","templated":true}]}}