{"id":2841,"date":"2025-12-15T16:11:17","date_gmt":"2025-12-15T15:11:17","guid":{"rendered":"https:\/\/www.dijoncycles.fr\/?post_type=product&#038;p=2841"},"modified":"2026-04-26T12:16:22","modified_gmt":"2026-04-26T10:16:22","slug":"winora-domingo-x21-low-velo-de-ville","status":"publish","type":"product","link":"https:\/\/www.dijoncycles.fr\/en\/product\/winora-domingo-x21-low-velo-de-ville\/","title":{"rendered":"WINORA Domingo X21 Low"},"content":{"rendered":"<p data-rm-block-id=\"block-2\">Sportif d&rsquo;apparence, confortable quand les circonstances l&rsquo;exigent. Notre Winora Domingo 21 est un v\u00e9lo de ville \/ trekking pour tous les terrains et toutes les aventures. Et son rapport prix-performance n&rsquo;est pas son atout le moins impressionnant. Il est dot\u00e9 d&rsquo;un cadre l\u00e9ger mais stable en aluminium qui vous conduira \u00e0 destination dans la vie quotidienne comme lors de randonn\u00e9es prolong\u00e9es. Il a \u00e9galement une configuration polyvalente comprenant une fourche \u00e0 suspension en acier au d\u00e9battement de 40 mm, un d\u00e9railleur Shimano 21 vitesses et des pneus route anti-crevaison. Nous avons \u00e9galement accord\u00e9 une attention particuli\u00e8re \u00e0 la s\u00e9curit\u00e9 : ce v\u00e9lo n&rsquo;est pas seulement \u00e9quip\u00e9 de freins \u00e0 poulie \u00e0 gorge en V pour s&rsquo;arr\u00eater rapidement et en toute s\u00e9curit\u00e9, mais \u00e9galement d&rsquo;accessoires tels que des feux et des catadioptres \u00e0 la norme StVZO. Profitez pleinement de vos randonn\u00e9es sur le Domingo 21 , un v\u00e9lo sportif d&rsquo;apparence et confortable lorsque les circonstances l&rsquo;exigent.<\/p>\n<p data-rm-block-id=\"block-2\">Visualiser la gamme <a href=\"https:\/\/www.winora.com\/fr-fr\/products\/domingo-x21-wdau1?variant=45240078860345\" target=\"_blank\" rel=\"noopener\">WINORA DOMINGO X21<\/a><\/p>\n<p data-rm-block-id=\"block-3\">","protected":false},"excerpt":{"rendered":"<p>Sportif d&rsquo;apparence, confortable quand les circonstances l&rsquo;exigent. Notre Winora Domingo 21 est un v\u00e9lo de ville \/ trekking pour tous les terrains et toutes les aventures. Et son rapport prix-performance n&rsquo;est pas son atout le moins impressionnant. Il est dot\u00e9 d&rsquo;un cadre l\u00e9ger mais stable en aluminium qui vous conduira \u00e0 destination dans la vie [&hellip;]<\/p>\n","protected":false},"featured_media":2860,"comment_status":"open","ping_status":"closed","template":"","meta":[],"product_brand":[55],"product_cat":[32],"product_tag":[],"class_list":{"0":"post-2841","1":"product","2":"type-product","3":"status-publish","4":"has-post-thumbnail","6":"product_brand-winora","7":"product_cat-ville-loisirs","9":"first","10":"instock","11":"shipping-taxable","12":"purchasable","13":"product-type-variable","14":"has-default-attributes"},"jetpack_sharing_enabled":true,"_links":{"self":[{"href":"https:\/\/www.dijoncycles.fr\/en\/wp-json\/wp\/v2\/product\/2841","targetHints":{"allow":["GET"]}}],"collection":[{"href":"https:\/\/www.dijoncycles.fr\/en\/wp-json\/wp\/v2\/product"}],"about":[{"href":"https:\/\/www.dijoncycles.fr\/en\/wp-json\/wp\/v2\/types\/product"}],"replies":[{"embeddable":true,"href":"https:\/\/www.dijoncycles.fr\/en\/wp-json\/wp\/v2\/comments?post=2841"}],"wp:featuredmedia":[{"embeddable":true,"href":"https:\/\/www.dijoncycles.fr\/en\/wp-json\/wp\/v2\/media\/2860"}],"wp:attachment":[{"href":"https:\/\/www.dijoncycles.fr\/en\/wp-json\/wp\/v2\/media?parent=2841"}],"wp:term":[{"taxonomy":"product_brand","embeddable":true,"href":"https:\/\/www.dijoncycles.fr\/en\/wp-json\/wp\/v2\/product_brand?post=2841"},{"taxonomy":"product_cat","embeddable":true,"href":"https:\/\/www.dijoncycles.fr\/en\/wp-json\/wp\/v2\/product_cat?post=2841"},{"taxonomy":"product_tag","embeddable":true,"href":"https:\/\/www.dijoncycles.fr\/en\/wp-json\/wp\/v2\/product_tag?post=2841"}],"curies":[{"name":"wp","href":"https:\/\/api.w.org\/{rel}","templated":true}]}}