{"id":2855,"date":"2025-12-16T15:01:12","date_gmt":"2025-12-16T14:01:12","guid":{"rendered":"https:\/\/www.dijoncycles.fr\/?post_type=product&#038;p=2855"},"modified":"2026-05-14T09:41:05","modified_gmt":"2026-05-14T07:41:05","slug":"velo-enfant-12-pouces-gitane-rose","status":"publish","type":"product","link":"https:\/\/www.dijoncycles.fr\/en\/product\/velo-enfant-12-pouces-gitane-rose\/","title":{"rendered":"V\u00e9lo Enfant 12 pouces GITANE"},"content":{"rendered":"<p>Id\u00e9al pour l&rsquo;apprentissage du v\u00e9lo sur roulettes ! En offrant \u00e0 votre enfant un v\u00e9lo enfant 12 pouces Gitane, vous lui garantissez un v\u00e9lo d&rsquo;une qualit\u00e9 sans reproche !<\/p>\n<p>Pour enfant de 2 \u00e0 4 ans.<\/p>","protected":false},"excerpt":{"rendered":"<p>Id\u00e9al pour l&rsquo;apprentissage du v\u00e9lo sur roulettes ! En offrant \u00e0 votre enfant un v\u00e9lo enfant 12 pouces Gitane, vous lui garantissez un v\u00e9lo d&rsquo;une qualit\u00e9 sans reproche ! Pour enfant de 2 \u00e0 4 ans.<\/p>","protected":false},"featured_media":2858,"comment_status":"open","ping_status":"closed","template":"","meta":[],"product_brand":[],"product_cat":[34],"product_tag":[71],"class_list":{"0":"post-2855","1":"product","2":"type-product","3":"status-publish","4":"has-post-thumbnail","6":"product_cat-occasions","7":"product_tag-enfant","9":"first","10":"instock","11":"shipping-taxable","12":"purchasable","13":"product-type-simple"},"jetpack_sharing_enabled":true,"_links":{"self":[{"href":"https:\/\/www.dijoncycles.fr\/en\/wp-json\/wp\/v2\/product\/2855","targetHints":{"allow":["GET"]}}],"collection":[{"href":"https:\/\/www.dijoncycles.fr\/en\/wp-json\/wp\/v2\/product"}],"about":[{"href":"https:\/\/www.dijoncycles.fr\/en\/wp-json\/wp\/v2\/types\/product"}],"replies":[{"embeddable":true,"href":"https:\/\/www.dijoncycles.fr\/en\/wp-json\/wp\/v2\/comments?post=2855"}],"wp:featuredmedia":[{"embeddable":true,"href":"https:\/\/www.dijoncycles.fr\/en\/wp-json\/wp\/v2\/media\/2858"}],"wp:attachment":[{"href":"https:\/\/www.dijoncycles.fr\/en\/wp-json\/wp\/v2\/media?parent=2855"}],"wp:term":[{"taxonomy":"product_brand","embeddable":true,"href":"https:\/\/www.dijoncycles.fr\/en\/wp-json\/wp\/v2\/product_brand?post=2855"},{"taxonomy":"product_cat","embeddable":true,"href":"https:\/\/www.dijoncycles.fr\/en\/wp-json\/wp\/v2\/product_cat?post=2855"},{"taxonomy":"product_tag","embeddable":true,"href":"https:\/\/www.dijoncycles.fr\/en\/wp-json\/wp\/v2\/product_tag?post=2855"}],"curies":[{"name":"wp","href":"https:\/\/api.w.org\/{rel}","templated":true}]}}