{"id":2863,"date":"2025-12-21T18:06:56","date_gmt":"2025-12-21T17:06:56","guid":{"rendered":"https:\/\/www.dijoncycles.fr\/?post_type=product&#038;p=2863"},"modified":"2026-01-05T17:09:52","modified_gmt":"2026-01-05T16:09:52","slug":"velo-gravel-bianchi-nirone-7-grx610-1x12sp","status":"publish","type":"product","link":"https:\/\/www.dijoncycles.fr\/en\/product\/velo-gravel-bianchi-nirone-7-grx610-1x12sp\/","title":{"rendered":"BIANCHI Nirone 7 GRX820\/610 1X12SP"},"content":{"rendered":"<p>Votre intention est d&rsquo;explorer le monde passionnant de l&rsquo;aventure.<\/p>\n<p>D\u00e9couvrez la nouvelle collection de v\u00e9lo Gravel de BIANCHI au magasin DIJON CYCLES.<\/p>\n<p>Nous amenons de plus en plus de cyclistes \u00e0 d\u00e9couvrir le monde passionnant et en constante \u00e9volution du Gravel, avec de nouvelles plateformes et de nouveaux coloris. Que ce soit par ambition comp\u00e9titive ou par soif de d\u00e9couverte, il existe un v\u00e9lo Gravel adapt\u00e9 \u00e0 chaque type de cycliste.<\/p>\n<p>Visualiser la gamme <a href=\"https:\/\/www.bianchi.com\/bikes\/bikes\/gravel-road\/gravel-racing\/via-nirone-7-gravel\/\" target=\"_blank\" rel=\"noopener\">BIANCHI Niron 7<\/a><\/p>","protected":false},"excerpt":{"rendered":"<p>Votre intention est d&rsquo;explorer le monde passionnant de l&rsquo;aventure. D\u00e9couvrez la nouvelle collection de v\u00e9lo Gravel de BIANCHI au magasin DIJON CYCLES. Nous amenons de plus en plus de cyclistes \u00e0 d\u00e9couvrir le monde passionnant et en constante \u00e9volution du Gravel, avec de nouvelles plateformes et de nouveaux coloris. Que ce soit par ambition comp\u00e9titive [&hellip;]<\/p>\n","protected":false},"featured_media":2878,"comment_status":"open","ping_status":"closed","template":"","meta":[],"product_brand":[36],"product_cat":[29],"product_tag":[],"class_list":{"0":"post-2863","1":"product","2":"type-product","3":"status-publish","4":"has-post-thumbnail","6":"product_brand-bianchi","7":"product_cat-gravel","9":"first","10":"instock","11":"shipping-taxable","12":"purchasable","13":"product-type-variable","14":"has-default-attributes"},"jetpack_sharing_enabled":true,"_links":{"self":[{"href":"https:\/\/www.dijoncycles.fr\/en\/wp-json\/wp\/v2\/product\/2863","targetHints":{"allow":["GET"]}}],"collection":[{"href":"https:\/\/www.dijoncycles.fr\/en\/wp-json\/wp\/v2\/product"}],"about":[{"href":"https:\/\/www.dijoncycles.fr\/en\/wp-json\/wp\/v2\/types\/product"}],"replies":[{"embeddable":true,"href":"https:\/\/www.dijoncycles.fr\/en\/wp-json\/wp\/v2\/comments?post=2863"}],"wp:featuredmedia":[{"embeddable":true,"href":"https:\/\/www.dijoncycles.fr\/en\/wp-json\/wp\/v2\/media\/2878"}],"wp:attachment":[{"href":"https:\/\/www.dijoncycles.fr\/en\/wp-json\/wp\/v2\/media?parent=2863"}],"wp:term":[{"taxonomy":"product_brand","embeddable":true,"href":"https:\/\/www.dijoncycles.fr\/en\/wp-json\/wp\/v2\/product_brand?post=2863"},{"taxonomy":"product_cat","embeddable":true,"href":"https:\/\/www.dijoncycles.fr\/en\/wp-json\/wp\/v2\/product_cat?post=2863"},{"taxonomy":"product_tag","embeddable":true,"href":"https:\/\/www.dijoncycles.fr\/en\/wp-json\/wp\/v2\/product_tag?post=2863"}],"curies":[{"name":"wp","href":"https:\/\/api.w.org\/{rel}","templated":true}]}}