{"id":2895,"date":"2025-12-24T11:26:31","date_gmt":"2025-12-24T10:26:31","guid":{"rendered":"https:\/\/www.dijoncycles.fr\/?post_type=product&#038;p=2895"},"modified":"2026-04-26T12:16:47","modified_gmt":"2026-04-26T10:16:47","slug":"vtt-polygon-syncline-dr8-vert","status":"publish","type":"product","link":"https:\/\/www.dijoncycles.fr\/en\/product\/vtt-polygon-syncline-dr8-vert\/","title":{"rendered":"POLYGON Syncline DR8 Carbon"},"content":{"rendered":"<h4>Le cross-country r\u00e9invent\u00e9.<\/h4>\n<p>La nouvelle g\u00e9n\u00e9ration de v\u00e9lo POLYGON Syncline : un VTT de cross-country avec une suspension int\u00e9grale pour un contr\u00f4le optimal.<\/p>\n<p>Le cross-country a bien chang\u00e9, et le Syncline aussi. Le nouveau Syncline DR int\u00e8gre tout notre savoir-faire acquis au fil des ann\u00e9es en comp\u00e9tition UCI dans un v\u00e9lo tout-suspendu en carbone, con\u00e7u pour la vitesse, la pr\u00e9cision et l\u2019intensit\u00e9 du cross-country moderne. C\u2019est votre atout majeur. Pour la comp\u00e9tition. Au quotidien. Pour la conqu\u00eate.<\/p>\n<p>Rapide mais stable<br \/>\nAvec 110 mm de d\u00e9battement arri\u00e8re efficace et 120 mm \u00e0 l&rsquo;avant, la suspension monopivot du Syncline DR allie vitesse et contr\u00f4le, assurant une conduite souple sur les racines, stable dans les rocailles et pr\u00e9cise dans les virages en \u00e9pingle.<\/p>\n<p>Aucune \u00e9nergie gaspill\u00e9e<br \/>\nChaque coup de p\u00e9dale est directement converti en \u00e9lan vers l&rsquo;avant gr\u00e2ce \u00e0 un cadre l\u00e9ger en carbone et un bo\u00eetier de p\u00e9dalier filet\u00e9 BSA73 pour une rigidit\u00e9 maximale et un entretien facile.<\/p>\n<p>Pr\u00e9cision \u00e0 toute \u00e9preuve<br \/>\nLe passage interne des c\u00e2bles assure un fonctionnement silencieux, tandis qu&rsquo;un axe traversant Boost 12&#215;148 mm et une patte de d\u00e9railleur UDH garantissent une stabilit\u00e9 de transmission \u00e0 toute \u00e9preuve lors des duels pour la position et des changements de vitesse pr\u00e9cis sous pression.<\/p>\n<p>Traction optimale, o\u00f9 que vous en ayez besoin<br \/>\nDes mont\u00e9es rocailleuses aux sprints boueux, gr\u00e2ce \u00e0 ses pneus 29&#215;2.35, le Syncline DR offre une adh\u00e9rence accrue, un confort plus fluide et un contr\u00f4le pr\u00e9cis.<\/p>\n<p>G\u00e9om\u00e9trie con\u00e7ue pour le XC moderne<br \/>\nGr\u00e2ce \u00e0 sa g\u00e9om\u00e9trie moderne et \u00e0 sa suspension \u00e0 4 barres flexibles, le Syncline DR est con\u00e7u pour affronter les parcours XC d&rsquo;aujourd&rsquo;hui, de plus en plus exigeants.<\/p>\n<p>Visualiser la gamme <a href=\"https:\/\/www.polygonbikes.com\/fr\/syncline-dr-fr\/\" target=\"_blank\" rel=\"noopener\">POLYGOIN Syncline DR<\/a><\/p>\n<p>Voir les v\u00e9los <a href=\"https:\/\/www.dijoncycles.fr\/en\/product-tag\/polygon\/\">POLYGON<\/a> en stock.<\/p>","protected":false},"excerpt":{"rendered":"<p>Le cross-country r\u00e9invent\u00e9. La nouvelle g\u00e9n\u00e9ration de v\u00e9lo POLYGON Syncline : un VTT de cross-country avec une suspension int\u00e9grale pour un contr\u00f4le optimal. Le cross-country a bien chang\u00e9, et le Syncline aussi. Le nouveau Syncline DR int\u00e8gre tout notre savoir-faire acquis au fil des ann\u00e9es en comp\u00e9tition UCI dans un v\u00e9lo tout-suspendu en carbone, con\u00e7u [&hellip;]<\/p>\n","protected":false},"featured_media":2901,"comment_status":"open","ping_status":"closed","template":"","meta":[],"product_brand":[57],"product_cat":[24],"product_tag":[73],"class_list":{"0":"post-2895","1":"product","2":"type-product","3":"status-publish","4":"has-post-thumbnail","6":"product_brand-polygon","7":"product_cat-vtt","8":"product_tag-vtt-tout-suspendu","10":"first","11":"instock","12":"shipping-taxable","13":"purchasable","14":"product-type-variable","15":"has-default-attributes"},"jetpack_sharing_enabled":true,"_links":{"self":[{"href":"https:\/\/www.dijoncycles.fr\/en\/wp-json\/wp\/v2\/product\/2895","targetHints":{"allow":["GET"]}}],"collection":[{"href":"https:\/\/www.dijoncycles.fr\/en\/wp-json\/wp\/v2\/product"}],"about":[{"href":"https:\/\/www.dijoncycles.fr\/en\/wp-json\/wp\/v2\/types\/product"}],"replies":[{"embeddable":true,"href":"https:\/\/www.dijoncycles.fr\/en\/wp-json\/wp\/v2\/comments?post=2895"}],"wp:featuredmedia":[{"embeddable":true,"href":"https:\/\/www.dijoncycles.fr\/en\/wp-json\/wp\/v2\/media\/2901"}],"wp:attachment":[{"href":"https:\/\/www.dijoncycles.fr\/en\/wp-json\/wp\/v2\/media?parent=2895"}],"wp:term":[{"taxonomy":"product_brand","embeddable":true,"href":"https:\/\/www.dijoncycles.fr\/en\/wp-json\/wp\/v2\/product_brand?post=2895"},{"taxonomy":"product_cat","embeddable":true,"href":"https:\/\/www.dijoncycles.fr\/en\/wp-json\/wp\/v2\/product_cat?post=2895"},{"taxonomy":"product_tag","embeddable":true,"href":"https:\/\/www.dijoncycles.fr\/en\/wp-json\/wp\/v2\/product_tag?post=2895"}],"curies":[{"name":"wp","href":"https:\/\/api.w.org\/{rel}","templated":true}]}}