{"id":3086,"date":"2026-01-04T09:53:02","date_gmt":"2026-01-04T08:53:02","guid":{"rendered":"https:\/\/www.dijoncycles.fr\/?post_type=product&#038;p=3086"},"modified":"2026-04-09T15:47:10","modified_gmt":"2026-04-09T13:47:10","slug":"vtt-occasion-canyon-neuron-6-taille-xs","status":"publish","type":"product","link":"https:\/\/www.dijoncycles.fr\/en\/product\/vtt-occasion-canyon-neuron-6-taille-xs\/","title":{"rendered":"CANYON Neuron 6 taille XS"},"content":{"rendered":"<p>VTT D&rsquo;occasion.<br \/>\nL&rsquo;entretien a \u00e9t\u00e9 r\u00e9alis\u00e9 le 06\/12\/25 avec changement du d\u00e9railleur Shimano Deore XT, des plaquettes et disques et pneu arri\u00e8re neuf (sur factures). Id\u00e9al pour randonn\u00e9es et sorties sportives, v\u00e9lo fiable et pr\u00eat \u00e0 rouler.<br \/>\nTr\u00e8s bon \u00e9tat<br \/>\nGarantie constructeur : 12 mois<br \/>\nPour pilote de 158\u2013166cm<br \/>\nUsage conseill\u00e9 : All Mountain<\/p>\n<p><a href=\"https:\/\/www.leboncoin.fr\/ad\/velos\/3121873863\" target=\"_blank\" rel=\"noopener\">Voir l&rsquo;annonce<\/a><\/p>","protected":false},"excerpt":{"rendered":"<p>VTT D&rsquo;occasion. L&rsquo;entretien a \u00e9t\u00e9 r\u00e9alis\u00e9 le 06\/12\/25 avec changement du d\u00e9railleur Shimano Deore XT, des plaquettes et disques et pneu arri\u00e8re neuf (sur factures). Id\u00e9al pour randonn\u00e9es et sorties sportives, v\u00e9lo fiable et pr\u00eat \u00e0 rouler. Tr\u00e8s bon \u00e9tat Garantie constructeur : 12 mois Pour pilote de 158\u2013166cm Usage conseill\u00e9 : All Mountain Voir [&hellip;]<\/p>\n","protected":false},"featured_media":3087,"comment_status":"open","ping_status":"closed","template":"","meta":[],"product_brand":[],"product_cat":[34],"product_tag":[73],"class_list":{"0":"post-3086","1":"product","2":"type-product","3":"status-publish","4":"has-post-thumbnail","6":"product_cat-occasions","7":"product_tag-vtt-tout-suspendu","9":"first","10":"instock","11":"shipping-taxable","12":"purchasable","13":"product-type-simple"},"jetpack_sharing_enabled":true,"_links":{"self":[{"href":"https:\/\/www.dijoncycles.fr\/en\/wp-json\/wp\/v2\/product\/3086","targetHints":{"allow":["GET"]}}],"collection":[{"href":"https:\/\/www.dijoncycles.fr\/en\/wp-json\/wp\/v2\/product"}],"about":[{"href":"https:\/\/www.dijoncycles.fr\/en\/wp-json\/wp\/v2\/types\/product"}],"replies":[{"embeddable":true,"href":"https:\/\/www.dijoncycles.fr\/en\/wp-json\/wp\/v2\/comments?post=3086"}],"wp:featuredmedia":[{"embeddable":true,"href":"https:\/\/www.dijoncycles.fr\/en\/wp-json\/wp\/v2\/media\/3087"}],"wp:attachment":[{"href":"https:\/\/www.dijoncycles.fr\/en\/wp-json\/wp\/v2\/media?parent=3086"}],"wp:term":[{"taxonomy":"product_brand","embeddable":true,"href":"https:\/\/www.dijoncycles.fr\/en\/wp-json\/wp\/v2\/product_brand?post=3086"},{"taxonomy":"product_cat","embeddable":true,"href":"https:\/\/www.dijoncycles.fr\/en\/wp-json\/wp\/v2\/product_cat?post=3086"},{"taxonomy":"product_tag","embeddable":true,"href":"https:\/\/www.dijoncycles.fr\/en\/wp-json\/wp\/v2\/product_tag?post=3086"}],"curies":[{"name":"wp","href":"https:\/\/api.w.org\/{rel}","templated":true}]}}