{"id":3425,"date":"2026-01-14T11:52:12","date_gmt":"2026-01-14T10:52:12","guid":{"rendered":"https:\/\/www.dijoncycles.fr\/?post_type=product&#038;p=3425"},"modified":"2026-04-11T09:05:27","modified_gmt":"2026-04-11T07:05:27","slug":"velo-route-polygon-strattos-s4d-tiagra","status":"publish","type":"product","link":"https:\/\/www.dijoncycles.fr\/en\/product\/velo-route-polygon-strattos-s4d-tiagra\/","title":{"rendered":"POLYGON Strattos S4D \u2013 V\u00e9lo de Route \u2013 Shimano 2x10V"},"content":{"rendered":"<section class=\"model-overview\">\n<div class=\"container\">\n<h4 class=\"model-overview__title\">NOS VELOS DE ROUTE SPORT<\/h4>\n<div class=\"model-overview__detail\">\n<h5>Maniables et confortables. Parfaits pour d\u00e9couvrir le cyclisme sur route.<\/h5>\n<\/div>\n<\/div>\n<\/section>\n<section class=\"model-text-overview\">\n<div class=\"container\">\n<div class=\"row\">\n<div class=\"col-md\">\n<div class=\"model-text-overview__info desc-see-more\"><span class=\"long-description\">Le POLYGON Strattos ALX est le v\u00e9lo route id\u00e9al pour les hommes et femmes qui souhaitent reprendre ou continuer une activit\u00e9 sportive ludique. La g\u00e9om\u00e9trie du cadre, la polyvalence des roues et la technicit\u00e9 de l&rsquo;\u00e9quipement pourront vous accompagner jusqu&rsquo;au portes de la performance. Quel que soit votre niveau, quelles que soient vos ambitions, notre Strattos ALX vous accompagnera sur toutes les routes du sport et du bien \u00eatre \u00e0 v\u00e9lo.<\/span><\/div>\n<div><\/div>\n<div>\n<ul class=\"product-features__list\">\n<li>Fourche carbone.<\/li>\n<li>Freins \u00e0 disques hydrauliques.<\/li>\n<li>Passages de c\u00e2bles internes.<\/li>\n<li>Ch\u00e2ssis aluminium haut de gamme.<\/li>\n<\/ul>\n<\/div>\n<\/div>\n<\/div>\n<\/div>\n<\/section>\n<p>&nbsp;<\/p>\n<p>Quelle taille choisir ?\u00a0 Faites vos mesures en ligne avec l&rsquo;<a href=\"https:\/\/www.dijoncycles.fr\/en\/etude-posturale\/\">outil DIJON CYCLES.<\/a><\/p>\n<p>Visualiser la gamme <a href=\"https:\/\/www.polygonbikes.com\/fr\/strattos-s-alx-fr\/\" target=\"_blank\" rel=\"noopener\">POLYGON Strattos<\/a><\/p>","protected":false},"excerpt":{"rendered":"<p>NOS VELOS DE ROUTE SPORT Maniables et confortables. Parfaits pour d\u00e9couvrir le cyclisme sur route. Le POLYGON Strattos ALX est le v\u00e9lo route id\u00e9al pour les hommes et femmes qui souhaitent reprendre ou continuer une activit\u00e9 sportive ludique. La g\u00e9om\u00e9trie du cadre, la polyvalence des roues et la technicit\u00e9 de l&rsquo;\u00e9quipement pourront vous accompagner jusqu&rsquo;au [&hellip;]<\/p>\n","protected":false},"featured_media":3433,"comment_status":"open","ping_status":"closed","template":"","meta":[],"product_brand":[57],"product_cat":[28],"product_tag":[],"class_list":{"0":"post-3425","1":"product","2":"type-product","3":"status-publish","4":"has-post-thumbnail","6":"product_brand-polygon","7":"product_cat-route","9":"first","10":"instock","11":"shipping-taxable","12":"purchasable","13":"product-type-variable","14":"has-default-attributes"},"jetpack_sharing_enabled":true,"_links":{"self":[{"href":"https:\/\/www.dijoncycles.fr\/en\/wp-json\/wp\/v2\/product\/3425","targetHints":{"allow":["GET"]}}],"collection":[{"href":"https:\/\/www.dijoncycles.fr\/en\/wp-json\/wp\/v2\/product"}],"about":[{"href":"https:\/\/www.dijoncycles.fr\/en\/wp-json\/wp\/v2\/types\/product"}],"replies":[{"embeddable":true,"href":"https:\/\/www.dijoncycles.fr\/en\/wp-json\/wp\/v2\/comments?post=3425"}],"wp:featuredmedia":[{"embeddable":true,"href":"https:\/\/www.dijoncycles.fr\/en\/wp-json\/wp\/v2\/media\/3433"}],"wp:attachment":[{"href":"https:\/\/www.dijoncycles.fr\/en\/wp-json\/wp\/v2\/media?parent=3425"}],"wp:term":[{"taxonomy":"product_brand","embeddable":true,"href":"https:\/\/www.dijoncycles.fr\/en\/wp-json\/wp\/v2\/product_brand?post=3425"},{"taxonomy":"product_cat","embeddable":true,"href":"https:\/\/www.dijoncycles.fr\/en\/wp-json\/wp\/v2\/product_cat?post=3425"},{"taxonomy":"product_tag","embeddable":true,"href":"https:\/\/www.dijoncycles.fr\/en\/wp-json\/wp\/v2\/product_tag?post=3425"}],"curies":[{"name":"wp","href":"https:\/\/api.w.org\/{rel}","templated":true}]}}